{"id":30794,"date":"2023-03-03T14:42:56","date_gmt":"2023-03-03T13:42:56","guid":{"rendered":"http:\/\/www.kilim-age.com\/?post_type=product&#038;p=30794"},"modified":"2025-06-14T17:18:11","modified_gmt":"2025-06-14T15:18:11","slug":"kilim-cicim","status":"publish","type":"product","link":"https:\/\/www.kilim-age.com\/es\/producto\/kilim-cicim\/","title":{"rendered":"Cicim kilim 154&#215;197 cm"},"content":{"rendered":"<h1><span style=\"font-size: 75%;\">KILIM CICIM<\/span><\/h1>\n<p>El Kilim cicim es un tipo de t\u00e9cnica plana, bastante parecido, pero m\u00e1s fuerte y m\u00e1s grueso que el kilim, con una cara frontal lisa y una espalda desigual, a diferencia del kilim que es suave a ambos lados. El cicim carece de las rendijas caracter\u00edsticas del kilim, ya que usualmente se teje con hilos de trama suplementarios como soportes continuos.<br \/>\nLa t\u00e9cnica consiste en envolver hilos de trama de color sobre y debajo de los hilos de urdimbre, dando como resultado un fuerte tejido.<\/p>\n<h2><span style=\"font-size: 75%;\">KILIM CICIM \u00bfQUE ES KILIM?<\/span><\/h2>\n<p>Se les denomina as\u00ed a los tejidos o alfombras planas, sin pelo ni nudos, tejidas a mano con lana. Nacieron hace unos 3.500 a\u00f1os en Asia Central, desde donde se fueron extendiendo hacia Europa Oriental, \u00c1frica del Norte y m\u00e1s tarde Europa Occidental. Son consideradas, por tanto, las alfombras m\u00e1s antiguas del mundo.<\/p>\n<p>Se caracterizan por sus dibujos geom\u00e9tricos con colores vivos obtenidos gracias a tinturas naturales. El kilim es, b\u00e1sicamente, la base de la <a href=\"http:\/\/www.kilim-age.com\/es\/\">alfombra<\/a>, pero sin los nudos, los hilos verticales (urdimbre) cruzados con los hilos horizontales (trama) pero sin poner nudos y por lo tanto no tiene pelo, sino que se trata \u00fanicamente de un tejido con dibujos. Este hecho es, al mismo tiempo, su principal ventaja por un lado pesa poco, es liviana y nos transmite una imagen fresca y ligera.","protected":false},"excerpt":{"rendered":"<p>Fabricaci\u00f3n: Hecho a mano<br \/>\nTama\u00f1o: 154 X 197 cm<br \/>\nEstado: 20-25 a\u00f1os<br \/>\nOrigen: Turqu\u00eda, centro de Anatolia<br \/>\nPelo:\u00a0Lana de cabra y oveja hilado a mano<br \/>\nUrdimbre: Lana<br \/>\nGrosor aprox: 2-3 mm<br \/>\nTe\u00f1ido natural, la lana hilada a mano.<br \/>\nLos colores de la alfombra se percibir\u00e1n de formas diferentes dependiendo del \u00e1ngulo de visi\u00f3n<br \/>\nPlazo de entrega:2-5 d\u00edas h\u00e1biles en Espa\u00f1a.<br \/>\nEuropa: 5-7 d\u00edas h\u00e1biles, resto de continentes 7-10 d\u00edas.<\/p>\n","protected":false},"featured_media":30798,"comment_status":"open","ping_status":"closed","template":"","meta":[],"product_brand":[],"product_cat":[61,829],"product_tag":[81],"class_list":{"0":"post-30794","1":"product","2":"type-product","3":"status-publish","4":"has-post-thumbnail","6":"product_cat-kilims","7":"product_cat-toda-la-coleccion-kilim","8":"product_tag-kilim-cicim","9":"product_shipping_class-kilim-mediano","10":"pa_ancho-cm-872","11":"pa_ancho-cm-873","12":"pa_color-marron","13":"pa_color-multicolor","14":"pa_color-naranja","15":"pa_largo-cm-1021","16":"pa_largo-cm-1016","17":"pa_largo-cm-1013","18":"pa_medida-medianos","19":"pa_medida-pequenos","21":"first","22":"instock","23":"sale","24":"sold-individually","25":"taxable","26":"shipping-taxable","27":"purchasable","28":"product-type-simple"},"yoast_head":"<!-- This site is optimized with the Yoast SEO plugin v24.8.1 - https:\/\/yoast.com\/wordpress\/plugins\/seo\/ -->\n<title>KILIM CICIM | Kilim-Age | Kilims de Turqu\u00eda<\/title>\n<meta name=\"description\" content=\"Kilim Cicim. En nuestra amplia gama de Kilims disponemos los aut\u00e9nticos Kilims Cicim de Turqu\u00eda.\" \/>\n<meta name=\"robots\" content=\"index, follow, max-snippet:-1, max-image-preview:large, max-video-preview:-1\" \/>\n<link rel=\"canonical\" href=\"https:\/\/kilim-age.com\/en\/producto\/kilim-cicim\/\" \/>\n<meta property=\"og:locale\" content=\"es_ES\" \/>\n<meta property=\"og:type\" content=\"article\" \/>\n<meta property=\"og:title\" content=\"KILIM CICIM | Kilim-Age | Kilims de Turqu\u00eda\" \/>\n<meta property=\"og:description\" content=\"Kilim Cicim. En nuestra amplia gama de Kilims disponemos los aut\u00e9nticos Kilims Cicim de Turqu\u00eda.\" \/>\n<meta property=\"og:url\" content=\"https:\/\/kilim-age.com\/en\/producto\/kilim-cicim\/\" \/>\n<meta property=\"og:site_name\" content=\"Kilim-Age\" \/>\n<meta property=\"article:modified_time\" content=\"2025-06-14T15:18:11+00:00\" \/>\n<meta property=\"og:image\" content=\"https:\/\/kilim-age.com\/wp-content\/uploads\/2023\/03\/IMG_0093.jpg\" \/>\n\t<meta property=\"og:image:width\" content=\"1000\" \/>\n\t<meta property=\"og:image:height\" content=\"1300\" \/>\n\t<meta property=\"og:image:type\" content=\"image\/jpeg\" \/>\n<meta name=\"twitter:card\" content=\"summary_large_image\" \/>\n<meta name=\"twitter:label1\" content=\"Tiempo de lectura\" \/>\n\t<meta name=\"twitter:data1\" content=\"1 minuto\" \/>\n<script type=\"application\/ld+json\" class=\"yoast-schema-graph\">{\"@context\":\"https:\/\/schema.org\",\"@graph\":[{\"@type\":\"WebPage\",\"@id\":\"https:\/\/kilim-age.com\/en\/producto\/kilim-cicim\/\",\"url\":\"https:\/\/kilim-age.com\/en\/producto\/kilim-cicim\/\",\"name\":\"KILIM CICIM | Kilim-Age | Kilims de Turqu\u00eda\",\"isPartOf\":{\"@id\":\"https:\/\/kilim-age.com\/en\/#website\"},\"primaryImageOfPage\":{\"@id\":\"https:\/\/kilim-age.com\/en\/producto\/kilim-cicim\/#primaryimage\"},\"image\":{\"@id\":\"https:\/\/kilim-age.com\/en\/producto\/kilim-cicim\/#primaryimage\"},\"thumbnailUrl\":\"https:\/\/www.kilim-age.com\/wp-content\/uploads\/2023\/03\/IMG_0093.jpg\",\"datePublished\":\"2023-03-03T13:42:56+00:00\",\"dateModified\":\"2025-06-14T15:18:11+00:00\",\"description\":\"Kilim Cicim. En nuestra amplia gama de Kilims disponemos los aut\u00e9nticos Kilims Cicim de Turqu\u00eda.\",\"breadcrumb\":{\"@id\":\"https:\/\/kilim-age.com\/en\/producto\/kilim-cicim\/#breadcrumb\"},\"inLanguage\":\"es\",\"potentialAction\":[{\"@type\":\"ReadAction\",\"target\":[\"https:\/\/kilim-age.com\/en\/producto\/kilim-cicim\/\"]}]},{\"@type\":\"ImageObject\",\"inLanguage\":\"es\",\"@id\":\"https:\/\/kilim-age.com\/en\/producto\/kilim-cicim\/#primaryimage\",\"url\":\"https:\/\/www.kilim-age.com\/wp-content\/uploads\/2023\/03\/IMG_0093.jpg\",\"contentUrl\":\"https:\/\/www.kilim-age.com\/wp-content\/uploads\/2023\/03\/IMG_0093.jpg\",\"width\":1000,\"height\":1300,\"caption\":\"Kilim Cicim\"},{\"@type\":\"BreadcrumbList\",\"@id\":\"https:\/\/kilim-age.com\/en\/producto\/kilim-cicim\/#breadcrumb\",\"itemListElement\":[{\"@type\":\"ListItem\",\"position\":1,\"name\":\"Home\",\"item\":\"https:\/\/kilim-age.com\/en\/\"},{\"@type\":\"ListItem\",\"position\":2,\"name\":\"Shop\",\"item\":\"https:\/\/kilim-age.com\/es\/shop\/\"},{\"@type\":\"ListItem\",\"position\":3,\"name\":\"Cicim kilim 154&#215;197 cm\"}]},{\"@type\":\"WebSite\",\"@id\":\"https:\/\/kilim-age.com\/en\/#website\",\"url\":\"https:\/\/kilim-age.com\/en\/\",\"name\":\"Kilim-Age\",\"description\":\"Somos especialistas en productos artesanales de Turqu\u00eda como Alfombras, y Kilims\",\"potentialAction\":[{\"@type\":\"SearchAction\",\"target\":{\"@type\":\"EntryPoint\",\"urlTemplate\":\"https:\/\/kilim-age.com\/en\/?s={search_term_string}\"},\"query-input\":{\"@type\":\"PropertyValueSpecification\",\"valueRequired\":true,\"valueName\":\"search_term_string\"}}],\"inLanguage\":\"es\"}]}<\/script>\n<!-- \/ Yoast SEO plugin. -->","yoast_head_json":{"title":"KILIM CICIM | Kilim-Age | Kilims de Turqu\u00eda","description":"Kilim Cicim. En nuestra amplia gama de Kilims disponemos los aut\u00e9nticos Kilims Cicim de Turqu\u00eda.","robots":{"index":"index","follow":"follow","max-snippet":"max-snippet:-1","max-image-preview":"max-image-preview:large","max-video-preview":"max-video-preview:-1"},"canonical":"https:\/\/kilim-age.com\/en\/producto\/kilim-cicim\/","og_locale":"es_ES","og_type":"article","og_title":"KILIM CICIM | Kilim-Age | Kilims de Turqu\u00eda","og_description":"Kilim Cicim. En nuestra amplia gama de Kilims disponemos los aut\u00e9nticos Kilims Cicim de Turqu\u00eda.","og_url":"https:\/\/kilim-age.com\/en\/producto\/kilim-cicim\/","og_site_name":"Kilim-Age","article_modified_time":"2025-06-14T15:18:11+00:00","og_image":[{"width":1000,"height":1300,"url":"https:\/\/kilim-age.com\/wp-content\/uploads\/2023\/03\/IMG_0093.jpg","type":"image\/jpeg"}],"twitter_card":"summary_large_image","twitter_misc":{"Tiempo de lectura":"1 minuto"},"schema":{"@context":"https:\/\/schema.org","@graph":[{"@type":"WebPage","@id":"https:\/\/kilim-age.com\/en\/producto\/kilim-cicim\/","url":"https:\/\/kilim-age.com\/en\/producto\/kilim-cicim\/","name":"KILIM CICIM | Kilim-Age | Kilims de Turqu\u00eda","isPartOf":{"@id":"https:\/\/kilim-age.com\/en\/#website"},"primaryImageOfPage":{"@id":"https:\/\/kilim-age.com\/en\/producto\/kilim-cicim\/#primaryimage"},"image":{"@id":"https:\/\/kilim-age.com\/en\/producto\/kilim-cicim\/#primaryimage"},"thumbnailUrl":"https:\/\/www.kilim-age.com\/wp-content\/uploads\/2023\/03\/IMG_0093.jpg","datePublished":"2023-03-03T13:42:56+00:00","dateModified":"2025-06-14T15:18:11+00:00","description":"Kilim Cicim. En nuestra amplia gama de Kilims disponemos los aut\u00e9nticos Kilims Cicim de Turqu\u00eda.","breadcrumb":{"@id":"https:\/\/kilim-age.com\/en\/producto\/kilim-cicim\/#breadcrumb"},"inLanguage":"es","potentialAction":[{"@type":"ReadAction","target":["https:\/\/kilim-age.com\/en\/producto\/kilim-cicim\/"]}]},{"@type":"ImageObject","inLanguage":"es","@id":"https:\/\/kilim-age.com\/en\/producto\/kilim-cicim\/#primaryimage","url":"https:\/\/www.kilim-age.com\/wp-content\/uploads\/2023\/03\/IMG_0093.jpg","contentUrl":"https:\/\/www.kilim-age.com\/wp-content\/uploads\/2023\/03\/IMG_0093.jpg","width":1000,"height":1300,"caption":"Kilim Cicim"},{"@type":"BreadcrumbList","@id":"https:\/\/kilim-age.com\/en\/producto\/kilim-cicim\/#breadcrumb","itemListElement":[{"@type":"ListItem","position":1,"name":"Home","item":"https:\/\/kilim-age.com\/en\/"},{"@type":"ListItem","position":2,"name":"Shop","item":"https:\/\/kilim-age.com\/es\/shop\/"},{"@type":"ListItem","position":3,"name":"Cicim kilim 154&#215;197 cm"}]},{"@type":"WebSite","@id":"https:\/\/kilim-age.com\/en\/#website","url":"https:\/\/kilim-age.com\/en\/","name":"Kilim-Age","description":"Somos especialistas en productos artesanales de Turqu\u00eda como Alfombras, y Kilims","potentialAction":[{"@type":"SearchAction","target":{"@type":"EntryPoint","urlTemplate":"https:\/\/kilim-age.com\/en\/?s={search_term_string}"},"query-input":{"@type":"PropertyValueSpecification","valueRequired":true,"valueName":"search_term_string"}}],"inLanguage":"es"}]}},"_links":{"self":[{"href":"https:\/\/www.kilim-age.com\/es\/wp-json\/wp\/v2\/product\/30794","targetHints":{"allow":["GET"]}}],"collection":[{"href":"https:\/\/www.kilim-age.com\/es\/wp-json\/wp\/v2\/product"}],"about":[{"href":"https:\/\/www.kilim-age.com\/es\/wp-json\/wp\/v2\/types\/product"}],"replies":[{"embeddable":true,"href":"https:\/\/www.kilim-age.com\/es\/wp-json\/wp\/v2\/comments?post=30794"}],"wp:featuredmedia":[{"embeddable":true,"href":"https:\/\/www.kilim-age.com\/es\/wp-json\/wp\/v2\/media\/30798"}],"wp:attachment":[{"href":"https:\/\/www.kilim-age.com\/es\/wp-json\/wp\/v2\/media?parent=30794"}],"wp:term":[{"taxonomy":"product_brand","embeddable":true,"href":"https:\/\/www.kilim-age.com\/es\/wp-json\/wp\/v2\/product_brand?post=30794"},{"taxonomy":"product_cat","embeddable":true,"href":"https:\/\/www.kilim-age.com\/es\/wp-json\/wp\/v2\/product_cat?post=30794"},{"taxonomy":"product_tag","embeddable":true,"href":"https:\/\/www.kilim-age.com\/es\/wp-json\/wp\/v2\/product_tag?post=30794"}],"curies":[{"name":"wp","href":"https:\/\/api.w.org\/{rel}","templated":true}]}}