{"id":30964,"date":"2023-03-03T19:20:15","date_gmt":"2023-03-03T18:20:15","guid":{"rendered":"http:\/\/www.kilim-age.com\/?post_type=product&#038;p=30964"},"modified":"2025-10-13T17:50:53","modified_gmt":"2025-10-13T15:50:53","slug":"kilims-antiguas","status":"publish","type":"product","link":"https:\/\/www.kilim-age.com\/es\/producto\/kilims-antiguas\/","title":{"rendered":"Kilim turco 180 x 260 cm"},"content":{"rendered":"<h1><span style=\"font-size: 19.44px;\">KILIMS ANTIGUAS<\/span><\/h1>\n<p>\u00bfEstas interesado en comprar Kilims Antiguas? Este kilim turca semi antigua de la regi\u00f3n de Anatolia es perfecto para tu colecci\u00f3n.<\/p>\n<h2><span style=\"font-size: 75%;\">\u00bfQUE ES KILIM?<\/span><\/h2>\n<p>El <a href=\"http:\/\/www.kilim-age.com\/es\/\">kilim<\/a> es un tejido simple con un urdimbre y tramo. B\u00e1sicamente se distingue por no tener \u201cpelos\u201d como la alfombra.<br \/>\nNacieron hace unos 3.500 a\u00f1os en Asia Central, desde donde se fueron extendiendo hacia Europa Oriental, \u00c1frica del Norte y m\u00e1s tarde Europa Occidental. Son consideradas, por tanto, las alfombras m\u00e1s antiguas del mundo. El origen n\u00f3mada de quienes lo usaban en la antig\u00fcedad, hicieron que tuviesen una caracter\u00edstica especial en la trama de urdimbre, plana y sin nudos, para evitar el paso de la arena del desierto, ya que acompa\u00f1aban a sus due\u00f1os como maletas o como divisorios en las tiendas que armaban en los viajes. Los dise\u00f1os estaban llenos de simbolismo, de deseos, de mensajes o de pedidos por ejemplo los motivos con forma de S anunciaban un feliz acontecimiento. En general se confeccionaban sin un patr\u00f3n previo que los daba espontaneidad y exclusividad a cada pieza, los actuales no respetan a estos tradiciones pero mantienen el esp\u00edritu \u00e1gil del tejido original.<br \/>\nUna de las principales ventajas del kilim es pesa muy poco, es liviana y nos transmite una imagen fresca y ligera.<\/p>\n<h3><span style=\"font-size: 90%;\">SOBRE LOS COLORES<\/span><\/h3>\n<p>Los kilims de <a href=\"https:\/\/elpais.com\/planeta-futuro\/2022-01-15\/los-ultimos-nomadas-de-la-anatolia.html\">Anatolia<\/a> (una regi\u00f3n turca) son bien conocidos por su calidad, belleza y la diversidad de sus colores. Los diferentes colores naturales provienen de diferentes plantas o minerales.<\/p>\n<p>Estos colores fueron producidos con m\u00e9todos tradicionales, por decocci\u00f3n, maceraci\u00f3n y otros procesos.<\/p>\n<p><span style=\"font-size: 100%;\">LOS MOTIVOS<\/span><\/p>\n<p>Cada motivo proviene de un s\u00edmbolo con numerosas formas. Casi siempre son figuras abstractas, geom\u00e9tricas o animales estilizados como motivos primitivos. Estos s\u00edmbolos de origen n\u00f3mada son la expresi\u00f3n de creencias y supersticiones. Los motivos cambian seg\u00fan las tribus y los pueblos. Esto permite determinar el origen geogr\u00e1fico o el grupo \u00e9tnico en el origen de cada kilim.<\/p>\n<p>Cada composici\u00f3n es obra de un tejedor particular cuyo estilo e inspiraci\u00f3n proviene de su familia y de las tradiciones del pueblo.","protected":false},"excerpt":{"rendered":"<p>Fabricaci\u00f3n: Hecho a mano<br \/>\nTama\u00f1o: 180 X 260 cm<br \/>\nEstado: Semi antigua 25\/30 a\u00f1os<br \/>\nOrigen: Kilim turca, centro de Anatolia<br \/>\nMaterial: Lana<br \/>\nGrosor aprox: 1-2 mm<br \/>\nTe\u00f1ido colores naturales.<br \/>\nPlazo de entrega: 2-5 d\u00edas h\u00e1biles en Espa\u00f1a.<br \/>\nEuropa: 5-7 d\u00edas h\u00e1biles, resto de continentes 7-10 d\u00edas.<\/p>\n","protected":false},"featured_media":30965,"comment_status":"open","ping_status":"closed","template":"","meta":[],"product_brand":[],"product_cat":[61,829],"product_tag":[74],"class_list":{"0":"post-30964","1":"product","2":"type-product","3":"status-publish","4":"has-post-thumbnail","6":"product_cat-kilims","7":"product_cat-toda-la-coleccion-kilim","8":"product_tag-kilim-turca","9":"product_shipping_class-kilim-grande","10":"pa_ancho-cm-1033","11":"pa_ancho-cm-874","12":"pa_ancho-cm-875","13":"pa_color-multicolor","14":"pa_color-naranja","15":"pa_color-ocre","16":"pa_color-rojo","17":"pa_color-terracota","18":"pa_largo-cm-887","19":"pa_largo-cm-920","20":"pa_largo-cm-1064","21":"pa_largo-cm-1048","22":"pa_medida-grandes","23":"pa_medida-medianos","25":"first","26":"instock","27":"sale","28":"sold-individually","29":"taxable","30":"shipping-taxable","31":"purchasable","32":"product-type-simple"},"yoast_head":"<!-- This site is optimized with the Yoast SEO plugin v24.8.1 - https:\/\/yoast.com\/wordpress\/plugins\/seo\/ -->\n<title>KILIMS ANTIGUAS | Kilim-Age | Kilims de Turqu\u00eda<\/title>\n<meta name=\"description\" content=\"Comprar Kilims Antiguas. En Kilim-Age tenemos aut\u00e9nticos antiguos o semi antiguos kilims de Turqu\u00eda\" \/>\n<meta name=\"robots\" content=\"index, follow, max-snippet:-1, max-image-preview:large, max-video-preview:-1\" \/>\n<link rel=\"canonical\" href=\"https:\/\/www.kilim-age.com\/es\/producto\/kilims-antiguas\/\" \/>\n<meta property=\"og:locale\" content=\"es_ES\" \/>\n<meta property=\"og:type\" content=\"article\" \/>\n<meta property=\"og:title\" content=\"KILIMS ANTIGUAS | Kilim-Age | Kilims de Turqu\u00eda\" \/>\n<meta property=\"og:description\" content=\"Comprar Kilims Antiguas. En Kilim-Age tenemos aut\u00e9nticos antiguos o semi antiguos kilims de Turqu\u00eda\" \/>\n<meta property=\"og:url\" content=\"https:\/\/www.kilim-age.com\/es\/producto\/kilims-antiguas\/\" \/>\n<meta property=\"og:site_name\" content=\"Kilim-Age\" \/>\n<meta property=\"article:modified_time\" content=\"2025-10-13T15:50:53+00:00\" \/>\n<meta property=\"og:image\" content=\"https:\/\/www.kilim-age.com\/wp-content\/uploads\/2023\/03\/IMG_0173.jpg\" \/>\n\t<meta property=\"og:image:width\" content=\"1000\" \/>\n\t<meta property=\"og:image:height\" content=\"1300\" \/>\n\t<meta property=\"og:image:type\" content=\"image\/jpeg\" \/>\n<meta name=\"twitter:card\" content=\"summary_large_image\" \/>\n<meta name=\"twitter:label1\" content=\"Tiempo de lectura\" \/>\n\t<meta name=\"twitter:data1\" content=\"2 minutos\" \/>\n<script type=\"application\/ld+json\" class=\"yoast-schema-graph\">{\"@context\":\"https:\/\/schema.org\",\"@graph\":[{\"@type\":\"WebPage\",\"@id\":\"https:\/\/www.kilim-age.com\/es\/producto\/kilims-antiguas\/\",\"url\":\"https:\/\/www.kilim-age.com\/es\/producto\/kilims-antiguas\/\",\"name\":\"KILIMS ANTIGUAS | Kilim-Age | Kilims de Turqu\u00eda\",\"isPartOf\":{\"@id\":\"https:\/\/kilim-age.com\/en\/#website\"},\"primaryImageOfPage\":{\"@id\":\"https:\/\/www.kilim-age.com\/es\/producto\/kilims-antiguas\/#primaryimage\"},\"image\":{\"@id\":\"https:\/\/www.kilim-age.com\/es\/producto\/kilims-antiguas\/#primaryimage\"},\"thumbnailUrl\":\"https:\/\/www.kilim-age.com\/wp-content\/uploads\/2023\/03\/IMG_0173.jpg\",\"datePublished\":\"2023-03-03T18:20:15+00:00\",\"dateModified\":\"2025-10-13T15:50:53+00:00\",\"description\":\"Comprar Kilims Antiguas. En Kilim-Age tenemos aut\u00e9nticos antiguos o semi antiguos kilims de Turqu\u00eda\",\"breadcrumb\":{\"@id\":\"https:\/\/www.kilim-age.com\/es\/producto\/kilims-antiguas\/#breadcrumb\"},\"inLanguage\":\"es\",\"potentialAction\":[{\"@type\":\"ReadAction\",\"target\":[\"https:\/\/www.kilim-age.com\/es\/producto\/kilims-antiguas\/\"]}]},{\"@type\":\"ImageObject\",\"inLanguage\":\"es\",\"@id\":\"https:\/\/www.kilim-age.com\/es\/producto\/kilims-antiguas\/#primaryimage\",\"url\":\"https:\/\/www.kilim-age.com\/wp-content\/uploads\/2023\/03\/IMG_0173.jpg\",\"contentUrl\":\"https:\/\/www.kilim-age.com\/wp-content\/uploads\/2023\/03\/IMG_0173.jpg\",\"width\":1000,\"height\":1300},{\"@type\":\"BreadcrumbList\",\"@id\":\"https:\/\/www.kilim-age.com\/es\/producto\/kilims-antiguas\/#breadcrumb\",\"itemListElement\":[{\"@type\":\"ListItem\",\"position\":1,\"name\":\"Home\",\"item\":\"https:\/\/kilim-age.com\/en\/\"},{\"@type\":\"ListItem\",\"position\":2,\"name\":\"Shop\",\"item\":\"https:\/\/kilim-age.com\/es\/shop\/\"},{\"@type\":\"ListItem\",\"position\":3,\"name\":\"Kilim turco 180 x 260 cm\"}]},{\"@type\":\"WebSite\",\"@id\":\"https:\/\/kilim-age.com\/en\/#website\",\"url\":\"https:\/\/kilim-age.com\/en\/\",\"name\":\"Kilim-Age\",\"description\":\"Somos especialistas en productos artesanales de Turqu\u00eda como Alfombras, y Kilims\",\"potentialAction\":[{\"@type\":\"SearchAction\",\"target\":{\"@type\":\"EntryPoint\",\"urlTemplate\":\"https:\/\/kilim-age.com\/en\/?s={search_term_string}\"},\"query-input\":{\"@type\":\"PropertyValueSpecification\",\"valueRequired\":true,\"valueName\":\"search_term_string\"}}],\"inLanguage\":\"es\"}]}<\/script>\n<!-- \/ Yoast SEO plugin. -->","yoast_head_json":{"title":"KILIMS ANTIGUAS | Kilim-Age | Kilims de Turqu\u00eda","description":"Comprar Kilims Antiguas. En Kilim-Age tenemos aut\u00e9nticos antiguos o semi antiguos kilims de Turqu\u00eda","robots":{"index":"index","follow":"follow","max-snippet":"max-snippet:-1","max-image-preview":"max-image-preview:large","max-video-preview":"max-video-preview:-1"},"canonical":"https:\/\/www.kilim-age.com\/es\/producto\/kilims-antiguas\/","og_locale":"es_ES","og_type":"article","og_title":"KILIMS ANTIGUAS | Kilim-Age | Kilims de Turqu\u00eda","og_description":"Comprar Kilims Antiguas. En Kilim-Age tenemos aut\u00e9nticos antiguos o semi antiguos kilims de Turqu\u00eda","og_url":"https:\/\/www.kilim-age.com\/es\/producto\/kilims-antiguas\/","og_site_name":"Kilim-Age","article_modified_time":"2025-10-13T15:50:53+00:00","og_image":[{"width":1000,"height":1300,"url":"https:\/\/www.kilim-age.com\/wp-content\/uploads\/2023\/03\/IMG_0173.jpg","type":"image\/jpeg"}],"twitter_card":"summary_large_image","twitter_misc":{"Tiempo de lectura":"2 minutos"},"schema":{"@context":"https:\/\/schema.org","@graph":[{"@type":"WebPage","@id":"https:\/\/www.kilim-age.com\/es\/producto\/kilims-antiguas\/","url":"https:\/\/www.kilim-age.com\/es\/producto\/kilims-antiguas\/","name":"KILIMS ANTIGUAS | Kilim-Age | Kilims de Turqu\u00eda","isPartOf":{"@id":"https:\/\/kilim-age.com\/en\/#website"},"primaryImageOfPage":{"@id":"https:\/\/www.kilim-age.com\/es\/producto\/kilims-antiguas\/#primaryimage"},"image":{"@id":"https:\/\/www.kilim-age.com\/es\/producto\/kilims-antiguas\/#primaryimage"},"thumbnailUrl":"https:\/\/www.kilim-age.com\/wp-content\/uploads\/2023\/03\/IMG_0173.jpg","datePublished":"2023-03-03T18:20:15+00:00","dateModified":"2025-10-13T15:50:53+00:00","description":"Comprar Kilims Antiguas. En Kilim-Age tenemos aut\u00e9nticos antiguos o semi antiguos kilims de Turqu\u00eda","breadcrumb":{"@id":"https:\/\/www.kilim-age.com\/es\/producto\/kilims-antiguas\/#breadcrumb"},"inLanguage":"es","potentialAction":[{"@type":"ReadAction","target":["https:\/\/www.kilim-age.com\/es\/producto\/kilims-antiguas\/"]}]},{"@type":"ImageObject","inLanguage":"es","@id":"https:\/\/www.kilim-age.com\/es\/producto\/kilims-antiguas\/#primaryimage","url":"https:\/\/www.kilim-age.com\/wp-content\/uploads\/2023\/03\/IMG_0173.jpg","contentUrl":"https:\/\/www.kilim-age.com\/wp-content\/uploads\/2023\/03\/IMG_0173.jpg","width":1000,"height":1300},{"@type":"BreadcrumbList","@id":"https:\/\/www.kilim-age.com\/es\/producto\/kilims-antiguas\/#breadcrumb","itemListElement":[{"@type":"ListItem","position":1,"name":"Home","item":"https:\/\/kilim-age.com\/en\/"},{"@type":"ListItem","position":2,"name":"Shop","item":"https:\/\/kilim-age.com\/es\/shop\/"},{"@type":"ListItem","position":3,"name":"Kilim turco 180 x 260 cm"}]},{"@type":"WebSite","@id":"https:\/\/kilim-age.com\/en\/#website","url":"https:\/\/kilim-age.com\/en\/","name":"Kilim-Age","description":"Somos especialistas en productos artesanales de Turqu\u00eda como Alfombras, y Kilims","potentialAction":[{"@type":"SearchAction","target":{"@type":"EntryPoint","urlTemplate":"https:\/\/kilim-age.com\/en\/?s={search_term_string}"},"query-input":{"@type":"PropertyValueSpecification","valueRequired":true,"valueName":"search_term_string"}}],"inLanguage":"es"}]}},"_links":{"self":[{"href":"https:\/\/www.kilim-age.com\/es\/wp-json\/wp\/v2\/product\/30964","targetHints":{"allow":["GET"]}}],"collection":[{"href":"https:\/\/www.kilim-age.com\/es\/wp-json\/wp\/v2\/product"}],"about":[{"href":"https:\/\/www.kilim-age.com\/es\/wp-json\/wp\/v2\/types\/product"}],"replies":[{"embeddable":true,"href":"https:\/\/www.kilim-age.com\/es\/wp-json\/wp\/v2\/comments?post=30964"}],"wp:featuredmedia":[{"embeddable":true,"href":"https:\/\/www.kilim-age.com\/es\/wp-json\/wp\/v2\/media\/30965"}],"wp:attachment":[{"href":"https:\/\/www.kilim-age.com\/es\/wp-json\/wp\/v2\/media?parent=30964"}],"wp:term":[{"taxonomy":"product_brand","embeddable":true,"href":"https:\/\/www.kilim-age.com\/es\/wp-json\/wp\/v2\/product_brand?post=30964"},{"taxonomy":"product_cat","embeddable":true,"href":"https:\/\/www.kilim-age.com\/es\/wp-json\/wp\/v2\/product_cat?post=30964"},{"taxonomy":"product_tag","embeddable":true,"href":"https:\/\/www.kilim-age.com\/es\/wp-json\/wp\/v2\/product_tag?post=30964"}],"curies":[{"name":"wp","href":"https:\/\/api.w.org\/{rel}","templated":true}]}}