{"id":33534,"date":"2023-03-07T18:49:51","date_gmt":"2023-03-07T17:49:51","guid":{"rendered":"http:\/\/www.kilim-age.com\/?post_type=product&#038;p=33534"},"modified":"2024-12-17T13:51:26","modified_gmt":"2024-12-17T12:51:26","slug":"comprar-alfombras-en-madrid","status":"publish","type":"product","link":"https:\/\/www.kilim-age.com\/es\/producto\/comprar-alfombras-en-madrid\/","title":{"rendered":"BLUE ROSETTE"},"content":{"rendered":"<h1><span style=\"font-size: 75%;\">COMPRAR ALFOMBRAS EN MADRID<\/span><\/h1>\n<p>Si quieres comprar Alfombras en Madrid te proponemos esta alfombra fabricada en Turqu\u00eda y tejida de forma semi-manual con el antiguo arte de anudaci\u00f3n. Est\u00e1 disponible en diferentes medidas, con dise\u00f1o abstracto y preciosos tonos azules combinados suavemente con degradado de grises. Una joya ideal para decorar tu casa, tu sal\u00f3n e incluso para tu habitaci\u00f3n.<\/p>\n<p><strong>ALFOMBRAS MODERNAS \u00a0<\/strong><\/p>\n<p>Las alfombras modernas son una adaptaci\u00f3n de las\u00a0<a href=\"http:\/\/www.kilim-age.com\/es\/categoria-producto\/alfombras-turcas\/alfombras-clasicas\/\">alfombras\u00a0cl\u00e1sicas<\/a>\u00a0a las nuevas tendencias y necesidades de dise\u00f1os actuales. \u00a0En el proceso de fabricaci\u00f3n siempre utilizamos materiales naturales de alta calidad.\u00a0Las alfombras modernas, se caracterizan por tener contraste de colores y formas m\u00e1s\u00a0<a href=\"https:\/\/es.wikipedia.org\/wiki\/Abstracci%C3%B3n_(filosof%C3%ADa)\">abstractas<\/a>. Tienen el pelo m\u00e1s corto que las alfombras cl\u00e1sicas de toda la vida, por ello, el tacto es muy suave y agradable.<\/p>\n<p>En su composici\u00f3n combinan materiales como algod\u00f3n, lana, seda y viscosa te\u00f1idos en tintes de minerales naturales. As\u00ed mismo, ofrecen un nivel de mantenimiento muy f\u00e1cil y tienen una calidad y resistencia inmejorable.<\/p>\n<p><strong>\u00bfPOR QUE RECOMENDAMOS COMPRAR ALFOMBRAS MODERNAS ?<\/strong><\/p>\n<p>Esta nueva tendencia de alfombras suponen una alternativa para aquellos ambientes m\u00e1s homog\u00e9neos. Una alfombra moderna fabricada en Turqu\u00eda se adapta a espacios de cualquier estilo y da un toque moderno y original, as\u00ed como una nota art\u00edstica al ambiente que queremos crear. Ofrece calidez y viste los espacios para darles consistencia y robustez.","protected":false},"excerpt":{"rendered":"<p style=\"text-align: left;\">Origen: Hecha en Turqu\u00eda<br \/>\nMaterial: Seda Bamb\u00fa y algod\u00f3n<br \/>\nGrosor aproximadamente: 7 mm<br \/>\n2.000.000 points\/m<sup>2<\/sup><br \/>\nEstado: Nuevo<br \/>\nTejido de alta precisi\u00f3n<br \/>\nTodas nuestras alfombras modernas est\u00e1n hechas con fibras naturales.<br \/>\nLos colores de la alfombra se percibir\u00e1n de formas diferentes dependiendo del \u00e1ngulo de visi\u00f3n<br \/>\nPlazo de entrega: 2-5 d\u00edas h\u00e1biles en Espa\u00f1a.<br \/>\nEuropa: 5-7 d\u00edas h\u00e1biles, resto de continentes 7-10 d\u00edas.<\/p>\n","protected":false},"featured_media":33536,"comment_status":"open","ping_status":"closed","template":"","meta":[],"product_brand":[],"product_cat":[62,232],"product_tag":[92,804],"class_list":{"0":"post-33534","1":"product","2":"type-product","3":"status-publish","4":"has-post-thumbnail","6":"product_cat-alfombras-turcas","7":"product_cat-alfombras-modernas","8":"product_tag-alfombra-moderna","9":"product_tag-modern-rugs","10":"pa_ancho-cm-1049","11":"pa_ancho-cm-873","12":"pa_ancho-cm-875","13":"pa_ancho-cm-1029","14":"pa_ancho-cm-878","15":"pa_color-azul","16":"pa_color-dorado","17":"pa_color-gris","18":"pa_largo-cm-884","19":"pa_largo-cm-886","20":"pa_largo-cm-888","21":"pa_largo-cm-889","22":"pa_medida-grandes","23":"pa_medida-medianos","24":"pa_medida-pequenos","25":"pa_seleccionar-medidas-120x180-cm","26":"pa_seleccionar-medidas-160x230-cm","27":"pa_seleccionar-medidas-200x300-cm","28":"pa_seleccionar-medidas-240x340-cm","29":"pa_seleccionar-medidas-300x400-cm","31":"first","32":"outofstock","33":"sold-individually","34":"taxable","35":"shipping-taxable","36":"product-type-variable"},"yoast_head":"<!-- This site is optimized with the Yoast SEO plugin v24.8.1 - https:\/\/yoast.com\/wordpress\/plugins\/seo\/ -->\n<title>Comprar Alfombras en Madrid | Kilim-Age | Alfombras turcas<\/title>\n<meta name=\"description\" content=\"Comprar Alfombras en Madrid. Las alfombras modernas son una adaptaci\u00f3n de las\u00a0alfombras\u00a0cl\u00e1sicas\u00a0a las nuevas tendencias..\" \/>\n<meta name=\"robots\" content=\"index, follow, max-snippet:-1, max-image-preview:large, max-video-preview:-1\" \/>\n<link rel=\"canonical\" href=\"https:\/\/kilim-age.com\/en\/producto\/comprar-alfombras-en-madrid\/\" \/>\n<meta property=\"og:locale\" content=\"es_ES\" \/>\n<meta property=\"og:type\" content=\"article\" \/>\n<meta property=\"og:title\" content=\"Comprar Alfombras en Madrid | Kilim-Age | Alfombras turcas\" \/>\n<meta property=\"og:description\" content=\"Comprar Alfombras en Madrid. Las alfombras modernas son una adaptaci\u00f3n de las\u00a0alfombras\u00a0cl\u00e1sicas\u00a0a las nuevas tendencias..\" \/>\n<meta property=\"og:url\" content=\"https:\/\/kilim-age.com\/en\/producto\/comprar-alfombras-en-madrid\/\" \/>\n<meta property=\"og:site_name\" content=\"Kilim-Age\" \/>\n<meta property=\"article:modified_time\" content=\"2024-12-17T12:51:26+00:00\" \/>\n<meta property=\"og:image\" content=\"https:\/\/kilim-age.com\/wp-content\/uploads\/2023\/03\/CRAFT_20230307_175229.jpg\" \/>\n\t<meta property=\"og:image:width\" content=\"1000\" \/>\n\t<meta property=\"og:image:height\" content=\"1300\" \/>\n\t<meta property=\"og:image:type\" content=\"image\/jpeg\" \/>\n<meta name=\"twitter:card\" content=\"summary_large_image\" \/>\n<meta name=\"twitter:label1\" content=\"Tiempo de lectura\" \/>\n\t<meta name=\"twitter:data1\" content=\"1 minuto\" \/>\n<script type=\"application\/ld+json\" class=\"yoast-schema-graph\">{\"@context\":\"https:\/\/schema.org\",\"@graph\":[{\"@type\":\"WebPage\",\"@id\":\"https:\/\/kilim-age.com\/en\/producto\/comprar-alfombras-en-madrid\/\",\"url\":\"https:\/\/kilim-age.com\/en\/producto\/comprar-alfombras-en-madrid\/\",\"name\":\"Comprar Alfombras en Madrid | Kilim-Age | Alfombras turcas\",\"isPartOf\":{\"@id\":\"https:\/\/kilim-age.com\/en\/#website\"},\"primaryImageOfPage\":{\"@id\":\"https:\/\/kilim-age.com\/en\/producto\/comprar-alfombras-en-madrid\/#primaryimage\"},\"image\":{\"@id\":\"https:\/\/kilim-age.com\/en\/producto\/comprar-alfombras-en-madrid\/#primaryimage\"},\"thumbnailUrl\":\"https:\/\/www.kilim-age.com\/wp-content\/uploads\/2023\/03\/CRAFT_20230307_175229.jpg\",\"datePublished\":\"2023-03-07T17:49:51+00:00\",\"dateModified\":\"2024-12-17T12:51:26+00:00\",\"description\":\"Comprar Alfombras en Madrid. Las alfombras modernas son una adaptaci\u00f3n de las\u00a0alfombras\u00a0cl\u00e1sicas\u00a0a las nuevas tendencias..\",\"breadcrumb\":{\"@id\":\"https:\/\/kilim-age.com\/en\/producto\/comprar-alfombras-en-madrid\/#breadcrumb\"},\"inLanguage\":\"es\",\"potentialAction\":[{\"@type\":\"ReadAction\",\"target\":[\"https:\/\/kilim-age.com\/en\/producto\/comprar-alfombras-en-madrid\/\"]}]},{\"@type\":\"ImageObject\",\"inLanguage\":\"es\",\"@id\":\"https:\/\/kilim-age.com\/en\/producto\/comprar-alfombras-en-madrid\/#primaryimage\",\"url\":\"https:\/\/www.kilim-age.com\/wp-content\/uploads\/2023\/03\/CRAFT_20230307_175229.jpg\",\"contentUrl\":\"https:\/\/www.kilim-age.com\/wp-content\/uploads\/2023\/03\/CRAFT_20230307_175229.jpg\",\"width\":1000,\"height\":1300,\"caption\":\"Comprar alfombras en Madrid\"},{\"@type\":\"BreadcrumbList\",\"@id\":\"https:\/\/kilim-age.com\/en\/producto\/comprar-alfombras-en-madrid\/#breadcrumb\",\"itemListElement\":[{\"@type\":\"ListItem\",\"position\":1,\"name\":\"Home\",\"item\":\"https:\/\/kilim-age.com\/en\/\"},{\"@type\":\"ListItem\",\"position\":2,\"name\":\"Shop\",\"item\":\"https:\/\/kilim-age.com\/es\/shop\/\"},{\"@type\":\"ListItem\",\"position\":3,\"name\":\"BLUE ROSETTE\"}]},{\"@type\":\"WebSite\",\"@id\":\"https:\/\/kilim-age.com\/en\/#website\",\"url\":\"https:\/\/kilim-age.com\/en\/\",\"name\":\"Kilim-Age\",\"description\":\"Somos especialistas en productos artesanales de Turqu\u00eda como Alfombras, y Kilims\",\"potentialAction\":[{\"@type\":\"SearchAction\",\"target\":{\"@type\":\"EntryPoint\",\"urlTemplate\":\"https:\/\/kilim-age.com\/en\/?s={search_term_string}\"},\"query-input\":{\"@type\":\"PropertyValueSpecification\",\"valueRequired\":true,\"valueName\":\"search_term_string\"}}],\"inLanguage\":\"es\"}]}<\/script>\n<!-- \/ Yoast SEO plugin. -->","yoast_head_json":{"title":"Comprar Alfombras en Madrid | Kilim-Age | Alfombras turcas","description":"Comprar Alfombras en Madrid. Las alfombras modernas son una adaptaci\u00f3n de las\u00a0alfombras\u00a0cl\u00e1sicas\u00a0a las nuevas tendencias..","robots":{"index":"index","follow":"follow","max-snippet":"max-snippet:-1","max-image-preview":"max-image-preview:large","max-video-preview":"max-video-preview:-1"},"canonical":"https:\/\/kilim-age.com\/en\/producto\/comprar-alfombras-en-madrid\/","og_locale":"es_ES","og_type":"article","og_title":"Comprar Alfombras en Madrid | Kilim-Age | Alfombras turcas","og_description":"Comprar Alfombras en Madrid. Las alfombras modernas son una adaptaci\u00f3n de las\u00a0alfombras\u00a0cl\u00e1sicas\u00a0a las nuevas tendencias..","og_url":"https:\/\/kilim-age.com\/en\/producto\/comprar-alfombras-en-madrid\/","og_site_name":"Kilim-Age","article_modified_time":"2024-12-17T12:51:26+00:00","og_image":[{"width":1000,"height":1300,"url":"https:\/\/kilim-age.com\/wp-content\/uploads\/2023\/03\/CRAFT_20230307_175229.jpg","type":"image\/jpeg"}],"twitter_card":"summary_large_image","twitter_misc":{"Tiempo de lectura":"1 minuto"},"schema":{"@context":"https:\/\/schema.org","@graph":[{"@type":"WebPage","@id":"https:\/\/kilim-age.com\/en\/producto\/comprar-alfombras-en-madrid\/","url":"https:\/\/kilim-age.com\/en\/producto\/comprar-alfombras-en-madrid\/","name":"Comprar Alfombras en Madrid | Kilim-Age | Alfombras turcas","isPartOf":{"@id":"https:\/\/kilim-age.com\/en\/#website"},"primaryImageOfPage":{"@id":"https:\/\/kilim-age.com\/en\/producto\/comprar-alfombras-en-madrid\/#primaryimage"},"image":{"@id":"https:\/\/kilim-age.com\/en\/producto\/comprar-alfombras-en-madrid\/#primaryimage"},"thumbnailUrl":"https:\/\/www.kilim-age.com\/wp-content\/uploads\/2023\/03\/CRAFT_20230307_175229.jpg","datePublished":"2023-03-07T17:49:51+00:00","dateModified":"2024-12-17T12:51:26+00:00","description":"Comprar Alfombras en Madrid. Las alfombras modernas son una adaptaci\u00f3n de las\u00a0alfombras\u00a0cl\u00e1sicas\u00a0a las nuevas tendencias..","breadcrumb":{"@id":"https:\/\/kilim-age.com\/en\/producto\/comprar-alfombras-en-madrid\/#breadcrumb"},"inLanguage":"es","potentialAction":[{"@type":"ReadAction","target":["https:\/\/kilim-age.com\/en\/producto\/comprar-alfombras-en-madrid\/"]}]},{"@type":"ImageObject","inLanguage":"es","@id":"https:\/\/kilim-age.com\/en\/producto\/comprar-alfombras-en-madrid\/#primaryimage","url":"https:\/\/www.kilim-age.com\/wp-content\/uploads\/2023\/03\/CRAFT_20230307_175229.jpg","contentUrl":"https:\/\/www.kilim-age.com\/wp-content\/uploads\/2023\/03\/CRAFT_20230307_175229.jpg","width":1000,"height":1300,"caption":"Comprar alfombras en Madrid"},{"@type":"BreadcrumbList","@id":"https:\/\/kilim-age.com\/en\/producto\/comprar-alfombras-en-madrid\/#breadcrumb","itemListElement":[{"@type":"ListItem","position":1,"name":"Home","item":"https:\/\/kilim-age.com\/en\/"},{"@type":"ListItem","position":2,"name":"Shop","item":"https:\/\/kilim-age.com\/es\/shop\/"},{"@type":"ListItem","position":3,"name":"BLUE ROSETTE"}]},{"@type":"WebSite","@id":"https:\/\/kilim-age.com\/en\/#website","url":"https:\/\/kilim-age.com\/en\/","name":"Kilim-Age","description":"Somos especialistas en productos artesanales de Turqu\u00eda como Alfombras, y Kilims","potentialAction":[{"@type":"SearchAction","target":{"@type":"EntryPoint","urlTemplate":"https:\/\/kilim-age.com\/en\/?s={search_term_string}"},"query-input":{"@type":"PropertyValueSpecification","valueRequired":true,"valueName":"search_term_string"}}],"inLanguage":"es"}]}},"_links":{"self":[{"href":"https:\/\/www.kilim-age.com\/es\/wp-json\/wp\/v2\/product\/33534","targetHints":{"allow":["GET"]}}],"collection":[{"href":"https:\/\/www.kilim-age.com\/es\/wp-json\/wp\/v2\/product"}],"about":[{"href":"https:\/\/www.kilim-age.com\/es\/wp-json\/wp\/v2\/types\/product"}],"replies":[{"embeddable":true,"href":"https:\/\/www.kilim-age.com\/es\/wp-json\/wp\/v2\/comments?post=33534"}],"wp:featuredmedia":[{"embeddable":true,"href":"https:\/\/www.kilim-age.com\/es\/wp-json\/wp\/v2\/media\/33536"}],"wp:attachment":[{"href":"https:\/\/www.kilim-age.com\/es\/wp-json\/wp\/v2\/media?parent=33534"}],"wp:term":[{"taxonomy":"product_brand","embeddable":true,"href":"https:\/\/www.kilim-age.com\/es\/wp-json\/wp\/v2\/product_brand?post=33534"},{"taxonomy":"product_cat","embeddable":true,"href":"https:\/\/www.kilim-age.com\/es\/wp-json\/wp\/v2\/product_cat?post=33534"},{"taxonomy":"product_tag","embeddable":true,"href":"https:\/\/www.kilim-age.com\/es\/wp-json\/wp\/v2\/product_tag?post=33534"}],"curies":[{"name":"wp","href":"https:\/\/api.w.org\/{rel}","templated":true}]}}