{"id":33825,"date":"2023-03-21T20:00:55","date_gmt":"2023-03-21T19:00:55","guid":{"rendered":"http:\/\/www.kilim-age.com\/?post_type=product&#038;p=33825"},"modified":"2025-06-14T14:06:30","modified_gmt":"2025-06-14T12:06:30","slug":"donde-comprar-kilim-en-madrid","status":"publish","type":"product","link":"https:\/\/www.kilim-age.com\/es\/producto\/donde-comprar-kilim-en-madrid\/","title":{"rendered":"CICIM KILIM 194 x 331 cm"},"content":{"rendered":"<h1><span style=\"font-size: 95%;\">DONDE COMPRAR KILIM EN MADRID<\/span><\/h1>\n<p>Si estas buscando donde comprar kilim en Madrid ven a visitarnos. Tenemos los Kilims mas aut\u00e9nticos de Turqu\u00eda.<\/p>\n<h2>CICIM<\/h2>\n<p>El Kilim cicim es un tipo de t\u00e9cnica plana, bastante parecido, pero m\u00e1s fuerte y m\u00e1s grueso que el kilim, con una cara frontal lisa y una espalda desigual, a diferencia del kilim que es suave a ambos lados. El cicim carece de las rendijas caracter\u00edsticas del kilim, ya que usualmente se teje con hilos de trama suplementarios como soportes continuos.<br \/>\nLa t\u00e9cnica consiste en envolver hilos de trama de color sobre y debajo de los hilos de urdimbre, dando como resultado un fuerte tejido.<\/p>\n<h3>KILIM CICIM \u00bfQUE ES KILIM?<\/h3>\n<p>Se les denomina as\u00ed a los tejidos o alfombras planas, sin pelo ni nudos, tejidas a mano con lana. Nacieron hace unos 3.500 a\u00f1os en Asia Central, desde donde se fueron extendiendo hacia Europa Oriental, \u00c1frica del Norte y m\u00e1s tarde Europa Occidental. Son consideradas, por tanto, las alfombras m\u00e1s antiguas del mundo.<\/p>\n<p>Se caracterizan por sus dibujos geom\u00e9tricos con colores vivos obtenidos gracias a tinturas naturales. El kilim es, b\u00e1sicamente, la base de la\u00a0<a href=\"http:\/\/www.kilim-age.com\/es\/\">alfombra<\/a>, pero sin los nudos, los hilos verticales (urdimbre) cruzados con los hilos horizontales (trama) pero sin poner nudos y por lo tanto no tiene pelo, sino que se trata \u00fanicamente de un tejido con dibujos. Este hecho es, al mismo tiempo, su principal ventaja por un lado pesa poco, es liviana y nos transmite una imagen fresca y ligera.<\/p>\n<h3>Sobre los motivos<\/h3>\n<p>Cada motivo proviene de un s\u00edmbolo con numerosas formas. Casi siempre son figuras abstractas, geom\u00e9tricas o animales estilizados como motivos primitivos. Estos s\u00edmbolos de origen n\u00f3mada son la expresi\u00f3n de creencias y supersticiones. Los motivos cambian seg\u00fan las tribus y los pueblos. Esto permite determinar el origen geogr\u00e1fico o el grupo \u00e9tnico en el origen de cada kilim.<\/p>\n<p>Cada composici\u00f3n es obra de un tejedor particular cuyo estilo e inspiraci\u00f3n proviene de su familia y de las tradiciones del pueblo.","protected":false},"excerpt":{"rendered":"<p>Fabricaci\u00f3n: Hecho a mano<br \/>\nTama\u00f1o: 194 X 331 cm<br \/>\nEstado: 20-25 a\u00f1os<br \/>\nOrigen: Turqu\u00eda, centro de Anatolia<br \/>\nPelo:\u00a0Lana de cabra y oveja hilado a mano<br \/>\nUrdimbre: Lana<br \/>\nGrosor aprox: 2-3 mm<br \/>\nTe\u00f1ido natural, la lana hilada a mano.<br \/>\nLos colores de la alfombra se percibir\u00e1n de formas diferentes dependiendo del \u00e1ngulo de visi\u00f3n<br \/>\nPlazo de entrega:2-5 d\u00edas h\u00e1biles en Espa\u00f1a.<br \/>\nEuropa: 5-7 d\u00edas h\u00e1biles, resto de continentes 7-10 d\u00edas.<\/p>\n","protected":false},"featured_media":33826,"comment_status":"open","ping_status":"closed","template":"","meta":[],"product_brand":[],"product_cat":[61,829],"product_tag":[81,74],"class_list":{"0":"post-33825","1":"product","2":"type-product","3":"status-publish","4":"has-post-thumbnail","6":"product_cat-kilims","7":"product_cat-toda-la-coleccion-kilim","8":"product_tag-kilim-cicim","9":"product_tag-kilim-turca","10":"product_shipping_class-alfombra-grande","11":"pa_ancho-cm-874","12":"pa_ancho-cm-875","13":"pa_color-burdeo","14":"pa_color-caldero","15":"pa_color-naranja","16":"pa_color-rojo","17":"pa_largo-cm-888","18":"pa_largo-cm-1030","19":"pa_medida-grandes","21":"first","22":"instock","23":"sale","24":"sold-individually","25":"taxable","26":"shipping-taxable","27":"purchasable","28":"product-type-simple"},"yoast_head":"<!-- This site is optimized with the Yoast SEO plugin v24.8.1 - https:\/\/yoast.com\/wordpress\/plugins\/seo\/ -->\n<title>Donde Comprar Kilim en Madrid | Kilim-Age | Aut\u00e9nticos Kilims de Turqu\u00eda<\/title>\n<meta name=\"description\" content=\"\u00bfDonde Comprar Kilim en Madrid? Si estas buscando los aut\u00e9nticos kilims de Turqu\u00eda ven a visitarnos. Envio y devoluciones gratis\" \/>\n<meta name=\"robots\" content=\"index, follow, max-snippet:-1, max-image-preview:large, max-video-preview:-1\" \/>\n<link rel=\"canonical\" href=\"https:\/\/www.kilim-age.com\/es\/producto\/donde-comprar-kilim-en-madrid\/\" \/>\n<meta property=\"og:locale\" content=\"es_ES\" \/>\n<meta property=\"og:type\" content=\"article\" \/>\n<meta property=\"og:title\" content=\"Donde Comprar Kilim en Madrid | Kilim-Age | Aut\u00e9nticos Kilims de Turqu\u00eda\" \/>\n<meta property=\"og:description\" content=\"\u00bfDonde Comprar Kilim en Madrid? Si estas buscando los aut\u00e9nticos kilims de Turqu\u00eda ven a visitarnos. Envio y devoluciones gratis\" \/>\n<meta property=\"og:url\" content=\"https:\/\/www.kilim-age.com\/es\/producto\/donde-comprar-kilim-en-madrid\/\" \/>\n<meta property=\"og:site_name\" content=\"Kilim-Age\" \/>\n<meta property=\"article:modified_time\" content=\"2025-06-14T12:06:30+00:00\" \/>\n<meta property=\"og:image\" content=\"https:\/\/www.kilim-age.com\/wp-content\/uploads\/2023\/03\/92849.jpg\" \/>\n\t<meta property=\"og:image:width\" content=\"1000\" \/>\n\t<meta property=\"og:image:height\" content=\"1300\" \/>\n\t<meta property=\"og:image:type\" content=\"image\/jpeg\" \/>\n<meta name=\"twitter:card\" content=\"summary_large_image\" \/>\n<meta name=\"twitter:label1\" content=\"Tiempo de lectura\" \/>\n\t<meta name=\"twitter:data1\" content=\"2 minutos\" \/>\n<script type=\"application\/ld+json\" class=\"yoast-schema-graph\">{\"@context\":\"https:\/\/schema.org\",\"@graph\":[{\"@type\":\"WebPage\",\"@id\":\"https:\/\/www.kilim-age.com\/es\/producto\/donde-comprar-kilim-en-madrid\/\",\"url\":\"https:\/\/www.kilim-age.com\/es\/producto\/donde-comprar-kilim-en-madrid\/\",\"name\":\"Donde Comprar Kilim en Madrid | Kilim-Age | Aut\u00e9nticos Kilims de Turqu\u00eda\",\"isPartOf\":{\"@id\":\"https:\/\/kilim-age.com\/en\/#website\"},\"primaryImageOfPage\":{\"@id\":\"https:\/\/www.kilim-age.com\/es\/producto\/donde-comprar-kilim-en-madrid\/#primaryimage\"},\"image\":{\"@id\":\"https:\/\/www.kilim-age.com\/es\/producto\/donde-comprar-kilim-en-madrid\/#primaryimage\"},\"thumbnailUrl\":\"https:\/\/www.kilim-age.com\/wp-content\/uploads\/2023\/03\/92849.jpg\",\"datePublished\":\"2023-03-21T19:00:55+00:00\",\"dateModified\":\"2025-06-14T12:06:30+00:00\",\"description\":\"\u00bfDonde Comprar Kilim en Madrid? Si estas buscando los aut\u00e9nticos kilims de Turqu\u00eda ven a visitarnos. Envio y devoluciones gratis\",\"breadcrumb\":{\"@id\":\"https:\/\/www.kilim-age.com\/es\/producto\/donde-comprar-kilim-en-madrid\/#breadcrumb\"},\"inLanguage\":\"es\",\"potentialAction\":[{\"@type\":\"ReadAction\",\"target\":[\"https:\/\/www.kilim-age.com\/es\/producto\/donde-comprar-kilim-en-madrid\/\"]}]},{\"@type\":\"ImageObject\",\"inLanguage\":\"es\",\"@id\":\"https:\/\/www.kilim-age.com\/es\/producto\/donde-comprar-kilim-en-madrid\/#primaryimage\",\"url\":\"https:\/\/www.kilim-age.com\/wp-content\/uploads\/2023\/03\/92849.jpg\",\"contentUrl\":\"https:\/\/www.kilim-age.com\/wp-content\/uploads\/2023\/03\/92849.jpg\",\"width\":1000,\"height\":1300,\"caption\":\"Donde Comprar Kilim en Madrid\"},{\"@type\":\"BreadcrumbList\",\"@id\":\"https:\/\/www.kilim-age.com\/es\/producto\/donde-comprar-kilim-en-madrid\/#breadcrumb\",\"itemListElement\":[{\"@type\":\"ListItem\",\"position\":1,\"name\":\"Home\",\"item\":\"https:\/\/kilim-age.com\/en\/\"},{\"@type\":\"ListItem\",\"position\":2,\"name\":\"Shop\",\"item\":\"https:\/\/kilim-age.com\/en\/shop\/\"},{\"@type\":\"ListItem\",\"position\":3,\"name\":\"CICIM KILIM 194 x 331 cm\"}]},{\"@type\":\"WebSite\",\"@id\":\"https:\/\/kilim-age.com\/en\/#website\",\"url\":\"https:\/\/kilim-age.com\/en\/\",\"name\":\"Kilim-Age\",\"description\":\"Somos especialistas en productos artesanales de Turqu\u00eda como Alfombras, y Kilims\",\"potentialAction\":[{\"@type\":\"SearchAction\",\"target\":{\"@type\":\"EntryPoint\",\"urlTemplate\":\"https:\/\/kilim-age.com\/en\/?s={search_term_string}\"},\"query-input\":{\"@type\":\"PropertyValueSpecification\",\"valueRequired\":true,\"valueName\":\"search_term_string\"}}],\"inLanguage\":\"es\"}]}<\/script>\n<!-- \/ Yoast SEO plugin. -->","yoast_head_json":{"title":"Donde Comprar Kilim en Madrid | Kilim-Age | Aut\u00e9nticos Kilims de Turqu\u00eda","description":"\u00bfDonde Comprar Kilim en Madrid? Si estas buscando los aut\u00e9nticos kilims de Turqu\u00eda ven a visitarnos. Envio y devoluciones gratis","robots":{"index":"index","follow":"follow","max-snippet":"max-snippet:-1","max-image-preview":"max-image-preview:large","max-video-preview":"max-video-preview:-1"},"canonical":"https:\/\/www.kilim-age.com\/es\/producto\/donde-comprar-kilim-en-madrid\/","og_locale":"es_ES","og_type":"article","og_title":"Donde Comprar Kilim en Madrid | Kilim-Age | Aut\u00e9nticos Kilims de Turqu\u00eda","og_description":"\u00bfDonde Comprar Kilim en Madrid? Si estas buscando los aut\u00e9nticos kilims de Turqu\u00eda ven a visitarnos. Envio y devoluciones gratis","og_url":"https:\/\/www.kilim-age.com\/es\/producto\/donde-comprar-kilim-en-madrid\/","og_site_name":"Kilim-Age","article_modified_time":"2025-06-14T12:06:30+00:00","og_image":[{"width":1000,"height":1300,"url":"https:\/\/www.kilim-age.com\/wp-content\/uploads\/2023\/03\/92849.jpg","type":"image\/jpeg"}],"twitter_card":"summary_large_image","twitter_misc":{"Tiempo de lectura":"2 minutos"},"schema":{"@context":"https:\/\/schema.org","@graph":[{"@type":"WebPage","@id":"https:\/\/www.kilim-age.com\/es\/producto\/donde-comprar-kilim-en-madrid\/","url":"https:\/\/www.kilim-age.com\/es\/producto\/donde-comprar-kilim-en-madrid\/","name":"Donde Comprar Kilim en Madrid | Kilim-Age | Aut\u00e9nticos Kilims de Turqu\u00eda","isPartOf":{"@id":"https:\/\/kilim-age.com\/en\/#website"},"primaryImageOfPage":{"@id":"https:\/\/www.kilim-age.com\/es\/producto\/donde-comprar-kilim-en-madrid\/#primaryimage"},"image":{"@id":"https:\/\/www.kilim-age.com\/es\/producto\/donde-comprar-kilim-en-madrid\/#primaryimage"},"thumbnailUrl":"https:\/\/www.kilim-age.com\/wp-content\/uploads\/2023\/03\/92849.jpg","datePublished":"2023-03-21T19:00:55+00:00","dateModified":"2025-06-14T12:06:30+00:00","description":"\u00bfDonde Comprar Kilim en Madrid? Si estas buscando los aut\u00e9nticos kilims de Turqu\u00eda ven a visitarnos. Envio y devoluciones gratis","breadcrumb":{"@id":"https:\/\/www.kilim-age.com\/es\/producto\/donde-comprar-kilim-en-madrid\/#breadcrumb"},"inLanguage":"es","potentialAction":[{"@type":"ReadAction","target":["https:\/\/www.kilim-age.com\/es\/producto\/donde-comprar-kilim-en-madrid\/"]}]},{"@type":"ImageObject","inLanguage":"es","@id":"https:\/\/www.kilim-age.com\/es\/producto\/donde-comprar-kilim-en-madrid\/#primaryimage","url":"https:\/\/www.kilim-age.com\/wp-content\/uploads\/2023\/03\/92849.jpg","contentUrl":"https:\/\/www.kilim-age.com\/wp-content\/uploads\/2023\/03\/92849.jpg","width":1000,"height":1300,"caption":"Donde Comprar Kilim en Madrid"},{"@type":"BreadcrumbList","@id":"https:\/\/www.kilim-age.com\/es\/producto\/donde-comprar-kilim-en-madrid\/#breadcrumb","itemListElement":[{"@type":"ListItem","position":1,"name":"Home","item":"https:\/\/kilim-age.com\/en\/"},{"@type":"ListItem","position":2,"name":"Shop","item":"https:\/\/kilim-age.com\/en\/shop\/"},{"@type":"ListItem","position":3,"name":"CICIM KILIM 194 x 331 cm"}]},{"@type":"WebSite","@id":"https:\/\/kilim-age.com\/en\/#website","url":"https:\/\/kilim-age.com\/en\/","name":"Kilim-Age","description":"Somos especialistas en productos artesanales de Turqu\u00eda como Alfombras, y Kilims","potentialAction":[{"@type":"SearchAction","target":{"@type":"EntryPoint","urlTemplate":"https:\/\/kilim-age.com\/en\/?s={search_term_string}"},"query-input":{"@type":"PropertyValueSpecification","valueRequired":true,"valueName":"search_term_string"}}],"inLanguage":"es"}]}},"_links":{"self":[{"href":"https:\/\/www.kilim-age.com\/es\/wp-json\/wp\/v2\/product\/33825","targetHints":{"allow":["GET"]}}],"collection":[{"href":"https:\/\/www.kilim-age.com\/es\/wp-json\/wp\/v2\/product"}],"about":[{"href":"https:\/\/www.kilim-age.com\/es\/wp-json\/wp\/v2\/types\/product"}],"replies":[{"embeddable":true,"href":"https:\/\/www.kilim-age.com\/es\/wp-json\/wp\/v2\/comments?post=33825"}],"wp:featuredmedia":[{"embeddable":true,"href":"https:\/\/www.kilim-age.com\/es\/wp-json\/wp\/v2\/media\/33826"}],"wp:attachment":[{"href":"https:\/\/www.kilim-age.com\/es\/wp-json\/wp\/v2\/media?parent=33825"}],"wp:term":[{"taxonomy":"product_brand","embeddable":true,"href":"https:\/\/www.kilim-age.com\/es\/wp-json\/wp\/v2\/product_brand?post=33825"},{"taxonomy":"product_cat","embeddable":true,"href":"https:\/\/www.kilim-age.com\/es\/wp-json\/wp\/v2\/product_cat?post=33825"},{"taxonomy":"product_tag","embeddable":true,"href":"https:\/\/www.kilim-age.com\/es\/wp-json\/wp\/v2\/product_tag?post=33825"}],"curies":[{"name":"wp","href":"https:\/\/api.w.org\/{rel}","templated":true}]}}