{"id":3541,"date":"2017-07-03T17:37:43","date_gmt":"2017-07-03T17:37:43","guid":{"rendered":"http:\/\/www.kilim-age.com\/?post_type=product&#038;p=3541"},"modified":"2025-09-05T12:10:54","modified_gmt":"2025-09-05T10:10:54","slug":"alfombra-patchwork-multicolor","status":"publish","type":"product","link":"https:\/\/www.kilim-age.com\/es\/producto\/alfombra-patchwork-multicolor\/","title":{"rendered":"ALFOMBRA PATCHWORK 240 X 160 cm"},"content":{"rendered":"<h3><strong>ALFOMBRA PATCHWORK MULTICOLOR<\/strong><\/h3>\n<p>Alfombra <a href=\"http:\/\/www.kilim-age.com\/alfombras-de-patchwork\/\">Patchwork<\/a> Multicolor! La palabra patchwork viene del ingl\u00e9s \u201cpatch\u201d (parche) y \u201cwork\u201d (trabajo). Conocido tambi\u00e9n como \u201cpieced work\u201d, se trata de la uni\u00f3n de muchas piezas diferentes, alternando incluso colores y tejidos. Literalmente significa trabajo con parches o remiendos. Esta t\u00e9cnica textil permite confeccionar piezas uniendo fragmentos de telas de diferentes tipos y colores. Dicho de otro modo, es una forma de costura que consiste en coser o ensamblar distintas trozos de tela formando otra tela o un dise\u00f1o m\u00e1s grande.<\/p>\n<p>La alfombra Patchwork est\u00e1 hecha con retazos de alfombras de vintage hechos a mano que aproximadamente suelen tener entre 20-30 a\u00f1os de antig\u00fcedad. Se trata de crear una alfombra a partir de parches de diferentes alfombras. Gracias a las t\u00e9cnicas utilizadas para las alfombras vintage, podemos conseguir una gama muy amplia de colores naturales. Suponen una segunda vida para las alfombras y una manera novedosa y original de utilizarlas. El tradicional m\u00e9todo mosaico de los patchwork permite que las alfombras sean elaboradas en los tama\u00f1os deseados por cada cliente. Pueden personalizarse y hacer a medida tanto las medidas de la alfombra, como la de los parches que la componen. Todas nuestras alfombras de patchwork est\u00e1n elaboradas artesanalmente con los materiales de alta calidad y originarios de <a href=\"https:\/\/miviaje.com\/paseo-por-el-bosforo-de-estambul\/\">Turqu\u00eda.<\/a><\/p>\n<p>Como objeto de decoraci\u00f3n supone un elemento \u00fanico y especial, adem\u00e1s de personalizado. Tambi\u00e9n ofrece una variedad de colores y combinaciones mucho m\u00e1s amplia de la que ten\u00edamos con las alfombras cl\u00e1sicas. Suelen utilizarse en todo tipo de ambientes y actualmente son las alfombras por excelencia de todos los estilos en tendencia.","protected":false},"excerpt":{"rendered":"<p>Fabricaci\u00f3n: Hecho a mano<br \/>\nTama\u00f1o:240 X 160 cm.<br \/>\nN\u00famero de nudos: aprox 150000-300000 por m\u00b2<br \/>\nEstado: Nuevo<br \/>\nOrigen: Turqu\u00eda<br \/>\nPelo: Lana<br \/>\nUrdimbre: Algod\u00f3n<br \/>\nGrosor aprox: 7-8 mm.<br \/>\nTe\u00f1ido natural.<br \/>\nLos colores de la alfombra se percibir\u00e1n de formas diferentes dependiendo del \u00e1ngulo de visi\u00f3n.<br \/>\nPlazo de entrega: 2-5 d\u00edas h\u00e1biles en Espa\u00f1a.<br \/>\nEuropa:5-7 d\u00edas h\u00e1biles, resto de continentes 7-10 d\u00edas.<\/p>\n","protected":false},"featured_media":3542,"comment_status":"open","ping_status":"closed","template":"","meta":[],"product_brand":[],"product_cat":[1054,62,224],"product_tag":[844,71,94],"class_list":{"0":"post-3541","1":"product","2":"type-product","3":"status-publish","4":"has-post-thumbnail","6":"product_cat-ofertas","7":"product_cat-alfombras-turcas","8":"product_cat-alfombras-patchwork","9":"product_tag-alfombra-patchwork-multicolor","10":"product_tag-alfombras-patchwork","11":"product_tag-patchwork-carpets","12":"product_shipping_class-alfombra-mediana","13":"pa_ancho-cm-873","14":"pa_color-azul","15":"pa_color-beige","16":"pa_color-gris","17":"pa_color-multicolor","18":"pa_color-rosa","19":"pa_largo-cm-887","20":"pa_medida-grandes","22":"first","23":"instock","24":"sale","25":"sold-individually","26":"taxable","27":"shipping-taxable","28":"purchasable","29":"product-type-simple"},"yoast_head":"<!-- This site is optimized with the Yoast SEO plugin v24.8.1 - https:\/\/yoast.com\/wordpress\/plugins\/seo\/ -->\n<title>Alfombra Patchwork Multicolor | Kilim-Age | Alfombras Patchwork -50%<\/title>\n<meta name=\"description\" content=\"Alfombra Patchwork Multicolor! El m\u00e9todo mosaico de los patchwork permite que las alfombras sean elaboradas en los tama\u00f1os deseados por cada cliente.\" \/>\n<meta name=\"robots\" content=\"index, follow, max-snippet:-1, max-image-preview:large, max-video-preview:-1\" \/>\n<link rel=\"canonical\" href=\"https:\/\/www.kilim-age.com\/es\/producto\/alfombra-patchwork-multicolor\/\" \/>\n<meta property=\"og:locale\" content=\"es_ES\" \/>\n<meta property=\"og:type\" content=\"article\" \/>\n<meta property=\"og:title\" content=\"Alfombra Patchwork Multicolor | Kilim-Age | Alfombras Patchwork -50%\" \/>\n<meta property=\"og:description\" content=\"Alfombra Patchwork Multicolor! El m\u00e9todo mosaico de los patchwork permite que las alfombras sean elaboradas en los tama\u00f1os deseados por cada cliente.\" \/>\n<meta property=\"og:url\" content=\"https:\/\/www.kilim-age.com\/es\/producto\/alfombra-patchwork-multicolor\/\" \/>\n<meta property=\"og:site_name\" content=\"Kilim-Age\" \/>\n<meta property=\"article:modified_time\" content=\"2025-09-05T10:10:54+00:00\" \/>\n<meta property=\"og:image\" content=\"https:\/\/www.kilim-age.com\/wp-content\/uploads\/2017\/07\/WEB-KA_7665.jpg\" \/>\n\t<meta property=\"og:image:width\" content=\"1000\" \/>\n\t<meta property=\"og:image:height\" content=\"1300\" \/>\n\t<meta property=\"og:image:type\" content=\"image\/jpeg\" \/>\n<meta name=\"twitter:card\" content=\"summary_large_image\" \/>\n<meta name=\"twitter:label1\" content=\"Tiempo de lectura\" \/>\n\t<meta name=\"twitter:data1\" content=\"1 minuto\" \/>\n<script type=\"application\/ld+json\" class=\"yoast-schema-graph\">{\"@context\":\"https:\/\/schema.org\",\"@graph\":[{\"@type\":\"WebPage\",\"@id\":\"https:\/\/www.kilim-age.com\/es\/producto\/alfombra-patchwork-multicolor\/\",\"url\":\"https:\/\/www.kilim-age.com\/es\/producto\/alfombra-patchwork-multicolor\/\",\"name\":\"Alfombra Patchwork Multicolor | Kilim-Age | Alfombras Patchwork -50%\",\"isPartOf\":{\"@id\":\"https:\/\/www.kilim-age.com\/es\/#website\"},\"primaryImageOfPage\":{\"@id\":\"https:\/\/www.kilim-age.com\/es\/producto\/alfombra-patchwork-multicolor\/#primaryimage\"},\"image\":{\"@id\":\"https:\/\/www.kilim-age.com\/es\/producto\/alfombra-patchwork-multicolor\/#primaryimage\"},\"thumbnailUrl\":\"https:\/\/www.kilim-age.com\/wp-content\/uploads\/2017\/07\/WEB-KA_7665.jpg\",\"datePublished\":\"2017-07-03T17:37:43+00:00\",\"dateModified\":\"2025-09-05T10:10:54+00:00\",\"description\":\"Alfombra Patchwork Multicolor! El m\u00e9todo mosaico de los patchwork permite que las alfombras sean elaboradas en los tama\u00f1os deseados por cada cliente.\",\"breadcrumb\":{\"@id\":\"https:\/\/www.kilim-age.com\/es\/producto\/alfombra-patchwork-multicolor\/#breadcrumb\"},\"inLanguage\":\"es\",\"potentialAction\":[{\"@type\":\"ReadAction\",\"target\":[\"https:\/\/www.kilim-age.com\/es\/producto\/alfombra-patchwork-multicolor\/\"]}]},{\"@type\":\"ImageObject\",\"inLanguage\":\"es\",\"@id\":\"https:\/\/www.kilim-age.com\/es\/producto\/alfombra-patchwork-multicolor\/#primaryimage\",\"url\":\"https:\/\/www.kilim-age.com\/wp-content\/uploads\/2017\/07\/WEB-KA_7665.jpg\",\"contentUrl\":\"https:\/\/www.kilim-age.com\/wp-content\/uploads\/2017\/07\/WEB-KA_7665.jpg\",\"width\":1000,\"height\":1300,\"caption\":\"Alfombra Patchwork Multicolor\"},{\"@type\":\"BreadcrumbList\",\"@id\":\"https:\/\/www.kilim-age.com\/es\/producto\/alfombra-patchwork-multicolor\/#breadcrumb\",\"itemListElement\":[{\"@type\":\"ListItem\",\"position\":1,\"name\":\"Home\",\"item\":\"https:\/\/www.kilim-age.com\/es\/\"},{\"@type\":\"ListItem\",\"position\":2,\"name\":\"Shop\",\"item\":\"https:\/\/www.kilim-age.com\/es\/shop\/\"},{\"@type\":\"ListItem\",\"position\":3,\"name\":\"ALFOMBRA PATCHWORK 240 X 160 cm\"}]},{\"@type\":\"WebSite\",\"@id\":\"https:\/\/www.kilim-age.com\/es\/#website\",\"url\":\"https:\/\/www.kilim-age.com\/es\/\",\"name\":\"Kilim-Age\",\"description\":\"Somos especialistas en productos artesanales de Turqu\u00eda como Alfombras, y Kilims\",\"potentialAction\":[{\"@type\":\"SearchAction\",\"target\":{\"@type\":\"EntryPoint\",\"urlTemplate\":\"https:\/\/www.kilim-age.com\/es\/?s={search_term_string}\"},\"query-input\":{\"@type\":\"PropertyValueSpecification\",\"valueRequired\":true,\"valueName\":\"search_term_string\"}}],\"inLanguage\":\"es\"}]}<\/script>\n<!-- \/ Yoast SEO plugin. -->","yoast_head_json":{"title":"Alfombra Patchwork Multicolor | Kilim-Age | Alfombras Patchwork -50%","description":"Alfombra Patchwork Multicolor! El m\u00e9todo mosaico de los patchwork permite que las alfombras sean elaboradas en los tama\u00f1os deseados por cada cliente.","robots":{"index":"index","follow":"follow","max-snippet":"max-snippet:-1","max-image-preview":"max-image-preview:large","max-video-preview":"max-video-preview:-1"},"canonical":"https:\/\/www.kilim-age.com\/es\/producto\/alfombra-patchwork-multicolor\/","og_locale":"es_ES","og_type":"article","og_title":"Alfombra Patchwork Multicolor | Kilim-Age | Alfombras Patchwork -50%","og_description":"Alfombra Patchwork Multicolor! El m\u00e9todo mosaico de los patchwork permite que las alfombras sean elaboradas en los tama\u00f1os deseados por cada cliente.","og_url":"https:\/\/www.kilim-age.com\/es\/producto\/alfombra-patchwork-multicolor\/","og_site_name":"Kilim-Age","article_modified_time":"2025-09-05T10:10:54+00:00","og_image":[{"width":1000,"height":1300,"url":"https:\/\/www.kilim-age.com\/wp-content\/uploads\/2017\/07\/WEB-KA_7665.jpg","type":"image\/jpeg"}],"twitter_card":"summary_large_image","twitter_misc":{"Tiempo de lectura":"1 minuto"},"schema":{"@context":"https:\/\/schema.org","@graph":[{"@type":"WebPage","@id":"https:\/\/www.kilim-age.com\/es\/producto\/alfombra-patchwork-multicolor\/","url":"https:\/\/www.kilim-age.com\/es\/producto\/alfombra-patchwork-multicolor\/","name":"Alfombra Patchwork Multicolor | Kilim-Age | Alfombras Patchwork -50%","isPartOf":{"@id":"https:\/\/www.kilim-age.com\/es\/#website"},"primaryImageOfPage":{"@id":"https:\/\/www.kilim-age.com\/es\/producto\/alfombra-patchwork-multicolor\/#primaryimage"},"image":{"@id":"https:\/\/www.kilim-age.com\/es\/producto\/alfombra-patchwork-multicolor\/#primaryimage"},"thumbnailUrl":"https:\/\/www.kilim-age.com\/wp-content\/uploads\/2017\/07\/WEB-KA_7665.jpg","datePublished":"2017-07-03T17:37:43+00:00","dateModified":"2025-09-05T10:10:54+00:00","description":"Alfombra Patchwork Multicolor! El m\u00e9todo mosaico de los patchwork permite que las alfombras sean elaboradas en los tama\u00f1os deseados por cada cliente.","breadcrumb":{"@id":"https:\/\/www.kilim-age.com\/es\/producto\/alfombra-patchwork-multicolor\/#breadcrumb"},"inLanguage":"es","potentialAction":[{"@type":"ReadAction","target":["https:\/\/www.kilim-age.com\/es\/producto\/alfombra-patchwork-multicolor\/"]}]},{"@type":"ImageObject","inLanguage":"es","@id":"https:\/\/www.kilim-age.com\/es\/producto\/alfombra-patchwork-multicolor\/#primaryimage","url":"https:\/\/www.kilim-age.com\/wp-content\/uploads\/2017\/07\/WEB-KA_7665.jpg","contentUrl":"https:\/\/www.kilim-age.com\/wp-content\/uploads\/2017\/07\/WEB-KA_7665.jpg","width":1000,"height":1300,"caption":"Alfombra Patchwork Multicolor"},{"@type":"BreadcrumbList","@id":"https:\/\/www.kilim-age.com\/es\/producto\/alfombra-patchwork-multicolor\/#breadcrumb","itemListElement":[{"@type":"ListItem","position":1,"name":"Home","item":"https:\/\/www.kilim-age.com\/es\/"},{"@type":"ListItem","position":2,"name":"Shop","item":"https:\/\/www.kilim-age.com\/es\/shop\/"},{"@type":"ListItem","position":3,"name":"ALFOMBRA PATCHWORK 240 X 160 cm"}]},{"@type":"WebSite","@id":"https:\/\/www.kilim-age.com\/es\/#website","url":"https:\/\/www.kilim-age.com\/es\/","name":"Kilim-Age","description":"Somos especialistas en productos artesanales de Turqu\u00eda como Alfombras, y Kilims","potentialAction":[{"@type":"SearchAction","target":{"@type":"EntryPoint","urlTemplate":"https:\/\/www.kilim-age.com\/es\/?s={search_term_string}"},"query-input":{"@type":"PropertyValueSpecification","valueRequired":true,"valueName":"search_term_string"}}],"inLanguage":"es"}]}},"_links":{"self":[{"href":"https:\/\/www.kilim-age.com\/es\/wp-json\/wp\/v2\/product\/3541","targetHints":{"allow":["GET"]}}],"collection":[{"href":"https:\/\/www.kilim-age.com\/es\/wp-json\/wp\/v2\/product"}],"about":[{"href":"https:\/\/www.kilim-age.com\/es\/wp-json\/wp\/v2\/types\/product"}],"replies":[{"embeddable":true,"href":"https:\/\/www.kilim-age.com\/es\/wp-json\/wp\/v2\/comments?post=3541"}],"wp:featuredmedia":[{"embeddable":true,"href":"https:\/\/www.kilim-age.com\/es\/wp-json\/wp\/v2\/media\/3542"}],"wp:attachment":[{"href":"https:\/\/www.kilim-age.com\/es\/wp-json\/wp\/v2\/media?parent=3541"}],"wp:term":[{"taxonomy":"product_brand","embeddable":true,"href":"https:\/\/www.kilim-age.com\/es\/wp-json\/wp\/v2\/product_brand?post=3541"},{"taxonomy":"product_cat","embeddable":true,"href":"https:\/\/www.kilim-age.com\/es\/wp-json\/wp\/v2\/product_cat?post=3541"},{"taxonomy":"product_tag","embeddable":true,"href":"https:\/\/www.kilim-age.com\/es\/wp-json\/wp\/v2\/product_tag?post=3541"}],"curies":[{"name":"wp","href":"https:\/\/api.w.org\/{rel}","templated":true}]}}