{"id":40236,"date":"2023-05-18T13:45:32","date_gmt":"2023-05-18T11:45:32","guid":{"rendered":"http:\/\/www.kilim-age.com\/?post_type=product&#038;p=40236"},"modified":"2023-08-01T12:25:14","modified_gmt":"2023-08-01T10:25:14","slug":"kilim-108","status":"publish","type":"product","link":"https:\/\/www.kilim-age.com\/es\/producto\/kilim-108\/","title":{"rendered":"KILIM 153 x 194 cm"},"content":{"rendered":"COMPRAR KILIM<br \/>\n\u00bfEstas buscando una tienda de Alfombras para comprar Kilim? En Kilim-Age tenemos los mejores kilims de Turqu\u00eda.<\/p>\n<p>Este nuevo kilim turca con colores vivos con las medidas de 126 x 184cm es ideal para crear un ambiente fresco y agradable en tu hogar.<\/p>\n<p>\u00bfQUE ES KILIM?<br \/>\nSe les denomina as\u00ed a los tapetes o alfombras planas, sin pelo ni nudos, tejidas a mano con lana. Nacieron hace unos 3.500 a\u00f1os en Asia Central, desde donde se fueron extendiendo hacia Europa Oriental, \u00c1frica del Norte y m\u00e1s tarde Europa Occidental. Son consideradas, por tanto, las alfombras m\u00e1s antiguas del mundo.<\/p>\n<p>Se caracterizan por sus dibujos geom\u00e9tricos con colores vivos obtenidos gracias a tinturas naturales. El kilim es, b\u00e1sicamente, el esqueleto de la alfombra, pero sin los nudos, los hilos verticales (urdimbre) cruzados con los hilos horizontales (trama) pero sin poner nudos y por lo tanto no tiene pelo, sino que se trata \u00fanicamente de un tejido con dibujos. Este hecho es, al mismo tiempo, su principal ventaja por un lado pesa poco, es liviana y nos transmite una imagen fresca y ligera.<\/p>\n<p>SOBRE LOS COLORES<br \/>\nLos kilims de Anatolia (una regi\u00f3n turca) son bien conocidos por su calidad, belleza y la diversidad de sus colores. Los diferentes colores naturales provienen de diferentes plantas o minerales.<\/p>\n<p>Estos colores fueron producidos con m\u00e9todos tradicionales, por decocci\u00f3n, maceraci\u00f3n y otros procesos.<\/p>\n<p>LOS MOTIVOS<\/p>\n<p>Cada motivo proviene de un s\u00edmbolo con numerosas formas. Casi siempre son figuras abstractas, geom\u00e9tricas o animales estilizados como motivos primitivos. Estos s\u00edmbolos de origen n\u00f3mada son la expresi\u00f3n de creencias y supersticiones. Los motivos cambian seg\u00fan las tribus y los pueblos. Esto permite determinar el origen geogr\u00e1fico o el grupo \u00e9tnico en el origen de cada kilim.<\/p>\n<p>Cada composici\u00f3n es obra de un tejedor particular cuyo estilo e inspiraci\u00f3n proviene de su familia y de las tradiciones del pueblo.","protected":false},"excerpt":{"rendered":"<p>Fabricaci\u00f3n: Hecho a mano<br \/>\nTama\u00f1o: 153 X 194 cm<br \/>\nEstado: Nuevo<br \/>\nOrigen: Kilim turca, centro de Anatolia<br \/>\nMaterial: Lana<br \/>\nGrosor aprox: 1-2 mm<br \/>\nTe\u00f1ido colores naturales.<br \/>\nPlazo de entrega: 2-5 d\u00edas h\u00e1biles en Espa\u00f1a.<br \/>\nEuropa: 5-7 d\u00edas h\u00e1biles, resto de continentes 7-10 d\u00edas.<\/p>\n","protected":false},"featured_media":40237,"comment_status":"open","ping_status":"closed","template":"","meta":[],"product_brand":[],"product_cat":[61,829],"product_tag":[73,72],"class_list":{"0":"post-40236","1":"product","2":"type-product","3":"status-publish","4":"has-post-thumbnail","6":"product_cat-kilims","7":"product_cat-toda-la-coleccion-kilim","8":"product_tag-anatolian-kilim","9":"product_tag-kilim","10":"product_shipping_class-kilim-mediano","11":"pa_ancho-cm-924","12":"pa_ancho-cm-872","13":"pa_color-azul","14":"pa_color-naranja","15":"pa_color-verde","16":"pa_largo-cm-1050","17":"pa_largo-cm-885","18":"pa_largo-cm-1013","19":"pa_medida-grandes","20":"pa_medida-medianos","21":"pa_medida-pequenos","23":"first","24":"outofstock","25":"sold-individually","26":"taxable","27":"shipping-taxable","28":"purchasable","29":"product-type-simple"},"yoast_head":"<!-- This site is optimized with the Yoast SEO plugin v24.8.1 - https:\/\/yoast.com\/wordpress\/plugins\/seo\/ -->\n<title>AUT\u00c9NTICOS KILIMS | Kilim-Age | Compra online<\/title>\n<meta name=\"description\" content=\"Aut\u00e9nticos Kilims turcas importadas directamente de su origen. Env\u00edo y Devoluciones gratis, compra online o tienda..\" \/>\n<meta name=\"robots\" content=\"index, follow, max-snippet:-1, max-image-preview:large, max-video-preview:-1\" \/>\n<link rel=\"canonical\" href=\"https:\/\/kilim-age.com\/en\/producto\/kilim-108\/\" \/>\n<meta property=\"og:locale\" content=\"es_ES\" \/>\n<meta property=\"og:type\" content=\"article\" \/>\n<meta property=\"og:title\" content=\"AUT\u00c9NTICOS KILIMS | Kilim-Age | Compra online\" \/>\n<meta property=\"og:description\" content=\"Aut\u00e9nticos Kilims turcas importadas directamente de su origen. Env\u00edo y Devoluciones gratis, compra online o tienda..\" \/>\n<meta property=\"og:url\" content=\"https:\/\/kilim-age.com\/en\/producto\/kilim-108\/\" \/>\n<meta property=\"og:site_name\" content=\"Kilim-Age\" \/>\n<meta property=\"article:modified_time\" content=\"2023-08-01T10:25:14+00:00\" \/>\n<meta property=\"og:image\" content=\"https:\/\/kilim-age.com\/wp-content\/uploads\/2023\/05\/16.jpg\" \/>\n\t<meta property=\"og:image:width\" content=\"1200\" \/>\n\t<meta property=\"og:image:height\" content=\"1500\" \/>\n\t<meta property=\"og:image:type\" content=\"image\/jpeg\" \/>\n<meta name=\"twitter:card\" content=\"summary_large_image\" \/>\n<meta name=\"twitter:label1\" content=\"Tiempo de lectura\" \/>\n\t<meta name=\"twitter:data1\" content=\"1 minuto\" \/>\n<script type=\"application\/ld+json\" class=\"yoast-schema-graph\">{\"@context\":\"https:\/\/schema.org\",\"@graph\":[{\"@type\":\"WebPage\",\"@id\":\"https:\/\/kilim-age.com\/en\/producto\/kilim-108\/\",\"url\":\"https:\/\/kilim-age.com\/en\/producto\/kilim-108\/\",\"name\":\"AUT\u00c9NTICOS KILIMS | Kilim-Age | Compra online\",\"isPartOf\":{\"@id\":\"https:\/\/www.kilim-age.com\/es\/#website\"},\"primaryImageOfPage\":{\"@id\":\"https:\/\/kilim-age.com\/en\/producto\/kilim-108\/#primaryimage\"},\"image\":{\"@id\":\"https:\/\/kilim-age.com\/en\/producto\/kilim-108\/#primaryimage\"},\"thumbnailUrl\":\"https:\/\/www.kilim-age.com\/wp-content\/uploads\/2023\/05\/16.jpg\",\"datePublished\":\"2023-05-18T11:45:32+00:00\",\"dateModified\":\"2023-08-01T10:25:14+00:00\",\"description\":\"Aut\u00e9nticos Kilims turcas importadas directamente de su origen. Env\u00edo y Devoluciones gratis, compra online o tienda..\",\"breadcrumb\":{\"@id\":\"https:\/\/kilim-age.com\/en\/producto\/kilim-108\/#breadcrumb\"},\"inLanguage\":\"es\",\"potentialAction\":[{\"@type\":\"ReadAction\",\"target\":[\"https:\/\/kilim-age.com\/en\/producto\/kilim-108\/\"]}]},{\"@type\":\"ImageObject\",\"inLanguage\":\"es\",\"@id\":\"https:\/\/kilim-age.com\/en\/producto\/kilim-108\/#primaryimage\",\"url\":\"https:\/\/www.kilim-age.com\/wp-content\/uploads\/2023\/05\/16.jpg\",\"contentUrl\":\"https:\/\/www.kilim-age.com\/wp-content\/uploads\/2023\/05\/16.jpg\",\"width\":1200,\"height\":1500},{\"@type\":\"BreadcrumbList\",\"@id\":\"https:\/\/kilim-age.com\/en\/producto\/kilim-108\/#breadcrumb\",\"itemListElement\":[{\"@type\":\"ListItem\",\"position\":1,\"name\":\"Home\",\"item\":\"https:\/\/www.kilim-age.com\/es\/\"},{\"@type\":\"ListItem\",\"position\":2,\"name\":\"Shop\",\"item\":\"https:\/\/www.kilim-age.com\/es\/shop\/\"},{\"@type\":\"ListItem\",\"position\":3,\"name\":\"KILIM 153 x 194 cm\"}]},{\"@type\":\"WebSite\",\"@id\":\"https:\/\/www.kilim-age.com\/es\/#website\",\"url\":\"https:\/\/www.kilim-age.com\/es\/\",\"name\":\"Kilim-Age\",\"description\":\"Somos especialistas en productos artesanales de Turqu\u00eda como Alfombras, y Kilims\",\"potentialAction\":[{\"@type\":\"SearchAction\",\"target\":{\"@type\":\"EntryPoint\",\"urlTemplate\":\"https:\/\/www.kilim-age.com\/es\/?s={search_term_string}\"},\"query-input\":{\"@type\":\"PropertyValueSpecification\",\"valueRequired\":true,\"valueName\":\"search_term_string\"}}],\"inLanguage\":\"es\"}]}<\/script>\n<!-- \/ Yoast SEO plugin. -->","yoast_head_json":{"title":"AUT\u00c9NTICOS KILIMS | Kilim-Age | Compra online","description":"Aut\u00e9nticos Kilims turcas importadas directamente de su origen. Env\u00edo y Devoluciones gratis, compra online o tienda..","robots":{"index":"index","follow":"follow","max-snippet":"max-snippet:-1","max-image-preview":"max-image-preview:large","max-video-preview":"max-video-preview:-1"},"canonical":"https:\/\/kilim-age.com\/en\/producto\/kilim-108\/","og_locale":"es_ES","og_type":"article","og_title":"AUT\u00c9NTICOS KILIMS | Kilim-Age | Compra online","og_description":"Aut\u00e9nticos Kilims turcas importadas directamente de su origen. Env\u00edo y Devoluciones gratis, compra online o tienda..","og_url":"https:\/\/kilim-age.com\/en\/producto\/kilim-108\/","og_site_name":"Kilim-Age","article_modified_time":"2023-08-01T10:25:14+00:00","og_image":[{"width":1200,"height":1500,"url":"https:\/\/kilim-age.com\/wp-content\/uploads\/2023\/05\/16.jpg","type":"image\/jpeg"}],"twitter_card":"summary_large_image","twitter_misc":{"Tiempo de lectura":"1 minuto"},"schema":{"@context":"https:\/\/schema.org","@graph":[{"@type":"WebPage","@id":"https:\/\/kilim-age.com\/en\/producto\/kilim-108\/","url":"https:\/\/kilim-age.com\/en\/producto\/kilim-108\/","name":"AUT\u00c9NTICOS KILIMS | Kilim-Age | Compra online","isPartOf":{"@id":"https:\/\/www.kilim-age.com\/es\/#website"},"primaryImageOfPage":{"@id":"https:\/\/kilim-age.com\/en\/producto\/kilim-108\/#primaryimage"},"image":{"@id":"https:\/\/kilim-age.com\/en\/producto\/kilim-108\/#primaryimage"},"thumbnailUrl":"https:\/\/www.kilim-age.com\/wp-content\/uploads\/2023\/05\/16.jpg","datePublished":"2023-05-18T11:45:32+00:00","dateModified":"2023-08-01T10:25:14+00:00","description":"Aut\u00e9nticos Kilims turcas importadas directamente de su origen. Env\u00edo y Devoluciones gratis, compra online o tienda..","breadcrumb":{"@id":"https:\/\/kilim-age.com\/en\/producto\/kilim-108\/#breadcrumb"},"inLanguage":"es","potentialAction":[{"@type":"ReadAction","target":["https:\/\/kilim-age.com\/en\/producto\/kilim-108\/"]}]},{"@type":"ImageObject","inLanguage":"es","@id":"https:\/\/kilim-age.com\/en\/producto\/kilim-108\/#primaryimage","url":"https:\/\/www.kilim-age.com\/wp-content\/uploads\/2023\/05\/16.jpg","contentUrl":"https:\/\/www.kilim-age.com\/wp-content\/uploads\/2023\/05\/16.jpg","width":1200,"height":1500},{"@type":"BreadcrumbList","@id":"https:\/\/kilim-age.com\/en\/producto\/kilim-108\/#breadcrumb","itemListElement":[{"@type":"ListItem","position":1,"name":"Home","item":"https:\/\/www.kilim-age.com\/es\/"},{"@type":"ListItem","position":2,"name":"Shop","item":"https:\/\/www.kilim-age.com\/es\/shop\/"},{"@type":"ListItem","position":3,"name":"KILIM 153 x 194 cm"}]},{"@type":"WebSite","@id":"https:\/\/www.kilim-age.com\/es\/#website","url":"https:\/\/www.kilim-age.com\/es\/","name":"Kilim-Age","description":"Somos especialistas en productos artesanales de Turqu\u00eda como Alfombras, y Kilims","potentialAction":[{"@type":"SearchAction","target":{"@type":"EntryPoint","urlTemplate":"https:\/\/www.kilim-age.com\/es\/?s={search_term_string}"},"query-input":{"@type":"PropertyValueSpecification","valueRequired":true,"valueName":"search_term_string"}}],"inLanguage":"es"}]}},"_links":{"self":[{"href":"https:\/\/www.kilim-age.com\/es\/wp-json\/wp\/v2\/product\/40236","targetHints":{"allow":["GET"]}}],"collection":[{"href":"https:\/\/www.kilim-age.com\/es\/wp-json\/wp\/v2\/product"}],"about":[{"href":"https:\/\/www.kilim-age.com\/es\/wp-json\/wp\/v2\/types\/product"}],"replies":[{"embeddable":true,"href":"https:\/\/www.kilim-age.com\/es\/wp-json\/wp\/v2\/comments?post=40236"}],"wp:featuredmedia":[{"embeddable":true,"href":"https:\/\/www.kilim-age.com\/es\/wp-json\/wp\/v2\/media\/40237"}],"wp:attachment":[{"href":"https:\/\/www.kilim-age.com\/es\/wp-json\/wp\/v2\/media?parent=40236"}],"wp:term":[{"taxonomy":"product_brand","embeddable":true,"href":"https:\/\/www.kilim-age.com\/es\/wp-json\/wp\/v2\/product_brand?post=40236"},{"taxonomy":"product_cat","embeddable":true,"href":"https:\/\/www.kilim-age.com\/es\/wp-json\/wp\/v2\/product_cat?post=40236"},{"taxonomy":"product_tag","embeddable":true,"href":"https:\/\/www.kilim-age.com\/es\/wp-json\/wp\/v2\/product_tag?post=40236"}],"curies":[{"name":"wp","href":"https:\/\/api.w.org\/{rel}","templated":true}]}}