{"id":40535,"date":"2024-04-15T19:17:59","date_gmt":"2024-04-15T17:17:59","guid":{"rendered":"https:\/\/www.kilim-age.com\/?post_type=product&#038;p=40535"},"modified":"2025-06-14T13:53:35","modified_gmt":"2025-06-14T11:53:35","slug":"comprar-kilim-en-madrid-2","status":"publish","type":"product","link":"https:\/\/www.kilim-age.com\/es\/producto\/comprar-kilim-en-madrid-2\/","title":{"rendered":"KILIM 126&#215;179 cm"},"content":{"rendered":"<strong>Descubre la Belleza del Kilim: Comprar Kilim en Madrid<\/strong><\/p>\n<p>\u00bfEst\u00e1s buscando una manera \u00fanica de embellecer tu hogar en Madrid? \u00a1No busques m\u00e1s! Nuestra colecci\u00f3n de Kilims ofrece una amplia variedad de opciones para a\u00f1adir estilo y encanto a cualquier espacio. Con una paleta de colores en beige, rosa y azul clarito, nuestros Kilims son la elecci\u00f3n perfecta para aquellos que desean a\u00f1adir un toque de calidez y elegancia a su hogar.<\/p>\n<p>Cada Kilim en nuestra colecci\u00f3n est\u00e1 cuidadosamente seleccionado por su calidad y belleza. Hechos a mano por artesanos expertos, estos Kilims son una combinaci\u00f3n perfecta de tradici\u00f3n y modernidad. Su dise\u00f1o \u00fanico y su paleta de colores suaves los convierten en piezas vers\u00e1tiles que complementar\u00e1n cualquier estilo de decoraci\u00f3n.<\/p>\n<p>Ya sea que est\u00e9s buscando un Kilim para tu sala de estar, dormitorio o cualquier otro espacio en tu hogar, estamos seguros de que encontrar\u00e1s el Kilim perfecto en nuestra tienda en Madrid. Adem\u00e1s, nuestro equipo estar\u00e1 encantado de ayudarte a encontrar la pieza ideal que se adapte a tus gustos y necesidades.<\/p>\n<p>No esperes m\u00e1s para transformar tu hogar con la belleza y el encanto del Kilim. Vis\u00edtanos en nuestra tienda en Madrid y descubre nuestra incre\u00edble colecci\u00f3n de Kilims. Estamos seguros de que encontrar\u00e1s la pieza perfecta que a\u00f1adir\u00e1 un toque de estilo y personalidad a tu hogar.","protected":false},"excerpt":{"rendered":"<p>Fabricaci\u00f3n: Hecho a mano<br \/>\nTama\u00f1o: 126 X 179 cm<br \/>\nEstado: Nuevo<br \/>\nOrigen: Kilim turca, centro de Anatolia<br \/>\nMaterial: Lana<br \/>\nGrosor aprox: 1-2 mm<br \/>\nTe\u00f1ido colores naturales.<br \/>\nPlazo de entrega: 2-5 d\u00edas h\u00e1biles en Espa\u00f1a.<br \/>\nEuropa: 5-7 d\u00edas h\u00e1biles, resto de continentes 7-10 d\u00edas.<\/p>\n","protected":false},"featured_media":40544,"comment_status":"open","ping_status":"closed","template":"","meta":[],"product_brand":[],"product_cat":[61,829],"product_tag":[73,74],"class_list":{"0":"post-40535","1":"product","2":"type-product","3":"status-publish","4":"has-post-thumbnail","6":"product_cat-kilims","7":"product_cat-toda-la-coleccion-kilim","8":"product_tag-anatolian-kilim","9":"product_tag-kilim-turca","10":"product_shipping_class-kilim-mediano","11":"pa_ancho-cm-1018","12":"pa_color-azul-clarito","13":"pa_color-beige","14":"pa_color-rosa","15":"pa_largo-cm-884","17":"first","18":"instock","19":"sale","20":"sold-individually","21":"taxable","22":"shipping-taxable","23":"purchasable","24":"product-type-simple"},"yoast_head":"<!-- This site is optimized with the Yoast SEO plugin v24.8.1 - https:\/\/yoast.com\/wordpress\/plugins\/seo\/ -->\n<title>Comprar Kilim en Madrid | Kilim-Age | Tienda de Kilim online<\/title>\n<meta name=\"description\" content=\"Compra Kilim en Madrid \u00bfEst\u00e1s buscando una manera \u00fanica de embellecer tu hogar en Madrid? Env\u00edo y devoluciones gratis..\" \/>\n<meta name=\"robots\" content=\"index, follow, max-snippet:-1, max-image-preview:large, max-video-preview:-1\" \/>\n<link rel=\"canonical\" href=\"https:\/\/kilim-age.com\/en\/producto\/comprar-kilim-en-madrid-2\/\" \/>\n<meta property=\"og:locale\" content=\"es_ES\" \/>\n<meta property=\"og:type\" content=\"article\" \/>\n<meta property=\"og:title\" content=\"Comprar Kilim en Madrid | Kilim-Age | Tienda de Kilim online\" \/>\n<meta property=\"og:description\" content=\"Compra Kilim en Madrid \u00bfEst\u00e1s buscando una manera \u00fanica de embellecer tu hogar en Madrid? Env\u00edo y devoluciones gratis..\" \/>\n<meta property=\"og:url\" content=\"https:\/\/kilim-age.com\/en\/producto\/comprar-kilim-en-madrid-2\/\" \/>\n<meta property=\"og:site_name\" content=\"Kilim-Age\" \/>\n<meta property=\"article:modified_time\" content=\"2025-06-14T11:53:35+00:00\" \/>\n<meta property=\"og:image\" content=\"https:\/\/kilim-age.com\/wp-content\/uploads\/2024\/04\/IMG_28061.jpg\" \/>\n\t<meta property=\"og:image:width\" content=\"1000\" \/>\n\t<meta property=\"og:image:height\" content=\"1300\" \/>\n\t<meta property=\"og:image:type\" content=\"image\/jpeg\" \/>\n<meta name=\"twitter:card\" content=\"summary_large_image\" \/>\n<meta name=\"twitter:label1\" content=\"Tiempo de lectura\" \/>\n\t<meta name=\"twitter:data1\" content=\"1 minuto\" \/>\n<script type=\"application\/ld+json\" class=\"yoast-schema-graph\">{\"@context\":\"https:\/\/schema.org\",\"@graph\":[{\"@type\":\"WebPage\",\"@id\":\"https:\/\/kilim-age.com\/en\/producto\/comprar-kilim-en-madrid-2\/\",\"url\":\"https:\/\/kilim-age.com\/en\/producto\/comprar-kilim-en-madrid-2\/\",\"name\":\"Comprar Kilim en Madrid | Kilim-Age | Tienda de Kilim online\",\"isPartOf\":{\"@id\":\"https:\/\/www.kilim-age.com\/es\/#website\"},\"primaryImageOfPage\":{\"@id\":\"https:\/\/kilim-age.com\/en\/producto\/comprar-kilim-en-madrid-2\/#primaryimage\"},\"image\":{\"@id\":\"https:\/\/kilim-age.com\/en\/producto\/comprar-kilim-en-madrid-2\/#primaryimage\"},\"thumbnailUrl\":\"https:\/\/www.kilim-age.com\/wp-content\/uploads\/2024\/04\/IMG_28061.jpg\",\"datePublished\":\"2024-04-15T17:17:59+00:00\",\"dateModified\":\"2025-06-14T11:53:35+00:00\",\"description\":\"Compra Kilim en Madrid \u00bfEst\u00e1s buscando una manera \u00fanica de embellecer tu hogar en Madrid? Env\u00edo y devoluciones gratis..\",\"breadcrumb\":{\"@id\":\"https:\/\/kilim-age.com\/en\/producto\/comprar-kilim-en-madrid-2\/#breadcrumb\"},\"inLanguage\":\"es\",\"potentialAction\":[{\"@type\":\"ReadAction\",\"target\":[\"https:\/\/kilim-age.com\/en\/producto\/comprar-kilim-en-madrid-2\/\"]}]},{\"@type\":\"ImageObject\",\"inLanguage\":\"es\",\"@id\":\"https:\/\/kilim-age.com\/en\/producto\/comprar-kilim-en-madrid-2\/#primaryimage\",\"url\":\"https:\/\/www.kilim-age.com\/wp-content\/uploads\/2024\/04\/IMG_28061.jpg\",\"contentUrl\":\"https:\/\/www.kilim-age.com\/wp-content\/uploads\/2024\/04\/IMG_28061.jpg\",\"width\":1000,\"height\":1300,\"caption\":\"Comprar Kilim en Madrid\"},{\"@type\":\"BreadcrumbList\",\"@id\":\"https:\/\/kilim-age.com\/en\/producto\/comprar-kilim-en-madrid-2\/#breadcrumb\",\"itemListElement\":[{\"@type\":\"ListItem\",\"position\":1,\"name\":\"Home\",\"item\":\"https:\/\/www.kilim-age.com\/es\/\"},{\"@type\":\"ListItem\",\"position\":2,\"name\":\"Shop\",\"item\":\"https:\/\/www.kilim-age.com\/es\/shop\/\"},{\"@type\":\"ListItem\",\"position\":3,\"name\":\"KILIM 126&#215;179 cm\"}]},{\"@type\":\"WebSite\",\"@id\":\"https:\/\/www.kilim-age.com\/es\/#website\",\"url\":\"https:\/\/www.kilim-age.com\/es\/\",\"name\":\"Kilim-Age\",\"description\":\"Somos especialistas en productos artesanales de Turqu\u00eda como Alfombras, y Kilims\",\"potentialAction\":[{\"@type\":\"SearchAction\",\"target\":{\"@type\":\"EntryPoint\",\"urlTemplate\":\"https:\/\/www.kilim-age.com\/es\/?s={search_term_string}\"},\"query-input\":{\"@type\":\"PropertyValueSpecification\",\"valueRequired\":true,\"valueName\":\"search_term_string\"}}],\"inLanguage\":\"es\"}]}<\/script>\n<!-- \/ Yoast SEO plugin. -->","yoast_head_json":{"title":"Comprar Kilim en Madrid | Kilim-Age | Tienda de Kilim online","description":"Compra Kilim en Madrid \u00bfEst\u00e1s buscando una manera \u00fanica de embellecer tu hogar en Madrid? Env\u00edo y devoluciones gratis..","robots":{"index":"index","follow":"follow","max-snippet":"max-snippet:-1","max-image-preview":"max-image-preview:large","max-video-preview":"max-video-preview:-1"},"canonical":"https:\/\/kilim-age.com\/en\/producto\/comprar-kilim-en-madrid-2\/","og_locale":"es_ES","og_type":"article","og_title":"Comprar Kilim en Madrid | Kilim-Age | Tienda de Kilim online","og_description":"Compra Kilim en Madrid \u00bfEst\u00e1s buscando una manera \u00fanica de embellecer tu hogar en Madrid? Env\u00edo y devoluciones gratis..","og_url":"https:\/\/kilim-age.com\/en\/producto\/comprar-kilim-en-madrid-2\/","og_site_name":"Kilim-Age","article_modified_time":"2025-06-14T11:53:35+00:00","og_image":[{"width":1000,"height":1300,"url":"https:\/\/kilim-age.com\/wp-content\/uploads\/2024\/04\/IMG_28061.jpg","type":"image\/jpeg"}],"twitter_card":"summary_large_image","twitter_misc":{"Tiempo de lectura":"1 minuto"},"schema":{"@context":"https:\/\/schema.org","@graph":[{"@type":"WebPage","@id":"https:\/\/kilim-age.com\/en\/producto\/comprar-kilim-en-madrid-2\/","url":"https:\/\/kilim-age.com\/en\/producto\/comprar-kilim-en-madrid-2\/","name":"Comprar Kilim en Madrid | Kilim-Age | Tienda de Kilim online","isPartOf":{"@id":"https:\/\/www.kilim-age.com\/es\/#website"},"primaryImageOfPage":{"@id":"https:\/\/kilim-age.com\/en\/producto\/comprar-kilim-en-madrid-2\/#primaryimage"},"image":{"@id":"https:\/\/kilim-age.com\/en\/producto\/comprar-kilim-en-madrid-2\/#primaryimage"},"thumbnailUrl":"https:\/\/www.kilim-age.com\/wp-content\/uploads\/2024\/04\/IMG_28061.jpg","datePublished":"2024-04-15T17:17:59+00:00","dateModified":"2025-06-14T11:53:35+00:00","description":"Compra Kilim en Madrid \u00bfEst\u00e1s buscando una manera \u00fanica de embellecer tu hogar en Madrid? Env\u00edo y devoluciones gratis..","breadcrumb":{"@id":"https:\/\/kilim-age.com\/en\/producto\/comprar-kilim-en-madrid-2\/#breadcrumb"},"inLanguage":"es","potentialAction":[{"@type":"ReadAction","target":["https:\/\/kilim-age.com\/en\/producto\/comprar-kilim-en-madrid-2\/"]}]},{"@type":"ImageObject","inLanguage":"es","@id":"https:\/\/kilim-age.com\/en\/producto\/comprar-kilim-en-madrid-2\/#primaryimage","url":"https:\/\/www.kilim-age.com\/wp-content\/uploads\/2024\/04\/IMG_28061.jpg","contentUrl":"https:\/\/www.kilim-age.com\/wp-content\/uploads\/2024\/04\/IMG_28061.jpg","width":1000,"height":1300,"caption":"Comprar Kilim en Madrid"},{"@type":"BreadcrumbList","@id":"https:\/\/kilim-age.com\/en\/producto\/comprar-kilim-en-madrid-2\/#breadcrumb","itemListElement":[{"@type":"ListItem","position":1,"name":"Home","item":"https:\/\/www.kilim-age.com\/es\/"},{"@type":"ListItem","position":2,"name":"Shop","item":"https:\/\/www.kilim-age.com\/es\/shop\/"},{"@type":"ListItem","position":3,"name":"KILIM 126&#215;179 cm"}]},{"@type":"WebSite","@id":"https:\/\/www.kilim-age.com\/es\/#website","url":"https:\/\/www.kilim-age.com\/es\/","name":"Kilim-Age","description":"Somos especialistas en productos artesanales de Turqu\u00eda como Alfombras, y Kilims","potentialAction":[{"@type":"SearchAction","target":{"@type":"EntryPoint","urlTemplate":"https:\/\/www.kilim-age.com\/es\/?s={search_term_string}"},"query-input":{"@type":"PropertyValueSpecification","valueRequired":true,"valueName":"search_term_string"}}],"inLanguage":"es"}]}},"_links":{"self":[{"href":"https:\/\/www.kilim-age.com\/es\/wp-json\/wp\/v2\/product\/40535","targetHints":{"allow":["GET"]}}],"collection":[{"href":"https:\/\/www.kilim-age.com\/es\/wp-json\/wp\/v2\/product"}],"about":[{"href":"https:\/\/www.kilim-age.com\/es\/wp-json\/wp\/v2\/types\/product"}],"replies":[{"embeddable":true,"href":"https:\/\/www.kilim-age.com\/es\/wp-json\/wp\/v2\/comments?post=40535"}],"wp:featuredmedia":[{"embeddable":true,"href":"https:\/\/www.kilim-age.com\/es\/wp-json\/wp\/v2\/media\/40544"}],"wp:attachment":[{"href":"https:\/\/www.kilim-age.com\/es\/wp-json\/wp\/v2\/media?parent=40535"}],"wp:term":[{"taxonomy":"product_brand","embeddable":true,"href":"https:\/\/www.kilim-age.com\/es\/wp-json\/wp\/v2\/product_brand?post=40535"},{"taxonomy":"product_cat","embeddable":true,"href":"https:\/\/www.kilim-age.com\/es\/wp-json\/wp\/v2\/product_cat?post=40535"},{"taxonomy":"product_tag","embeddable":true,"href":"https:\/\/www.kilim-age.com\/es\/wp-json\/wp\/v2\/product_tag?post=40535"}],"curies":[{"name":"wp","href":"https:\/\/api.w.org\/{rel}","templated":true}]}}