{"id":40606,"date":"2024-04-18T13:37:40","date_gmt":"2024-04-18T11:37:40","guid":{"rendered":"https:\/\/www.kilim-age.com\/?post_type=product&#038;p=40606"},"modified":"2024-12-23T14:14:48","modified_gmt":"2024-12-23T13:14:48","slug":"decorar-con-kilim","status":"publish","type":"product","link":"https:\/\/www.kilim-age.com\/es\/producto\/decorar-con-kilim\/","title":{"rendered":"KILIM TURCO 148&#215;194 cm"},"content":{"rendered":"<strong>Decorar con Kilim: Agrega un Toque de Elegancia Artesanal a tu Hogar con nuestro Kilim Geom\u00e9trico<\/strong><\/p>\n<p>Sum\u00e9rgete en la belleza tradicional y la artesan\u00eda excepcional con nuestro kilim artesanal de dise\u00f1o cl\u00e1sico geom\u00e9trico. Con su cautivador patr\u00f3n y sus vibrantes colores, esta pieza \u00fanica seguramente se convertir\u00e1 en el centro de atenci\u00f3n en cualquier habitaci\u00f3n de tu hogar.<\/p>\n<p>El kilim presenta una cenefa exterior en un deslumbrante tono de rojo, que a\u00f1ade un toque de calidez y energ\u00eda a su dise\u00f1o. En su interior, el exquisito contraste del verde turquesa crea una sensaci\u00f3n de frescura y serenidad, transformando cualquier espacio en un oasis de tranquilidad y estilo.<\/p>\n<p>Decorar con Kilim con unas generosas dimensiones de 148&#215;194 cm, este kilim es perfecto para una variedad de usos en tu hogar. Col\u00f3calo en el sal\u00f3n como una elegante alfombra que realce el ambiente y a\u00f1ada un toque de sofisticaci\u00f3n, o \u00fasalo como un llamativo tapiz de pared que a\u00f1ada car\u00e1cter y estilo a tu decoraci\u00f3n.<\/p>\n<p>Adem\u00e1s de su impresionante belleza, este kilim artesanal tambi\u00e9n refleja la calidad y la dedicaci\u00f3n de su fabricaci\u00f3n. Cada hilo ha sido tejido a mano con cuidado y atenci\u00f3n al detalle por nuestros expertos artesanos, asegurando una pieza de calidad que perdurar\u00e1 en el tiempo y se convertir\u00e1 en una herencia familiar.<\/p>\n<p>Transforma tu hogar con la elegancia artesanal de nuestro kilim geom\u00e9trico. Descubre c\u00f3mo este magn\u00edfico tapiz puede agregar un toque de estilo y sofisticaci\u00f3n a tu decoraci\u00f3n mientras creas un ambiente acogedor y lleno de personalidad en cada rinc\u00f3n de tu hogar.","protected":false},"excerpt":{"rendered":"<p>Fabricaci\u00f3n: Hecho a mano<br \/>\nTama\u00f1o: 148&#215;194 cm<br \/>\nEstado: Nuevo<br \/>\nOrigen: Kilim turca<br \/>\nMaterial: Lana<br \/>\nGrosor aprox: 1-2 mm<br \/>\nTe\u00f1ido colores naturales.<br \/>\nPlazo de entrega: 2-5 d\u00edas h\u00e1biles en Espa\u00f1a.<br \/>\nEuropa: 5-7 d\u00edas h\u00e1biles, resto de continentes 7-10 d\u00edas.<\/p>\n","protected":false},"featured_media":40605,"comment_status":"open","ping_status":"closed","template":"","meta":[],"product_brand":[],"product_cat":[61,829],"product_tag":[73],"class_list":{"0":"post-40606","1":"product","2":"type-product","3":"status-publish","4":"has-post-thumbnail","6":"product_cat-kilims","7":"product_cat-toda-la-coleccion-kilim","8":"product_tag-anatolian-kilim","9":"product_shipping_class-kilim-mediano","10":"pa_ancho-cm-924","11":"pa_ancho-cm-873","12":"pa_color-rojo","13":"pa_color-verde-agua","14":"pa_largo-cm-1050","15":"pa_largo-cm-1013","17":"first","18":"outofstock","19":"sale","20":"sold-individually","21":"taxable","22":"shipping-taxable","23":"purchasable","24":"product-type-simple"},"yoast_head":"<!-- This site is optimized with the Yoast SEO plugin v24.8.1 - https:\/\/yoast.com\/wordpress\/plugins\/seo\/ -->\n<title>Decorar con Kilim | Kilim-Age | Rebajas -30% -40%<\/title>\n<meta name=\"description\" content=\"Decorar con Kilim. Agrega un Toque de Elegancia Artesanal a tu Hogar con nuestros Kilims Geom\u00e9tricos de Turqu\u00eda. Rebajas hasta 50%\" \/>\n<meta name=\"robots\" content=\"index, follow, max-snippet:-1, max-image-preview:large, max-video-preview:-1\" \/>\n<link rel=\"canonical\" href=\"https:\/\/www.kilim-age.com\/es\/producto\/decorar-con-kilim\/\" \/>\n<meta property=\"og:locale\" content=\"es_ES\" \/>\n<meta property=\"og:type\" content=\"article\" \/>\n<meta property=\"og:title\" content=\"Decorar con Kilim | Kilim-Age | Rebajas -30% -40%\" \/>\n<meta property=\"og:description\" content=\"Decorar con Kilim. Agrega un Toque de Elegancia Artesanal a tu Hogar con nuestros Kilims Geom\u00e9tricos de Turqu\u00eda. Rebajas hasta 50%\" \/>\n<meta property=\"og:url\" content=\"https:\/\/www.kilim-age.com\/es\/producto\/decorar-con-kilim\/\" \/>\n<meta property=\"og:site_name\" content=\"Kilim-Age\" \/>\n<meta property=\"article:modified_time\" content=\"2024-12-23T13:14:48+00:00\" \/>\n<meta property=\"og:image\" content=\"https:\/\/www.kilim-age.com\/wp-content\/uploads\/2024\/04\/IMG_2768.jpg\" \/>\n\t<meta property=\"og:image:width\" content=\"1000\" \/>\n\t<meta property=\"og:image:height\" content=\"1300\" \/>\n\t<meta property=\"og:image:type\" content=\"image\/jpeg\" \/>\n<meta name=\"twitter:card\" content=\"summary_large_image\" \/>\n<meta name=\"twitter:label1\" content=\"Tiempo de lectura\" \/>\n\t<meta name=\"twitter:data1\" content=\"2 minutos\" \/>\n<script type=\"application\/ld+json\" class=\"yoast-schema-graph\">{\"@context\":\"https:\/\/schema.org\",\"@graph\":[{\"@type\":\"WebPage\",\"@id\":\"https:\/\/www.kilim-age.com\/es\/producto\/decorar-con-kilim\/\",\"url\":\"https:\/\/www.kilim-age.com\/es\/producto\/decorar-con-kilim\/\",\"name\":\"Decorar con Kilim | Kilim-Age | Rebajas -30% -40%\",\"isPartOf\":{\"@id\":\"https:\/\/kilim-age.com\/en\/#website\"},\"primaryImageOfPage\":{\"@id\":\"https:\/\/www.kilim-age.com\/es\/producto\/decorar-con-kilim\/#primaryimage\"},\"image\":{\"@id\":\"https:\/\/www.kilim-age.com\/es\/producto\/decorar-con-kilim\/#primaryimage\"},\"thumbnailUrl\":\"https:\/\/www.kilim-age.com\/wp-content\/uploads\/2024\/04\/IMG_2768.jpg\",\"datePublished\":\"2024-04-18T11:37:40+00:00\",\"dateModified\":\"2024-12-23T13:14:48+00:00\",\"description\":\"Decorar con Kilim. Agrega un Toque de Elegancia Artesanal a tu Hogar con nuestros Kilims Geom\u00e9tricos de Turqu\u00eda. Rebajas hasta 50%\",\"breadcrumb\":{\"@id\":\"https:\/\/www.kilim-age.com\/es\/producto\/decorar-con-kilim\/#breadcrumb\"},\"inLanguage\":\"es\",\"potentialAction\":[{\"@type\":\"ReadAction\",\"target\":[\"https:\/\/www.kilim-age.com\/es\/producto\/decorar-con-kilim\/\"]}]},{\"@type\":\"ImageObject\",\"inLanguage\":\"es\",\"@id\":\"https:\/\/www.kilim-age.com\/es\/producto\/decorar-con-kilim\/#primaryimage\",\"url\":\"https:\/\/www.kilim-age.com\/wp-content\/uploads\/2024\/04\/IMG_2768.jpg\",\"contentUrl\":\"https:\/\/www.kilim-age.com\/wp-content\/uploads\/2024\/04\/IMG_2768.jpg\",\"width\":1000,\"height\":1300,\"caption\":\"decorar con kilim\"},{\"@type\":\"BreadcrumbList\",\"@id\":\"https:\/\/www.kilim-age.com\/es\/producto\/decorar-con-kilim\/#breadcrumb\",\"itemListElement\":[{\"@type\":\"ListItem\",\"position\":1,\"name\":\"Home\",\"item\":\"https:\/\/kilim-age.com\/en\/\"},{\"@type\":\"ListItem\",\"position\":2,\"name\":\"Shop\",\"item\":\"https:\/\/kilim-age.com\/es\/shop\/\"},{\"@type\":\"ListItem\",\"position\":3,\"name\":\"KILIM TURCO 148&#215;194 cm\"}]},{\"@type\":\"WebSite\",\"@id\":\"https:\/\/kilim-age.com\/en\/#website\",\"url\":\"https:\/\/kilim-age.com\/en\/\",\"name\":\"Kilim-Age\",\"description\":\"Somos especialistas en productos artesanales de Turqu\u00eda como Alfombras, y Kilims\",\"potentialAction\":[{\"@type\":\"SearchAction\",\"target\":{\"@type\":\"EntryPoint\",\"urlTemplate\":\"https:\/\/kilim-age.com\/en\/?s={search_term_string}\"},\"query-input\":{\"@type\":\"PropertyValueSpecification\",\"valueRequired\":true,\"valueName\":\"search_term_string\"}}],\"inLanguage\":\"es\"}]}<\/script>\n<!-- \/ Yoast SEO plugin. -->","yoast_head_json":{"title":"Decorar con Kilim | Kilim-Age | Rebajas -30% -40%","description":"Decorar con Kilim. Agrega un Toque de Elegancia Artesanal a tu Hogar con nuestros Kilims Geom\u00e9tricos de Turqu\u00eda. Rebajas hasta 50%","robots":{"index":"index","follow":"follow","max-snippet":"max-snippet:-1","max-image-preview":"max-image-preview:large","max-video-preview":"max-video-preview:-1"},"canonical":"https:\/\/www.kilim-age.com\/es\/producto\/decorar-con-kilim\/","og_locale":"es_ES","og_type":"article","og_title":"Decorar con Kilim | Kilim-Age | Rebajas -30% -40%","og_description":"Decorar con Kilim. Agrega un Toque de Elegancia Artesanal a tu Hogar con nuestros Kilims Geom\u00e9tricos de Turqu\u00eda. Rebajas hasta 50%","og_url":"https:\/\/www.kilim-age.com\/es\/producto\/decorar-con-kilim\/","og_site_name":"Kilim-Age","article_modified_time":"2024-12-23T13:14:48+00:00","og_image":[{"width":1000,"height":1300,"url":"https:\/\/www.kilim-age.com\/wp-content\/uploads\/2024\/04\/IMG_2768.jpg","type":"image\/jpeg"}],"twitter_card":"summary_large_image","twitter_misc":{"Tiempo de lectura":"2 minutos"},"schema":{"@context":"https:\/\/schema.org","@graph":[{"@type":"WebPage","@id":"https:\/\/www.kilim-age.com\/es\/producto\/decorar-con-kilim\/","url":"https:\/\/www.kilim-age.com\/es\/producto\/decorar-con-kilim\/","name":"Decorar con Kilim | Kilim-Age | Rebajas -30% -40%","isPartOf":{"@id":"https:\/\/kilim-age.com\/en\/#website"},"primaryImageOfPage":{"@id":"https:\/\/www.kilim-age.com\/es\/producto\/decorar-con-kilim\/#primaryimage"},"image":{"@id":"https:\/\/www.kilim-age.com\/es\/producto\/decorar-con-kilim\/#primaryimage"},"thumbnailUrl":"https:\/\/www.kilim-age.com\/wp-content\/uploads\/2024\/04\/IMG_2768.jpg","datePublished":"2024-04-18T11:37:40+00:00","dateModified":"2024-12-23T13:14:48+00:00","description":"Decorar con Kilim. Agrega un Toque de Elegancia Artesanal a tu Hogar con nuestros Kilims Geom\u00e9tricos de Turqu\u00eda. Rebajas hasta 50%","breadcrumb":{"@id":"https:\/\/www.kilim-age.com\/es\/producto\/decorar-con-kilim\/#breadcrumb"},"inLanguage":"es","potentialAction":[{"@type":"ReadAction","target":["https:\/\/www.kilim-age.com\/es\/producto\/decorar-con-kilim\/"]}]},{"@type":"ImageObject","inLanguage":"es","@id":"https:\/\/www.kilim-age.com\/es\/producto\/decorar-con-kilim\/#primaryimage","url":"https:\/\/www.kilim-age.com\/wp-content\/uploads\/2024\/04\/IMG_2768.jpg","contentUrl":"https:\/\/www.kilim-age.com\/wp-content\/uploads\/2024\/04\/IMG_2768.jpg","width":1000,"height":1300,"caption":"decorar con kilim"},{"@type":"BreadcrumbList","@id":"https:\/\/www.kilim-age.com\/es\/producto\/decorar-con-kilim\/#breadcrumb","itemListElement":[{"@type":"ListItem","position":1,"name":"Home","item":"https:\/\/kilim-age.com\/en\/"},{"@type":"ListItem","position":2,"name":"Shop","item":"https:\/\/kilim-age.com\/es\/shop\/"},{"@type":"ListItem","position":3,"name":"KILIM TURCO 148&#215;194 cm"}]},{"@type":"WebSite","@id":"https:\/\/kilim-age.com\/en\/#website","url":"https:\/\/kilim-age.com\/en\/","name":"Kilim-Age","description":"Somos especialistas en productos artesanales de Turqu\u00eda como Alfombras, y Kilims","potentialAction":[{"@type":"SearchAction","target":{"@type":"EntryPoint","urlTemplate":"https:\/\/kilim-age.com\/en\/?s={search_term_string}"},"query-input":{"@type":"PropertyValueSpecification","valueRequired":true,"valueName":"search_term_string"}}],"inLanguage":"es"}]}},"_links":{"self":[{"href":"https:\/\/www.kilim-age.com\/es\/wp-json\/wp\/v2\/product\/40606","targetHints":{"allow":["GET"]}}],"collection":[{"href":"https:\/\/www.kilim-age.com\/es\/wp-json\/wp\/v2\/product"}],"about":[{"href":"https:\/\/www.kilim-age.com\/es\/wp-json\/wp\/v2\/types\/product"}],"replies":[{"embeddable":true,"href":"https:\/\/www.kilim-age.com\/es\/wp-json\/wp\/v2\/comments?post=40606"}],"wp:featuredmedia":[{"embeddable":true,"href":"https:\/\/www.kilim-age.com\/es\/wp-json\/wp\/v2\/media\/40605"}],"wp:attachment":[{"href":"https:\/\/www.kilim-age.com\/es\/wp-json\/wp\/v2\/media?parent=40606"}],"wp:term":[{"taxonomy":"product_brand","embeddable":true,"href":"https:\/\/www.kilim-age.com\/es\/wp-json\/wp\/v2\/product_brand?post=40606"},{"taxonomy":"product_cat","embeddable":true,"href":"https:\/\/www.kilim-age.com\/es\/wp-json\/wp\/v2\/product_cat?post=40606"},{"taxonomy":"product_tag","embeddable":true,"href":"https:\/\/www.kilim-age.com\/es\/wp-json\/wp\/v2\/product_tag?post=40606"}],"curies":[{"name":"wp","href":"https:\/\/api.w.org\/{rel}","templated":true}]}}