{"id":40644,"date":"2024-04-22T13:15:23","date_gmt":"2024-04-22T11:15:23","guid":{"rendered":"https:\/\/www.kilim-age.com\/?post_type=product&#038;p=40644"},"modified":"2025-10-01T13:40:33","modified_gmt":"2025-10-01T11:40:33","slug":"comprar-kilim-de-colores","status":"publish","type":"product","link":"https:\/\/www.kilim-age.com\/es\/producto\/comprar-kilim-de-colores\/","title":{"rendered":"Kilim Afgano 155&#215;197 cm"},"content":{"rendered":"<strong>Embellece tu Hogar con un Kilim Artesanal de Colores Vibrantes<\/strong><\/p>\n<p>Comprar Kilim de Colores: Sum\u00e9rgete en el encanto y la calidez de la artesan\u00eda tradicional con nuestro kilim artesanal hecho a mano. Con su dise\u00f1o \u00e9tnico o geom\u00e9trico y una explosi\u00f3n de colores vibrantes, este kilim es mucho m\u00e1s que una simple alfombra: es una obra de arte que a\u00f1adir\u00e1 vida y estilo a cualquier espacio de tu hogar.<\/p>\n<p>Cada hilo de nuestro kilim cuenta una historia de habilidad artesanal y <a href=\"https:\/\/www.kilim-age.com\/es\/blog\/\">tradici\u00f3n cultural<\/a>. Tejido con cuidado y atenci\u00f3n por expertos artesanos, este tapiz refleja la rica herencia de su tierra natal y lleva consigo la pasi\u00f3n y el orgullo de sus creadores.<\/p>\n<p>Los colores vibrantes de nuestro kilim a\u00f1aden un toque de alegr\u00eda y vitalidad a cualquier habitaci\u00f3n. Desde los tonos c\u00e1lidos y terrosos hasta los refrescantes tonos de azul, verde y rojo, cada color se combina armoniosamente para crear un efecto visualmente impactante que seguramente ser\u00e1 elogiado por todos los que lo vean.<\/p>\n<p>Adem\u00e1s de su excepcional belleza, nuestro kilim tambi\u00e9n es una inversi\u00f3n en calidad y durabilidad. Hecho con los mejores materiales y t\u00e9cnicas de tejido, este tapiz est\u00e1 dise\u00f1ado para resistir el paso del tiempo y seguir luciendo su mejor aspecto durante a\u00f1os.<\/p>\n<p>Transforma tu hogar con la belleza y el encanto de un kilim artesanal de colores vibrantes. Descubre c\u00f3mo esta hermosa pieza puede elevar la decoraci\u00f3n de tu hogar y convertirlo en un refugio acogedor y lleno de estilo que disfrutar\u00e1s durante muchos a\u00f1os.<\/p>\n<p>\u00a1Compra ahora tu kilim de colores y a\u00f1ade un toque de alegr\u00eda y vitalidad a tu hogar!","protected":false},"excerpt":{"rendered":"<p style=\"text-align: left;\">Fabricaci\u00f3n: Hecho a mano<br \/>\nTama\u00f1o: 155 X 197 cm<br \/>\nEstado: Nuevo<br \/>\nOrigen: Kilim Afgano<br \/>\nMaterial: Lana<br \/>\nGrosor aprox: 1-2 mm<br \/>\nTe\u00f1ido colores naturales.<br \/>\nPlazo de entrega: 2-5 d\u00edas h\u00e1biles en Espa\u00f1a.<br \/>\nEuropa: 5-7 d\u00edas h\u00e1biles, resto de continentes 7-10 d\u00edas.<\/p>\n","protected":false},"featured_media":40645,"comment_status":"open","ping_status":"closed","template":"","meta":[],"product_brand":[],"product_cat":[61,829],"product_tag":[72],"class_list":{"0":"post-40644","1":"product","2":"type-product","3":"status-publish","4":"has-post-thumbnail","6":"product_cat-kilims","7":"product_cat-toda-la-coleccion-kilim","8":"product_tag-kilim","9":"product_shipping_class-kilim-mediano","10":"pa_ancho-cm-924","11":"pa_ancho-cm-872","12":"pa_ancho-cm-873","13":"pa_color-naranja","14":"pa_color-turquesa","15":"pa_color-verde","16":"pa_largo-cm-926","17":"pa_largo-cm-885","18":"pa_largo-cm-925","20":"first","21":"outofstock","22":"sale","23":"sold-individually","24":"taxable","25":"shipping-taxable","26":"purchasable","27":"product-type-simple"},"yoast_head":"<!-- This site is optimized with the Yoast SEO plugin v24.8.1 - https:\/\/yoast.com\/wordpress\/plugins\/seo\/ -->\n<title>Comprar Kilim de Colores | Kilim-Age | Tienda de alfombras y Kilim Online<\/title>\n<meta name=\"description\" content=\"Comprar Kilim se Colores. Sum\u00e9rgete en el encanto y la calidez de la artesan\u00eda tradicional con nuestro kilim artesanal hecho a mano.\" \/>\n<meta name=\"robots\" content=\"index, follow, max-snippet:-1, max-image-preview:large, max-video-preview:-1\" \/>\n<link rel=\"canonical\" href=\"https:\/\/kilim-age.com\/es\/producto\/comprar-kilim-de-colores\/\" \/>\n<meta property=\"og:locale\" content=\"es_ES\" \/>\n<meta property=\"og:type\" content=\"article\" \/>\n<meta property=\"og:title\" content=\"Comprar Kilim de Colores | Kilim-Age | Tienda de alfombras y Kilim Online\" \/>\n<meta property=\"og:description\" content=\"Comprar Kilim se Colores. Sum\u00e9rgete en el encanto y la calidez de la artesan\u00eda tradicional con nuestro kilim artesanal hecho a mano.\" \/>\n<meta property=\"og:url\" content=\"https:\/\/kilim-age.com\/es\/producto\/comprar-kilim-de-colores\/\" \/>\n<meta property=\"og:site_name\" content=\"Kilim-Age\" \/>\n<meta property=\"article:modified_time\" content=\"2025-10-01T11:40:33+00:00\" \/>\n<meta property=\"og:image\" content=\"https:\/\/kilim-age.com\/wp-content\/uploads\/2024\/04\/IMG_2884.jpg\" \/>\n\t<meta property=\"og:image:width\" content=\"1000\" \/>\n\t<meta property=\"og:image:height\" content=\"1300\" \/>\n\t<meta property=\"og:image:type\" content=\"image\/jpeg\" \/>\n<meta name=\"twitter:card\" content=\"summary_large_image\" \/>\n<meta name=\"twitter:label1\" content=\"Tiempo de lectura\" \/>\n\t<meta name=\"twitter:data1\" content=\"2 minutos\" \/>\n<script type=\"application\/ld+json\" class=\"yoast-schema-graph\">{\"@context\":\"https:\/\/schema.org\",\"@graph\":[{\"@type\":\"WebPage\",\"@id\":\"https:\/\/kilim-age.com\/es\/producto\/comprar-kilim-de-colores\/\",\"url\":\"https:\/\/kilim-age.com\/es\/producto\/comprar-kilim-de-colores\/\",\"name\":\"Comprar Kilim de Colores | Kilim-Age | Tienda de alfombras y Kilim Online\",\"isPartOf\":{\"@id\":\"https:\/\/kilim-age.com\/en\/#website\"},\"primaryImageOfPage\":{\"@id\":\"https:\/\/kilim-age.com\/es\/producto\/comprar-kilim-de-colores\/#primaryimage\"},\"image\":{\"@id\":\"https:\/\/kilim-age.com\/es\/producto\/comprar-kilim-de-colores\/#primaryimage\"},\"thumbnailUrl\":\"https:\/\/www.kilim-age.com\/wp-content\/uploads\/2024\/04\/IMG_2884.jpg\",\"datePublished\":\"2024-04-22T11:15:23+00:00\",\"dateModified\":\"2025-10-01T11:40:33+00:00\",\"description\":\"Comprar Kilim se Colores. Sum\u00e9rgete en el encanto y la calidez de la artesan\u00eda tradicional con nuestro kilim artesanal hecho a mano.\",\"breadcrumb\":{\"@id\":\"https:\/\/kilim-age.com\/es\/producto\/comprar-kilim-de-colores\/#breadcrumb\"},\"inLanguage\":\"es\",\"potentialAction\":[{\"@type\":\"ReadAction\",\"target\":[\"https:\/\/kilim-age.com\/es\/producto\/comprar-kilim-de-colores\/\"]}]},{\"@type\":\"ImageObject\",\"inLanguage\":\"es\",\"@id\":\"https:\/\/kilim-age.com\/es\/producto\/comprar-kilim-de-colores\/#primaryimage\",\"url\":\"https:\/\/www.kilim-age.com\/wp-content\/uploads\/2024\/04\/IMG_2884.jpg\",\"contentUrl\":\"https:\/\/www.kilim-age.com\/wp-content\/uploads\/2024\/04\/IMG_2884.jpg\",\"width\":1000,\"height\":1300,\"caption\":\"comprar kilim de colores\"},{\"@type\":\"BreadcrumbList\",\"@id\":\"https:\/\/kilim-age.com\/es\/producto\/comprar-kilim-de-colores\/#breadcrumb\",\"itemListElement\":[{\"@type\":\"ListItem\",\"position\":1,\"name\":\"Home\",\"item\":\"https:\/\/kilim-age.com\/en\/\"},{\"@type\":\"ListItem\",\"position\":2,\"name\":\"Shop\",\"item\":\"https:\/\/kilim-age.com\/es\/shop\/\"},{\"@type\":\"ListItem\",\"position\":3,\"name\":\"Kilim Afgano 155&#215;197 cm\"}]},{\"@type\":\"WebSite\",\"@id\":\"https:\/\/kilim-age.com\/en\/#website\",\"url\":\"https:\/\/kilim-age.com\/en\/\",\"name\":\"Kilim-Age\",\"description\":\"Somos especialistas en productos artesanales de Turqu\u00eda como Alfombras, y Kilims\",\"potentialAction\":[{\"@type\":\"SearchAction\",\"target\":{\"@type\":\"EntryPoint\",\"urlTemplate\":\"https:\/\/kilim-age.com\/en\/?s={search_term_string}\"},\"query-input\":{\"@type\":\"PropertyValueSpecification\",\"valueRequired\":true,\"valueName\":\"search_term_string\"}}],\"inLanguage\":\"es\"}]}<\/script>\n<!-- \/ Yoast SEO plugin. -->","yoast_head_json":{"title":"Comprar Kilim de Colores | Kilim-Age | Tienda de alfombras y Kilim Online","description":"Comprar Kilim se Colores. Sum\u00e9rgete en el encanto y la calidez de la artesan\u00eda tradicional con nuestro kilim artesanal hecho a mano.","robots":{"index":"index","follow":"follow","max-snippet":"max-snippet:-1","max-image-preview":"max-image-preview:large","max-video-preview":"max-video-preview:-1"},"canonical":"https:\/\/kilim-age.com\/es\/producto\/comprar-kilim-de-colores\/","og_locale":"es_ES","og_type":"article","og_title":"Comprar Kilim de Colores | Kilim-Age | Tienda de alfombras y Kilim Online","og_description":"Comprar Kilim se Colores. Sum\u00e9rgete en el encanto y la calidez de la artesan\u00eda tradicional con nuestro kilim artesanal hecho a mano.","og_url":"https:\/\/kilim-age.com\/es\/producto\/comprar-kilim-de-colores\/","og_site_name":"Kilim-Age","article_modified_time":"2025-10-01T11:40:33+00:00","og_image":[{"width":1000,"height":1300,"url":"https:\/\/kilim-age.com\/wp-content\/uploads\/2024\/04\/IMG_2884.jpg","type":"image\/jpeg"}],"twitter_card":"summary_large_image","twitter_misc":{"Tiempo de lectura":"2 minutos"},"schema":{"@context":"https:\/\/schema.org","@graph":[{"@type":"WebPage","@id":"https:\/\/kilim-age.com\/es\/producto\/comprar-kilim-de-colores\/","url":"https:\/\/kilim-age.com\/es\/producto\/comprar-kilim-de-colores\/","name":"Comprar Kilim de Colores | Kilim-Age | Tienda de alfombras y Kilim Online","isPartOf":{"@id":"https:\/\/kilim-age.com\/en\/#website"},"primaryImageOfPage":{"@id":"https:\/\/kilim-age.com\/es\/producto\/comprar-kilim-de-colores\/#primaryimage"},"image":{"@id":"https:\/\/kilim-age.com\/es\/producto\/comprar-kilim-de-colores\/#primaryimage"},"thumbnailUrl":"https:\/\/www.kilim-age.com\/wp-content\/uploads\/2024\/04\/IMG_2884.jpg","datePublished":"2024-04-22T11:15:23+00:00","dateModified":"2025-10-01T11:40:33+00:00","description":"Comprar Kilim se Colores. Sum\u00e9rgete en el encanto y la calidez de la artesan\u00eda tradicional con nuestro kilim artesanal hecho a mano.","breadcrumb":{"@id":"https:\/\/kilim-age.com\/es\/producto\/comprar-kilim-de-colores\/#breadcrumb"},"inLanguage":"es","potentialAction":[{"@type":"ReadAction","target":["https:\/\/kilim-age.com\/es\/producto\/comprar-kilim-de-colores\/"]}]},{"@type":"ImageObject","inLanguage":"es","@id":"https:\/\/kilim-age.com\/es\/producto\/comprar-kilim-de-colores\/#primaryimage","url":"https:\/\/www.kilim-age.com\/wp-content\/uploads\/2024\/04\/IMG_2884.jpg","contentUrl":"https:\/\/www.kilim-age.com\/wp-content\/uploads\/2024\/04\/IMG_2884.jpg","width":1000,"height":1300,"caption":"comprar kilim de colores"},{"@type":"BreadcrumbList","@id":"https:\/\/kilim-age.com\/es\/producto\/comprar-kilim-de-colores\/#breadcrumb","itemListElement":[{"@type":"ListItem","position":1,"name":"Home","item":"https:\/\/kilim-age.com\/en\/"},{"@type":"ListItem","position":2,"name":"Shop","item":"https:\/\/kilim-age.com\/es\/shop\/"},{"@type":"ListItem","position":3,"name":"Kilim Afgano 155&#215;197 cm"}]},{"@type":"WebSite","@id":"https:\/\/kilim-age.com\/en\/#website","url":"https:\/\/kilim-age.com\/en\/","name":"Kilim-Age","description":"Somos especialistas en productos artesanales de Turqu\u00eda como Alfombras, y Kilims","potentialAction":[{"@type":"SearchAction","target":{"@type":"EntryPoint","urlTemplate":"https:\/\/kilim-age.com\/en\/?s={search_term_string}"},"query-input":{"@type":"PropertyValueSpecification","valueRequired":true,"valueName":"search_term_string"}}],"inLanguage":"es"}]}},"_links":{"self":[{"href":"https:\/\/www.kilim-age.com\/es\/wp-json\/wp\/v2\/product\/40644","targetHints":{"allow":["GET"]}}],"collection":[{"href":"https:\/\/www.kilim-age.com\/es\/wp-json\/wp\/v2\/product"}],"about":[{"href":"https:\/\/www.kilim-age.com\/es\/wp-json\/wp\/v2\/types\/product"}],"replies":[{"embeddable":true,"href":"https:\/\/www.kilim-age.com\/es\/wp-json\/wp\/v2\/comments?post=40644"}],"wp:featuredmedia":[{"embeddable":true,"href":"https:\/\/www.kilim-age.com\/es\/wp-json\/wp\/v2\/media\/40645"}],"wp:attachment":[{"href":"https:\/\/www.kilim-age.com\/es\/wp-json\/wp\/v2\/media?parent=40644"}],"wp:term":[{"taxonomy":"product_brand","embeddable":true,"href":"https:\/\/www.kilim-age.com\/es\/wp-json\/wp\/v2\/product_brand?post=40644"},{"taxonomy":"product_cat","embeddable":true,"href":"https:\/\/www.kilim-age.com\/es\/wp-json\/wp\/v2\/product_cat?post=40644"},{"taxonomy":"product_tag","embeddable":true,"href":"https:\/\/www.kilim-age.com\/es\/wp-json\/wp\/v2\/product_tag?post=40644"}],"curies":[{"name":"wp","href":"https:\/\/api.w.org\/{rel}","templated":true}]}}