{"id":40665,"date":"2024-04-22T18:47:39","date_gmt":"2024-04-22T16:47:39","guid":{"rendered":"https:\/\/www.kilim-age.com\/?post_type=product&#038;p=40665"},"modified":"2025-06-14T13:51:18","modified_gmt":"2025-06-14T11:51:18","slug":"rebajas-kilim","status":"publish","type":"product","link":"https:\/\/www.kilim-age.com\/es\/producto\/rebajas-kilim\/","title":{"rendered":"Kilim para pasillo 83&#215;295 cm"},"content":{"rendered":"<strong>\u00a1Aprovecha las Rebajas en Kilims Artesanales para Pasillo!<\/strong><\/p>\n<p>Rebajas Kilim: Transforma tu pasillo en un espacio lleno de estilo y personalidad con nuestra exclusiva colecci\u00f3n de kilims artesanales, ahora disponibles en oferta por tiempo limitado. Con dise\u00f1os \u00e9tnicos o geom\u00e9tricos y una meticulosa elaboraci\u00f3n a mano, estos kilims son mucho m\u00e1s que simples alfombras: son piezas de arte que a\u00f1adir\u00e1n un toque de encanto a tu hogar.<\/p>\n<p>Cada kilim en nuestra colecci\u00f3n ha sido cuidadosamente tejido a mano por expertos artesanos, utilizando t\u00e9cnicas transmitidas de generaci\u00f3n en generaci\u00f3n. Esto garantiza que cada pieza sea \u00fanica y refleje la rica tradici\u00f3n cultural de su origen.<\/p>\n<p>Los dise\u00f1os \u00e9tnicos o geom\u00e9tricos de nuestros kilims a\u00f1aden un toque de car\u00e1cter y distinci\u00f3n a cualquier pasillo. Ya sea que prefieras patrones tradicionales o modernos, encontrar\u00e1s el kilim perfecto para complementar tu estilo \u00fanico.<\/p>\n<p>Adem\u00e1s de su excepcional belleza, nuestros kilims tambi\u00e9n son duraderos y resistentes. Hechos con los mejores materiales y t\u00e9cnicas de tejido, est\u00e1n dise\u00f1ados para resistir el paso del tiempo y seguir luciendo su mejor aspecto durante a\u00f1os.<\/p>\n<p>Aprovecha nuestras rebajas en kilims y transforma tu pasillo con la elegancia y el encanto de estas hermosas piezas artesanales. Descubre c\u00f3mo un kilim puede mejorar la decoraci\u00f3n de tu hogar y convertir tu pasillo en un espacio acogedor y lleno de estilo que disfrutar\u00e1s durante mucho tiempo.<\/p>\n<p>\u00a1No pierdas esta oportunidad y compra ahora tu kilim en rebajas para darle un toque \u00fanico a tu hogar!","protected":false},"excerpt":{"rendered":"<p>Fabricaci\u00f3n: Hecho a mano<br \/>\nTama\u00f1o: 83 X 295 cm<br \/>\nEstado: Nuevo<br \/>\nOrigen: Kilim Afgano<br \/>\nMaterial: Lana<br \/>\nGrosor aprox: 1-2 mm<br \/>\nTe\u00f1ido colores naturales.<br \/>\nPlazo de entrega: 2-5 d\u00edas h\u00e1biles en Espa\u00f1a.<br \/>\nEuropa: 5-7 d\u00edas h\u00e1biles, resto de continentes 7-10 d\u00edas.<\/p>\n","protected":false},"featured_media":40666,"comment_status":"open","ping_status":"closed","template":"","meta":[],"product_brand":[],"product_cat":[61,829,783],"product_tag":[1076],"class_list":{"0":"post-40665","1":"product","2":"type-product","3":"status-publish","4":"has-post-thumbnail","6":"product_cat-kilims","7":"product_cat-toda-la-coleccion-kilim","8":"product_cat-kilim-pasilleros","9":"product_tag-kilim-pasillo","10":"product_shipping_class-kilim-mediano","11":"pa_ancho-cm-960","12":"pa_ancho-cm-908","13":"pa_ancho-cm-940","14":"pa_color-amarillo","15":"pa_color-azul","16":"pa_color-naranja","17":"pa_color-verde","18":"pa_largo-cm-986","19":"pa_largo-cm-888","21":"first","22":"instock","23":"sale","24":"sold-individually","25":"taxable","26":"shipping-taxable","27":"purchasable","28":"product-type-simple"},"yoast_head":"<!-- This site is optimized with the Yoast SEO plugin v24.8.1 - https:\/\/yoast.com\/wordpress\/plugins\/seo\/ -->\n<title>Rebajas Kilim -50% | Kilim-Age | Tienda de kilim Outlet<\/title>\n<meta name=\"description\" content=\"Transforma tu pasillo en un espacio lleno de estilo y con nuestra colecci\u00f3n de kilims, ahora disponibles en oferta por tiempo limitado.\" \/>\n<meta name=\"robots\" content=\"index, follow, max-snippet:-1, max-image-preview:large, max-video-preview:-1\" \/>\n<link rel=\"canonical\" href=\"https:\/\/www.kilim-age.com\/es\/producto\/rebajas-kilim\/\" \/>\n<meta property=\"og:locale\" content=\"es_ES\" \/>\n<meta property=\"og:type\" content=\"article\" \/>\n<meta property=\"og:title\" content=\"Rebajas Kilim -50% | Kilim-Age | Tienda de kilim Outlet\" \/>\n<meta property=\"og:description\" content=\"Transforma tu pasillo en un espacio lleno de estilo y con nuestra colecci\u00f3n de kilims, ahora disponibles en oferta por tiempo limitado.\" \/>\n<meta property=\"og:url\" content=\"https:\/\/www.kilim-age.com\/en\/producto\/rebajas-kilim\/\" \/>\n<meta property=\"og:site_name\" content=\"Kilim-Age\" \/>\n<meta property=\"article:modified_time\" content=\"2025-06-14T11:51:18+00:00\" \/>\n<meta property=\"og:image\" content=\"https:\/\/www.kilim-age.com\/wp-content\/uploads\/2024\/04\/IMG_2851.jpg\" \/>\n\t<meta property=\"og:image:width\" content=\"1000\" \/>\n\t<meta property=\"og:image:height\" content=\"1300\" \/>\n\t<meta property=\"og:image:type\" content=\"image\/jpeg\" \/>\n<meta name=\"twitter:card\" content=\"summary_large_image\" \/>\n<meta name=\"twitter:label1\" content=\"Tiempo de lectura\" \/>\n\t<meta name=\"twitter:data1\" content=\"2 minutos\" \/>\n<script type=\"application\/ld+json\" class=\"yoast-schema-graph\">{\"@context\":\"https:\/\/schema.org\",\"@graph\":[{\"@type\":\"WebPage\",\"@id\":\"https:\/\/www.kilim-age.com\/en\/producto\/rebajas-kilim\/\",\"url\":\"https:\/\/www.kilim-age.com\/en\/producto\/rebajas-kilim\/\",\"name\":\"Rebajas Kilim -50% | Kilim-Age | Tienda de kilim Outlet\",\"isPartOf\":{\"@id\":\"https:\/\/www.kilim-age.com\/es\/#website\"},\"primaryImageOfPage\":{\"@id\":\"https:\/\/www.kilim-age.com\/en\/producto\/rebajas-kilim\/#primaryimage\"},\"image\":{\"@id\":\"https:\/\/www.kilim-age.com\/en\/producto\/rebajas-kilim\/#primaryimage\"},\"thumbnailUrl\":\"https:\/\/www.kilim-age.com\/wp-content\/uploads\/2024\/04\/IMG_2851.jpg\",\"datePublished\":\"2024-04-22T16:47:39+00:00\",\"dateModified\":\"2025-06-14T11:51:18+00:00\",\"description\":\"Transforma tu pasillo en un espacio lleno de estilo y con nuestra colecci\u00f3n de kilims, ahora disponibles en oferta por tiempo limitado.\",\"breadcrumb\":{\"@id\":\"https:\/\/www.kilim-age.com\/en\/producto\/rebajas-kilim\/#breadcrumb\"},\"inLanguage\":\"es\",\"potentialAction\":[{\"@type\":\"ReadAction\",\"target\":[\"https:\/\/www.kilim-age.com\/en\/producto\/rebajas-kilim\/\"]}]},{\"@type\":\"ImageObject\",\"inLanguage\":\"es\",\"@id\":\"https:\/\/www.kilim-age.com\/en\/producto\/rebajas-kilim\/#primaryimage\",\"url\":\"https:\/\/www.kilim-age.com\/wp-content\/uploads\/2024\/04\/IMG_2851.jpg\",\"contentUrl\":\"https:\/\/www.kilim-age.com\/wp-content\/uploads\/2024\/04\/IMG_2851.jpg\",\"width\":1000,\"height\":1300,\"caption\":\"rebajas kilim\"},{\"@type\":\"BreadcrumbList\",\"@id\":\"https:\/\/www.kilim-age.com\/en\/producto\/rebajas-kilim\/#breadcrumb\",\"itemListElement\":[{\"@type\":\"ListItem\",\"position\":1,\"name\":\"Home\",\"item\":\"https:\/\/www.kilim-age.com\/es\/\"},{\"@type\":\"ListItem\",\"position\":2,\"name\":\"Shop\",\"item\":\"https:\/\/www.kilim-age.com\/es\/shop\/\"},{\"@type\":\"ListItem\",\"position\":3,\"name\":\"Hallway kilim 83\u00d7295 cm\"}]},{\"@type\":\"WebSite\",\"@id\":\"https:\/\/www.kilim-age.com\/es\/#website\",\"url\":\"https:\/\/www.kilim-age.com\/es\/\",\"name\":\"Kilim-Age\",\"description\":\"Somos especialistas en productos artesanales de Turqu\u00eda como Alfombras, y Kilims\",\"potentialAction\":[{\"@type\":\"SearchAction\",\"target\":{\"@type\":\"EntryPoint\",\"urlTemplate\":\"https:\/\/www.kilim-age.com\/es\/?s={search_term_string}\"},\"query-input\":{\"@type\":\"PropertyValueSpecification\",\"valueRequired\":true,\"valueName\":\"search_term_string\"}}],\"inLanguage\":\"es\"}]}<\/script>\n<!-- \/ Yoast SEO plugin. -->","yoast_head_json":{"title":"Rebajas Kilim -50% | Kilim-Age | Tienda de kilim Outlet","description":"Transforma tu pasillo en un espacio lleno de estilo y con nuestra colecci\u00f3n de kilims, ahora disponibles en oferta por tiempo limitado.","robots":{"index":"index","follow":"follow","max-snippet":"max-snippet:-1","max-image-preview":"max-image-preview:large","max-video-preview":"max-video-preview:-1"},"canonical":"https:\/\/www.kilim-age.com\/es\/producto\/rebajas-kilim\/","og_locale":"es_ES","og_type":"article","og_title":"Rebajas Kilim -50% | Kilim-Age | Tienda de kilim Outlet","og_description":"Transforma tu pasillo en un espacio lleno de estilo y con nuestra colecci\u00f3n de kilims, ahora disponibles en oferta por tiempo limitado.","og_url":"https:\/\/www.kilim-age.com\/en\/producto\/rebajas-kilim\/","og_site_name":"Kilim-Age","article_modified_time":"2025-06-14T11:51:18+00:00","og_image":[{"width":1000,"height":1300,"url":"https:\/\/www.kilim-age.com\/wp-content\/uploads\/2024\/04\/IMG_2851.jpg","type":"image\/jpeg"}],"twitter_card":"summary_large_image","twitter_misc":{"Tiempo de lectura":"2 minutos"},"schema":{"@context":"https:\/\/schema.org","@graph":[{"@type":"WebPage","@id":"https:\/\/www.kilim-age.com\/en\/producto\/rebajas-kilim\/","url":"https:\/\/www.kilim-age.com\/en\/producto\/rebajas-kilim\/","name":"Rebajas Kilim -50% | Kilim-Age | Tienda de kilim Outlet","isPartOf":{"@id":"https:\/\/www.kilim-age.com\/es\/#website"},"primaryImageOfPage":{"@id":"https:\/\/www.kilim-age.com\/en\/producto\/rebajas-kilim\/#primaryimage"},"image":{"@id":"https:\/\/www.kilim-age.com\/en\/producto\/rebajas-kilim\/#primaryimage"},"thumbnailUrl":"https:\/\/www.kilim-age.com\/wp-content\/uploads\/2024\/04\/IMG_2851.jpg","datePublished":"2024-04-22T16:47:39+00:00","dateModified":"2025-06-14T11:51:18+00:00","description":"Transforma tu pasillo en un espacio lleno de estilo y con nuestra colecci\u00f3n de kilims, ahora disponibles en oferta por tiempo limitado.","breadcrumb":{"@id":"https:\/\/www.kilim-age.com\/en\/producto\/rebajas-kilim\/#breadcrumb"},"inLanguage":"es","potentialAction":[{"@type":"ReadAction","target":["https:\/\/www.kilim-age.com\/en\/producto\/rebajas-kilim\/"]}]},{"@type":"ImageObject","inLanguage":"es","@id":"https:\/\/www.kilim-age.com\/en\/producto\/rebajas-kilim\/#primaryimage","url":"https:\/\/www.kilim-age.com\/wp-content\/uploads\/2024\/04\/IMG_2851.jpg","contentUrl":"https:\/\/www.kilim-age.com\/wp-content\/uploads\/2024\/04\/IMG_2851.jpg","width":1000,"height":1300,"caption":"rebajas kilim"},{"@type":"BreadcrumbList","@id":"https:\/\/www.kilim-age.com\/en\/producto\/rebajas-kilim\/#breadcrumb","itemListElement":[{"@type":"ListItem","position":1,"name":"Home","item":"https:\/\/www.kilim-age.com\/es\/"},{"@type":"ListItem","position":2,"name":"Shop","item":"https:\/\/www.kilim-age.com\/es\/shop\/"},{"@type":"ListItem","position":3,"name":"Hallway kilim 83\u00d7295 cm"}]},{"@type":"WebSite","@id":"https:\/\/www.kilim-age.com\/es\/#website","url":"https:\/\/www.kilim-age.com\/es\/","name":"Kilim-Age","description":"Somos especialistas en productos artesanales de Turqu\u00eda como Alfombras, y Kilims","potentialAction":[{"@type":"SearchAction","target":{"@type":"EntryPoint","urlTemplate":"https:\/\/www.kilim-age.com\/es\/?s={search_term_string}"},"query-input":{"@type":"PropertyValueSpecification","valueRequired":true,"valueName":"search_term_string"}}],"inLanguage":"es"}]}},"_links":{"self":[{"href":"https:\/\/www.kilim-age.com\/es\/wp-json\/wp\/v2\/product\/40665","targetHints":{"allow":["GET"]}}],"collection":[{"href":"https:\/\/www.kilim-age.com\/es\/wp-json\/wp\/v2\/product"}],"about":[{"href":"https:\/\/www.kilim-age.com\/es\/wp-json\/wp\/v2\/types\/product"}],"replies":[{"embeddable":true,"href":"https:\/\/www.kilim-age.com\/es\/wp-json\/wp\/v2\/comments?post=40665"}],"wp:featuredmedia":[{"embeddable":true,"href":"https:\/\/www.kilim-age.com\/es\/wp-json\/wp\/v2\/media\/40666"}],"wp:attachment":[{"href":"https:\/\/www.kilim-age.com\/es\/wp-json\/wp\/v2\/media?parent=40665"}],"wp:term":[{"taxonomy":"product_brand","embeddable":true,"href":"https:\/\/www.kilim-age.com\/es\/wp-json\/wp\/v2\/product_brand?post=40665"},{"taxonomy":"product_cat","embeddable":true,"href":"https:\/\/www.kilim-age.com\/es\/wp-json\/wp\/v2\/product_cat?post=40665"},{"taxonomy":"product_tag","embeddable":true,"href":"https:\/\/www.kilim-age.com\/es\/wp-json\/wp\/v2\/product_tag?post=40665"}],"curies":[{"name":"wp","href":"https:\/\/api.w.org\/{rel}","templated":true}]}}