{"id":40705,"date":"2024-04-23T17:47:14","date_gmt":"2024-04-23T15:47:14","guid":{"rendered":"https:\/\/www.kilim-age.com\/?post_type=product&#038;p=40705"},"modified":"2025-06-14T13:50:02","modified_gmt":"2025-06-14T11:50:02","slug":"kilims-en-liquidacion","status":"publish","type":"product","link":"https:\/\/www.kilim-age.com\/es\/producto\/kilims-en-liquidacion\/","title":{"rendered":"Kilim turco 203&#215;288 cm"},"content":{"rendered":"<strong>Descubre la Belleza Artesanal: Kilims en Liquidaci\u00f3n<\/strong><\/p>\n<p>Sum\u00e9rgete en el encanto de la <a href=\"https:\/\/www.kilim-age.com\/es\/about\/\">artesan\u00eda tradicional<\/a> con nuestro excepcional kilim artesanal en liquidaci\u00f3n. Con unas impresionantes medidas de 203&#215;288 cm, este tapiz hecho a mano es una obra de arte \u00fanica que a\u00f1adir\u00e1 un toque de distinci\u00f3n a cualquier espacio de tu hogar.<\/p>\n<p>El dise\u00f1o \u00e9tnico de nuestro kilim presenta una combinaci\u00f3n de colores mixtos que capturan la esencia de la tradici\u00f3n y la cultura. Desde tonos c\u00e1lidos y terrosos hasta refrescantes tonos de azul y verde, cada hilo cuenta una historia de habilidad y pasi\u00f3n artesanal.<\/p>\n<p>Este kilim no solo es una <a href=\"https:\/\/www.elmueble.com\/\">pieza decorativa<\/a>, sino tambi\u00e9n una inversi\u00f3n en calidad y durabilidad. Hecho con los mejores materiales y t\u00e9cnicas de tejido, est\u00e1 dise\u00f1ado para resistir el paso del tiempo y seguir luciendo su belleza \u00fanica durante a\u00f1os.<\/p>\n<p>Aprovecha nuestra liquidaci\u00f3n para adquirir este magn\u00edfico kilim a un precio excepcionalmente bajo. No pierdas la oportunidad de embellecer tu hogar con esta pieza de artesan\u00eda excepcional a un precio inigualable.<\/p>\n<p>\u00a1Compra ahora y lleva a casa la belleza y la artesan\u00eda de nuestros kilims en liquidaci\u00f3n!","protected":false},"excerpt":{"rendered":"<p>Fabricaci\u00f3n: Hecho a mano<br \/>\nTama\u00f1o: 203 X 288 cm<br \/>\nEstado: Nuevo<br \/>\nOrigen: Kilim turca, centro de Anatolia\/Kayseri<br \/>\nMaterial: 100% Lana natural hilada a mano<br \/>\nGrosor aprox: 1-2 mm<br \/>\nColores: Naturales<br \/>\nLos colores de la alfombra se percibir\u00e1n de formas diferentes dependiendo del \u00e1ngulo de visi\u00f3n<br \/>\nPlazo de entrega: 2-5 d\u00edas h\u00e1biles en Espa\u00f1a.<br \/>\nEuropa: 5-7 d\u00edas h\u00e1biles, resto de continentes 7-10 d\u00edas.<\/p>\n","protected":false},"featured_media":40706,"comment_status":"open","ping_status":"closed","template":"","meta":[],"product_brand":[],"product_cat":[61,829],"product_tag":[72],"class_list":{"0":"post-40705","1":"product","2":"type-product","3":"status-publish","4":"has-post-thumbnail","6":"product_cat-kilims","7":"product_cat-toda-la-coleccion-kilim","8":"product_tag-kilim","9":"product_shipping_class-kilim-grande","10":"pa_ancho-cm-1006","11":"pa_ancho-cm-995","12":"pa_color-amarillo","13":"pa_color-naranja","14":"pa_color-verde","15":"pa_largo-cm-1011","16":"pa_largo-cm-965","18":"first","19":"instock","20":"sale","21":"sold-individually","22":"taxable","23":"shipping-taxable","24":"purchasable","25":"product-type-simple"},"yoast_head":"<!-- This site is optimized with the Yoast SEO plugin v24.8.1 - https:\/\/yoast.com\/wordpress\/plugins\/seo\/ -->\n<title>Kilims en Liquidaci\u00f3n | Kilim-Age | Tienda de Kilim precio Outlet<\/title>\n<meta name=\"description\" content=\"Kilims en Liquidaci\u00f3n. Sum\u00e9rgete en el encanto de la artesan\u00eda tradicional con nuestro excepcional kilim artesanal en liquidaci\u00f3n.\" \/>\n<meta name=\"robots\" content=\"index, follow, max-snippet:-1, max-image-preview:large, max-video-preview:-1\" \/>\n<link rel=\"canonical\" href=\"https:\/\/www.kilim-age.com\/es\/producto\/kilims-en-liquidacion\/\" \/>\n<meta property=\"og:locale\" content=\"es_ES\" \/>\n<meta property=\"og:type\" content=\"article\" \/>\n<meta property=\"og:title\" content=\"Kilims en Liquidaci\u00f3n | Kilim-Age | Tienda de Kilim precio Outlet\" \/>\n<meta property=\"og:description\" content=\"Kilims en Liquidaci\u00f3n. Sum\u00e9rgete en el encanto de la artesan\u00eda tradicional con nuestro excepcional kilim artesanal en liquidaci\u00f3n.\" \/>\n<meta property=\"og:url\" content=\"https:\/\/www.kilim-age.com\/en\/producto\/kilims-en-liquidacion\/\" \/>\n<meta property=\"og:site_name\" content=\"Kilim-Age\" \/>\n<meta property=\"article:modified_time\" content=\"2025-06-14T11:50:02+00:00\" \/>\n<meta property=\"og:image\" content=\"https:\/\/www.kilim-age.com\/wp-content\/uploads\/2024\/04\/IMG_2747.jpg\" \/>\n\t<meta property=\"og:image:width\" content=\"1000\" \/>\n\t<meta property=\"og:image:height\" content=\"1300\" \/>\n\t<meta property=\"og:image:type\" content=\"image\/jpeg\" \/>\n<meta name=\"twitter:card\" content=\"summary_large_image\" \/>\n<meta name=\"twitter:label1\" content=\"Tiempo de lectura\" \/>\n\t<meta name=\"twitter:data1\" content=\"1 minuto\" \/>\n<script type=\"application\/ld+json\" class=\"yoast-schema-graph\">{\"@context\":\"https:\/\/schema.org\",\"@graph\":[{\"@type\":\"WebPage\",\"@id\":\"https:\/\/www.kilim-age.com\/en\/producto\/kilims-en-liquidacion\/\",\"url\":\"https:\/\/www.kilim-age.com\/en\/producto\/kilims-en-liquidacion\/\",\"name\":\"Kilims en Liquidaci\u00f3n | Kilim-Age | Tienda de Kilim precio Outlet\",\"isPartOf\":{\"@id\":\"https:\/\/kilim-age.com\/en\/#website\"},\"primaryImageOfPage\":{\"@id\":\"https:\/\/www.kilim-age.com\/en\/producto\/kilims-en-liquidacion\/#primaryimage\"},\"image\":{\"@id\":\"https:\/\/www.kilim-age.com\/en\/producto\/kilims-en-liquidacion\/#primaryimage\"},\"thumbnailUrl\":\"https:\/\/www.kilim-age.com\/wp-content\/uploads\/2024\/04\/IMG_2747.jpg\",\"datePublished\":\"2024-04-23T15:47:14+00:00\",\"dateModified\":\"2025-06-14T11:50:02+00:00\",\"description\":\"Kilims en Liquidaci\u00f3n. Sum\u00e9rgete en el encanto de la artesan\u00eda tradicional con nuestro excepcional kilim artesanal en liquidaci\u00f3n.\",\"breadcrumb\":{\"@id\":\"https:\/\/www.kilim-age.com\/en\/producto\/kilims-en-liquidacion\/#breadcrumb\"},\"inLanguage\":\"es\",\"potentialAction\":[{\"@type\":\"ReadAction\",\"target\":[\"https:\/\/www.kilim-age.com\/en\/producto\/kilims-en-liquidacion\/\"]}]},{\"@type\":\"ImageObject\",\"inLanguage\":\"es\",\"@id\":\"https:\/\/www.kilim-age.com\/en\/producto\/kilims-en-liquidacion\/#primaryimage\",\"url\":\"https:\/\/www.kilim-age.com\/wp-content\/uploads\/2024\/04\/IMG_2747.jpg\",\"contentUrl\":\"https:\/\/www.kilim-age.com\/wp-content\/uploads\/2024\/04\/IMG_2747.jpg\",\"width\":1000,\"height\":1300,\"caption\":\"Kilims en liquidaci\u00f3n\"},{\"@type\":\"BreadcrumbList\",\"@id\":\"https:\/\/www.kilim-age.com\/en\/producto\/kilims-en-liquidacion\/#breadcrumb\",\"itemListElement\":[{\"@type\":\"ListItem\",\"position\":1,\"name\":\"Home\",\"item\":\"https:\/\/kilim-age.com\/en\/\"},{\"@type\":\"ListItem\",\"position\":2,\"name\":\"Shop\",\"item\":\"https:\/\/kilim-age.com\/es\/shop\/\"},{\"@type\":\"ListItem\",\"position\":3,\"name\":\"Turkish kilim 202&#215;288 cm\"}]},{\"@type\":\"WebSite\",\"@id\":\"https:\/\/kilim-age.com\/en\/#website\",\"url\":\"https:\/\/kilim-age.com\/en\/\",\"name\":\"Kilim-Age\",\"description\":\"Somos especialistas en productos artesanales de Turqu\u00eda como Alfombras, y Kilims\",\"potentialAction\":[{\"@type\":\"SearchAction\",\"target\":{\"@type\":\"EntryPoint\",\"urlTemplate\":\"https:\/\/kilim-age.com\/en\/?s={search_term_string}\"},\"query-input\":{\"@type\":\"PropertyValueSpecification\",\"valueRequired\":true,\"valueName\":\"search_term_string\"}}],\"inLanguage\":\"es\"}]}<\/script>\n<!-- \/ Yoast SEO plugin. -->","yoast_head_json":{"title":"Kilims en Liquidaci\u00f3n | Kilim-Age | Tienda de Kilim precio Outlet","description":"Kilims en Liquidaci\u00f3n. Sum\u00e9rgete en el encanto de la artesan\u00eda tradicional con nuestro excepcional kilim artesanal en liquidaci\u00f3n.","robots":{"index":"index","follow":"follow","max-snippet":"max-snippet:-1","max-image-preview":"max-image-preview:large","max-video-preview":"max-video-preview:-1"},"canonical":"https:\/\/www.kilim-age.com\/es\/producto\/kilims-en-liquidacion\/","og_locale":"es_ES","og_type":"article","og_title":"Kilims en Liquidaci\u00f3n | Kilim-Age | Tienda de Kilim precio Outlet","og_description":"Kilims en Liquidaci\u00f3n. Sum\u00e9rgete en el encanto de la artesan\u00eda tradicional con nuestro excepcional kilim artesanal en liquidaci\u00f3n.","og_url":"https:\/\/www.kilim-age.com\/en\/producto\/kilims-en-liquidacion\/","og_site_name":"Kilim-Age","article_modified_time":"2025-06-14T11:50:02+00:00","og_image":[{"width":1000,"height":1300,"url":"https:\/\/www.kilim-age.com\/wp-content\/uploads\/2024\/04\/IMG_2747.jpg","type":"image\/jpeg"}],"twitter_card":"summary_large_image","twitter_misc":{"Tiempo de lectura":"1 minuto"},"schema":{"@context":"https:\/\/schema.org","@graph":[{"@type":"WebPage","@id":"https:\/\/www.kilim-age.com\/en\/producto\/kilims-en-liquidacion\/","url":"https:\/\/www.kilim-age.com\/en\/producto\/kilims-en-liquidacion\/","name":"Kilims en Liquidaci\u00f3n | Kilim-Age | Tienda de Kilim precio Outlet","isPartOf":{"@id":"https:\/\/kilim-age.com\/en\/#website"},"primaryImageOfPage":{"@id":"https:\/\/www.kilim-age.com\/en\/producto\/kilims-en-liquidacion\/#primaryimage"},"image":{"@id":"https:\/\/www.kilim-age.com\/en\/producto\/kilims-en-liquidacion\/#primaryimage"},"thumbnailUrl":"https:\/\/www.kilim-age.com\/wp-content\/uploads\/2024\/04\/IMG_2747.jpg","datePublished":"2024-04-23T15:47:14+00:00","dateModified":"2025-06-14T11:50:02+00:00","description":"Kilims en Liquidaci\u00f3n. Sum\u00e9rgete en el encanto de la artesan\u00eda tradicional con nuestro excepcional kilim artesanal en liquidaci\u00f3n.","breadcrumb":{"@id":"https:\/\/www.kilim-age.com\/en\/producto\/kilims-en-liquidacion\/#breadcrumb"},"inLanguage":"es","potentialAction":[{"@type":"ReadAction","target":["https:\/\/www.kilim-age.com\/en\/producto\/kilims-en-liquidacion\/"]}]},{"@type":"ImageObject","inLanguage":"es","@id":"https:\/\/www.kilim-age.com\/en\/producto\/kilims-en-liquidacion\/#primaryimage","url":"https:\/\/www.kilim-age.com\/wp-content\/uploads\/2024\/04\/IMG_2747.jpg","contentUrl":"https:\/\/www.kilim-age.com\/wp-content\/uploads\/2024\/04\/IMG_2747.jpg","width":1000,"height":1300,"caption":"Kilims en liquidaci\u00f3n"},{"@type":"BreadcrumbList","@id":"https:\/\/www.kilim-age.com\/en\/producto\/kilims-en-liquidacion\/#breadcrumb","itemListElement":[{"@type":"ListItem","position":1,"name":"Home","item":"https:\/\/kilim-age.com\/en\/"},{"@type":"ListItem","position":2,"name":"Shop","item":"https:\/\/kilim-age.com\/es\/shop\/"},{"@type":"ListItem","position":3,"name":"Turkish kilim 202&#215;288 cm"}]},{"@type":"WebSite","@id":"https:\/\/kilim-age.com\/en\/#website","url":"https:\/\/kilim-age.com\/en\/","name":"Kilim-Age","description":"Somos especialistas en productos artesanales de Turqu\u00eda como Alfombras, y Kilims","potentialAction":[{"@type":"SearchAction","target":{"@type":"EntryPoint","urlTemplate":"https:\/\/kilim-age.com\/en\/?s={search_term_string}"},"query-input":{"@type":"PropertyValueSpecification","valueRequired":true,"valueName":"search_term_string"}}],"inLanguage":"es"}]}},"_links":{"self":[{"href":"https:\/\/www.kilim-age.com\/es\/wp-json\/wp\/v2\/product\/40705","targetHints":{"allow":["GET"]}}],"collection":[{"href":"https:\/\/www.kilim-age.com\/es\/wp-json\/wp\/v2\/product"}],"about":[{"href":"https:\/\/www.kilim-age.com\/es\/wp-json\/wp\/v2\/types\/product"}],"replies":[{"embeddable":true,"href":"https:\/\/www.kilim-age.com\/es\/wp-json\/wp\/v2\/comments?post=40705"}],"wp:featuredmedia":[{"embeddable":true,"href":"https:\/\/www.kilim-age.com\/es\/wp-json\/wp\/v2\/media\/40706"}],"wp:attachment":[{"href":"https:\/\/www.kilim-age.com\/es\/wp-json\/wp\/v2\/media?parent=40705"}],"wp:term":[{"taxonomy":"product_brand","embeddable":true,"href":"https:\/\/www.kilim-age.com\/es\/wp-json\/wp\/v2\/product_brand?post=40705"},{"taxonomy":"product_cat","embeddable":true,"href":"https:\/\/www.kilim-age.com\/es\/wp-json\/wp\/v2\/product_cat?post=40705"},{"taxonomy":"product_tag","embeddable":true,"href":"https:\/\/www.kilim-age.com\/es\/wp-json\/wp\/v2\/product_tag?post=40705"}],"curies":[{"name":"wp","href":"https:\/\/api.w.org\/{rel}","templated":true}]}}