{"id":40745,"date":"2024-05-05T18:39:20","date_gmt":"2024-05-05T16:39:20","guid":{"rendered":"https:\/\/www.kilim-age.com\/?post_type=product&#038;p=40745"},"modified":"2025-06-14T13:49:25","modified_gmt":"2025-06-14T11:49:25","slug":"kilim-soumak-tradicional","status":"publish","type":"product","link":"https:\/\/www.kilim-age.com\/es\/producto\/kilim-soumak-tradicional\/","title":{"rendered":"Kilim de pasillo 60&#215;250 cm"},"content":{"rendered":"<strong>Kilim Soumak Tradicional &#8211; Elegancia N\u00f3mada<\/strong><\/p>\n<p>Descubre la belleza aut\u00e9ntica y la artesan\u00eda tradicional con nuestro <strong>Kilim Soumak tradicional<\/strong>, una joya textil elaborada meticulosamente por h\u00e1biles artesanos n\u00f3madas del sureste de Turqu\u00eda. Este kilim no es solo una alfombra, sino una pieza de historia tejida con pasi\u00f3n y precisi\u00f3n.<\/p>\n<p><strong>Caracter\u00edsticas Principales:<\/strong><\/p>\n<ul>\n<li><strong>Origen Aut\u00e9ntico<\/strong>: Hecho a mano por n\u00f3madas en el sureste de <a href=\"https:\/\/www.iatiseguros.com\/blog\/motivos-viajar-turquia\/\">Turqu\u00eda<\/a>, cada <strong>Kilim tradicional<\/strong> es el resultado de t\u00e9cnicas transmitidas de generaci\u00f3n en generaci\u00f3n.<\/li>\n<li><strong>Dise\u00f1o Exclusivo<\/strong>: Totalmente bordado, este kilim presenta un dise\u00f1o intrincado que captura la esencia de la cultura n\u00f3mada. Sus patrones son m\u00e1s que decorativos; son un lenguaje visual que narra historias del folklore local.<\/li>\n<li><strong>Colores Dominantes<\/strong>: El uso audaz del rojo y el negro no solo atrae la vista sino que tambi\u00e9n a\u00f1ade profundidad y calidez a cualquier espacio. Detalles en beige, azul, naranja y amarillo complementan el dise\u00f1o, haci\u00e9ndolo vibrante y acogedor.<\/li>\n<li><strong>Dimensiones \u00d3ptimas<\/strong>: Con medidas de 60&#215;250 cm, este kilim es perfecto para pasillos, cocinas o cualquier espacio alargado, proporcionando un impacto visual sin abrumar el entorno.<\/li>\n<li><strong>Calidad Duradera<\/strong>: Utilizando solo los mejores materiales, nuestros <strong>Alfombras tradicionales<\/strong> est\u00e1n dise\u00f1ados para durar y resistir el desgaste diario, manteniendo su color y textura con el paso del tiempo.<\/li>\n<\/ul>\n<p><strong>Versatilidad y Estilo:<\/strong> El <strong>Kilim Soumak tradicional<\/strong> es excepcionalmente vers\u00e1til. Ya sea que busques a\u00f1adir un toque de elegancia r\u00fastica a un pasillo moderno o desees complementar un ambiente tradicional, este kilim se adapta perfectamente a diversas decoraciones y estilos de vida.<\/p>\n<p><strong>Inversi\u00f3n en <\/strong><a href=\"https:\/\/www.kilim-age.com\/es\/about\/\">Arte y Cultura<\/a><strong>:<\/strong> Adquirir este <strong>Kilim Soumak tradicional<\/strong> no solo es comprar una alfombra, sino invertir en una obra de arte que conserva el patrimonio cultural y apoya la artesan\u00eda tradicional.<\/p>\n<p>Eleva tu decoraci\u00f3n con nuestro <strong>Kilim Soumak tradicional<\/strong>, y permite que el esp\u00edritu n\u00f3mada del sureste de Turqu\u00eda cobre vida en tu hogar.","protected":false},"excerpt":{"rendered":"<p>Fabricaci\u00f3n: Hecho a mano<br \/>\nTama\u00f1o: 60&#215;250 cm<br \/>\nEstado: Nuevo<br \/>\nOrigen: Turqu\u00eda<br \/>\nMaterial: Lana natural<br \/>\nGrosor aprox: 2-3 mm<br \/>\nColores: Naturales<br \/>\nLos colores de la alfombra se percibir\u00e1n de formas diferentes dependiendo del \u00e1ngulo de visi\u00f3n<br \/>\nPlazo de entrega: 2-5 d\u00edas h\u00e1biles en Espa\u00f1a.<br \/>\nEuropa: 5-7 d\u00edas h\u00e1biles, resto de continentes 7-10 d\u00edas.<\/p>\n","protected":false},"featured_media":40746,"comment_status":"open","ping_status":"closed","template":"","meta":[],"product_brand":[],"product_cat":[61,829,783],"product_tag":[1079],"class_list":{"0":"post-40745","1":"product","2":"type-product","3":"status-publish","4":"has-post-thumbnail","6":"product_cat-kilims","7":"product_cat-toda-la-coleccion-kilim","8":"product_cat-kilim-pasilleros","9":"product_tag-kilim-de-pasillo","10":"product_shipping_class-kilim-mediano","11":"pa_ancho-cm-1051","12":"pa_ancho-cm-985","13":"pa_color-marron","14":"pa_color-negro","15":"pa_color-rojo","16":"pa_largo-cm-887","17":"pa_largo-cm-1064","19":"first","20":"instock","21":"sale","22":"sold-individually","23":"taxable","24":"shipping-taxable","25":"purchasable","26":"product-type-simple"},"yoast_head":"<!-- This site is optimized with the Yoast SEO plugin v24.8.1 - https:\/\/yoast.com\/wordpress\/plugins\/seo\/ -->\n<title>Kilim Soumak Tradicional | Kilim-Age | Tienda de Kilim Online<\/title>\n<meta name=\"description\" content=\"Explora la belleza aut\u00e9ntica y la artesan\u00eda de nuestro Kilim Soumak tradicional, elaborado a mano por h\u00e1biles n\u00f3madas del sureste de Turqu\u00eda.\" \/>\n<meta name=\"robots\" content=\"index, follow, max-snippet:-1, max-image-preview:large, max-video-preview:-1\" \/>\n<link rel=\"canonical\" href=\"https:\/\/www.kilim-age.com\/es\/producto\/kilim-soumak-tradicional\/\" \/>\n<meta property=\"og:locale\" content=\"es_ES\" \/>\n<meta property=\"og:type\" content=\"article\" \/>\n<meta property=\"og:title\" content=\"Kilim Soumak Tradicional | Kilim-Age | Tienda de Kilim Online\" \/>\n<meta property=\"og:description\" content=\"Explora la belleza aut\u00e9ntica y la artesan\u00eda de nuestro Kilim Soumak tradicional, elaborado a mano por h\u00e1biles n\u00f3madas del sureste de Turqu\u00eda.\" \/>\n<meta property=\"og:url\" content=\"https:\/\/www.kilim-age.com\/en\/producto\/kilim-soumak-tradicional\/\" \/>\n<meta property=\"og:site_name\" content=\"Kilim-Age\" \/>\n<meta property=\"article:modified_time\" content=\"2025-06-14T11:49:25+00:00\" \/>\n<meta property=\"og:image\" content=\"https:\/\/www.kilim-age.com\/wp-content\/uploads\/2024\/05\/IMG_KA3016.jpg\" \/>\n\t<meta property=\"og:image:width\" content=\"1000\" \/>\n\t<meta property=\"og:image:height\" content=\"1300\" \/>\n\t<meta property=\"og:image:type\" content=\"image\/jpeg\" \/>\n<meta name=\"twitter:card\" content=\"summary_large_image\" \/>\n<meta name=\"twitter:label1\" content=\"Tiempo de lectura\" \/>\n\t<meta name=\"twitter:data1\" content=\"2 minutos\" \/>\n<script type=\"application\/ld+json\" class=\"yoast-schema-graph\">{\"@context\":\"https:\/\/schema.org\",\"@graph\":[{\"@type\":\"WebPage\",\"@id\":\"https:\/\/www.kilim-age.com\/en\/producto\/kilim-soumak-tradicional\/\",\"url\":\"https:\/\/www.kilim-age.com\/en\/producto\/kilim-soumak-tradicional\/\",\"name\":\"Kilim Soumak Tradicional | Kilim-Age | Tienda de Kilim Online\",\"isPartOf\":{\"@id\":\"https:\/\/kilim-age.com\/en\/#website\"},\"primaryImageOfPage\":{\"@id\":\"https:\/\/www.kilim-age.com\/en\/producto\/kilim-soumak-tradicional\/#primaryimage\"},\"image\":{\"@id\":\"https:\/\/www.kilim-age.com\/en\/producto\/kilim-soumak-tradicional\/#primaryimage\"},\"thumbnailUrl\":\"https:\/\/www.kilim-age.com\/wp-content\/uploads\/2024\/05\/IMG_KA3016.jpg\",\"datePublished\":\"2024-05-05T16:39:20+00:00\",\"dateModified\":\"2025-06-14T11:49:25+00:00\",\"description\":\"Explora la belleza aut\u00e9ntica y la artesan\u00eda de nuestro Kilim Soumak tradicional, elaborado a mano por h\u00e1biles n\u00f3madas del sureste de Turqu\u00eda.\",\"breadcrumb\":{\"@id\":\"https:\/\/www.kilim-age.com\/en\/producto\/kilim-soumak-tradicional\/#breadcrumb\"},\"inLanguage\":\"es\",\"potentialAction\":[{\"@type\":\"ReadAction\",\"target\":[\"https:\/\/www.kilim-age.com\/en\/producto\/kilim-soumak-tradicional\/\"]}]},{\"@type\":\"ImageObject\",\"inLanguage\":\"es\",\"@id\":\"https:\/\/www.kilim-age.com\/en\/producto\/kilim-soumak-tradicional\/#primaryimage\",\"url\":\"https:\/\/www.kilim-age.com\/wp-content\/uploads\/2024\/05\/IMG_KA3016.jpg\",\"contentUrl\":\"https:\/\/www.kilim-age.com\/wp-content\/uploads\/2024\/05\/IMG_KA3016.jpg\",\"width\":1000,\"height\":1300,\"caption\":\"Kilim Soumak Tradicional\"},{\"@type\":\"BreadcrumbList\",\"@id\":\"https:\/\/www.kilim-age.com\/en\/producto\/kilim-soumak-tradicional\/#breadcrumb\",\"itemListElement\":[{\"@type\":\"ListItem\",\"position\":1,\"name\":\"Home\",\"item\":\"https:\/\/kilim-age.com\/en\/\"},{\"@type\":\"ListItem\",\"position\":2,\"name\":\"Shop\",\"item\":\"https:\/\/kilim-age.com\/es\/shop\/\"},{\"@type\":\"ListItem\",\"position\":3,\"name\":\"Hallway Kilim 60&#215;250 cm\"}]},{\"@type\":\"WebSite\",\"@id\":\"https:\/\/kilim-age.com\/en\/#website\",\"url\":\"https:\/\/kilim-age.com\/en\/\",\"name\":\"Kilim-Age\",\"description\":\"Somos especialistas en productos artesanales de Turqu\u00eda como Alfombras, y Kilims\",\"potentialAction\":[{\"@type\":\"SearchAction\",\"target\":{\"@type\":\"EntryPoint\",\"urlTemplate\":\"https:\/\/kilim-age.com\/en\/?s={search_term_string}\"},\"query-input\":{\"@type\":\"PropertyValueSpecification\",\"valueRequired\":true,\"valueName\":\"search_term_string\"}}],\"inLanguage\":\"es\"}]}<\/script>\n<!-- \/ Yoast SEO plugin. -->","yoast_head_json":{"title":"Kilim Soumak Tradicional | Kilim-Age | Tienda de Kilim Online","description":"Explora la belleza aut\u00e9ntica y la artesan\u00eda de nuestro Kilim Soumak tradicional, elaborado a mano por h\u00e1biles n\u00f3madas del sureste de Turqu\u00eda.","robots":{"index":"index","follow":"follow","max-snippet":"max-snippet:-1","max-image-preview":"max-image-preview:large","max-video-preview":"max-video-preview:-1"},"canonical":"https:\/\/www.kilim-age.com\/es\/producto\/kilim-soumak-tradicional\/","og_locale":"es_ES","og_type":"article","og_title":"Kilim Soumak Tradicional | Kilim-Age | Tienda de Kilim Online","og_description":"Explora la belleza aut\u00e9ntica y la artesan\u00eda de nuestro Kilim Soumak tradicional, elaborado a mano por h\u00e1biles n\u00f3madas del sureste de Turqu\u00eda.","og_url":"https:\/\/www.kilim-age.com\/en\/producto\/kilim-soumak-tradicional\/","og_site_name":"Kilim-Age","article_modified_time":"2025-06-14T11:49:25+00:00","og_image":[{"width":1000,"height":1300,"url":"https:\/\/www.kilim-age.com\/wp-content\/uploads\/2024\/05\/IMG_KA3016.jpg","type":"image\/jpeg"}],"twitter_card":"summary_large_image","twitter_misc":{"Tiempo de lectura":"2 minutos"},"schema":{"@context":"https:\/\/schema.org","@graph":[{"@type":"WebPage","@id":"https:\/\/www.kilim-age.com\/en\/producto\/kilim-soumak-tradicional\/","url":"https:\/\/www.kilim-age.com\/en\/producto\/kilim-soumak-tradicional\/","name":"Kilim Soumak Tradicional | Kilim-Age | Tienda de Kilim Online","isPartOf":{"@id":"https:\/\/kilim-age.com\/en\/#website"},"primaryImageOfPage":{"@id":"https:\/\/www.kilim-age.com\/en\/producto\/kilim-soumak-tradicional\/#primaryimage"},"image":{"@id":"https:\/\/www.kilim-age.com\/en\/producto\/kilim-soumak-tradicional\/#primaryimage"},"thumbnailUrl":"https:\/\/www.kilim-age.com\/wp-content\/uploads\/2024\/05\/IMG_KA3016.jpg","datePublished":"2024-05-05T16:39:20+00:00","dateModified":"2025-06-14T11:49:25+00:00","description":"Explora la belleza aut\u00e9ntica y la artesan\u00eda de nuestro Kilim Soumak tradicional, elaborado a mano por h\u00e1biles n\u00f3madas del sureste de Turqu\u00eda.","breadcrumb":{"@id":"https:\/\/www.kilim-age.com\/en\/producto\/kilim-soumak-tradicional\/#breadcrumb"},"inLanguage":"es","potentialAction":[{"@type":"ReadAction","target":["https:\/\/www.kilim-age.com\/en\/producto\/kilim-soumak-tradicional\/"]}]},{"@type":"ImageObject","inLanguage":"es","@id":"https:\/\/www.kilim-age.com\/en\/producto\/kilim-soumak-tradicional\/#primaryimage","url":"https:\/\/www.kilim-age.com\/wp-content\/uploads\/2024\/05\/IMG_KA3016.jpg","contentUrl":"https:\/\/www.kilim-age.com\/wp-content\/uploads\/2024\/05\/IMG_KA3016.jpg","width":1000,"height":1300,"caption":"Kilim Soumak Tradicional"},{"@type":"BreadcrumbList","@id":"https:\/\/www.kilim-age.com\/en\/producto\/kilim-soumak-tradicional\/#breadcrumb","itemListElement":[{"@type":"ListItem","position":1,"name":"Home","item":"https:\/\/kilim-age.com\/en\/"},{"@type":"ListItem","position":2,"name":"Shop","item":"https:\/\/kilim-age.com\/es\/shop\/"},{"@type":"ListItem","position":3,"name":"Hallway Kilim 60&#215;250 cm"}]},{"@type":"WebSite","@id":"https:\/\/kilim-age.com\/en\/#website","url":"https:\/\/kilim-age.com\/en\/","name":"Kilim-Age","description":"Somos especialistas en productos artesanales de Turqu\u00eda como Alfombras, y Kilims","potentialAction":[{"@type":"SearchAction","target":{"@type":"EntryPoint","urlTemplate":"https:\/\/kilim-age.com\/en\/?s={search_term_string}"},"query-input":{"@type":"PropertyValueSpecification","valueRequired":true,"valueName":"search_term_string"}}],"inLanguage":"es"}]}},"_links":{"self":[{"href":"https:\/\/www.kilim-age.com\/es\/wp-json\/wp\/v2\/product\/40745","targetHints":{"allow":["GET"]}}],"collection":[{"href":"https:\/\/www.kilim-age.com\/es\/wp-json\/wp\/v2\/product"}],"about":[{"href":"https:\/\/www.kilim-age.com\/es\/wp-json\/wp\/v2\/types\/product"}],"replies":[{"embeddable":true,"href":"https:\/\/www.kilim-age.com\/es\/wp-json\/wp\/v2\/comments?post=40745"}],"wp:featuredmedia":[{"embeddable":true,"href":"https:\/\/www.kilim-age.com\/es\/wp-json\/wp\/v2\/media\/40746"}],"wp:attachment":[{"href":"https:\/\/www.kilim-age.com\/es\/wp-json\/wp\/v2\/media?parent=40745"}],"wp:term":[{"taxonomy":"product_brand","embeddable":true,"href":"https:\/\/www.kilim-age.com\/es\/wp-json\/wp\/v2\/product_brand?post=40745"},{"taxonomy":"product_cat","embeddable":true,"href":"https:\/\/www.kilim-age.com\/es\/wp-json\/wp\/v2\/product_cat?post=40745"},{"taxonomy":"product_tag","embeddable":true,"href":"https:\/\/www.kilim-age.com\/es\/wp-json\/wp\/v2\/product_tag?post=40745"}],"curies":[{"name":"wp","href":"https:\/\/api.w.org\/{rel}","templated":true}]}}