{"id":40755,"date":"2024-05-05T19:07:55","date_gmt":"2024-05-05T17:07:55","guid":{"rendered":"https:\/\/www.kilim-age.com\/?post_type=product&#038;p=40755"},"modified":"2025-06-28T12:30:56","modified_gmt":"2025-06-28T10:30:56","slug":"kilim-afgano-pequeno","status":"publish","type":"product","link":"https:\/\/www.kilim-age.com\/es\/producto\/kilim-afgano-pequeno\/","title":{"rendered":"Kilim afgano 79&#215;122 cm"},"content":{"rendered":"<strong>Kilim Afgano Peque\u00f1o &#8211; Colorido y Vers\u00e1til<\/strong><\/p>\n<p>Descubre el encanto vibrante de nuestro <strong>Kilim Afgano Peque\u00f1o<\/strong>, una pieza que irradia la riqueza cultural de Afganist\u00e1n. Con sus dimensiones compactas de 79&#215;122 cm, este kilim es perfecto para a\u00f1adir un toque de color y textura a cualquier rinc\u00f3n de tu hogar.<\/p>\n<p><strong>Caracter\u00edsticas Principales:<\/strong><\/p>\n<ul>\n<li><strong>Origen Aut\u00e9ntico<\/strong>: Elaborado meticulosamente por artesanos en Afganist\u00e1n, cada kilim refleja las habilidades y t\u00e9cnicas tradicionales de tejido.<\/li>\n<li><strong>Dise\u00f1o Exquisito<\/strong>: Este kilim destaca por su patr\u00f3n geom\u00e9trico vibrante, con una paleta de colores que incluye tonos de naranja, turquesa, negro y crema. El dise\u00f1o no solo es visualmente atractivo, sino que tambi\u00e9n evoca el esp\u00edritu de las antiguas tradiciones afganas.<\/li>\n<li><strong>Dimensiones Ideales<\/strong>: Con medidas de 79&#215;122 cm, es ideal para espacios peque\u00f1os o como pieza central en una habitaci\u00f3n m\u00e1s grande.<\/li>\n<\/ul>\n<p><strong>Versatilidad y Estilo:<\/strong> Nuestro <strong>Kilim Afgano Peque\u00f1o<\/strong> se adapta maravillosamente a una variedad de estilos decorativos, desde modernos hasta m\u00e1s tradicionales. \u00dasalo como una alfombra de bienvenida en tu entrada, debajo de una mesa de caf\u00e9, o incluso como una obra de arte mural para crear un punto focal en cualquier habitaci\u00f3n.<\/p>\n<p><strong>Palabra Clave para SEO: \u00abKilim Afgano Peque\u00f1o\u00bb<\/strong> Incorpora esta palabra clave en tus metatags, descripciones, y etiquetas alt de im\u00e1genes para mejorar la visibilidad en motores de b\u00fasqueda y atraer a entusiastas de decoraci\u00f3n y coleccionistas de alfombras \u00fanicas.","protected":false},"excerpt":{"rendered":"<p>Hecho a mano<br \/>\nTama\u00f1o: 79&#215;122 cm<br \/>\nEstado: Nuevo<br \/>\nOrigen: Kilim afgano<br \/>\nMaterial: Lana natural<br \/>\nGrosor aprox: 1-2 mm<br \/>\nColores: Naturales<br \/>\nLos colores de la alfombra se percibir\u00e1n de formas diferentes dependiendo del \u00e1ngulo de visi\u00f3n<br \/>\nPlazo de entrega: 2-5 d\u00edas h\u00e1biles en Espa\u00f1a.<br \/>\nEuropa: 5-7 d\u00edas h\u00e1biles, resto de continentes 7-10 d\u00edas.<\/p>\n","protected":false},"featured_media":40756,"comment_status":"open","ping_status":"closed","template":"","meta":[],"product_brand":[],"product_cat":[61,829],"product_tag":[72],"class_list":{"0":"post-40755","1":"product","2":"type-product","3":"status-publish","4":"has-post-thumbnail","6":"product_cat-kilims","7":"product_cat-toda-la-coleccion-kilim","8":"product_tag-kilim","9":"product_shipping_class-kilim-pequeno","10":"pa_ancho-cm-960","11":"pa_ancho-cm-955","12":"pa_color-azul","13":"pa_color-verde","14":"pa_largo-cm-882","15":"pa_largo-cm-980","17":"first","18":"outofstock","19":"sale","20":"sold-individually","21":"taxable","22":"shipping-taxable","23":"purchasable","24":"product-type-simple"},"yoast_head":"<!-- This site is optimized with the Yoast SEO plugin v24.8.1 - https:\/\/yoast.com\/wordpress\/plugins\/seo\/ -->\n<title>Kilim Afgano Peque\u00f1o | Kilim-Age | Comprar Kilim Afgano Online<\/title>\n<meta name=\"description\" content=\"Descubre el encanto vibrante de nuestro Kilim Afgano Peque\u00f1o, una pieza que irradia la riqueza cultural de Afganist\u00e1n.\" \/>\n<meta name=\"robots\" content=\"index, follow, max-snippet:-1, max-image-preview:large, max-video-preview:-1\" \/>\n<link rel=\"canonical\" href=\"https:\/\/www.kilim-age.com\/es\/producto\/kilim-afgano-pequeno\/\" \/>\n<meta property=\"og:locale\" content=\"es_ES\" \/>\n<meta property=\"og:type\" content=\"article\" \/>\n<meta property=\"og:title\" content=\"Kilim Afgano Peque\u00f1o | Kilim-Age | Comprar Kilim Afgano Online\" \/>\n<meta property=\"og:description\" content=\"Descubre el encanto vibrante de nuestro Kilim Afgano Peque\u00f1o, una pieza que irradia la riqueza cultural de Afganist\u00e1n.\" \/>\n<meta property=\"og:url\" content=\"https:\/\/www.kilim-age.com\/es\/producto\/kilim-afgano-pequeno\/\" \/>\n<meta property=\"og:site_name\" content=\"Kilim-Age\" \/>\n<meta property=\"article:modified_time\" content=\"2025-06-28T10:30:56+00:00\" \/>\n<meta property=\"og:image\" content=\"https:\/\/www.kilim-age.com\/wp-content\/uploads\/2024\/05\/IMG_KA3084.jpg\" \/>\n\t<meta property=\"og:image:width\" content=\"1000\" \/>\n\t<meta property=\"og:image:height\" content=\"1300\" \/>\n\t<meta property=\"og:image:type\" content=\"image\/jpeg\" \/>\n<meta name=\"twitter:card\" content=\"summary_large_image\" \/>\n<meta name=\"twitter:label1\" content=\"Tiempo de lectura\" \/>\n\t<meta name=\"twitter:data1\" content=\"2 minutos\" \/>\n<script type=\"application\/ld+json\" class=\"yoast-schema-graph\">{\"@context\":\"https:\/\/schema.org\",\"@graph\":[{\"@type\":\"WebPage\",\"@id\":\"https:\/\/www.kilim-age.com\/es\/producto\/kilim-afgano-pequeno\/\",\"url\":\"https:\/\/www.kilim-age.com\/es\/producto\/kilim-afgano-pequeno\/\",\"name\":\"Kilim Afgano Peque\u00f1o | Kilim-Age | Comprar Kilim Afgano Online\",\"isPartOf\":{\"@id\":\"https:\/\/kilim-age.com\/en\/#website\"},\"primaryImageOfPage\":{\"@id\":\"https:\/\/www.kilim-age.com\/es\/producto\/kilim-afgano-pequeno\/#primaryimage\"},\"image\":{\"@id\":\"https:\/\/www.kilim-age.com\/es\/producto\/kilim-afgano-pequeno\/#primaryimage\"},\"thumbnailUrl\":\"https:\/\/www.kilim-age.com\/wp-content\/uploads\/2024\/05\/IMG_KA3084.jpg\",\"datePublished\":\"2024-05-05T17:07:55+00:00\",\"dateModified\":\"2025-06-28T10:30:56+00:00\",\"description\":\"Descubre el encanto vibrante de nuestro Kilim Afgano Peque\u00f1o, una pieza que irradia la riqueza cultural de Afganist\u00e1n.\",\"breadcrumb\":{\"@id\":\"https:\/\/www.kilim-age.com\/es\/producto\/kilim-afgano-pequeno\/#breadcrumb\"},\"inLanguage\":\"es\",\"potentialAction\":[{\"@type\":\"ReadAction\",\"target\":[\"https:\/\/www.kilim-age.com\/es\/producto\/kilim-afgano-pequeno\/\"]}]},{\"@type\":\"ImageObject\",\"inLanguage\":\"es\",\"@id\":\"https:\/\/www.kilim-age.com\/es\/producto\/kilim-afgano-pequeno\/#primaryimage\",\"url\":\"https:\/\/www.kilim-age.com\/wp-content\/uploads\/2024\/05\/IMG_KA3084.jpg\",\"contentUrl\":\"https:\/\/www.kilim-age.com\/wp-content\/uploads\/2024\/05\/IMG_KA3084.jpg\",\"width\":1000,\"height\":1300,\"caption\":\"Kilim Afgano Peque\u00f1o\"},{\"@type\":\"BreadcrumbList\",\"@id\":\"https:\/\/www.kilim-age.com\/es\/producto\/kilim-afgano-pequeno\/#breadcrumb\",\"itemListElement\":[{\"@type\":\"ListItem\",\"position\":1,\"name\":\"Home\",\"item\":\"https:\/\/kilim-age.com\/en\/\"},{\"@type\":\"ListItem\",\"position\":2,\"name\":\"Shop\",\"item\":\"https:\/\/kilim-age.com\/es\/shop\/\"},{\"@type\":\"ListItem\",\"position\":3,\"name\":\"Kilim afgano 79&#215;122 cm\"}]},{\"@type\":\"WebSite\",\"@id\":\"https:\/\/kilim-age.com\/en\/#website\",\"url\":\"https:\/\/kilim-age.com\/en\/\",\"name\":\"Kilim-Age\",\"description\":\"Somos especialistas en productos artesanales de Turqu\u00eda como Alfombras, y Kilims\",\"potentialAction\":[{\"@type\":\"SearchAction\",\"target\":{\"@type\":\"EntryPoint\",\"urlTemplate\":\"https:\/\/kilim-age.com\/en\/?s={search_term_string}\"},\"query-input\":{\"@type\":\"PropertyValueSpecification\",\"valueRequired\":true,\"valueName\":\"search_term_string\"}}],\"inLanguage\":\"es\"}]}<\/script>\n<!-- \/ Yoast SEO plugin. -->","yoast_head_json":{"title":"Kilim Afgano Peque\u00f1o | Kilim-Age | Comprar Kilim Afgano Online","description":"Descubre el encanto vibrante de nuestro Kilim Afgano Peque\u00f1o, una pieza que irradia la riqueza cultural de Afganist\u00e1n.","robots":{"index":"index","follow":"follow","max-snippet":"max-snippet:-1","max-image-preview":"max-image-preview:large","max-video-preview":"max-video-preview:-1"},"canonical":"https:\/\/www.kilim-age.com\/es\/producto\/kilim-afgano-pequeno\/","og_locale":"es_ES","og_type":"article","og_title":"Kilim Afgano Peque\u00f1o | Kilim-Age | Comprar Kilim Afgano Online","og_description":"Descubre el encanto vibrante de nuestro Kilim Afgano Peque\u00f1o, una pieza que irradia la riqueza cultural de Afganist\u00e1n.","og_url":"https:\/\/www.kilim-age.com\/es\/producto\/kilim-afgano-pequeno\/","og_site_name":"Kilim-Age","article_modified_time":"2025-06-28T10:30:56+00:00","og_image":[{"width":1000,"height":1300,"url":"https:\/\/www.kilim-age.com\/wp-content\/uploads\/2024\/05\/IMG_KA3084.jpg","type":"image\/jpeg"}],"twitter_card":"summary_large_image","twitter_misc":{"Tiempo de lectura":"2 minutos"},"schema":{"@context":"https:\/\/schema.org","@graph":[{"@type":"WebPage","@id":"https:\/\/www.kilim-age.com\/es\/producto\/kilim-afgano-pequeno\/","url":"https:\/\/www.kilim-age.com\/es\/producto\/kilim-afgano-pequeno\/","name":"Kilim Afgano Peque\u00f1o | Kilim-Age | Comprar Kilim Afgano Online","isPartOf":{"@id":"https:\/\/kilim-age.com\/en\/#website"},"primaryImageOfPage":{"@id":"https:\/\/www.kilim-age.com\/es\/producto\/kilim-afgano-pequeno\/#primaryimage"},"image":{"@id":"https:\/\/www.kilim-age.com\/es\/producto\/kilim-afgano-pequeno\/#primaryimage"},"thumbnailUrl":"https:\/\/www.kilim-age.com\/wp-content\/uploads\/2024\/05\/IMG_KA3084.jpg","datePublished":"2024-05-05T17:07:55+00:00","dateModified":"2025-06-28T10:30:56+00:00","description":"Descubre el encanto vibrante de nuestro Kilim Afgano Peque\u00f1o, una pieza que irradia la riqueza cultural de Afganist\u00e1n.","breadcrumb":{"@id":"https:\/\/www.kilim-age.com\/es\/producto\/kilim-afgano-pequeno\/#breadcrumb"},"inLanguage":"es","potentialAction":[{"@type":"ReadAction","target":["https:\/\/www.kilim-age.com\/es\/producto\/kilim-afgano-pequeno\/"]}]},{"@type":"ImageObject","inLanguage":"es","@id":"https:\/\/www.kilim-age.com\/es\/producto\/kilim-afgano-pequeno\/#primaryimage","url":"https:\/\/www.kilim-age.com\/wp-content\/uploads\/2024\/05\/IMG_KA3084.jpg","contentUrl":"https:\/\/www.kilim-age.com\/wp-content\/uploads\/2024\/05\/IMG_KA3084.jpg","width":1000,"height":1300,"caption":"Kilim Afgano Peque\u00f1o"},{"@type":"BreadcrumbList","@id":"https:\/\/www.kilim-age.com\/es\/producto\/kilim-afgano-pequeno\/#breadcrumb","itemListElement":[{"@type":"ListItem","position":1,"name":"Home","item":"https:\/\/kilim-age.com\/en\/"},{"@type":"ListItem","position":2,"name":"Shop","item":"https:\/\/kilim-age.com\/es\/shop\/"},{"@type":"ListItem","position":3,"name":"Kilim afgano 79&#215;122 cm"}]},{"@type":"WebSite","@id":"https:\/\/kilim-age.com\/en\/#website","url":"https:\/\/kilim-age.com\/en\/","name":"Kilim-Age","description":"Somos especialistas en productos artesanales de Turqu\u00eda como Alfombras, y Kilims","potentialAction":[{"@type":"SearchAction","target":{"@type":"EntryPoint","urlTemplate":"https:\/\/kilim-age.com\/en\/?s={search_term_string}"},"query-input":{"@type":"PropertyValueSpecification","valueRequired":true,"valueName":"search_term_string"}}],"inLanguage":"es"}]}},"_links":{"self":[{"href":"https:\/\/www.kilim-age.com\/es\/wp-json\/wp\/v2\/product\/40755","targetHints":{"allow":["GET"]}}],"collection":[{"href":"https:\/\/www.kilim-age.com\/es\/wp-json\/wp\/v2\/product"}],"about":[{"href":"https:\/\/www.kilim-age.com\/es\/wp-json\/wp\/v2\/types\/product"}],"replies":[{"embeddable":true,"href":"https:\/\/www.kilim-age.com\/es\/wp-json\/wp\/v2\/comments?post=40755"}],"wp:featuredmedia":[{"embeddable":true,"href":"https:\/\/www.kilim-age.com\/es\/wp-json\/wp\/v2\/media\/40756"}],"wp:attachment":[{"href":"https:\/\/www.kilim-age.com\/es\/wp-json\/wp\/v2\/media?parent=40755"}],"wp:term":[{"taxonomy":"product_brand","embeddable":true,"href":"https:\/\/www.kilim-age.com\/es\/wp-json\/wp\/v2\/product_brand?post=40755"},{"taxonomy":"product_cat","embeddable":true,"href":"https:\/\/www.kilim-age.com\/es\/wp-json\/wp\/v2\/product_cat?post=40755"},{"taxonomy":"product_tag","embeddable":true,"href":"https:\/\/www.kilim-age.com\/es\/wp-json\/wp\/v2\/product_tag?post=40755"}],"curies":[{"name":"wp","href":"https:\/\/api.w.org\/{rel}","templated":true}]}}