{"id":40777,"date":"2024-05-05T20:19:18","date_gmt":"2024-05-05T18:19:18","guid":{"rendered":"https:\/\/www.kilim-age.com\/?post_type=product&#038;p=40777"},"modified":"2024-12-20T12:41:21","modified_gmt":"2024-12-20T11:41:21","slug":"kilim-turco-pequeno-autentico","status":"publish","type":"product","link":"https:\/\/www.kilim-age.com\/es\/producto\/kilim-turco-pequeno-autentico\/","title":{"rendered":"Kilim turco 83&#215;129 cm"},"content":{"rendered":"<strong>Kilim Turco Aut\u00e9ntico Peque\u00f1o 83&#215;129 cm &#8211; Tesoro de Artesan\u00eda<\/strong><\/p>\n<p>Sum\u00e9rgete en la rica tradici\u00f3n textil de Turqu\u00eda con nuestro <strong>Kilim Turco Aut\u00e9ntico Peque\u00f1o<\/strong>. Con dimensiones de 83&#215;129 cm, este kilim es perfecto para espacios que buscan incorporar un toque de arte tradicional sin abrumar el ambiente. Su tama\u00f1o manejable lo hace ideal para acentuar peque\u00f1os espacios, entradas o incluso como una pieza central en una sala de estar.<\/p>\n<p><strong>Caracter\u00edsticas Principales:<\/strong><\/p>\n<ul>\n<li><strong>Origen Genuino<\/strong>: Tejido a mano por maestros artesanos en Turqu\u00eda, cada kilim lleva consigo la herencia de t\u00e9cnicas antiguas pasadas de generaci\u00f3n en generaci\u00f3n.<\/li>\n<li><strong>Dise\u00f1o Vibrante y Colorido<\/strong>: Este kilim se destaca por su patr\u00f3n geom\u00e9trico intrincado y su paleta de colores alegres, incluyendo tonos de naranja, azul, verde y amarillo, todo dispuesto sobre un fondo cremoso que resalta su est\u00e9tica atractiva.<\/li>\n<li><strong>Vers\u00e1til y Decorativo<\/strong>: M\u00e1s all\u00e1 de ser una alfombra, nuestro kilim puede ser utilizado como tapiz, ofreciendo un elemento visual llamativo que captura la mirada de quien lo observa.<\/li>\n<\/ul>","protected":false},"excerpt":{"rendered":"<p>Hecho a mano<br \/>\nTama\u00f1o: 83\u00d7129 cm<br \/>\nEstado: Nuevo<br \/>\nOrigen: Turqu\u00eda<br \/>\nMaterial: Lana natural<br \/>\nGrosor aprox: 1-2 mm<br \/>\nColores: Naturales<br \/>\nLos colores de la alfombra se percibir\u00e1n de formas diferentes dependiendo del \u00e1ngulo de visi\u00f3n<br \/>\nPlazo de entrega: 2-5 d\u00edas h\u00e1biles en Espa\u00f1a.<br \/>\nEuropa: 5-7 d\u00edas h\u00e1biles, resto de continentes 7-10 d\u00edas.<\/p>\n","protected":false},"featured_media":40778,"comment_status":"open","ping_status":"closed","template":"","meta":[],"product_brand":[],"product_cat":[61,829],"product_tag":[72],"class_list":{"0":"post-40777","1":"product","2":"type-product","3":"status-publish","4":"has-post-thumbnail","6":"product_cat-kilims","7":"product_cat-toda-la-coleccion-kilim","8":"product_tag-kilim","9":"product_shipping_class-kilim-pequeno","10":"pa_ancho-cm-960","11":"pa_ancho-cm-940","12":"pa_color-amarillo","13":"pa_color-azul-clarito","14":"pa_largo-cm-882","15":"pa_largo-cm-1043","17":"first","18":"outofstock","19":"sale","20":"sold-individually","21":"taxable","22":"shipping-taxable","23":"purchasable","24":"product-type-simple"},"yoast_head":"<!-- This site is optimized with the Yoast SEO plugin v24.8.1 - https:\/\/yoast.com\/wordpress\/plugins\/seo\/ -->\n<title>Kilim Turco Peque\u00f1o Aut\u00e9ntico | Kilim-Age | Ofertas -30%<\/title>\n<meta name=\"description\" content=\"Kilim Turco Peque\u00f1o Aut\u00e9ntico. Sum\u00e9rgete en la rica tradici\u00f3n de Kilims de Turqu\u00eda con nuestros Alfombras y Kilims.\" \/>\n<meta name=\"robots\" content=\"index, follow, max-snippet:-1, max-image-preview:large, max-video-preview:-1\" \/>\n<link rel=\"canonical\" href=\"https:\/\/kilim-age.com\/es\/producto\/kilim-turco-pequeno-autentico\/\" \/>\n<meta property=\"og:locale\" content=\"es_ES\" \/>\n<meta property=\"og:type\" content=\"article\" \/>\n<meta property=\"og:title\" content=\"Kilim Turco Peque\u00f1o Aut\u00e9ntico | Kilim-Age | Ofertas -30%\" \/>\n<meta property=\"og:description\" content=\"Kilim Turco Peque\u00f1o Aut\u00e9ntico. Sum\u00e9rgete en la rica tradici\u00f3n de Kilims de Turqu\u00eda con nuestros Alfombras y Kilims.\" \/>\n<meta property=\"og:url\" content=\"https:\/\/kilim-age.com\/es\/producto\/kilim-turco-pequeno-autentico\/\" \/>\n<meta property=\"og:site_name\" content=\"Kilim-Age\" \/>\n<meta property=\"article:modified_time\" content=\"2024-12-20T11:41:21+00:00\" \/>\n<meta property=\"og:image\" content=\"https:\/\/kilim-age.com\/wp-content\/uploads\/2024\/05\/IMG_KA3060.jpg\" \/>\n\t<meta property=\"og:image:width\" content=\"1000\" \/>\n\t<meta property=\"og:image:height\" content=\"1300\" \/>\n\t<meta property=\"og:image:type\" content=\"image\/jpeg\" \/>\n<meta name=\"twitter:card\" content=\"summary_large_image\" \/>\n<meta name=\"twitter:label1\" content=\"Tiempo de lectura\" \/>\n\t<meta name=\"twitter:data1\" content=\"1 minuto\" \/>\n<script type=\"application\/ld+json\" class=\"yoast-schema-graph\">{\"@context\":\"https:\/\/schema.org\",\"@graph\":[{\"@type\":\"WebPage\",\"@id\":\"https:\/\/kilim-age.com\/es\/producto\/kilim-turco-pequeno-autentico\/\",\"url\":\"https:\/\/kilim-age.com\/es\/producto\/kilim-turco-pequeno-autentico\/\",\"name\":\"Kilim Turco Peque\u00f1o Aut\u00e9ntico | Kilim-Age | Ofertas -30%\",\"isPartOf\":{\"@id\":\"https:\/\/kilim-age.com\/en\/#website\"},\"primaryImageOfPage\":{\"@id\":\"https:\/\/kilim-age.com\/es\/producto\/kilim-turco-pequeno-autentico\/#primaryimage\"},\"image\":{\"@id\":\"https:\/\/kilim-age.com\/es\/producto\/kilim-turco-pequeno-autentico\/#primaryimage\"},\"thumbnailUrl\":\"https:\/\/www.kilim-age.com\/wp-content\/uploads\/2024\/05\/IMG_KA3060.jpg\",\"datePublished\":\"2024-05-05T18:19:18+00:00\",\"dateModified\":\"2024-12-20T11:41:21+00:00\",\"description\":\"Kilim Turco Peque\u00f1o Aut\u00e9ntico. Sum\u00e9rgete en la rica tradici\u00f3n de Kilims de Turqu\u00eda con nuestros Alfombras y Kilims.\",\"breadcrumb\":{\"@id\":\"https:\/\/kilim-age.com\/es\/producto\/kilim-turco-pequeno-autentico\/#breadcrumb\"},\"inLanguage\":\"es\",\"potentialAction\":[{\"@type\":\"ReadAction\",\"target\":[\"https:\/\/kilim-age.com\/es\/producto\/kilim-turco-pequeno-autentico\/\"]}]},{\"@type\":\"ImageObject\",\"inLanguage\":\"es\",\"@id\":\"https:\/\/kilim-age.com\/es\/producto\/kilim-turco-pequeno-autentico\/#primaryimage\",\"url\":\"https:\/\/www.kilim-age.com\/wp-content\/uploads\/2024\/05\/IMG_KA3060.jpg\",\"contentUrl\":\"https:\/\/www.kilim-age.com\/wp-content\/uploads\/2024\/05\/IMG_KA3060.jpg\",\"width\":1000,\"height\":1300,\"caption\":\"Kilim Turco Peque\u00f1o Aut\u00e9ntico\"},{\"@type\":\"BreadcrumbList\",\"@id\":\"https:\/\/kilim-age.com\/es\/producto\/kilim-turco-pequeno-autentico\/#breadcrumb\",\"itemListElement\":[{\"@type\":\"ListItem\",\"position\":1,\"name\":\"Home\",\"item\":\"https:\/\/kilim-age.com\/en\/\"},{\"@type\":\"ListItem\",\"position\":2,\"name\":\"Shop\",\"item\":\"https:\/\/kilim-age.com\/es\/shop\/\"},{\"@type\":\"ListItem\",\"position\":3,\"name\":\"Kilim turco 83&#215;129 cm\"}]},{\"@type\":\"WebSite\",\"@id\":\"https:\/\/kilim-age.com\/en\/#website\",\"url\":\"https:\/\/kilim-age.com\/en\/\",\"name\":\"Kilim-Age\",\"description\":\"Somos especialistas en productos artesanales de Turqu\u00eda como Alfombras, y Kilims\",\"potentialAction\":[{\"@type\":\"SearchAction\",\"target\":{\"@type\":\"EntryPoint\",\"urlTemplate\":\"https:\/\/kilim-age.com\/en\/?s={search_term_string}\"},\"query-input\":{\"@type\":\"PropertyValueSpecification\",\"valueRequired\":true,\"valueName\":\"search_term_string\"}}],\"inLanguage\":\"es\"}]}<\/script>\n<!-- \/ Yoast SEO plugin. -->","yoast_head_json":{"title":"Kilim Turco Peque\u00f1o Aut\u00e9ntico | Kilim-Age | Ofertas -30%","description":"Kilim Turco Peque\u00f1o Aut\u00e9ntico. Sum\u00e9rgete en la rica tradici\u00f3n de Kilims de Turqu\u00eda con nuestros Alfombras y Kilims.","robots":{"index":"index","follow":"follow","max-snippet":"max-snippet:-1","max-image-preview":"max-image-preview:large","max-video-preview":"max-video-preview:-1"},"canonical":"https:\/\/kilim-age.com\/es\/producto\/kilim-turco-pequeno-autentico\/","og_locale":"es_ES","og_type":"article","og_title":"Kilim Turco Peque\u00f1o Aut\u00e9ntico | Kilim-Age | Ofertas -30%","og_description":"Kilim Turco Peque\u00f1o Aut\u00e9ntico. Sum\u00e9rgete en la rica tradici\u00f3n de Kilims de Turqu\u00eda con nuestros Alfombras y Kilims.","og_url":"https:\/\/kilim-age.com\/es\/producto\/kilim-turco-pequeno-autentico\/","og_site_name":"Kilim-Age","article_modified_time":"2024-12-20T11:41:21+00:00","og_image":[{"width":1000,"height":1300,"url":"https:\/\/kilim-age.com\/wp-content\/uploads\/2024\/05\/IMG_KA3060.jpg","type":"image\/jpeg"}],"twitter_card":"summary_large_image","twitter_misc":{"Tiempo de lectura":"1 minuto"},"schema":{"@context":"https:\/\/schema.org","@graph":[{"@type":"WebPage","@id":"https:\/\/kilim-age.com\/es\/producto\/kilim-turco-pequeno-autentico\/","url":"https:\/\/kilim-age.com\/es\/producto\/kilim-turco-pequeno-autentico\/","name":"Kilim Turco Peque\u00f1o Aut\u00e9ntico | Kilim-Age | Ofertas -30%","isPartOf":{"@id":"https:\/\/kilim-age.com\/en\/#website"},"primaryImageOfPage":{"@id":"https:\/\/kilim-age.com\/es\/producto\/kilim-turco-pequeno-autentico\/#primaryimage"},"image":{"@id":"https:\/\/kilim-age.com\/es\/producto\/kilim-turco-pequeno-autentico\/#primaryimage"},"thumbnailUrl":"https:\/\/www.kilim-age.com\/wp-content\/uploads\/2024\/05\/IMG_KA3060.jpg","datePublished":"2024-05-05T18:19:18+00:00","dateModified":"2024-12-20T11:41:21+00:00","description":"Kilim Turco Peque\u00f1o Aut\u00e9ntico. Sum\u00e9rgete en la rica tradici\u00f3n de Kilims de Turqu\u00eda con nuestros Alfombras y Kilims.","breadcrumb":{"@id":"https:\/\/kilim-age.com\/es\/producto\/kilim-turco-pequeno-autentico\/#breadcrumb"},"inLanguage":"es","potentialAction":[{"@type":"ReadAction","target":["https:\/\/kilim-age.com\/es\/producto\/kilim-turco-pequeno-autentico\/"]}]},{"@type":"ImageObject","inLanguage":"es","@id":"https:\/\/kilim-age.com\/es\/producto\/kilim-turco-pequeno-autentico\/#primaryimage","url":"https:\/\/www.kilim-age.com\/wp-content\/uploads\/2024\/05\/IMG_KA3060.jpg","contentUrl":"https:\/\/www.kilim-age.com\/wp-content\/uploads\/2024\/05\/IMG_KA3060.jpg","width":1000,"height":1300,"caption":"Kilim Turco Peque\u00f1o Aut\u00e9ntico"},{"@type":"BreadcrumbList","@id":"https:\/\/kilim-age.com\/es\/producto\/kilim-turco-pequeno-autentico\/#breadcrumb","itemListElement":[{"@type":"ListItem","position":1,"name":"Home","item":"https:\/\/kilim-age.com\/en\/"},{"@type":"ListItem","position":2,"name":"Shop","item":"https:\/\/kilim-age.com\/es\/shop\/"},{"@type":"ListItem","position":3,"name":"Kilim turco 83&#215;129 cm"}]},{"@type":"WebSite","@id":"https:\/\/kilim-age.com\/en\/#website","url":"https:\/\/kilim-age.com\/en\/","name":"Kilim-Age","description":"Somos especialistas en productos artesanales de Turqu\u00eda como Alfombras, y Kilims","potentialAction":[{"@type":"SearchAction","target":{"@type":"EntryPoint","urlTemplate":"https:\/\/kilim-age.com\/en\/?s={search_term_string}"},"query-input":{"@type":"PropertyValueSpecification","valueRequired":true,"valueName":"search_term_string"}}],"inLanguage":"es"}]}},"_links":{"self":[{"href":"https:\/\/www.kilim-age.com\/es\/wp-json\/wp\/v2\/product\/40777","targetHints":{"allow":["GET"]}}],"collection":[{"href":"https:\/\/www.kilim-age.com\/es\/wp-json\/wp\/v2\/product"}],"about":[{"href":"https:\/\/www.kilim-age.com\/es\/wp-json\/wp\/v2\/types\/product"}],"replies":[{"embeddable":true,"href":"https:\/\/www.kilim-age.com\/es\/wp-json\/wp\/v2\/comments?post=40777"}],"wp:featuredmedia":[{"embeddable":true,"href":"https:\/\/www.kilim-age.com\/es\/wp-json\/wp\/v2\/media\/40778"}],"wp:attachment":[{"href":"https:\/\/www.kilim-age.com\/es\/wp-json\/wp\/v2\/media?parent=40777"}],"wp:term":[{"taxonomy":"product_brand","embeddable":true,"href":"https:\/\/www.kilim-age.com\/es\/wp-json\/wp\/v2\/product_brand?post=40777"},{"taxonomy":"product_cat","embeddable":true,"href":"https:\/\/www.kilim-age.com\/es\/wp-json\/wp\/v2\/product_cat?post=40777"},{"taxonomy":"product_tag","embeddable":true,"href":"https:\/\/www.kilim-age.com\/es\/wp-json\/wp\/v2\/product_tag?post=40777"}],"curies":[{"name":"wp","href":"https:\/\/api.w.org\/{rel}","templated":true}]}}