{"id":40833,"date":"2024-05-06T18:50:24","date_gmt":"2024-05-06T16:50:24","guid":{"rendered":"https:\/\/www.kilim-age.com\/?post_type=product&#038;p=40833"},"modified":"2025-09-22T11:57:53","modified_gmt":"2025-09-22T09:57:53","slug":"kilim-colorido-artesanal","status":"publish","type":"product","link":"https:\/\/www.kilim-age.com\/es\/producto\/kilim-colorido-artesanal\/","title":{"rendered":"Kilim afgano 119&#215;182 cm"},"content":{"rendered":"<strong>Kilim Colorido Artesanal 119&#215;182 cm &#8211; Arte Textil Vibrante<\/strong><\/p>\n<p>Descubre la exuberancia del arte textil con nuestro <strong>Kilim Artesanal 119&#215;182 cm<\/strong>, tejido a mano por artesanos expertos. Este kilim, con su dise\u00f1o vibrante y tama\u00f1o conveniente, es perfecto para a\u00f1adir un toque de color y estilo a cualquier habitaci\u00f3n.<\/p>\n<p><strong>Caracter\u00edsticas Principales:<\/strong><\/p>\n<ul>\n<li><strong>Colores Vibrantes<\/strong>: Este kilim presenta una paleta de colores audaz que incluye tonos de turquesa, naranja, rojo y verde, junto con toques de gris y blanco, creando un dise\u00f1o que captura la atenci\u00f3n y enriquece cualquier espacio.<\/li>\n<li><strong>Dise\u00f1o Intrincado<\/strong>: Con un patr\u00f3n geom\u00e9trico que mezcla elementos tradicionales y modernos, este kilim es una obra de arte en s\u00ed mismo, ofreciendo tanto est\u00e9tica como historia en cada tejido.<\/li>\n<li><strong>Vers\u00e1til y Pr\u00e1ctico<\/strong>: Con medidas de 119&#215;182 cm, este kilim es ideal para salas de estar, dormitorios o incluso como una pieza destacada en pasillos y entradas.<\/li>\n<\/ul>","protected":false},"excerpt":{"rendered":"<p style=\"text-align: left;\">Hecho a mano<br \/>\nTama\u00f1o: 119\u00d7182 cm<br \/>\nEstado: Nuevo<br \/>\nOrigen: Turqu\u00eda<br \/>\nMaterial: Lana natural<br \/>\nGrosor aprox: 1-2 mm<br \/>\nColores: Naturales<br \/>\nLos colores de la alfombra se percibir\u00e1n de formas diferentes dependiendo del \u00e1ngulo de visi\u00f3n<br \/>\nPlazo de entrega: 2-5 d\u00edas h\u00e1biles en Espa\u00f1a.<br \/>\nEuropa: 5-7 d\u00edas h\u00e1biles, resto de continentes 7-10 d\u00edas.<\/p>\n","protected":false},"featured_media":40834,"comment_status":"open","ping_status":"closed","template":"","meta":[],"product_brand":[],"product_cat":[61,829],"product_tag":[72],"class_list":{"0":"post-40833","1":"product","2":"type-product","3":"status-publish","4":"has-post-thumbnail","6":"product_cat-kilims","7":"product_cat-toda-la-coleccion-kilim","8":"product_tag-kilim","9":"product_shipping_class-kilim-mediano","10":"pa_ancho-cm-992","11":"pa_ancho-cm-971","12":"pa_color-rojo","13":"pa_color-verde","14":"pa_largo-cm-1019","15":"pa_largo-cm-1050","17":"first","18":"outofstock","19":"sale","20":"sold-individually","21":"taxable","22":"shipping-taxable","23":"purchasable","24":"product-type-simple"},"yoast_head":"<!-- This site is optimized with the Yoast SEO plugin v24.8.1 - https:\/\/yoast.com\/wordpress\/plugins\/seo\/ -->\n<title>Kilim Colorido Artesanal | Kilim-Age | Comprar Kilim Online<\/title>\n<meta name=\"description\" content=\"Kilim Colorido Artesanal. A\u00f1ade este Kilim Artesanal a tu colecci\u00f3n y transforma cualquier \u00e1rea en un espacio lleno de vida y color.\" \/>\n<meta name=\"robots\" content=\"index, follow, max-snippet:-1, max-image-preview:large, max-video-preview:-1\" \/>\n<link rel=\"canonical\" href=\"https:\/\/www.kilim-age.com\/es\/producto\/kilim-colorido-artesanal\/\" \/>\n<meta property=\"og:locale\" content=\"es_ES\" \/>\n<meta property=\"og:type\" content=\"article\" \/>\n<meta property=\"og:title\" content=\"Kilim Colorido Artesanal | Kilim-Age | Comprar Kilim Online\" \/>\n<meta property=\"og:description\" content=\"Kilim Colorido Artesanal. A\u00f1ade este Kilim Artesanal a tu colecci\u00f3n y transforma cualquier \u00e1rea en un espacio lleno de vida y color.\" \/>\n<meta property=\"og:url\" content=\"https:\/\/www.kilim-age.com\/es\/producto\/kilim-colorido-artesanal\/\" \/>\n<meta property=\"og:site_name\" content=\"Kilim-Age\" \/>\n<meta property=\"article:modified_time\" content=\"2025-09-22T09:57:53+00:00\" \/>\n<meta property=\"og:image\" content=\"https:\/\/www.kilim-age.com\/wp-content\/uploads\/2024\/05\/IMG_KA1969.jpg\" \/>\n\t<meta property=\"og:image:width\" content=\"1000\" \/>\n\t<meta property=\"og:image:height\" content=\"1300\" \/>\n\t<meta property=\"og:image:type\" content=\"image\/jpeg\" \/>\n<meta name=\"twitter:card\" content=\"summary_large_image\" \/>\n<meta name=\"twitter:label1\" content=\"Tiempo de lectura\" \/>\n\t<meta name=\"twitter:data1\" content=\"1 minuto\" \/>\n<script type=\"application\/ld+json\" class=\"yoast-schema-graph\">{\"@context\":\"https:\/\/schema.org\",\"@graph\":[{\"@type\":\"WebPage\",\"@id\":\"https:\/\/www.kilim-age.com\/es\/producto\/kilim-colorido-artesanal\/\",\"url\":\"https:\/\/www.kilim-age.com\/es\/producto\/kilim-colorido-artesanal\/\",\"name\":\"Kilim Colorido Artesanal | Kilim-Age | Comprar Kilim Online\",\"isPartOf\":{\"@id\":\"https:\/\/www.kilim-age.com\/es\/#website\"},\"primaryImageOfPage\":{\"@id\":\"https:\/\/www.kilim-age.com\/es\/producto\/kilim-colorido-artesanal\/#primaryimage\"},\"image\":{\"@id\":\"https:\/\/www.kilim-age.com\/es\/producto\/kilim-colorido-artesanal\/#primaryimage\"},\"thumbnailUrl\":\"https:\/\/www.kilim-age.com\/wp-content\/uploads\/2024\/05\/IMG_KA1969.jpg\",\"datePublished\":\"2024-05-06T16:50:24+00:00\",\"dateModified\":\"2025-09-22T09:57:53+00:00\",\"description\":\"Kilim Colorido Artesanal. A\u00f1ade este Kilim Artesanal a tu colecci\u00f3n y transforma cualquier \u00e1rea en un espacio lleno de vida y color.\",\"breadcrumb\":{\"@id\":\"https:\/\/www.kilim-age.com\/es\/producto\/kilim-colorido-artesanal\/#breadcrumb\"},\"inLanguage\":\"es\",\"potentialAction\":[{\"@type\":\"ReadAction\",\"target\":[\"https:\/\/www.kilim-age.com\/es\/producto\/kilim-colorido-artesanal\/\"]}]},{\"@type\":\"ImageObject\",\"inLanguage\":\"es\",\"@id\":\"https:\/\/www.kilim-age.com\/es\/producto\/kilim-colorido-artesanal\/#primaryimage\",\"url\":\"https:\/\/www.kilim-age.com\/wp-content\/uploads\/2024\/05\/IMG_KA1969.jpg\",\"contentUrl\":\"https:\/\/www.kilim-age.com\/wp-content\/uploads\/2024\/05\/IMG_KA1969.jpg\",\"width\":1000,\"height\":1300,\"caption\":\"Kilim Colorido Artesanal\"},{\"@type\":\"BreadcrumbList\",\"@id\":\"https:\/\/www.kilim-age.com\/es\/producto\/kilim-colorido-artesanal\/#breadcrumb\",\"itemListElement\":[{\"@type\":\"ListItem\",\"position\":1,\"name\":\"Home\",\"item\":\"https:\/\/www.kilim-age.com\/es\/\"},{\"@type\":\"ListItem\",\"position\":2,\"name\":\"Shop\",\"item\":\"https:\/\/www.kilim-age.com\/es\/shop\/\"},{\"@type\":\"ListItem\",\"position\":3,\"name\":\"Kilim afgano 119&#215;182 cm\"}]},{\"@type\":\"WebSite\",\"@id\":\"https:\/\/www.kilim-age.com\/es\/#website\",\"url\":\"https:\/\/www.kilim-age.com\/es\/\",\"name\":\"Kilim-Age\",\"description\":\"Somos especialistas en productos artesanales de Turqu\u00eda como Alfombras, y Kilims\",\"potentialAction\":[{\"@type\":\"SearchAction\",\"target\":{\"@type\":\"EntryPoint\",\"urlTemplate\":\"https:\/\/www.kilim-age.com\/es\/?s={search_term_string}\"},\"query-input\":{\"@type\":\"PropertyValueSpecification\",\"valueRequired\":true,\"valueName\":\"search_term_string\"}}],\"inLanguage\":\"es\"}]}<\/script>\n<!-- \/ Yoast SEO plugin. -->","yoast_head_json":{"title":"Kilim Colorido Artesanal | Kilim-Age | Comprar Kilim Online","description":"Kilim Colorido Artesanal. A\u00f1ade este Kilim Artesanal a tu colecci\u00f3n y transforma cualquier \u00e1rea en un espacio lleno de vida y color.","robots":{"index":"index","follow":"follow","max-snippet":"max-snippet:-1","max-image-preview":"max-image-preview:large","max-video-preview":"max-video-preview:-1"},"canonical":"https:\/\/www.kilim-age.com\/es\/producto\/kilim-colorido-artesanal\/","og_locale":"es_ES","og_type":"article","og_title":"Kilim Colorido Artesanal | Kilim-Age | Comprar Kilim Online","og_description":"Kilim Colorido Artesanal. A\u00f1ade este Kilim Artesanal a tu colecci\u00f3n y transforma cualquier \u00e1rea en un espacio lleno de vida y color.","og_url":"https:\/\/www.kilim-age.com\/es\/producto\/kilim-colorido-artesanal\/","og_site_name":"Kilim-Age","article_modified_time":"2025-09-22T09:57:53+00:00","og_image":[{"width":1000,"height":1300,"url":"https:\/\/www.kilim-age.com\/wp-content\/uploads\/2024\/05\/IMG_KA1969.jpg","type":"image\/jpeg"}],"twitter_card":"summary_large_image","twitter_misc":{"Tiempo de lectura":"1 minuto"},"schema":{"@context":"https:\/\/schema.org","@graph":[{"@type":"WebPage","@id":"https:\/\/www.kilim-age.com\/es\/producto\/kilim-colorido-artesanal\/","url":"https:\/\/www.kilim-age.com\/es\/producto\/kilim-colorido-artesanal\/","name":"Kilim Colorido Artesanal | Kilim-Age | Comprar Kilim Online","isPartOf":{"@id":"https:\/\/www.kilim-age.com\/es\/#website"},"primaryImageOfPage":{"@id":"https:\/\/www.kilim-age.com\/es\/producto\/kilim-colorido-artesanal\/#primaryimage"},"image":{"@id":"https:\/\/www.kilim-age.com\/es\/producto\/kilim-colorido-artesanal\/#primaryimage"},"thumbnailUrl":"https:\/\/www.kilim-age.com\/wp-content\/uploads\/2024\/05\/IMG_KA1969.jpg","datePublished":"2024-05-06T16:50:24+00:00","dateModified":"2025-09-22T09:57:53+00:00","description":"Kilim Colorido Artesanal. A\u00f1ade este Kilim Artesanal a tu colecci\u00f3n y transforma cualquier \u00e1rea en un espacio lleno de vida y color.","breadcrumb":{"@id":"https:\/\/www.kilim-age.com\/es\/producto\/kilim-colorido-artesanal\/#breadcrumb"},"inLanguage":"es","potentialAction":[{"@type":"ReadAction","target":["https:\/\/www.kilim-age.com\/es\/producto\/kilim-colorido-artesanal\/"]}]},{"@type":"ImageObject","inLanguage":"es","@id":"https:\/\/www.kilim-age.com\/es\/producto\/kilim-colorido-artesanal\/#primaryimage","url":"https:\/\/www.kilim-age.com\/wp-content\/uploads\/2024\/05\/IMG_KA1969.jpg","contentUrl":"https:\/\/www.kilim-age.com\/wp-content\/uploads\/2024\/05\/IMG_KA1969.jpg","width":1000,"height":1300,"caption":"Kilim Colorido Artesanal"},{"@type":"BreadcrumbList","@id":"https:\/\/www.kilim-age.com\/es\/producto\/kilim-colorido-artesanal\/#breadcrumb","itemListElement":[{"@type":"ListItem","position":1,"name":"Home","item":"https:\/\/www.kilim-age.com\/es\/"},{"@type":"ListItem","position":2,"name":"Shop","item":"https:\/\/www.kilim-age.com\/es\/shop\/"},{"@type":"ListItem","position":3,"name":"Kilim afgano 119&#215;182 cm"}]},{"@type":"WebSite","@id":"https:\/\/www.kilim-age.com\/es\/#website","url":"https:\/\/www.kilim-age.com\/es\/","name":"Kilim-Age","description":"Somos especialistas en productos artesanales de Turqu\u00eda como Alfombras, y Kilims","potentialAction":[{"@type":"SearchAction","target":{"@type":"EntryPoint","urlTemplate":"https:\/\/www.kilim-age.com\/es\/?s={search_term_string}"},"query-input":{"@type":"PropertyValueSpecification","valueRequired":true,"valueName":"search_term_string"}}],"inLanguage":"es"}]}},"_links":{"self":[{"href":"https:\/\/www.kilim-age.com\/es\/wp-json\/wp\/v2\/product\/40833","targetHints":{"allow":["GET"]}}],"collection":[{"href":"https:\/\/www.kilim-age.com\/es\/wp-json\/wp\/v2\/product"}],"about":[{"href":"https:\/\/www.kilim-age.com\/es\/wp-json\/wp\/v2\/types\/product"}],"replies":[{"embeddable":true,"href":"https:\/\/www.kilim-age.com\/es\/wp-json\/wp\/v2\/comments?post=40833"}],"wp:featuredmedia":[{"embeddable":true,"href":"https:\/\/www.kilim-age.com\/es\/wp-json\/wp\/v2\/media\/40834"}],"wp:attachment":[{"href":"https:\/\/www.kilim-age.com\/es\/wp-json\/wp\/v2\/media?parent=40833"}],"wp:term":[{"taxonomy":"product_brand","embeddable":true,"href":"https:\/\/www.kilim-age.com\/es\/wp-json\/wp\/v2\/product_brand?post=40833"},{"taxonomy":"product_cat","embeddable":true,"href":"https:\/\/www.kilim-age.com\/es\/wp-json\/wp\/v2\/product_cat?post=40833"},{"taxonomy":"product_tag","embeddable":true,"href":"https:\/\/www.kilim-age.com\/es\/wp-json\/wp\/v2\/product_tag?post=40833"}],"curies":[{"name":"wp","href":"https:\/\/api.w.org\/{rel}","templated":true}]}}