{"id":40855,"date":"2024-05-07T12:19:40","date_gmt":"2024-05-07T10:19:40","guid":{"rendered":"https:\/\/www.kilim-age.com\/?post_type=product&#038;p=40855"},"modified":"2024-12-20T12:40:16","modified_gmt":"2024-12-20T11:40:16","slug":"kilim-turco-artesanal-pequeno","status":"publish","type":"product","link":"https:\/\/www.kilim-age.com\/es\/producto\/kilim-turco-artesanal-pequeno\/","title":{"rendered":"Kilim turco 86&#215;116 cm"},"content":{"rendered":"<strong>Aut\u00e9ntico Kilim Turco Artesanal<\/strong><\/p>\n<p>Kilim Turco Artesanal Peque\u00f1o, descubre la artesan\u00eda vibrante y colorida con nuestro Kilim Turco Artesanal, una pieza excepcional que a\u00f1ade un toque de tradici\u00f3n y estilo a cualquier espacio. Este kilim peque\u00f1o, con dimensiones ideales para \u00e1reas compactas, es perfecto para agregar color y patr\u00f3n sin abrumar el espacio.<\/p>\n<p><strong>Caracter\u00edsticas del Producto:<\/strong><\/p>\n<ul>\n<li><strong>Dise\u00f1o Vibrante:<\/strong> Este kilim cuenta con un dise\u00f1o geom\u00e9trico impresionante, presentando una combinaci\u00f3n audaz de colores como el naranja, rojo, azul turquesa y morado, que capturan la esencia del arte turco.<\/li>\n<li><strong>Calidad Artesanal:<\/strong> Tejido a mano por artesanos habilidosos, cada kilim es \u00fanico y refleja las t\u00e9cnicas de tejido tradicionales turcas.<\/li>\n<li><strong>Tama\u00f1o Pr\u00e1ctico:<\/strong> Con medidas de 86x116m, este kilim es ideal para colocar en pasillos, peque\u00f1as salas de estar o como un acento llamativo en tu oficina.<\/li>\n<\/ul>\n<p>Perfecto para aquellos que valoran tanto la est\u00e9tica como la autenticidad, este Kilim Turco Artesanal no es solo una decoraci\u00f3n, sino una pieza de arte que cuenta una historia a trav\u00e9s de su dise\u00f1o y colores vibrantes. Su tama\u00f1o y dise\u00f1o lo hacen vers\u00e1til para una variedad de espacios, garantizando que se destacar\u00e1 en cualquier entorno.","protected":false},"excerpt":{"rendered":"<p>Hecho a mano<br \/>\nTama\u00f1o: 86\u00d7116 cm<br \/>\nEstado: Nuevo<br \/>\nOrigen: Turqu\u00eda<br \/>\nMaterial: Lana natural<br \/>\nGrosor aprox: 1-2 mm<br \/>\nColores: Naturales<br \/>\nLos colores de la alfombra se percibir\u00e1n de formas diferentes dependiendo del \u00e1ngulo de visi\u00f3n<br \/>\nPlazo de entrega: 2-5 d\u00edas h\u00e1biles en Espa\u00f1a.<br \/>\nEuropa: 5-7 d\u00edas h\u00e1biles, resto de continentes 7-10 d\u00edas.<\/p>\n","protected":false},"featured_media":40856,"comment_status":"open","ping_status":"closed","template":"","meta":[],"product_brand":[],"product_cat":[61,829],"product_tag":[72],"class_list":{"0":"post-40855","1":"product","2":"type-product","3":"status-publish","4":"has-post-thumbnail","6":"product_cat-kilims","7":"product_cat-toda-la-coleccion-kilim","8":"product_tag-kilim","9":"product_shipping_class-kilim-pequeno","10":"pa_ancho-cm-960","11":"pa_ancho-cm-1002","12":"pa_color-azul","13":"pa_color-naranja","14":"pa_color-rojo","15":"pa_largo-cm-989","16":"pa_largo-cm-994","18":"first","19":"outofstock","20":"sale","21":"sold-individually","22":"taxable","23":"shipping-taxable","24":"purchasable","25":"product-type-simple"},"yoast_head":"<!-- This site is optimized with the Yoast SEO plugin v24.8.1 - https:\/\/yoast.com\/wordpress\/plugins\/seo\/ -->\n<title>Kilim Turco Artesanal Peque\u00f1o | Kilim-Age | Comprar Kilim Online<\/title>\n<meta name=\"description\" content=\"Descubre la artesan\u00eda vibrante y colorida con nuestro Kilim Artesanal, una pieza excepcional que a\u00f1ade un toque de estilo a cualquier espacio.\" \/>\n<meta name=\"robots\" content=\"index, follow, max-snippet:-1, max-image-preview:large, max-video-preview:-1\" \/>\n<link rel=\"canonical\" href=\"https:\/\/www.kilim-age.com\/es\/producto\/kilim-turco-artesanal-pequeno\/\" \/>\n<meta property=\"og:locale\" content=\"es_ES\" \/>\n<meta property=\"og:type\" content=\"article\" \/>\n<meta property=\"og:title\" content=\"Kilim Turco Artesanal Peque\u00f1o | Kilim-Age | Comprar Kilim Online\" \/>\n<meta property=\"og:description\" content=\"Descubre la artesan\u00eda vibrante y colorida con nuestro Kilim Artesanal, una pieza excepcional que a\u00f1ade un toque de estilo a cualquier espacio.\" \/>\n<meta property=\"og:url\" content=\"https:\/\/www.kilim-age.com\/es\/producto\/kilim-turco-artesanal-pequeno\/\" \/>\n<meta property=\"og:site_name\" content=\"Kilim-Age\" \/>\n<meta property=\"article:modified_time\" content=\"2024-12-20T11:40:16+00:00\" \/>\n<meta property=\"og:image\" content=\"https:\/\/www.kilim-age.com\/wp-content\/uploads\/2024\/05\/IMG_KA3073.jpg\" \/>\n\t<meta property=\"og:image:width\" content=\"1000\" \/>\n\t<meta property=\"og:image:height\" content=\"1300\" \/>\n\t<meta property=\"og:image:type\" content=\"image\/jpeg\" \/>\n<meta name=\"twitter:card\" content=\"summary_large_image\" \/>\n<meta name=\"twitter:label1\" content=\"Tiempo de lectura\" \/>\n\t<meta name=\"twitter:data1\" content=\"1 minuto\" \/>\n<script type=\"application\/ld+json\" class=\"yoast-schema-graph\">{\"@context\":\"https:\/\/schema.org\",\"@graph\":[{\"@type\":\"WebPage\",\"@id\":\"https:\/\/www.kilim-age.com\/es\/producto\/kilim-turco-artesanal-pequeno\/\",\"url\":\"https:\/\/www.kilim-age.com\/es\/producto\/kilim-turco-artesanal-pequeno\/\",\"name\":\"Kilim Turco Artesanal Peque\u00f1o | Kilim-Age | Comprar Kilim Online\",\"isPartOf\":{\"@id\":\"https:\/\/kilim-age.com\/en\/#website\"},\"primaryImageOfPage\":{\"@id\":\"https:\/\/www.kilim-age.com\/es\/producto\/kilim-turco-artesanal-pequeno\/#primaryimage\"},\"image\":{\"@id\":\"https:\/\/www.kilim-age.com\/es\/producto\/kilim-turco-artesanal-pequeno\/#primaryimage\"},\"thumbnailUrl\":\"https:\/\/www.kilim-age.com\/wp-content\/uploads\/2024\/05\/IMG_KA3073.jpg\",\"datePublished\":\"2024-05-07T10:19:40+00:00\",\"dateModified\":\"2024-12-20T11:40:16+00:00\",\"description\":\"Descubre la artesan\u00eda vibrante y colorida con nuestro Kilim Artesanal, una pieza excepcional que a\u00f1ade un toque de estilo a cualquier espacio.\",\"breadcrumb\":{\"@id\":\"https:\/\/www.kilim-age.com\/es\/producto\/kilim-turco-artesanal-pequeno\/#breadcrumb\"},\"inLanguage\":\"es\",\"potentialAction\":[{\"@type\":\"ReadAction\",\"target\":[\"https:\/\/www.kilim-age.com\/es\/producto\/kilim-turco-artesanal-pequeno\/\"]}]},{\"@type\":\"ImageObject\",\"inLanguage\":\"es\",\"@id\":\"https:\/\/www.kilim-age.com\/es\/producto\/kilim-turco-artesanal-pequeno\/#primaryimage\",\"url\":\"https:\/\/www.kilim-age.com\/wp-content\/uploads\/2024\/05\/IMG_KA3073.jpg\",\"contentUrl\":\"https:\/\/www.kilim-age.com\/wp-content\/uploads\/2024\/05\/IMG_KA3073.jpg\",\"width\":1000,\"height\":1300,\"caption\":\"Kilim Turco Artesanal Peque\u00f1o\"},{\"@type\":\"BreadcrumbList\",\"@id\":\"https:\/\/www.kilim-age.com\/es\/producto\/kilim-turco-artesanal-pequeno\/#breadcrumb\",\"itemListElement\":[{\"@type\":\"ListItem\",\"position\":1,\"name\":\"Home\",\"item\":\"https:\/\/kilim-age.com\/en\/\"},{\"@type\":\"ListItem\",\"position\":2,\"name\":\"Shop\",\"item\":\"https:\/\/kilim-age.com\/es\/shop\/\"},{\"@type\":\"ListItem\",\"position\":3,\"name\":\"Kilim turco 86&#215;116 cm\"}]},{\"@type\":\"WebSite\",\"@id\":\"https:\/\/kilim-age.com\/en\/#website\",\"url\":\"https:\/\/kilim-age.com\/en\/\",\"name\":\"Kilim-Age\",\"description\":\"Somos especialistas en productos artesanales de Turqu\u00eda como Alfombras, y Kilims\",\"potentialAction\":[{\"@type\":\"SearchAction\",\"target\":{\"@type\":\"EntryPoint\",\"urlTemplate\":\"https:\/\/kilim-age.com\/en\/?s={search_term_string}\"},\"query-input\":{\"@type\":\"PropertyValueSpecification\",\"valueRequired\":true,\"valueName\":\"search_term_string\"}}],\"inLanguage\":\"es\"}]}<\/script>\n<!-- \/ Yoast SEO plugin. -->","yoast_head_json":{"title":"Kilim Turco Artesanal Peque\u00f1o | Kilim-Age | Comprar Kilim Online","description":"Descubre la artesan\u00eda vibrante y colorida con nuestro Kilim Artesanal, una pieza excepcional que a\u00f1ade un toque de estilo a cualquier espacio.","robots":{"index":"index","follow":"follow","max-snippet":"max-snippet:-1","max-image-preview":"max-image-preview:large","max-video-preview":"max-video-preview:-1"},"canonical":"https:\/\/www.kilim-age.com\/es\/producto\/kilim-turco-artesanal-pequeno\/","og_locale":"es_ES","og_type":"article","og_title":"Kilim Turco Artesanal Peque\u00f1o | Kilim-Age | Comprar Kilim Online","og_description":"Descubre la artesan\u00eda vibrante y colorida con nuestro Kilim Artesanal, una pieza excepcional que a\u00f1ade un toque de estilo a cualquier espacio.","og_url":"https:\/\/www.kilim-age.com\/es\/producto\/kilim-turco-artesanal-pequeno\/","og_site_name":"Kilim-Age","article_modified_time":"2024-12-20T11:40:16+00:00","og_image":[{"width":1000,"height":1300,"url":"https:\/\/www.kilim-age.com\/wp-content\/uploads\/2024\/05\/IMG_KA3073.jpg","type":"image\/jpeg"}],"twitter_card":"summary_large_image","twitter_misc":{"Tiempo de lectura":"1 minuto"},"schema":{"@context":"https:\/\/schema.org","@graph":[{"@type":"WebPage","@id":"https:\/\/www.kilim-age.com\/es\/producto\/kilim-turco-artesanal-pequeno\/","url":"https:\/\/www.kilim-age.com\/es\/producto\/kilim-turco-artesanal-pequeno\/","name":"Kilim Turco Artesanal Peque\u00f1o | Kilim-Age | Comprar Kilim Online","isPartOf":{"@id":"https:\/\/kilim-age.com\/en\/#website"},"primaryImageOfPage":{"@id":"https:\/\/www.kilim-age.com\/es\/producto\/kilim-turco-artesanal-pequeno\/#primaryimage"},"image":{"@id":"https:\/\/www.kilim-age.com\/es\/producto\/kilim-turco-artesanal-pequeno\/#primaryimage"},"thumbnailUrl":"https:\/\/www.kilim-age.com\/wp-content\/uploads\/2024\/05\/IMG_KA3073.jpg","datePublished":"2024-05-07T10:19:40+00:00","dateModified":"2024-12-20T11:40:16+00:00","description":"Descubre la artesan\u00eda vibrante y colorida con nuestro Kilim Artesanal, una pieza excepcional que a\u00f1ade un toque de estilo a cualquier espacio.","breadcrumb":{"@id":"https:\/\/www.kilim-age.com\/es\/producto\/kilim-turco-artesanal-pequeno\/#breadcrumb"},"inLanguage":"es","potentialAction":[{"@type":"ReadAction","target":["https:\/\/www.kilim-age.com\/es\/producto\/kilim-turco-artesanal-pequeno\/"]}]},{"@type":"ImageObject","inLanguage":"es","@id":"https:\/\/www.kilim-age.com\/es\/producto\/kilim-turco-artesanal-pequeno\/#primaryimage","url":"https:\/\/www.kilim-age.com\/wp-content\/uploads\/2024\/05\/IMG_KA3073.jpg","contentUrl":"https:\/\/www.kilim-age.com\/wp-content\/uploads\/2024\/05\/IMG_KA3073.jpg","width":1000,"height":1300,"caption":"Kilim Turco Artesanal Peque\u00f1o"},{"@type":"BreadcrumbList","@id":"https:\/\/www.kilim-age.com\/es\/producto\/kilim-turco-artesanal-pequeno\/#breadcrumb","itemListElement":[{"@type":"ListItem","position":1,"name":"Home","item":"https:\/\/kilim-age.com\/en\/"},{"@type":"ListItem","position":2,"name":"Shop","item":"https:\/\/kilim-age.com\/es\/shop\/"},{"@type":"ListItem","position":3,"name":"Kilim turco 86&#215;116 cm"}]},{"@type":"WebSite","@id":"https:\/\/kilim-age.com\/en\/#website","url":"https:\/\/kilim-age.com\/en\/","name":"Kilim-Age","description":"Somos especialistas en productos artesanales de Turqu\u00eda como Alfombras, y Kilims","potentialAction":[{"@type":"SearchAction","target":{"@type":"EntryPoint","urlTemplate":"https:\/\/kilim-age.com\/en\/?s={search_term_string}"},"query-input":{"@type":"PropertyValueSpecification","valueRequired":true,"valueName":"search_term_string"}}],"inLanguage":"es"}]}},"_links":{"self":[{"href":"https:\/\/www.kilim-age.com\/es\/wp-json\/wp\/v2\/product\/40855","targetHints":{"allow":["GET"]}}],"collection":[{"href":"https:\/\/www.kilim-age.com\/es\/wp-json\/wp\/v2\/product"}],"about":[{"href":"https:\/\/www.kilim-age.com\/es\/wp-json\/wp\/v2\/types\/product"}],"replies":[{"embeddable":true,"href":"https:\/\/www.kilim-age.com\/es\/wp-json\/wp\/v2\/comments?post=40855"}],"wp:featuredmedia":[{"embeddable":true,"href":"https:\/\/www.kilim-age.com\/es\/wp-json\/wp\/v2\/media\/40856"}],"wp:attachment":[{"href":"https:\/\/www.kilim-age.com\/es\/wp-json\/wp\/v2\/media?parent=40855"}],"wp:term":[{"taxonomy":"product_brand","embeddable":true,"href":"https:\/\/www.kilim-age.com\/es\/wp-json\/wp\/v2\/product_brand?post=40855"},{"taxonomy":"product_cat","embeddable":true,"href":"https:\/\/www.kilim-age.com\/es\/wp-json\/wp\/v2\/product_cat?post=40855"},{"taxonomy":"product_tag","embeddable":true,"href":"https:\/\/www.kilim-age.com\/es\/wp-json\/wp\/v2\/product_tag?post=40855"}],"curies":[{"name":"wp","href":"https:\/\/api.w.org\/{rel}","templated":true}]}}