{"id":40925,"date":"2024-05-07T20:09:23","date_gmt":"2024-05-07T18:09:23","guid":{"rendered":"https:\/\/www.kilim-age.com\/?post_type=product&#038;p=40925"},"modified":"2024-05-07T20:09:23","modified_gmt":"2024-05-07T18:09:23","slug":"kilim-soumak-bordado-artesanal","status":"publish","type":"product","link":"https:\/\/www.kilim-age.com\/es\/producto\/kilim-soumak-bordado-artesanal\/","title":{"rendered":"Kilim soumak 64&#215;281 cm"},"content":{"rendered":"<strong>Exquisito Kilim Soumak Bordado Artesanal<\/strong><\/p>\n<p>Descubre el encanto y la maestr\u00eda en nuestro Kilim Soumak Bordado, una verdadera obra de arte textil. Con medidas de 64&#215;281 cm, esta pieza artesanal es perfecta para a\u00f1adir un toque de elegancia y cultura a cualquier espacio. Elaborado meticulosamente con una t\u00e9cnica de tejido y bordado que data de siglos atr\u00e1s, este kilim no solo decora, sino que narra historias a trav\u00e9s de sus intrincados patrones y vibrantes colores.<\/p>\n<p><strong>Caracter\u00edsticas destacadas:<\/strong><\/p>\n<ul>\n<li><strong>Dise\u00f1o Intrincado:<\/strong> Este kilim presenta un dise\u00f1o complejo con figuras geom\u00e9tricas y simb\u00f3licas en una paleta de colores que incluye rojos intensos, negros profundos y toques de blanco, amarillo y azul, ofreciendo una riqueza visual sin igual.<\/li>\n<li><strong>T\u00e9cnica de Soumak:<\/strong> Reconocida por su durabilidad y complejidad, la t\u00e9cnica de Soumak emplea hilos envueltos para crear un tejido plano sin pelo, que es tanto decorativo como resistente.<\/li>\n<li><strong>Versatilidad Decorativa:<\/strong> Ideal para colocar en pasillos, salas de estar o como punto focal en cualquier habitaci\u00f3n, este kilim es tan funcional como hermoso.<\/li>\n<\/ul>\n<p>Este Kilim Soumak Bordado no es simplemente un elemento decorativo, sino una inversi\u00f3n en arte y tradici\u00f3n que seguir\u00e1 enriqueciendo su hogar con el paso del tiempo.","protected":false},"excerpt":{"rendered":"<p>Fabricaci\u00f3n: Hecho a mano<br \/>\nTama\u00f1o: 64&#215;281 cm<br \/>\nEstado: Nuevo<br \/>\nOrigen: Iran \/ Kilim persa<br \/>\nMaterial: Seda \/ Algod\u00f3n<br \/>\nGrosor aprox: 2-3 mm<br \/>\nTe\u00f1ido con colores naturales<br \/>\nPlazo de entrega: 2-5 d\u00edas h\u00e1biles en Espa\u00f1a peninsular.<br \/>\nEuropa: 5-7 d\u00edas h\u00e1biles, resto de continentes 7-10 d\u00edas.<\/p>\n","protected":false},"featured_media":40926,"comment_status":"open","ping_status":"closed","template":"","meta":[],"product_brand":[],"product_cat":[61,829,783],"product_tag":[1067],"class_list":{"0":"post-40925","1":"product","2":"type-product","3":"status-publish","4":"has-post-thumbnail","6":"product_cat-kilims","7":"product_cat-toda-la-coleccion-kilim","8":"product_cat-kilim-pasilleros","9":"product_tag-kilim-para-pasillo","10":"product_shipping_class-kilim-mediano","11":"pa_ancho-cm-1041","12":"pa_ancho-cm-960","13":"pa_color-beige","14":"pa_color-rojo","15":"pa_largo-cm-1048","16":"pa_largo-cm-1009","17":"pa_largo-cm-888","19":"first","20":"instock","21":"sale","22":"sold-individually","23":"taxable","24":"shipping-taxable","25":"purchasable","26":"product-type-simple"},"yoast_head":"<!-- This site is optimized with the Yoast SEO plugin v24.8.1 - https:\/\/yoast.com\/wordpress\/plugins\/seo\/ -->\n<title>Kilim Soumak Bordado Artesanal | Kilim-Age | Kilim de Pasillo<\/title>\n<meta name=\"description\" content=\"Kilim Soumak Bordado Artesanal. Descubre el encanto y la maestr\u00eda en nuestro Kilim Bordado, una verdadera obra de arte.\" \/>\n<meta name=\"robots\" content=\"index, follow, max-snippet:-1, max-image-preview:large, max-video-preview:-1\" \/>\n<link rel=\"canonical\" href=\"https:\/\/kilim-age.com\/es\/producto\/kilim-soumak-bordado-artesanal\/\" \/>\n<meta property=\"og:locale\" content=\"es_ES\" \/>\n<meta property=\"og:type\" content=\"article\" \/>\n<meta property=\"og:title\" content=\"Kilim Soumak Bordado Artesanal | Kilim-Age | Kilim de Pasillo\" \/>\n<meta property=\"og:description\" content=\"Kilim Soumak Bordado Artesanal. Descubre el encanto y la maestr\u00eda en nuestro Kilim Bordado, una verdadera obra de arte.\" \/>\n<meta property=\"og:url\" content=\"https:\/\/kilim-age.com\/es\/producto\/kilim-soumak-bordado-artesanal\/\" \/>\n<meta property=\"og:site_name\" content=\"Kilim-Age\" \/>\n<meta property=\"og:image\" content=\"https:\/\/kilim-age.com\/wp-content\/uploads\/2024\/05\/IMG_KA2001.jpg\" \/>\n\t<meta property=\"og:image:width\" content=\"1000\" \/>\n\t<meta property=\"og:image:height\" content=\"1300\" \/>\n\t<meta property=\"og:image:type\" content=\"image\/jpeg\" \/>\n<meta name=\"twitter:card\" content=\"summary_large_image\" \/>\n<meta name=\"twitter:label1\" content=\"Tiempo de lectura\" \/>\n\t<meta name=\"twitter:data1\" content=\"1 minuto\" \/>\n<script type=\"application\/ld+json\" class=\"yoast-schema-graph\">{\"@context\":\"https:\/\/schema.org\",\"@graph\":[{\"@type\":\"WebPage\",\"@id\":\"https:\/\/kilim-age.com\/es\/producto\/kilim-soumak-bordado-artesanal\/\",\"url\":\"https:\/\/kilim-age.com\/es\/producto\/kilim-soumak-bordado-artesanal\/\",\"name\":\"Kilim Soumak Bordado Artesanal | Kilim-Age | Kilim de Pasillo\",\"isPartOf\":{\"@id\":\"https:\/\/www.kilim-age.com\/es\/#website\"},\"primaryImageOfPage\":{\"@id\":\"https:\/\/kilim-age.com\/es\/producto\/kilim-soumak-bordado-artesanal\/#primaryimage\"},\"image\":{\"@id\":\"https:\/\/kilim-age.com\/es\/producto\/kilim-soumak-bordado-artesanal\/#primaryimage\"},\"thumbnailUrl\":\"https:\/\/www.kilim-age.com\/wp-content\/uploads\/2024\/05\/IMG_KA2001.jpg\",\"datePublished\":\"2024-05-07T18:09:23+00:00\",\"description\":\"Kilim Soumak Bordado Artesanal. Descubre el encanto y la maestr\u00eda en nuestro Kilim Bordado, una verdadera obra de arte.\",\"breadcrumb\":{\"@id\":\"https:\/\/kilim-age.com\/es\/producto\/kilim-soumak-bordado-artesanal\/#breadcrumb\"},\"inLanguage\":\"es\",\"potentialAction\":[{\"@type\":\"ReadAction\",\"target\":[\"https:\/\/kilim-age.com\/es\/producto\/kilim-soumak-bordado-artesanal\/\"]}]},{\"@type\":\"ImageObject\",\"inLanguage\":\"es\",\"@id\":\"https:\/\/kilim-age.com\/es\/producto\/kilim-soumak-bordado-artesanal\/#primaryimage\",\"url\":\"https:\/\/www.kilim-age.com\/wp-content\/uploads\/2024\/05\/IMG_KA2001.jpg\",\"contentUrl\":\"https:\/\/www.kilim-age.com\/wp-content\/uploads\/2024\/05\/IMG_KA2001.jpg\",\"width\":1000,\"height\":1300,\"caption\":\"Kilim Soumak Bordado Artesanal\"},{\"@type\":\"BreadcrumbList\",\"@id\":\"https:\/\/kilim-age.com\/es\/producto\/kilim-soumak-bordado-artesanal\/#breadcrumb\",\"itemListElement\":[{\"@type\":\"ListItem\",\"position\":1,\"name\":\"Home\",\"item\":\"https:\/\/www.kilim-age.com\/es\/\"},{\"@type\":\"ListItem\",\"position\":2,\"name\":\"Shop\",\"item\":\"https:\/\/www.kilim-age.com\/es\/shop\/\"},{\"@type\":\"ListItem\",\"position\":3,\"name\":\"Kilim soumak 64&#215;281 cm\"}]},{\"@type\":\"WebSite\",\"@id\":\"https:\/\/www.kilim-age.com\/es\/#website\",\"url\":\"https:\/\/www.kilim-age.com\/es\/\",\"name\":\"Kilim-Age\",\"description\":\"Somos especialistas en productos artesanales de Turqu\u00eda como Alfombras, y Kilims\",\"potentialAction\":[{\"@type\":\"SearchAction\",\"target\":{\"@type\":\"EntryPoint\",\"urlTemplate\":\"https:\/\/www.kilim-age.com\/es\/?s={search_term_string}\"},\"query-input\":{\"@type\":\"PropertyValueSpecification\",\"valueRequired\":true,\"valueName\":\"search_term_string\"}}],\"inLanguage\":\"es\"}]}<\/script>\n<!-- \/ Yoast SEO plugin. -->","yoast_head_json":{"title":"Kilim Soumak Bordado Artesanal | Kilim-Age | Kilim de Pasillo","description":"Kilim Soumak Bordado Artesanal. Descubre el encanto y la maestr\u00eda en nuestro Kilim Bordado, una verdadera obra de arte.","robots":{"index":"index","follow":"follow","max-snippet":"max-snippet:-1","max-image-preview":"max-image-preview:large","max-video-preview":"max-video-preview:-1"},"canonical":"https:\/\/kilim-age.com\/es\/producto\/kilim-soumak-bordado-artesanal\/","og_locale":"es_ES","og_type":"article","og_title":"Kilim Soumak Bordado Artesanal | Kilim-Age | Kilim de Pasillo","og_description":"Kilim Soumak Bordado Artesanal. Descubre el encanto y la maestr\u00eda en nuestro Kilim Bordado, una verdadera obra de arte.","og_url":"https:\/\/kilim-age.com\/es\/producto\/kilim-soumak-bordado-artesanal\/","og_site_name":"Kilim-Age","og_image":[{"width":1000,"height":1300,"url":"https:\/\/kilim-age.com\/wp-content\/uploads\/2024\/05\/IMG_KA2001.jpg","type":"image\/jpeg"}],"twitter_card":"summary_large_image","twitter_misc":{"Tiempo de lectura":"1 minuto"},"schema":{"@context":"https:\/\/schema.org","@graph":[{"@type":"WebPage","@id":"https:\/\/kilim-age.com\/es\/producto\/kilim-soumak-bordado-artesanal\/","url":"https:\/\/kilim-age.com\/es\/producto\/kilim-soumak-bordado-artesanal\/","name":"Kilim Soumak Bordado Artesanal | Kilim-Age | Kilim de Pasillo","isPartOf":{"@id":"https:\/\/www.kilim-age.com\/es\/#website"},"primaryImageOfPage":{"@id":"https:\/\/kilim-age.com\/es\/producto\/kilim-soumak-bordado-artesanal\/#primaryimage"},"image":{"@id":"https:\/\/kilim-age.com\/es\/producto\/kilim-soumak-bordado-artesanal\/#primaryimage"},"thumbnailUrl":"https:\/\/www.kilim-age.com\/wp-content\/uploads\/2024\/05\/IMG_KA2001.jpg","datePublished":"2024-05-07T18:09:23+00:00","description":"Kilim Soumak Bordado Artesanal. Descubre el encanto y la maestr\u00eda en nuestro Kilim Bordado, una verdadera obra de arte.","breadcrumb":{"@id":"https:\/\/kilim-age.com\/es\/producto\/kilim-soumak-bordado-artesanal\/#breadcrumb"},"inLanguage":"es","potentialAction":[{"@type":"ReadAction","target":["https:\/\/kilim-age.com\/es\/producto\/kilim-soumak-bordado-artesanal\/"]}]},{"@type":"ImageObject","inLanguage":"es","@id":"https:\/\/kilim-age.com\/es\/producto\/kilim-soumak-bordado-artesanal\/#primaryimage","url":"https:\/\/www.kilim-age.com\/wp-content\/uploads\/2024\/05\/IMG_KA2001.jpg","contentUrl":"https:\/\/www.kilim-age.com\/wp-content\/uploads\/2024\/05\/IMG_KA2001.jpg","width":1000,"height":1300,"caption":"Kilim Soumak Bordado Artesanal"},{"@type":"BreadcrumbList","@id":"https:\/\/kilim-age.com\/es\/producto\/kilim-soumak-bordado-artesanal\/#breadcrumb","itemListElement":[{"@type":"ListItem","position":1,"name":"Home","item":"https:\/\/www.kilim-age.com\/es\/"},{"@type":"ListItem","position":2,"name":"Shop","item":"https:\/\/www.kilim-age.com\/es\/shop\/"},{"@type":"ListItem","position":3,"name":"Kilim soumak 64&#215;281 cm"}]},{"@type":"WebSite","@id":"https:\/\/www.kilim-age.com\/es\/#website","url":"https:\/\/www.kilim-age.com\/es\/","name":"Kilim-Age","description":"Somos especialistas en productos artesanales de Turqu\u00eda como Alfombras, y Kilims","potentialAction":[{"@type":"SearchAction","target":{"@type":"EntryPoint","urlTemplate":"https:\/\/www.kilim-age.com\/es\/?s={search_term_string}"},"query-input":{"@type":"PropertyValueSpecification","valueRequired":true,"valueName":"search_term_string"}}],"inLanguage":"es"}]}},"_links":{"self":[{"href":"https:\/\/www.kilim-age.com\/es\/wp-json\/wp\/v2\/product\/40925","targetHints":{"allow":["GET"]}}],"collection":[{"href":"https:\/\/www.kilim-age.com\/es\/wp-json\/wp\/v2\/product"}],"about":[{"href":"https:\/\/www.kilim-age.com\/es\/wp-json\/wp\/v2\/types\/product"}],"replies":[{"embeddable":true,"href":"https:\/\/www.kilim-age.com\/es\/wp-json\/wp\/v2\/comments?post=40925"}],"wp:featuredmedia":[{"embeddable":true,"href":"https:\/\/www.kilim-age.com\/es\/wp-json\/wp\/v2\/media\/40926"}],"wp:attachment":[{"href":"https:\/\/www.kilim-age.com\/es\/wp-json\/wp\/v2\/media?parent=40925"}],"wp:term":[{"taxonomy":"product_brand","embeddable":true,"href":"https:\/\/www.kilim-age.com\/es\/wp-json\/wp\/v2\/product_brand?post=40925"},{"taxonomy":"product_cat","embeddable":true,"href":"https:\/\/www.kilim-age.com\/es\/wp-json\/wp\/v2\/product_cat?post=40925"},{"taxonomy":"product_tag","embeddable":true,"href":"https:\/\/www.kilim-age.com\/es\/wp-json\/wp\/v2\/product_tag?post=40925"}],"curies":[{"name":"wp","href":"https:\/\/api.w.org\/{rel}","templated":true}]}}