{"id":4131,"date":"2017-10-08T21:04:11","date_gmt":"2017-10-08T21:04:11","guid":{"rendered":"http:\/\/www.kilim-age.com\/?post_type=product&#038;p=4131"},"modified":"2025-06-16T23:42:21","modified_gmt":"2025-06-16T21:42:21","slug":"anatolian-cicim-embroidered-kilim-313-x-198-cm","status":"publish","type":"product","link":"https:\/\/www.kilim-age.com\/es\/producto\/anatolian-cicim-embroidered-kilim-313-x-198-cm\/","title":{"rendered":"ANATOLIAN CICIM KILIM 333 X 198 cm"},"content":{"rendered":"<h1>KILIM CICIM<\/h1>\n<p>Autentica kilim desde la regi\u00f3n de Anatolia Turqu\u00eda. Este kilim tine una antig\u00fcedad aproximadamente 35 o 40 a\u00f1os. Todos los colores son naturales y esta anudado artesanalmente 100% a mano con lana de alta calidad hilado totalmente a mano.<\/p>\n<p>El Kilim cicim es un tipo de t\u00e9cnica plana, bastante parecido, pero m\u00e1s fuerte y m\u00e1s grueso que el kilim, con una cara frontal lisa y una espalda desigual, a diferencia del kilim que es suave a ambos lados. El cicim carece de las rendijas caracter\u00edsticas del kilim, ya que usualmente se teje con hilos de trama suplementarios como soportes continuos.<br \/>\nLa t\u00e9cnica consiste en envolver hilos de trama de color sobre y debajo de los hilos de urdimbre, dando como resultado un fuerte tejido.","protected":false},"excerpt":{"rendered":"<p>Fabricaci\u00f3n: Hecho a mano<br \/>\nTama\u00f1o: 333 X 198 cm<br \/>\nEstado:Semi antigua kilim 35-40 a\u00f1os<br \/>\nOrigen: Turqu\u00eda, centro de Anatolia<br \/>\nPelo: Lana<br \/>\nUrdimbre: Lana<br \/>\nGrosor aprox: 2-3 mm<br \/>\nTodos los colores naturales. Lana natural\u00a0 hilada a mano.<br \/>\nLos colores de la alfombra se percibir\u00e1n de formas diferentes dependiendo del \u00e1ngulo de visi\u00f3n<br \/>\nPlazo de entrega:3-6 d\u00edas h\u00e1biles en Espa\u00f1a.<br \/>\nEuropa: 5-7 d\u00edas h\u00e1biles, resto de continentes 7-10 d\u00edas.<\/p>\n","protected":false},"featured_media":4132,"comment_status":"open","ping_status":"closed","template":"","meta":[],"product_brand":[],"product_cat":[1054,61,829],"product_tag":[72,81],"class_list":{"0":"post-4131","1":"product","2":"type-product","3":"status-publish","4":"has-post-thumbnail","6":"product_cat-ofertas","7":"product_cat-kilims","8":"product_cat-toda-la-coleccion-kilim","9":"product_tag-kilim","10":"product_tag-kilim-cicim","11":"product_shipping_class-kilim-pequeno","12":"pa_ancho-cm-875","13":"pa_color-beige","14":"pa_color-marron","15":"pa_color-morado","16":"pa_color-naranja","17":"pa_color-teja","18":"pa_color-verde","19":"pa_largo-cm-1032","20":"pa_largo-cm-1030","21":"pa_medida-grandes","23":"first","24":"instock","25":"sale","26":"sold-individually","27":"taxable","28":"shipping-taxable","29":"purchasable","30":"product-type-simple"},"yoast_head":"<!-- This site is optimized with the Yoast SEO plugin v24.8.1 - https:\/\/yoast.com\/wordpress\/plugins\/seo\/ -->\n<title>ANATOLIAN CICIM KILIM 333 X 198 cm | Kilim-Age<\/title>\n<meta name=\"robots\" content=\"index, follow, max-snippet:-1, max-image-preview:large, max-video-preview:-1\" \/>\n<link rel=\"canonical\" href=\"https:\/\/www.kilim-age.com\/es\/producto\/anatolian-cicim-embroidered-kilim-313-x-198-cm\/\" \/>\n<meta property=\"og:locale\" content=\"es_ES\" \/>\n<meta property=\"og:type\" content=\"article\" \/>\n<meta property=\"og:title\" content=\"ANATOLIAN CICIM KILIM 333 X 198 cm | Kilim-Age\" \/>\n<meta property=\"og:description\" content=\"Fabricaci\u00f3n: Hecho a mano Tama\u00f1o: 333 X 198 cm Estado:Semi antigua kilim 35-40 a\u00f1os Origen: Turqu\u00eda, centro de Anatolia Pelo: Lana Urdimbre: Lana Grosor aprox: 2-3 mm Todos los colores naturales. Lana natural\u00a0 hilada a mano. Los colores de la alfombra se percibir\u00e1n de formas diferentes dependiendo del \u00e1ngulo de visi\u00f3n Plazo de entrega:3-6 d\u00edas h\u00e1biles en Espa\u00f1a. Europa: 5-7 d\u00edas h\u00e1biles, resto de continentes 7-10 d\u00edas.\" \/>\n<meta property=\"og:url\" content=\"https:\/\/www.kilim-age.com\/es\/producto\/anatolian-cicim-embroidered-kilim-313-x-198-cm\/\" \/>\n<meta property=\"og:site_name\" content=\"Kilim-Age\" \/>\n<meta property=\"article:modified_time\" content=\"2025-06-16T21:42:21+00:00\" \/>\n<meta property=\"og:image\" content=\"https:\/\/www.kilim-age.com\/wp-content\/uploads\/2017\/10\/IMG_8959-WEB-KA.jpg\" \/>\n\t<meta property=\"og:image:width\" content=\"1000\" \/>\n\t<meta property=\"og:image:height\" content=\"1300\" \/>\n\t<meta property=\"og:image:type\" content=\"image\/jpeg\" \/>\n<meta name=\"twitter:card\" content=\"summary_large_image\" \/>\n<meta name=\"twitter:label1\" content=\"Tiempo de lectura\" \/>\n\t<meta name=\"twitter:data1\" content=\"1 minuto\" \/>\n<script type=\"application\/ld+json\" class=\"yoast-schema-graph\">{\"@context\":\"https:\/\/schema.org\",\"@graph\":[{\"@type\":\"WebPage\",\"@id\":\"https:\/\/www.kilim-age.com\/es\/producto\/anatolian-cicim-embroidered-kilim-313-x-198-cm\/\",\"url\":\"https:\/\/www.kilim-age.com\/es\/producto\/anatolian-cicim-embroidered-kilim-313-x-198-cm\/\",\"name\":\"ANATOLIAN CICIM KILIM 333 X 198 cm | Kilim-Age\",\"isPartOf\":{\"@id\":\"https:\/\/kilim-age.com\/en\/#website\"},\"primaryImageOfPage\":{\"@id\":\"https:\/\/www.kilim-age.com\/es\/producto\/anatolian-cicim-embroidered-kilim-313-x-198-cm\/#primaryimage\"},\"image\":{\"@id\":\"https:\/\/www.kilim-age.com\/es\/producto\/anatolian-cicim-embroidered-kilim-313-x-198-cm\/#primaryimage\"},\"thumbnailUrl\":\"https:\/\/www.kilim-age.com\/wp-content\/uploads\/2017\/10\/IMG_8959-WEB-KA.jpg\",\"datePublished\":\"2017-10-08T21:04:11+00:00\",\"dateModified\":\"2025-06-16T21:42:21+00:00\",\"breadcrumb\":{\"@id\":\"https:\/\/www.kilim-age.com\/es\/producto\/anatolian-cicim-embroidered-kilim-313-x-198-cm\/#breadcrumb\"},\"inLanguage\":\"es\",\"potentialAction\":[{\"@type\":\"ReadAction\",\"target\":[\"https:\/\/www.kilim-age.com\/es\/producto\/anatolian-cicim-embroidered-kilim-313-x-198-cm\/\"]}]},{\"@type\":\"ImageObject\",\"inLanguage\":\"es\",\"@id\":\"https:\/\/www.kilim-age.com\/es\/producto\/anatolian-cicim-embroidered-kilim-313-x-198-cm\/#primaryimage\",\"url\":\"https:\/\/www.kilim-age.com\/wp-content\/uploads\/2017\/10\/IMG_8959-WEB-KA.jpg\",\"contentUrl\":\"https:\/\/www.kilim-age.com\/wp-content\/uploads\/2017\/10\/IMG_8959-WEB-KA.jpg\",\"width\":1000,\"height\":1300},{\"@type\":\"BreadcrumbList\",\"@id\":\"https:\/\/www.kilim-age.com\/es\/producto\/anatolian-cicim-embroidered-kilim-313-x-198-cm\/#breadcrumb\",\"itemListElement\":[{\"@type\":\"ListItem\",\"position\":1,\"name\":\"Home\",\"item\":\"https:\/\/kilim-age.com\/en\/\"},{\"@type\":\"ListItem\",\"position\":2,\"name\":\"Shop\",\"item\":\"https:\/\/kilim-age.com\/es\/shop\/\"},{\"@type\":\"ListItem\",\"position\":3,\"name\":\"ANATOLIAN CICIM KILIM 333 X 198 cm\"}]},{\"@type\":\"WebSite\",\"@id\":\"https:\/\/kilim-age.com\/en\/#website\",\"url\":\"https:\/\/kilim-age.com\/en\/\",\"name\":\"Kilim-Age\",\"description\":\"Somos especialistas en productos artesanales de Turqu\u00eda como Alfombras, y Kilims\",\"potentialAction\":[{\"@type\":\"SearchAction\",\"target\":{\"@type\":\"EntryPoint\",\"urlTemplate\":\"https:\/\/kilim-age.com\/en\/?s={search_term_string}\"},\"query-input\":{\"@type\":\"PropertyValueSpecification\",\"valueRequired\":true,\"valueName\":\"search_term_string\"}}],\"inLanguage\":\"es\"}]}<\/script>\n<!-- \/ Yoast SEO plugin. -->","yoast_head_json":{"title":"ANATOLIAN CICIM KILIM 333 X 198 cm | Kilim-Age","robots":{"index":"index","follow":"follow","max-snippet":"max-snippet:-1","max-image-preview":"max-image-preview:large","max-video-preview":"max-video-preview:-1"},"canonical":"https:\/\/www.kilim-age.com\/es\/producto\/anatolian-cicim-embroidered-kilim-313-x-198-cm\/","og_locale":"es_ES","og_type":"article","og_title":"ANATOLIAN CICIM KILIM 333 X 198 cm | Kilim-Age","og_description":"Fabricaci\u00f3n: Hecho a mano Tama\u00f1o: 333 X 198 cm Estado:Semi antigua kilim 35-40 a\u00f1os Origen: Turqu\u00eda, centro de Anatolia Pelo: Lana Urdimbre: Lana Grosor aprox: 2-3 mm Todos los colores naturales. Lana natural\u00a0 hilada a mano. Los colores de la alfombra se percibir\u00e1n de formas diferentes dependiendo del \u00e1ngulo de visi\u00f3n Plazo de entrega:3-6 d\u00edas h\u00e1biles en Espa\u00f1a. Europa: 5-7 d\u00edas h\u00e1biles, resto de continentes 7-10 d\u00edas.","og_url":"https:\/\/www.kilim-age.com\/es\/producto\/anatolian-cicim-embroidered-kilim-313-x-198-cm\/","og_site_name":"Kilim-Age","article_modified_time":"2025-06-16T21:42:21+00:00","og_image":[{"width":1000,"height":1300,"url":"https:\/\/www.kilim-age.com\/wp-content\/uploads\/2017\/10\/IMG_8959-WEB-KA.jpg","type":"image\/jpeg"}],"twitter_card":"summary_large_image","twitter_misc":{"Tiempo de lectura":"1 minuto"},"schema":{"@context":"https:\/\/schema.org","@graph":[{"@type":"WebPage","@id":"https:\/\/www.kilim-age.com\/es\/producto\/anatolian-cicim-embroidered-kilim-313-x-198-cm\/","url":"https:\/\/www.kilim-age.com\/es\/producto\/anatolian-cicim-embroidered-kilim-313-x-198-cm\/","name":"ANATOLIAN CICIM KILIM 333 X 198 cm | Kilim-Age","isPartOf":{"@id":"https:\/\/kilim-age.com\/en\/#website"},"primaryImageOfPage":{"@id":"https:\/\/www.kilim-age.com\/es\/producto\/anatolian-cicim-embroidered-kilim-313-x-198-cm\/#primaryimage"},"image":{"@id":"https:\/\/www.kilim-age.com\/es\/producto\/anatolian-cicim-embroidered-kilim-313-x-198-cm\/#primaryimage"},"thumbnailUrl":"https:\/\/www.kilim-age.com\/wp-content\/uploads\/2017\/10\/IMG_8959-WEB-KA.jpg","datePublished":"2017-10-08T21:04:11+00:00","dateModified":"2025-06-16T21:42:21+00:00","breadcrumb":{"@id":"https:\/\/www.kilim-age.com\/es\/producto\/anatolian-cicim-embroidered-kilim-313-x-198-cm\/#breadcrumb"},"inLanguage":"es","potentialAction":[{"@type":"ReadAction","target":["https:\/\/www.kilim-age.com\/es\/producto\/anatolian-cicim-embroidered-kilim-313-x-198-cm\/"]}]},{"@type":"ImageObject","inLanguage":"es","@id":"https:\/\/www.kilim-age.com\/es\/producto\/anatolian-cicim-embroidered-kilim-313-x-198-cm\/#primaryimage","url":"https:\/\/www.kilim-age.com\/wp-content\/uploads\/2017\/10\/IMG_8959-WEB-KA.jpg","contentUrl":"https:\/\/www.kilim-age.com\/wp-content\/uploads\/2017\/10\/IMG_8959-WEB-KA.jpg","width":1000,"height":1300},{"@type":"BreadcrumbList","@id":"https:\/\/www.kilim-age.com\/es\/producto\/anatolian-cicim-embroidered-kilim-313-x-198-cm\/#breadcrumb","itemListElement":[{"@type":"ListItem","position":1,"name":"Home","item":"https:\/\/kilim-age.com\/en\/"},{"@type":"ListItem","position":2,"name":"Shop","item":"https:\/\/kilim-age.com\/es\/shop\/"},{"@type":"ListItem","position":3,"name":"ANATOLIAN CICIM KILIM 333 X 198 cm"}]},{"@type":"WebSite","@id":"https:\/\/kilim-age.com\/en\/#website","url":"https:\/\/kilim-age.com\/en\/","name":"Kilim-Age","description":"Somos especialistas en productos artesanales de Turqu\u00eda como Alfombras, y Kilims","potentialAction":[{"@type":"SearchAction","target":{"@type":"EntryPoint","urlTemplate":"https:\/\/kilim-age.com\/en\/?s={search_term_string}"},"query-input":{"@type":"PropertyValueSpecification","valueRequired":true,"valueName":"search_term_string"}}],"inLanguage":"es"}]}},"_links":{"self":[{"href":"https:\/\/www.kilim-age.com\/es\/wp-json\/wp\/v2\/product\/4131","targetHints":{"allow":["GET"]}}],"collection":[{"href":"https:\/\/www.kilim-age.com\/es\/wp-json\/wp\/v2\/product"}],"about":[{"href":"https:\/\/www.kilim-age.com\/es\/wp-json\/wp\/v2\/types\/product"}],"replies":[{"embeddable":true,"href":"https:\/\/www.kilim-age.com\/es\/wp-json\/wp\/v2\/comments?post=4131"}],"wp:featuredmedia":[{"embeddable":true,"href":"https:\/\/www.kilim-age.com\/es\/wp-json\/wp\/v2\/media\/4132"}],"wp:attachment":[{"href":"https:\/\/www.kilim-age.com\/es\/wp-json\/wp\/v2\/media?parent=4131"}],"wp:term":[{"taxonomy":"product_brand","embeddable":true,"href":"https:\/\/www.kilim-age.com\/es\/wp-json\/wp\/v2\/product_brand?post=4131"},{"taxonomy":"product_cat","embeddable":true,"href":"https:\/\/www.kilim-age.com\/es\/wp-json\/wp\/v2\/product_cat?post=4131"},{"taxonomy":"product_tag","embeddable":true,"href":"https:\/\/www.kilim-age.com\/es\/wp-json\/wp\/v2\/product_tag?post=4131"}],"curies":[{"name":"wp","href":"https:\/\/api.w.org\/{rel}","templated":true}]}}