{"id":41361,"date":"2025-06-23T17:46:06","date_gmt":"2025-06-23T15:46:06","guid":{"rendered":"https:\/\/www.kilim-age.com\/?post_type=product&#038;p=41361"},"modified":"2025-06-23T18:01:31","modified_gmt":"2025-06-23T16:01:31","slug":"kilim-turco-grande","status":"publish","type":"product","link":"https:\/\/www.kilim-age.com\/es\/producto\/kilim-turco-grande\/","title":{"rendered":"Kilim Turco 204&#215;292 cm"},"content":{"rendered":"<p data-start=\"552\" data-end=\"884\">Este <strong data-start=\"557\" data-end=\"593\">kilim turco grande de 204&#215;292 cm<\/strong> es una aut\u00e9ntica joya artesanal que a\u00fana historia, t\u00e9cnica y est\u00e9tica vibrante. Tejido completamente a mano por artesanos expertos en Turqu\u00eda, este kilim destaca por sus vivos colores y motivos geom\u00e9tricos que hacen referencia a los s\u00edmbolos tradicionales de las tribus n\u00f3madas de Anatolia.<\/p>\n<p data-start=\"886\" data-end=\"1276\">Su dise\u00f1o multicolor \u2014con tonos como rojo, turquesa, mostaza, violeta y naranja sobre una base natural beige\u2014 le otorga una versatilidad excepcional. Es ideal para quienes buscan un estilo \u00e9tnico, bohemio o r\u00fastico con un toque moderno. Puede integrarse f\u00e1cilmente en salones amplios, comedores con personalidad o estudios creativos, aportando calidez y car\u00e1cter sin sobrecargar el espacio.<\/p>\n<p data-start=\"1278\" data-end=\"1558\">Tejido en t\u00e9cnica de <strong data-start=\"1299\" data-end=\"1320\">trama plana kilim<\/strong>, este tipo de alfombra no tiene pelo, lo que la hace ligera, reversible y f\u00e1cil de mantener. Est\u00e1 compuesta por <strong data-start=\"1433\" data-end=\"1476\">lana 100% natural sobre base de algod\u00f3n<\/strong>, lo que le proporciona resistencia y una textura suave y agradable bajo los pies.<\/p>\n<p data-start=\"1560\" data-end=\"1592\"><strong data-start=\"1560\" data-end=\"1592\">Caracter\u00edsticas principales:<\/strong><\/p>\n<ul data-start=\"1593\" data-end=\"1849\">\n<li data-start=\"1593\" data-end=\"1618\">\n<p data-start=\"1595\" data-end=\"1618\">Medidas: 204 x 292 cm<\/p>\n<\/li>\n<li data-start=\"1619\" data-end=\"1658\">\n<p data-start=\"1621\" data-end=\"1658\">Composici\u00f3n: Lana natural y algod\u00f3n<\/p>\n<\/li>\n<li data-start=\"1659\" data-end=\"1704\">\n<p data-start=\"1661\" data-end=\"1704\">T\u00e9cnica: Kilim tejido a mano (reversible)<\/p>\n<\/li>\n<li data-start=\"1705\" data-end=\"1775\">\n<p data-start=\"1707\" data-end=\"1775\">Colores: beige, rojo, turquesa, violeta, amarillo, naranja, marr\u00f3n<\/p>\n<\/li>\n<li data-start=\"1776\" data-end=\"1829\">\n<p data-start=\"1778\" data-end=\"1829\">Estilo: \u00e9tnico, boho chic, oriental contempor\u00e1neo<\/p>\n<\/li>\n<li data-start=\"1830\" data-end=\"1849\">\n<p data-start=\"1832\" data-end=\"1849\">Origen: Turqu\u00eda<\/p>\n<\/li>\n<\/ul>\n<p data-start=\"1851\" data-end=\"2119\">Este <strong data-start=\"1856\" data-end=\"1878\">kilim turco grande<\/strong> no solo embellece el espacio, sino que tambi\u00e9n cuenta una historia. Cada figura, cada combinaci\u00f3n de colores, cada l\u00ednea, forma parte de una tradici\u00f3n ancestral que convierte tu hogar en algo m\u00e1s que un lugar bonito: en un espacio con alma.<\/p>\n<p data-start=\"2121\" data-end=\"2229\">Una pieza \u00fanica e irrepetible que transformar\u00e1 tu casa en un rinc\u00f3n lleno de vida, tradici\u00f3n y autenticidad.<\/p>","protected":false},"excerpt":{"rendered":"<div class=\"product-short-description\">\n<p style=\"text-align: left;\">Fabricaci\u00f3n: Hecho a mano<br \/>\nTama\u00f1o: 204&#215;292 cm<br \/>\nEstado: Nuevo<br \/>\nOrigen: Kilim turca<br \/>\nMaterial: Lana<br \/>\nGrosor aprox: 1-2 mm<br \/>\nTe\u00f1ido colores naturales.<br \/>\nPlazo de entrega: 2-5 d\u00edas h\u00e1biles en Espa\u00f1a.<br \/>\nEuropa: 5-7 d\u00edas h\u00e1biles, resto de continentes 7-10 d\u00edas.<\/p>\n<\/div>\n","protected":false},"featured_media":41362,"comment_status":"open","ping_status":"closed","template":"","meta":[],"product_brand":[],"product_cat":[61,829],"product_tag":[73],"class_list":{"0":"post-41361","1":"product","2":"type-product","3":"status-publish","4":"has-post-thumbnail","6":"product_cat-kilims","7":"product_cat-toda-la-coleccion-kilim","8":"product_tag-anatolian-kilim","9":"product_shipping_class-kilim-grande","10":"pa_ancho-cm-1006","11":"pa_ancho-cm-995","12":"pa_color-amarillo","13":"pa_color-azul","14":"pa_color-verde","15":"pa_largo-cm-991","16":"pa_largo-cm-1007","18":"first","19":"instock","20":"sale","21":"sold-individually","22":"taxable","23":"shipping-taxable","24":"purchasable","25":"product-type-simple"},"yoast_head":"<!-- This site is optimized with the Yoast SEO plugin v24.8.1 - https:\/\/yoast.com\/wordpress\/plugins\/seo\/ -->\n<title>Kilim turco Grande | Kilim-Age | Alfombras Kilim Online<\/title>\n<meta name=\"description\" content=\"Kilim turco grande de 204x292 cm hecho a mano con lana natural. Dise\u00f1o geom\u00e9trico y multicolor que combina tradici\u00f3n y estilo bohemio. Pieza \u00fanica.\" \/>\n<meta name=\"robots\" content=\"index, follow, max-snippet:-1, max-image-preview:large, max-video-preview:-1\" \/>\n<link rel=\"canonical\" href=\"https:\/\/www.kilim-age.com\/es\/producto\/kilim-turco-grande\/\" \/>\n<meta property=\"og:locale\" content=\"es_ES\" \/>\n<meta property=\"og:type\" content=\"article\" \/>\n<meta property=\"og:title\" content=\"Kilim turco Grande | Kilim-Age | Alfombras Kilim Online\" \/>\n<meta property=\"og:description\" content=\"Kilim turco grande de 204x292 cm hecho a mano con lana natural. Dise\u00f1o geom\u00e9trico y multicolor que combina tradici\u00f3n y estilo bohemio. Pieza \u00fanica.\" \/>\n<meta property=\"og:url\" content=\"https:\/\/www.kilim-age.com\/en\/producto\/kilim-turco-grande\/\" \/>\n<meta property=\"og:site_name\" content=\"Kilim-Age\" \/>\n<meta property=\"article:modified_time\" content=\"2025-06-23T16:01:31+00:00\" \/>\n<meta property=\"og:image\" content=\"https:\/\/www.kilim-age.com\/wp-content\/uploads\/2025\/06\/kilim-grande-1.jpg\" \/>\n\t<meta property=\"og:image:width\" content=\"1000\" \/>\n\t<meta property=\"og:image:height\" content=\"1300\" \/>\n\t<meta property=\"og:image:type\" content=\"image\/jpeg\" \/>\n<meta name=\"twitter:card\" content=\"summary_large_image\" \/>\n<meta name=\"twitter:label1\" content=\"Tiempo de lectura\" \/>\n\t<meta name=\"twitter:data1\" content=\"2 minutos\" \/>\n<script type=\"application\/ld+json\" class=\"yoast-schema-graph\">{\"@context\":\"https:\/\/schema.org\",\"@graph\":[{\"@type\":\"WebPage\",\"@id\":\"https:\/\/www.kilim-age.com\/en\/producto\/kilim-turco-grande\/\",\"url\":\"https:\/\/www.kilim-age.com\/en\/producto\/kilim-turco-grande\/\",\"name\":\"Kilim turco Grande | Kilim-Age | Alfombras Kilim Online\",\"isPartOf\":{\"@id\":\"https:\/\/kilim-age.com\/en\/#website\"},\"primaryImageOfPage\":{\"@id\":\"https:\/\/www.kilim-age.com\/en\/producto\/kilim-turco-grande\/#primaryimage\"},\"image\":{\"@id\":\"https:\/\/www.kilim-age.com\/en\/producto\/kilim-turco-grande\/#primaryimage\"},\"thumbnailUrl\":\"https:\/\/www.kilim-age.com\/wp-content\/uploads\/2025\/06\/kilim-grande-1.jpg\",\"datePublished\":\"2025-06-23T15:46:06+00:00\",\"dateModified\":\"2025-06-23T16:01:31+00:00\",\"description\":\"Kilim turco grande de 204x292 cm hecho a mano con lana natural. Dise\u00f1o geom\u00e9trico y multicolor que combina tradici\u00f3n y estilo bohemio. Pieza \u00fanica.\",\"breadcrumb\":{\"@id\":\"https:\/\/www.kilim-age.com\/en\/producto\/kilim-turco-grande\/#breadcrumb\"},\"inLanguage\":\"es\",\"potentialAction\":[{\"@type\":\"ReadAction\",\"target\":[\"https:\/\/www.kilim-age.com\/en\/producto\/kilim-turco-grande\/\"]}]},{\"@type\":\"ImageObject\",\"inLanguage\":\"es\",\"@id\":\"https:\/\/www.kilim-age.com\/en\/producto\/kilim-turco-grande\/#primaryimage\",\"url\":\"https:\/\/www.kilim-age.com\/wp-content\/uploads\/2025\/06\/kilim-grande-1.jpg\",\"contentUrl\":\"https:\/\/www.kilim-age.com\/wp-content\/uploads\/2025\/06\/kilim-grande-1.jpg\",\"width\":1000,\"height\":1300,\"caption\":\"kilim turco grande\"},{\"@type\":\"BreadcrumbList\",\"@id\":\"https:\/\/www.kilim-age.com\/en\/producto\/kilim-turco-grande\/#breadcrumb\",\"itemListElement\":[{\"@type\":\"ListItem\",\"position\":1,\"name\":\"Home\",\"item\":\"https:\/\/kilim-age.com\/en\/\"},{\"@type\":\"ListItem\",\"position\":2,\"name\":\"Shop\",\"item\":\"https:\/\/kilim-age.com\/es\/shop\/\"},{\"@type\":\"ListItem\",\"position\":3,\"name\":\"Turkish Kilim 204&#215;292 cm\"}]},{\"@type\":\"WebSite\",\"@id\":\"https:\/\/kilim-age.com\/en\/#website\",\"url\":\"https:\/\/kilim-age.com\/en\/\",\"name\":\"Kilim-Age\",\"description\":\"Somos especialistas en productos artesanales de Turqu\u00eda como Alfombras, y Kilims\",\"potentialAction\":[{\"@type\":\"SearchAction\",\"target\":{\"@type\":\"EntryPoint\",\"urlTemplate\":\"https:\/\/kilim-age.com\/en\/?s={search_term_string}\"},\"query-input\":{\"@type\":\"PropertyValueSpecification\",\"valueRequired\":true,\"valueName\":\"search_term_string\"}}],\"inLanguage\":\"es\"}]}<\/script>\n<!-- \/ Yoast SEO plugin. -->","yoast_head_json":{"title":"Kilim turco Grande | Kilim-Age | Alfombras Kilim Online","description":"Kilim turco grande de 204x292 cm hecho a mano con lana natural. Dise\u00f1o geom\u00e9trico y multicolor que combina tradici\u00f3n y estilo bohemio. Pieza \u00fanica.","robots":{"index":"index","follow":"follow","max-snippet":"max-snippet:-1","max-image-preview":"max-image-preview:large","max-video-preview":"max-video-preview:-1"},"canonical":"https:\/\/www.kilim-age.com\/es\/producto\/kilim-turco-grande\/","og_locale":"es_ES","og_type":"article","og_title":"Kilim turco Grande | Kilim-Age | Alfombras Kilim Online","og_description":"Kilim turco grande de 204x292 cm hecho a mano con lana natural. Dise\u00f1o geom\u00e9trico y multicolor que combina tradici\u00f3n y estilo bohemio. Pieza \u00fanica.","og_url":"https:\/\/www.kilim-age.com\/en\/producto\/kilim-turco-grande\/","og_site_name":"Kilim-Age","article_modified_time":"2025-06-23T16:01:31+00:00","og_image":[{"width":1000,"height":1300,"url":"https:\/\/www.kilim-age.com\/wp-content\/uploads\/2025\/06\/kilim-grande-1.jpg","type":"image\/jpeg"}],"twitter_card":"summary_large_image","twitter_misc":{"Tiempo de lectura":"2 minutos"},"schema":{"@context":"https:\/\/schema.org","@graph":[{"@type":"WebPage","@id":"https:\/\/www.kilim-age.com\/en\/producto\/kilim-turco-grande\/","url":"https:\/\/www.kilim-age.com\/en\/producto\/kilim-turco-grande\/","name":"Kilim turco Grande | Kilim-Age | Alfombras Kilim Online","isPartOf":{"@id":"https:\/\/kilim-age.com\/en\/#website"},"primaryImageOfPage":{"@id":"https:\/\/www.kilim-age.com\/en\/producto\/kilim-turco-grande\/#primaryimage"},"image":{"@id":"https:\/\/www.kilim-age.com\/en\/producto\/kilim-turco-grande\/#primaryimage"},"thumbnailUrl":"https:\/\/www.kilim-age.com\/wp-content\/uploads\/2025\/06\/kilim-grande-1.jpg","datePublished":"2025-06-23T15:46:06+00:00","dateModified":"2025-06-23T16:01:31+00:00","description":"Kilim turco grande de 204x292 cm hecho a mano con lana natural. Dise\u00f1o geom\u00e9trico y multicolor que combina tradici\u00f3n y estilo bohemio. Pieza \u00fanica.","breadcrumb":{"@id":"https:\/\/www.kilim-age.com\/en\/producto\/kilim-turco-grande\/#breadcrumb"},"inLanguage":"es","potentialAction":[{"@type":"ReadAction","target":["https:\/\/www.kilim-age.com\/en\/producto\/kilim-turco-grande\/"]}]},{"@type":"ImageObject","inLanguage":"es","@id":"https:\/\/www.kilim-age.com\/en\/producto\/kilim-turco-grande\/#primaryimage","url":"https:\/\/www.kilim-age.com\/wp-content\/uploads\/2025\/06\/kilim-grande-1.jpg","contentUrl":"https:\/\/www.kilim-age.com\/wp-content\/uploads\/2025\/06\/kilim-grande-1.jpg","width":1000,"height":1300,"caption":"kilim turco grande"},{"@type":"BreadcrumbList","@id":"https:\/\/www.kilim-age.com\/en\/producto\/kilim-turco-grande\/#breadcrumb","itemListElement":[{"@type":"ListItem","position":1,"name":"Home","item":"https:\/\/kilim-age.com\/en\/"},{"@type":"ListItem","position":2,"name":"Shop","item":"https:\/\/kilim-age.com\/es\/shop\/"},{"@type":"ListItem","position":3,"name":"Turkish Kilim 204&#215;292 cm"}]},{"@type":"WebSite","@id":"https:\/\/kilim-age.com\/en\/#website","url":"https:\/\/kilim-age.com\/en\/","name":"Kilim-Age","description":"Somos especialistas en productos artesanales de Turqu\u00eda como Alfombras, y Kilims","potentialAction":[{"@type":"SearchAction","target":{"@type":"EntryPoint","urlTemplate":"https:\/\/kilim-age.com\/en\/?s={search_term_string}"},"query-input":{"@type":"PropertyValueSpecification","valueRequired":true,"valueName":"search_term_string"}}],"inLanguage":"es"}]}},"_links":{"self":[{"href":"https:\/\/www.kilim-age.com\/es\/wp-json\/wp\/v2\/product\/41361","targetHints":{"allow":["GET"]}}],"collection":[{"href":"https:\/\/www.kilim-age.com\/es\/wp-json\/wp\/v2\/product"}],"about":[{"href":"https:\/\/www.kilim-age.com\/es\/wp-json\/wp\/v2\/types\/product"}],"replies":[{"embeddable":true,"href":"https:\/\/www.kilim-age.com\/es\/wp-json\/wp\/v2\/comments?post=41361"}],"wp:featuredmedia":[{"embeddable":true,"href":"https:\/\/www.kilim-age.com\/es\/wp-json\/wp\/v2\/media\/41362"}],"wp:attachment":[{"href":"https:\/\/www.kilim-age.com\/es\/wp-json\/wp\/v2\/media?parent=41361"}],"wp:term":[{"taxonomy":"product_brand","embeddable":true,"href":"https:\/\/www.kilim-age.com\/es\/wp-json\/wp\/v2\/product_brand?post=41361"},{"taxonomy":"product_cat","embeddable":true,"href":"https:\/\/www.kilim-age.com\/es\/wp-json\/wp\/v2\/product_cat?post=41361"},{"taxonomy":"product_tag","embeddable":true,"href":"https:\/\/www.kilim-age.com\/es\/wp-json\/wp\/v2\/product_tag?post=41361"}],"curies":[{"name":"wp","href":"https:\/\/api.w.org\/{rel}","templated":true}]}}