{"id":41423,"date":"2025-07-05T13:12:42","date_gmt":"2025-07-05T11:12:42","guid":{"rendered":"https:\/\/www.kilim-age.com\/?post_type=product&#038;p=41423"},"modified":"2025-11-20T12:22:58","modified_gmt":"2025-11-20T11:22:58","slug":"kilim-turco-pequeno","status":"publish","type":"product","link":"https:\/\/www.kilim-age.com\/es\/producto\/kilim-turco-pequeno\/","title":{"rendered":"Kilim turco peque\u00f1o 82&#215;118 cm"},"content":{"rendered":"<p data-start=\"387\" data-end=\"718\">Este <strong data-start=\"392\" data-end=\"428\">kilim turco peque\u00f1o de 82&#215;118 cm<\/strong> es una aut\u00e9ntica joya artesanal que aporta color, tradici\u00f3n y car\u00e1cter a cualquier rinc\u00f3n del hogar. Tejido a mano con lana natural, este kilim presenta un patr\u00f3n geom\u00e9trico vibrante con rombos entrelazados en tonos rojos, naranjas, azules, verdes y crudos que evocan el folclore anatolio.<\/p>\n<p data-start=\"720\" data-end=\"1008\">Gracias a su tama\u00f1o compacto, es ideal como alfombra decorativa en entradas, junto a la cama, en pasillos estrechos o incluso en paredes como tapiz. Su dise\u00f1o sim\u00e9trico y su paleta de colores c\u00e1lidos crean un ambiente acogedor, convirti\u00e9ndolo en una pieza funcional y decorativa a la vez.<\/p>\n<p data-start=\"1010\" data-end=\"1398\">Cada kilim es \u00fanico y cuenta su propia historia, reflejando siglos de tradici\u00f3n textil turca. Este en concreto ha sido elaborado mediante t\u00e9cnicas de tejido plano, lo que garantiza ligereza, resistencia y f\u00e1cil mantenimiento. Adem\u00e1s, su confecci\u00f3n 100% artesanal lo convierte en una elecci\u00f3n sostenible y consciente para quienes valoran el trabajo hecho a mano y los materiales naturales.<\/p>\n<p data-start=\"1400\" data-end=\"1606\">Este kilim puede integrarse tanto en interiores de estilo r\u00fastico como en ambientes m\u00e1s modernos que busquen un toque bohemio o \u00e9tnico. Su resistencia y calidad permiten un uso diario sin perder su belleza.<\/p>\n<p data-start=\"1608\" data-end=\"1799\">Haz de este <strong data-start=\"1620\" data-end=\"1643\">kilim turco peque\u00f1o<\/strong> una pieza clave en tu decoraci\u00f3n, con la seguridad de estar adquiriendo un producto aut\u00e9ntico, hecho con dedicaci\u00f3n y respeto por las t\u00e9cnicas ancestrales.<\/p>\n<h3><\/h3>","protected":false},"excerpt":{"rendered":"<p style=\"text-align: left;\">Fabricaci\u00f3n: Hecho a mano<br \/>\nTama\u00f1o: 82\u00d7118 cm<br \/>\nEstado: Producci\u00f3n nuevo<br \/>\nOrigen: Kilim afgano<br \/>\nMaterial: Lana<br \/>\nGrosor aprox: 2-3 mm<br \/>\nTe\u00f1ido con colores naturales<br \/>\nLos colores de la alfombra se percibir\u00e1n de formas diferentes dependiendo del \u00e1ngulo de visi\u00f3n<br \/>\nPlazo de entrega: 2-5 d\u00edas h\u00e1biles en Espa\u00f1a peninsular.<br \/>\nEuropa: 5-7 d\u00edas h\u00e1biles, resto de continentes 7-10 d\u00edas.<\/p>\n","protected":false},"featured_media":41424,"comment_status":"open","ping_status":"closed","template":"","meta":[],"product_brand":[],"product_cat":[61,829],"product_tag":[72],"class_list":{"0":"post-41423","1":"product","2":"type-product","3":"status-publish","4":"has-post-thumbnail","6":"product_cat-kilims","7":"product_cat-toda-la-coleccion-kilim","8":"product_tag-kilim","9":"product_shipping_class-kilim-pequeno","10":"pa_ancho-cm-960","11":"pa_ancho-cm-940","12":"pa_color-azul","13":"pa_color-verde","14":"pa_largo-cm-1025","15":"pa_largo-cm-882","16":"pa_largo-cm-980","17":"pa_medida-pequenos","19":"first","20":"outofstock","21":"sale","22":"sold-individually","23":"taxable","24":"shipping-taxable","25":"purchasable","26":"product-type-simple"},"yoast_head":"<!-- This site is optimized with the Yoast SEO plugin v24.8.1 - https:\/\/yoast.com\/wordpress\/plugins\/seo\/ -->\n<title>Kilim turco Peque\u00f1o | Kilim-Age | Comprar Kilim Afgano Online<\/title>\n<meta name=\"description\" content=\"Kilim turco peque\u00f1o de 82x118 cm hecho a mano con lana natural. Dise\u00f1o geom\u00e9trico tradicional en tonos c\u00e1lidos. Ideal para entradas o rincones especiales.\" \/>\n<meta name=\"robots\" content=\"index, follow, max-snippet:-1, max-image-preview:large, max-video-preview:-1\" \/>\n<link rel=\"canonical\" href=\"https:\/\/www.kilim-age.com\/es\/producto\/kilim-turco-pequeno\/\" \/>\n<meta property=\"og:locale\" content=\"es_ES\" \/>\n<meta property=\"og:type\" content=\"article\" \/>\n<meta property=\"og:title\" content=\"Kilim turco Peque\u00f1o | Kilim-Age | Comprar Kilim Afgano Online\" \/>\n<meta property=\"og:description\" content=\"Kilim turco peque\u00f1o de 82x118 cm hecho a mano con lana natural. Dise\u00f1o geom\u00e9trico tradicional en tonos c\u00e1lidos. Ideal para entradas o rincones especiales.\" \/>\n<meta property=\"og:url\" content=\"https:\/\/www.kilim-age.com\/es\/producto\/kilim-turco-pequeno\/\" \/>\n<meta property=\"og:site_name\" content=\"Kilim-Age\" \/>\n<meta property=\"article:modified_time\" content=\"2025-11-20T11:22:58+00:00\" \/>\n<meta property=\"og:image\" content=\"https:\/\/www.kilim-age.com\/wp-content\/uploads\/2025\/07\/IMG_KA-9333.jpg\" \/>\n\t<meta property=\"og:image:width\" content=\"1000\" \/>\n\t<meta property=\"og:image:height\" content=\"1300\" \/>\n\t<meta property=\"og:image:type\" content=\"image\/jpeg\" \/>\n<meta name=\"twitter:card\" content=\"summary_large_image\" \/>\n<meta name=\"twitter:label1\" content=\"Tiempo de lectura\" \/>\n\t<meta name=\"twitter:data1\" content=\"1 minuto\" \/>\n<script type=\"application\/ld+json\" class=\"yoast-schema-graph\">{\"@context\":\"https:\/\/schema.org\",\"@graph\":[{\"@type\":\"WebPage\",\"@id\":\"https:\/\/www.kilim-age.com\/es\/producto\/kilim-turco-pequeno\/\",\"url\":\"https:\/\/www.kilim-age.com\/es\/producto\/kilim-turco-pequeno\/\",\"name\":\"Kilim turco Peque\u00f1o | Kilim-Age | Comprar Kilim Afgano Online\",\"isPartOf\":{\"@id\":\"https:\/\/kilim-age.com\/en\/#website\"},\"primaryImageOfPage\":{\"@id\":\"https:\/\/www.kilim-age.com\/es\/producto\/kilim-turco-pequeno\/#primaryimage\"},\"image\":{\"@id\":\"https:\/\/www.kilim-age.com\/es\/producto\/kilim-turco-pequeno\/#primaryimage\"},\"thumbnailUrl\":\"https:\/\/www.kilim-age.com\/wp-content\/uploads\/2025\/07\/IMG_KA-9333.jpg\",\"datePublished\":\"2025-07-05T11:12:42+00:00\",\"dateModified\":\"2025-11-20T11:22:58+00:00\",\"description\":\"Kilim turco peque\u00f1o de 82x118 cm hecho a mano con lana natural. Dise\u00f1o geom\u00e9trico tradicional en tonos c\u00e1lidos. Ideal para entradas o rincones especiales.\",\"breadcrumb\":{\"@id\":\"https:\/\/www.kilim-age.com\/es\/producto\/kilim-turco-pequeno\/#breadcrumb\"},\"inLanguage\":\"es\",\"potentialAction\":[{\"@type\":\"ReadAction\",\"target\":[\"https:\/\/www.kilim-age.com\/es\/producto\/kilim-turco-pequeno\/\"]}]},{\"@type\":\"ImageObject\",\"inLanguage\":\"es\",\"@id\":\"https:\/\/www.kilim-age.com\/es\/producto\/kilim-turco-pequeno\/#primaryimage\",\"url\":\"https:\/\/www.kilim-age.com\/wp-content\/uploads\/2025\/07\/IMG_KA-9333.jpg\",\"contentUrl\":\"https:\/\/www.kilim-age.com\/wp-content\/uploads\/2025\/07\/IMG_KA-9333.jpg\",\"width\":1000,\"height\":1300,\"caption\":\"kilim turco peque\u00f1o\"},{\"@type\":\"BreadcrumbList\",\"@id\":\"https:\/\/www.kilim-age.com\/es\/producto\/kilim-turco-pequeno\/#breadcrumb\",\"itemListElement\":[{\"@type\":\"ListItem\",\"position\":1,\"name\":\"Home\",\"item\":\"https:\/\/kilim-age.com\/en\/\"},{\"@type\":\"ListItem\",\"position\":2,\"name\":\"Shop\",\"item\":\"https:\/\/kilim-age.com\/es\/shop\/\"},{\"@type\":\"ListItem\",\"position\":3,\"name\":\"Kilim turco peque\u00f1o 82&#215;118 cm\"}]},{\"@type\":\"WebSite\",\"@id\":\"https:\/\/kilim-age.com\/en\/#website\",\"url\":\"https:\/\/kilim-age.com\/en\/\",\"name\":\"Kilim-Age\",\"description\":\"Somos especialistas en productos artesanales de Turqu\u00eda como Alfombras, y Kilims\",\"potentialAction\":[{\"@type\":\"SearchAction\",\"target\":{\"@type\":\"EntryPoint\",\"urlTemplate\":\"https:\/\/kilim-age.com\/en\/?s={search_term_string}\"},\"query-input\":{\"@type\":\"PropertyValueSpecification\",\"valueRequired\":true,\"valueName\":\"search_term_string\"}}],\"inLanguage\":\"es\"}]}<\/script>\n<!-- \/ Yoast SEO plugin. -->","yoast_head_json":{"title":"Kilim turco Peque\u00f1o | Kilim-Age | Comprar Kilim Afgano Online","description":"Kilim turco peque\u00f1o de 82x118 cm hecho a mano con lana natural. Dise\u00f1o geom\u00e9trico tradicional en tonos c\u00e1lidos. Ideal para entradas o rincones especiales.","robots":{"index":"index","follow":"follow","max-snippet":"max-snippet:-1","max-image-preview":"max-image-preview:large","max-video-preview":"max-video-preview:-1"},"canonical":"https:\/\/www.kilim-age.com\/es\/producto\/kilim-turco-pequeno\/","og_locale":"es_ES","og_type":"article","og_title":"Kilim turco Peque\u00f1o | Kilim-Age | Comprar Kilim Afgano Online","og_description":"Kilim turco peque\u00f1o de 82x118 cm hecho a mano con lana natural. Dise\u00f1o geom\u00e9trico tradicional en tonos c\u00e1lidos. Ideal para entradas o rincones especiales.","og_url":"https:\/\/www.kilim-age.com\/es\/producto\/kilim-turco-pequeno\/","og_site_name":"Kilim-Age","article_modified_time":"2025-11-20T11:22:58+00:00","og_image":[{"width":1000,"height":1300,"url":"https:\/\/www.kilim-age.com\/wp-content\/uploads\/2025\/07\/IMG_KA-9333.jpg","type":"image\/jpeg"}],"twitter_card":"summary_large_image","twitter_misc":{"Tiempo de lectura":"1 minuto"},"schema":{"@context":"https:\/\/schema.org","@graph":[{"@type":"WebPage","@id":"https:\/\/www.kilim-age.com\/es\/producto\/kilim-turco-pequeno\/","url":"https:\/\/www.kilim-age.com\/es\/producto\/kilim-turco-pequeno\/","name":"Kilim turco Peque\u00f1o | Kilim-Age | Comprar Kilim Afgano Online","isPartOf":{"@id":"https:\/\/kilim-age.com\/en\/#website"},"primaryImageOfPage":{"@id":"https:\/\/www.kilim-age.com\/es\/producto\/kilim-turco-pequeno\/#primaryimage"},"image":{"@id":"https:\/\/www.kilim-age.com\/es\/producto\/kilim-turco-pequeno\/#primaryimage"},"thumbnailUrl":"https:\/\/www.kilim-age.com\/wp-content\/uploads\/2025\/07\/IMG_KA-9333.jpg","datePublished":"2025-07-05T11:12:42+00:00","dateModified":"2025-11-20T11:22:58+00:00","description":"Kilim turco peque\u00f1o de 82x118 cm hecho a mano con lana natural. Dise\u00f1o geom\u00e9trico tradicional en tonos c\u00e1lidos. Ideal para entradas o rincones especiales.","breadcrumb":{"@id":"https:\/\/www.kilim-age.com\/es\/producto\/kilim-turco-pequeno\/#breadcrumb"},"inLanguage":"es","potentialAction":[{"@type":"ReadAction","target":["https:\/\/www.kilim-age.com\/es\/producto\/kilim-turco-pequeno\/"]}]},{"@type":"ImageObject","inLanguage":"es","@id":"https:\/\/www.kilim-age.com\/es\/producto\/kilim-turco-pequeno\/#primaryimage","url":"https:\/\/www.kilim-age.com\/wp-content\/uploads\/2025\/07\/IMG_KA-9333.jpg","contentUrl":"https:\/\/www.kilim-age.com\/wp-content\/uploads\/2025\/07\/IMG_KA-9333.jpg","width":1000,"height":1300,"caption":"kilim turco peque\u00f1o"},{"@type":"BreadcrumbList","@id":"https:\/\/www.kilim-age.com\/es\/producto\/kilim-turco-pequeno\/#breadcrumb","itemListElement":[{"@type":"ListItem","position":1,"name":"Home","item":"https:\/\/kilim-age.com\/en\/"},{"@type":"ListItem","position":2,"name":"Shop","item":"https:\/\/kilim-age.com\/es\/shop\/"},{"@type":"ListItem","position":3,"name":"Kilim turco peque\u00f1o 82&#215;118 cm"}]},{"@type":"WebSite","@id":"https:\/\/kilim-age.com\/en\/#website","url":"https:\/\/kilim-age.com\/en\/","name":"Kilim-Age","description":"Somos especialistas en productos artesanales de Turqu\u00eda como Alfombras, y Kilims","potentialAction":[{"@type":"SearchAction","target":{"@type":"EntryPoint","urlTemplate":"https:\/\/kilim-age.com\/en\/?s={search_term_string}"},"query-input":{"@type":"PropertyValueSpecification","valueRequired":true,"valueName":"search_term_string"}}],"inLanguage":"es"}]}},"_links":{"self":[{"href":"https:\/\/www.kilim-age.com\/es\/wp-json\/wp\/v2\/product\/41423","targetHints":{"allow":["GET"]}}],"collection":[{"href":"https:\/\/www.kilim-age.com\/es\/wp-json\/wp\/v2\/product"}],"about":[{"href":"https:\/\/www.kilim-age.com\/es\/wp-json\/wp\/v2\/types\/product"}],"replies":[{"embeddable":true,"href":"https:\/\/www.kilim-age.com\/es\/wp-json\/wp\/v2\/comments?post=41423"}],"wp:featuredmedia":[{"embeddable":true,"href":"https:\/\/www.kilim-age.com\/es\/wp-json\/wp\/v2\/media\/41424"}],"wp:attachment":[{"href":"https:\/\/www.kilim-age.com\/es\/wp-json\/wp\/v2\/media?parent=41423"}],"wp:term":[{"taxonomy":"product_brand","embeddable":true,"href":"https:\/\/www.kilim-age.com\/es\/wp-json\/wp\/v2\/product_brand?post=41423"},{"taxonomy":"product_cat","embeddable":true,"href":"https:\/\/www.kilim-age.com\/es\/wp-json\/wp\/v2\/product_cat?post=41423"},{"taxonomy":"product_tag","embeddable":true,"href":"https:\/\/www.kilim-age.com\/es\/wp-json\/wp\/v2\/product_tag?post=41423"}],"curies":[{"name":"wp","href":"https:\/\/api.w.org\/{rel}","templated":true}]}}