{"id":41532,"date":"2025-07-18T12:28:39","date_gmt":"2025-07-18T10:28:39","guid":{"rendered":"https:\/\/www.kilim-age.com\/?post_type=product&#038;p=41532"},"modified":"2025-09-05T13:54:31","modified_gmt":"2025-09-05T11:54:31","slug":"alfombra-oriental-tradicional","status":"publish","type":"product","link":"https:\/\/www.kilim-age.com\/es\/producto\/alfombra-oriental-tradicional\/","title":{"rendered":"Alfombra turca cl\u00e1sica 198&#215;293 cm"},"content":{"rendered":"<p data-start=\"560\" data-end=\"964\">Transforma tu espacio con esta <strong data-start=\"623\" data-end=\"656\">alfombra oriental tradicional<\/strong> de 198&#215;293 cm, una pieza que combina la calidez de los tonos rojizos, naranjas y dorados con un dise\u00f1o geom\u00e9trico armonioso y continuo. No se trata de un patchwork, sino de una composici\u00f3n \u00fanica y perfectamente integrada que aporta personalidad y sofisticaci\u00f3n a cualquier sal\u00f3n, comedor o \u00e1rea de descanso.<\/p>\n<p data-start=\"966\" data-end=\"1233\">Tejida con materiales de alta calidad, esta alfombra destaca por su resistencia, suavidad y capacidad para realzar el ambiente sin recargarlo. Su paleta de colores vivos y c\u00e1lidos genera una atm\u00f3sfera acogedora, ideal tanto para espacios cl\u00e1sicos como contempor\u00e1neos.<\/p>\n<p data-start=\"1235\" data-end=\"1268\"><strong data-start=\"1235\" data-end=\"1268\">Caracter\u00edsticas del producto:<\/strong><\/p>\n<ul data-start=\"1269\" data-end=\"1456\">\n<li data-start=\"1269\" data-end=\"1314\">\n<p data-start=\"1271\" data-end=\"1314\">Estilo: Oriental tradicional (no patchwork)<\/p>\n<\/li>\n<li data-start=\"1315\" data-end=\"1336\">\n<p data-start=\"1317\" data-end=\"1336\">Medidas: 198&#215;293 cm<\/p>\n<\/li>\n<li data-start=\"1337\" data-end=\"1400\">\n<p data-start=\"1339\" data-end=\"1400\">Colores predominantes: rojo, naranja, dorado y toques de azul<\/p>\n<\/li>\n<li data-start=\"1401\" data-end=\"1431\">\n<p data-start=\"1403\" data-end=\"1431\">Tejido resistente y duradero<\/p>\n<\/li>\n<li data-start=\"1432\" data-end=\"1456\">\n<p data-start=\"1434\" data-end=\"1456\">Acabado suave al tacto<\/p>\n<\/li>\n<\/ul>\n<p data-start=\"1458\" data-end=\"1473\"><strong data-start=\"1458\" data-end=\"1473\">Beneficios:<\/strong><\/p>\n<ul data-start=\"1474\" data-end=\"1685\">\n<li data-start=\"1474\" data-end=\"1525\">\n<p data-start=\"1476\" data-end=\"1525\">Aporta un toque decorativo sofisticado a tu hogar<\/p>\n<\/li>\n<li data-start=\"1526\" data-end=\"1586\">\n<p data-start=\"1528\" data-end=\"1586\">Ideal para grandes espacios: salones, comedores o estudios<\/p>\n<\/li>\n<li data-start=\"1587\" data-end=\"1633\">\n<p data-start=\"1589\" data-end=\"1633\">Dise\u00f1o continuo que aporta equilibrio visual<\/p>\n<\/li>\n<li data-start=\"1634\" data-end=\"1685\">\n<p data-start=\"1636\" data-end=\"1685\">F\u00e1cil de combinar con muebles modernos o cl\u00e1sicos<\/p>\n<\/li>\n<\/ul>\n<p data-start=\"1687\" data-end=\"1881\">Esta alfombra oriental tradicional es mucho m\u00e1s que una pieza decorativa: es un reflejo de estilo, confort y durabilidad. Haz que tu hogar respire autenticidad con una alfombra que lo dice todo.<\/p>","protected":false},"excerpt":{"rendered":"<p style=\"text-align: left;\">Fabricaci\u00f3n: Hecho a mano<br \/>\nTama\u00f1o: 198&#215;293 cm<br \/>\nN\u00famero de nudos: Doble nudo, aproximadamente 360000 por m\u00b2<br \/>\nEstado: Nuevo<br \/>\nOrigen: Turqu\u00eda<br \/>\nPelo: Lana<br \/>\nGrosor aprox: 4-5 mmColores naturales y la lana hilada a mano.<br \/>\nLos colores de la alfombra se percibir\u00e1n de formas diferentes dependiendo del \u00e1ngulo de visi\u00f3n<br \/>\nPlazo de entrega: 2-5 d\u00edas h\u00e1biles en Espa\u00f1a.<br \/>\nEuropa: 5-7 d\u00edas h\u00e1biles, resto de continentes 7-10 d\u00edas.<\/p>\n","protected":false},"featured_media":41533,"comment_status":"open","ping_status":"closed","template":"","meta":[],"product_brand":[],"product_cat":[62,230],"product_tag":[341,1061,813],"class_list":{"0":"post-41532","1":"product","2":"type-product","3":"status-publish","4":"has-post-thumbnail","6":"product_cat-alfombras-turcas","7":"product_cat-alfombras-clasicas","8":"product_tag-alfombra-clasica","9":"product_tag-alfombra-clasica-artesanal","10":"product_tag-alfombra-turca","11":"product_shipping_class-alfombra-grande","12":"pa_ancho-cm-874","13":"pa_ancho-cm-875","14":"pa_color-naranja","15":"pa_largo-cm-1050","16":"pa_largo-cm-1013","18":"first","19":"instock","20":"sale","21":"taxable","22":"shipping-taxable","23":"purchasable","24":"product-type-simple"},"yoast_head":"<!-- This site is optimized with the Yoast SEO plugin v24.8.1 - https:\/\/yoast.com\/wordpress\/plugins\/seo\/ -->\n<title>alfombra oriental tradicional | Kilim-Age<\/title>\n<meta name=\"description\" content=\"Descubre la elegancia atemporal de esta alfombra oriental tradicional. Ideal para salones amplios. Dise\u00f1o continuo, colores c\u00e1lidos y m\u00e1xima calidad.\" \/>\n<meta name=\"robots\" content=\"index, follow, max-snippet:-1, max-image-preview:large, max-video-preview:-1\" \/>\n<link rel=\"canonical\" href=\"https:\/\/www.kilim-age.com\/es\/producto\/alfombra-oriental-tradicional\/\" \/>\n<meta property=\"og:locale\" content=\"es_ES\" \/>\n<meta property=\"og:type\" content=\"article\" \/>\n<meta property=\"og:title\" content=\"alfombra oriental tradicional | Kilim-Age\" \/>\n<meta property=\"og:description\" content=\"Descubre la elegancia atemporal de esta alfombra oriental tradicional. Ideal para salones amplios. Dise\u00f1o continuo, colores c\u00e1lidos y m\u00e1xima calidad.\" \/>\n<meta property=\"og:url\" content=\"https:\/\/www.kilim-age.com\/es\/producto\/alfombra-oriental-tradicional\/\" \/>\n<meta property=\"og:site_name\" content=\"Kilim-Age\" \/>\n<meta property=\"article:modified_time\" content=\"2025-09-05T11:54:31+00:00\" \/>\n<meta property=\"og:image\" content=\"https:\/\/www.kilim-age.com\/wp-content\/uploads\/2025\/07\/Afombras-turcas-oline.jpg\" \/>\n\t<meta property=\"og:image:width\" content=\"1000\" \/>\n\t<meta property=\"og:image:height\" content=\"1300\" \/>\n\t<meta property=\"og:image:type\" content=\"image\/jpeg\" \/>\n<meta name=\"twitter:card\" content=\"summary_large_image\" \/>\n<meta name=\"twitter:label1\" content=\"Tiempo de lectura\" \/>\n\t<meta name=\"twitter:data1\" content=\"1 minuto\" \/>\n<script type=\"application\/ld+json\" class=\"yoast-schema-graph\">{\"@context\":\"https:\/\/schema.org\",\"@graph\":[{\"@type\":\"WebPage\",\"@id\":\"https:\/\/www.kilim-age.com\/es\/producto\/alfombra-oriental-tradicional\/\",\"url\":\"https:\/\/www.kilim-age.com\/es\/producto\/alfombra-oriental-tradicional\/\",\"name\":\"alfombra oriental tradicional | Kilim-Age\",\"isPartOf\":{\"@id\":\"https:\/\/www.kilim-age.com\/es\/#website\"},\"primaryImageOfPage\":{\"@id\":\"https:\/\/www.kilim-age.com\/es\/producto\/alfombra-oriental-tradicional\/#primaryimage\"},\"image\":{\"@id\":\"https:\/\/www.kilim-age.com\/es\/producto\/alfombra-oriental-tradicional\/#primaryimage\"},\"thumbnailUrl\":\"https:\/\/www.kilim-age.com\/wp-content\/uploads\/2025\/07\/Afombras-turcas-oline.jpg\",\"datePublished\":\"2025-07-18T10:28:39+00:00\",\"dateModified\":\"2025-09-05T11:54:31+00:00\",\"description\":\"Descubre la elegancia atemporal de esta alfombra oriental tradicional. Ideal para salones amplios. Dise\u00f1o continuo, colores c\u00e1lidos y m\u00e1xima calidad.\",\"breadcrumb\":{\"@id\":\"https:\/\/www.kilim-age.com\/es\/producto\/alfombra-oriental-tradicional\/#breadcrumb\"},\"inLanguage\":\"es\",\"potentialAction\":[{\"@type\":\"ReadAction\",\"target\":[\"https:\/\/www.kilim-age.com\/es\/producto\/alfombra-oriental-tradicional\/\"]}]},{\"@type\":\"ImageObject\",\"inLanguage\":\"es\",\"@id\":\"https:\/\/www.kilim-age.com\/es\/producto\/alfombra-oriental-tradicional\/#primaryimage\",\"url\":\"https:\/\/www.kilim-age.com\/wp-content\/uploads\/2025\/07\/Afombras-turcas-oline.jpg\",\"contentUrl\":\"https:\/\/www.kilim-age.com\/wp-content\/uploads\/2025\/07\/Afombras-turcas-oline.jpg\",\"width\":1000,\"height\":1300},{\"@type\":\"BreadcrumbList\",\"@id\":\"https:\/\/www.kilim-age.com\/es\/producto\/alfombra-oriental-tradicional\/#breadcrumb\",\"itemListElement\":[{\"@type\":\"ListItem\",\"position\":1,\"name\":\"Home\",\"item\":\"https:\/\/www.kilim-age.com\/es\/\"},{\"@type\":\"ListItem\",\"position\":2,\"name\":\"Shop\",\"item\":\"https:\/\/www.kilim-age.com\/es\/shop\/\"},{\"@type\":\"ListItem\",\"position\":3,\"name\":\"Alfombra turca cl\u00e1sica 198&#215;293 cm\"}]},{\"@type\":\"WebSite\",\"@id\":\"https:\/\/www.kilim-age.com\/es\/#website\",\"url\":\"https:\/\/www.kilim-age.com\/es\/\",\"name\":\"Kilim-Age\",\"description\":\"Somos especialistas en productos artesanales de Turqu\u00eda como Alfombras, y Kilims\",\"potentialAction\":[{\"@type\":\"SearchAction\",\"target\":{\"@type\":\"EntryPoint\",\"urlTemplate\":\"https:\/\/www.kilim-age.com\/es\/?s={search_term_string}\"},\"query-input\":{\"@type\":\"PropertyValueSpecification\",\"valueRequired\":true,\"valueName\":\"search_term_string\"}}],\"inLanguage\":\"es\"}]}<\/script>\n<!-- \/ Yoast SEO plugin. -->","yoast_head_json":{"title":"alfombra oriental tradicional | Kilim-Age","description":"Descubre la elegancia atemporal de esta alfombra oriental tradicional. Ideal para salones amplios. Dise\u00f1o continuo, colores c\u00e1lidos y m\u00e1xima calidad.","robots":{"index":"index","follow":"follow","max-snippet":"max-snippet:-1","max-image-preview":"max-image-preview:large","max-video-preview":"max-video-preview:-1"},"canonical":"https:\/\/www.kilim-age.com\/es\/producto\/alfombra-oriental-tradicional\/","og_locale":"es_ES","og_type":"article","og_title":"alfombra oriental tradicional | Kilim-Age","og_description":"Descubre la elegancia atemporal de esta alfombra oriental tradicional. Ideal para salones amplios. Dise\u00f1o continuo, colores c\u00e1lidos y m\u00e1xima calidad.","og_url":"https:\/\/www.kilim-age.com\/es\/producto\/alfombra-oriental-tradicional\/","og_site_name":"Kilim-Age","article_modified_time":"2025-09-05T11:54:31+00:00","og_image":[{"width":1000,"height":1300,"url":"https:\/\/www.kilim-age.com\/wp-content\/uploads\/2025\/07\/Afombras-turcas-oline.jpg","type":"image\/jpeg"}],"twitter_card":"summary_large_image","twitter_misc":{"Tiempo de lectura":"1 minuto"},"schema":{"@context":"https:\/\/schema.org","@graph":[{"@type":"WebPage","@id":"https:\/\/www.kilim-age.com\/es\/producto\/alfombra-oriental-tradicional\/","url":"https:\/\/www.kilim-age.com\/es\/producto\/alfombra-oriental-tradicional\/","name":"alfombra oriental tradicional | Kilim-Age","isPartOf":{"@id":"https:\/\/www.kilim-age.com\/es\/#website"},"primaryImageOfPage":{"@id":"https:\/\/www.kilim-age.com\/es\/producto\/alfombra-oriental-tradicional\/#primaryimage"},"image":{"@id":"https:\/\/www.kilim-age.com\/es\/producto\/alfombra-oriental-tradicional\/#primaryimage"},"thumbnailUrl":"https:\/\/www.kilim-age.com\/wp-content\/uploads\/2025\/07\/Afombras-turcas-oline.jpg","datePublished":"2025-07-18T10:28:39+00:00","dateModified":"2025-09-05T11:54:31+00:00","description":"Descubre la elegancia atemporal de esta alfombra oriental tradicional. Ideal para salones amplios. Dise\u00f1o continuo, colores c\u00e1lidos y m\u00e1xima calidad.","breadcrumb":{"@id":"https:\/\/www.kilim-age.com\/es\/producto\/alfombra-oriental-tradicional\/#breadcrumb"},"inLanguage":"es","potentialAction":[{"@type":"ReadAction","target":["https:\/\/www.kilim-age.com\/es\/producto\/alfombra-oriental-tradicional\/"]}]},{"@type":"ImageObject","inLanguage":"es","@id":"https:\/\/www.kilim-age.com\/es\/producto\/alfombra-oriental-tradicional\/#primaryimage","url":"https:\/\/www.kilim-age.com\/wp-content\/uploads\/2025\/07\/Afombras-turcas-oline.jpg","contentUrl":"https:\/\/www.kilim-age.com\/wp-content\/uploads\/2025\/07\/Afombras-turcas-oline.jpg","width":1000,"height":1300},{"@type":"BreadcrumbList","@id":"https:\/\/www.kilim-age.com\/es\/producto\/alfombra-oriental-tradicional\/#breadcrumb","itemListElement":[{"@type":"ListItem","position":1,"name":"Home","item":"https:\/\/www.kilim-age.com\/es\/"},{"@type":"ListItem","position":2,"name":"Shop","item":"https:\/\/www.kilim-age.com\/es\/shop\/"},{"@type":"ListItem","position":3,"name":"Alfombra turca cl\u00e1sica 198&#215;293 cm"}]},{"@type":"WebSite","@id":"https:\/\/www.kilim-age.com\/es\/#website","url":"https:\/\/www.kilim-age.com\/es\/","name":"Kilim-Age","description":"Somos especialistas en productos artesanales de Turqu\u00eda como Alfombras, y Kilims","potentialAction":[{"@type":"SearchAction","target":{"@type":"EntryPoint","urlTemplate":"https:\/\/www.kilim-age.com\/es\/?s={search_term_string}"},"query-input":{"@type":"PropertyValueSpecification","valueRequired":true,"valueName":"search_term_string"}}],"inLanguage":"es"}]}},"_links":{"self":[{"href":"https:\/\/www.kilim-age.com\/es\/wp-json\/wp\/v2\/product\/41532","targetHints":{"allow":["GET"]}}],"collection":[{"href":"https:\/\/www.kilim-age.com\/es\/wp-json\/wp\/v2\/product"}],"about":[{"href":"https:\/\/www.kilim-age.com\/es\/wp-json\/wp\/v2\/types\/product"}],"replies":[{"embeddable":true,"href":"https:\/\/www.kilim-age.com\/es\/wp-json\/wp\/v2\/comments?post=41532"}],"wp:featuredmedia":[{"embeddable":true,"href":"https:\/\/www.kilim-age.com\/es\/wp-json\/wp\/v2\/media\/41533"}],"wp:attachment":[{"href":"https:\/\/www.kilim-age.com\/es\/wp-json\/wp\/v2\/media?parent=41532"}],"wp:term":[{"taxonomy":"product_brand","embeddable":true,"href":"https:\/\/www.kilim-age.com\/es\/wp-json\/wp\/v2\/product_brand?post=41532"},{"taxonomy":"product_cat","embeddable":true,"href":"https:\/\/www.kilim-age.com\/es\/wp-json\/wp\/v2\/product_cat?post=41532"},{"taxonomy":"product_tag","embeddable":true,"href":"https:\/\/www.kilim-age.com\/es\/wp-json\/wp\/v2\/product_tag?post=41532"}],"curies":[{"name":"wp","href":"https:\/\/api.w.org\/{rel}","templated":true}]}}