{"id":4517,"date":"2017-11-27T16:16:22","date_gmt":"2017-11-27T16:16:22","guid":{"rendered":"http:\/\/www.kilim-age.com\/?post_type=product&#038;p=4517"},"modified":"2021-06-18T18:20:14","modified_gmt":"2021-06-18T16:20:14","slug":"classic-usak-carpet-179-x-121-cm-2","status":"publish","type":"product","link":"https:\/\/www.kilim-age.com\/es\/producto\/classic-usak-carpet-179-x-121-cm-2\/","title":{"rendered":"ALFOMBRA CL\u00c1SICA USAK 179 X 121 cm"},"content":{"rendered":"Alfombra U\u015fak, muy resistente de pelo corto y r\u00edgido.<br \/>\nU\u015fak es una ciudad situada en el centro de Turqu\u00eda (Anatolia). Durante la \u00e9poca preindustrial, U\u015fak ya era un centro importante de producci\u00f3n y exportaci\u00f3n, especialmente de alfombras. Las alfombras de U\u015fak tambi\u00e9n se llamaba alfombras de Holbein en referencia al pintor del siglo XVI Hans Holbein el Joven, quien las plasm\u00f3 de forma detallada en sus cuadros, reflejando su popularidad en el mercado europeo. Aunque los dise\u00f1os de las alfombras han cambiado desde entonces, sigue siendo una industria importante que hace que el nombre de la ciudad tenga relevancia en el mercado de las alfombras artesanales.<\/p>\n  <div class=\"icon-box testimonial-box icon-box-left text-left\">\n                <div class=\"icon-box-text p-last-0\">\n          <div class=\"star-rating\"><span style=\"width:100%\"><strong class=\"rating\"><\/strong><\/span><\/div>  \t\t\t\t<div class=\"testimonial-text line-height-small italic test_text first-reset last-reset is-italic\">\n            \n<h3>Alexander<\/h3>\n<p>Una alfombra fant\u00e1stica de origen turca, sin duda son las mejores alfombras del mundo&#8230; Recomendado 100%<\/p>\n          <\/div>\n          <div class=\"testimonial-meta pt-half\">\n             <strong class=\"testimonial-name test_name\"><\/strong>\n                          <span class=\"testimonial-company test_company\"><\/span>\n          <\/div>\n        <\/div>\n  <\/div><!-- .icon-box -->","protected":false},"excerpt":{"rendered":"<p>Fabricaci\u00f3n: Hecho a mano<br \/>\nTama\u00f1o:179 X 121 cm.<br \/>\nN\u00famero de nudos: aprox 160000 o 200000 por m\u00b2<br \/>\nEstado: Nuevo<br \/>\nOrigen: Turqu\u00eda<br \/>\nPelo: Lana<br \/>\nUrdimbre: Algod\u00f3n<br \/>\nGrosor aprox: 4-5 mm<br \/>\nTe\u00f1ido natural.<br \/>\nLos colores de la alfombra se percibir\u00e1n de formas diferentes dependiendo del \u00e1ngulo de visi\u00f3n<br \/>\nPlazo de entrega: 2-5 d\u00edas h\u00e1biles en Espa\u00f1a.<br \/>\nEuropa: 5-7 d\u00edas h\u00e1biles, resto de continentes 7-10 d\u00edas.<\/p>\n","protected":false},"featured_media":4508,"comment_status":"open","ping_status":"closed","template":"","meta":[],"product_brand":[],"product_cat":[62,230],"product_tag":[79,80],"class_list":{"0":"post-4517","1":"product","2":"type-product","3":"status-publish","4":"has-post-thumbnail","6":"product_cat-alfombras-turcas","7":"product_cat-alfombras-clasicas","8":"product_tag-alfombras-clasicas","9":"product_tag-classic-carpets","10":"product_shipping_class-alfombra-pequena","11":"pa_ancho-cm-976","12":"pa_color-azul","13":"pa_largo-cm-977","14":"pa_medida-pequenos","16":"first","17":"outofstock","18":"sale","19":"sold-individually","20":"taxable","21":"shipping-taxable","22":"purchasable","23":"product-type-simple"},"yoast_head":"<!-- This site is optimized with the Yoast SEO plugin v24.8.1 - https:\/\/yoast.com\/wordpress\/plugins\/seo\/ -->\n<title>ALFOMBRA CL\u00c1SICA USAK 179 X 121 cm | Kilim-Age<\/title>\n<meta name=\"robots\" content=\"index, follow, max-snippet:-1, max-image-preview:large, max-video-preview:-1\" \/>\n<link rel=\"canonical\" href=\"https:\/\/www.kilim-age.com\/es\/producto\/classic-usak-carpet-179-x-121-cm-2\/\" \/>\n<meta property=\"og:locale\" content=\"es_ES\" \/>\n<meta property=\"og:type\" content=\"article\" \/>\n<meta property=\"og:title\" content=\"ALFOMBRA CL\u00c1SICA USAK 179 X 121 cm | Kilim-Age\" \/>\n<meta property=\"og:description\" content=\"Fabricaci\u00f3n: Hecho a mano Tama\u00f1o:179 X 121 cm. N\u00famero de nudos: aprox 160000 o 200000 por m\u00b2 Estado: Nuevo Origen: Turqu\u00eda Pelo: Lana Urdimbre: Algod\u00f3n Grosor aprox: 4-5 mm Te\u00f1ido natural. Los colores de la alfombra se percibir\u00e1n de formas diferentes dependiendo del \u00e1ngulo de visi\u00f3n Plazo de entrega: 2-5 d\u00edas h\u00e1biles en Espa\u00f1a. Europa: 5-7 d\u00edas h\u00e1biles, resto de continentes 7-10 d\u00edas.\" \/>\n<meta property=\"og:url\" content=\"https:\/\/www.kilim-age.com\/es\/producto\/classic-usak-carpet-179-x-121-cm-2\/\" \/>\n<meta property=\"og:site_name\" content=\"Kilim-Age\" \/>\n<meta property=\"article:modified_time\" content=\"2021-06-18T16:20:14+00:00\" \/>\n<meta property=\"og:image\" content=\"https:\/\/www.kilim-age.com\/wp-content\/uploads\/2017\/11\/IMG_9430-WEB-KA-1.jpg\" \/>\n\t<meta property=\"og:image:width\" content=\"1000\" \/>\n\t<meta property=\"og:image:height\" content=\"1300\" \/>\n\t<meta property=\"og:image:type\" content=\"image\/jpeg\" \/>\n<meta name=\"twitter:card\" content=\"summary_large_image\" \/>\n<meta name=\"twitter:label1\" content=\"Tiempo de lectura\" \/>\n\t<meta name=\"twitter:data1\" content=\"1 minuto\" \/>\n<script type=\"application\/ld+json\" class=\"yoast-schema-graph\">{\"@context\":\"https:\/\/schema.org\",\"@graph\":[{\"@type\":\"WebPage\",\"@id\":\"https:\/\/www.kilim-age.com\/es\/producto\/classic-usak-carpet-179-x-121-cm-2\/\",\"url\":\"https:\/\/www.kilim-age.com\/es\/producto\/classic-usak-carpet-179-x-121-cm-2\/\",\"name\":\"ALFOMBRA CL\u00c1SICA USAK 179 X 121 cm | Kilim-Age\",\"isPartOf\":{\"@id\":\"https:\/\/www.kilim-age.com\/es\/#website\"},\"primaryImageOfPage\":{\"@id\":\"https:\/\/www.kilim-age.com\/es\/producto\/classic-usak-carpet-179-x-121-cm-2\/#primaryimage\"},\"image\":{\"@id\":\"https:\/\/www.kilim-age.com\/es\/producto\/classic-usak-carpet-179-x-121-cm-2\/#primaryimage\"},\"thumbnailUrl\":\"https:\/\/www.kilim-age.com\/wp-content\/uploads\/2017\/11\/IMG_9430-WEB-KA-1.jpg\",\"datePublished\":\"2017-11-27T16:16:22+00:00\",\"dateModified\":\"2021-06-18T16:20:14+00:00\",\"breadcrumb\":{\"@id\":\"https:\/\/www.kilim-age.com\/es\/producto\/classic-usak-carpet-179-x-121-cm-2\/#breadcrumb\"},\"inLanguage\":\"es\",\"potentialAction\":[{\"@type\":\"ReadAction\",\"target\":[\"https:\/\/www.kilim-age.com\/es\/producto\/classic-usak-carpet-179-x-121-cm-2\/\"]}]},{\"@type\":\"ImageObject\",\"inLanguage\":\"es\",\"@id\":\"https:\/\/www.kilim-age.com\/es\/producto\/classic-usak-carpet-179-x-121-cm-2\/#primaryimage\",\"url\":\"https:\/\/www.kilim-age.com\/wp-content\/uploads\/2017\/11\/IMG_9430-WEB-KA-1.jpg\",\"contentUrl\":\"https:\/\/www.kilim-age.com\/wp-content\/uploads\/2017\/11\/IMG_9430-WEB-KA-1.jpg\",\"width\":1000,\"height\":1300},{\"@type\":\"BreadcrumbList\",\"@id\":\"https:\/\/www.kilim-age.com\/es\/producto\/classic-usak-carpet-179-x-121-cm-2\/#breadcrumb\",\"itemListElement\":[{\"@type\":\"ListItem\",\"position\":1,\"name\":\"Home\",\"item\":\"https:\/\/www.kilim-age.com\/es\/\"},{\"@type\":\"ListItem\",\"position\":2,\"name\":\"Shop\",\"item\":\"https:\/\/www.kilim-age.com\/es\/shop\/\"},{\"@type\":\"ListItem\",\"position\":3,\"name\":\"ALFOMBRA CL\u00c1SICA USAK 179 X 121 cm\"}]},{\"@type\":\"WebSite\",\"@id\":\"https:\/\/www.kilim-age.com\/es\/#website\",\"url\":\"https:\/\/www.kilim-age.com\/es\/\",\"name\":\"Kilim-Age\",\"description\":\"Somos especialistas en productos artesanales de Turqu\u00eda como Alfombras, y Kilims\",\"potentialAction\":[{\"@type\":\"SearchAction\",\"target\":{\"@type\":\"EntryPoint\",\"urlTemplate\":\"https:\/\/www.kilim-age.com\/es\/?s={search_term_string}\"},\"query-input\":{\"@type\":\"PropertyValueSpecification\",\"valueRequired\":true,\"valueName\":\"search_term_string\"}}],\"inLanguage\":\"es\"}]}<\/script>\n<!-- \/ Yoast SEO plugin. -->","yoast_head_json":{"title":"ALFOMBRA CL\u00c1SICA USAK 179 X 121 cm | Kilim-Age","robots":{"index":"index","follow":"follow","max-snippet":"max-snippet:-1","max-image-preview":"max-image-preview:large","max-video-preview":"max-video-preview:-1"},"canonical":"https:\/\/www.kilim-age.com\/es\/producto\/classic-usak-carpet-179-x-121-cm-2\/","og_locale":"es_ES","og_type":"article","og_title":"ALFOMBRA CL\u00c1SICA USAK 179 X 121 cm | Kilim-Age","og_description":"Fabricaci\u00f3n: Hecho a mano Tama\u00f1o:179 X 121 cm. N\u00famero de nudos: aprox 160000 o 200000 por m\u00b2 Estado: Nuevo Origen: Turqu\u00eda Pelo: Lana Urdimbre: Algod\u00f3n Grosor aprox: 4-5 mm Te\u00f1ido natural. Los colores de la alfombra se percibir\u00e1n de formas diferentes dependiendo del \u00e1ngulo de visi\u00f3n Plazo de entrega: 2-5 d\u00edas h\u00e1biles en Espa\u00f1a. Europa: 5-7 d\u00edas h\u00e1biles, resto de continentes 7-10 d\u00edas.","og_url":"https:\/\/www.kilim-age.com\/es\/producto\/classic-usak-carpet-179-x-121-cm-2\/","og_site_name":"Kilim-Age","article_modified_time":"2021-06-18T16:20:14+00:00","og_image":[{"width":1000,"height":1300,"url":"https:\/\/www.kilim-age.com\/wp-content\/uploads\/2017\/11\/IMG_9430-WEB-KA-1.jpg","type":"image\/jpeg"}],"twitter_card":"summary_large_image","twitter_misc":{"Tiempo de lectura":"1 minuto"},"schema":{"@context":"https:\/\/schema.org","@graph":[{"@type":"WebPage","@id":"https:\/\/www.kilim-age.com\/es\/producto\/classic-usak-carpet-179-x-121-cm-2\/","url":"https:\/\/www.kilim-age.com\/es\/producto\/classic-usak-carpet-179-x-121-cm-2\/","name":"ALFOMBRA CL\u00c1SICA USAK 179 X 121 cm | Kilim-Age","isPartOf":{"@id":"https:\/\/www.kilim-age.com\/es\/#website"},"primaryImageOfPage":{"@id":"https:\/\/www.kilim-age.com\/es\/producto\/classic-usak-carpet-179-x-121-cm-2\/#primaryimage"},"image":{"@id":"https:\/\/www.kilim-age.com\/es\/producto\/classic-usak-carpet-179-x-121-cm-2\/#primaryimage"},"thumbnailUrl":"https:\/\/www.kilim-age.com\/wp-content\/uploads\/2017\/11\/IMG_9430-WEB-KA-1.jpg","datePublished":"2017-11-27T16:16:22+00:00","dateModified":"2021-06-18T16:20:14+00:00","breadcrumb":{"@id":"https:\/\/www.kilim-age.com\/es\/producto\/classic-usak-carpet-179-x-121-cm-2\/#breadcrumb"},"inLanguage":"es","potentialAction":[{"@type":"ReadAction","target":["https:\/\/www.kilim-age.com\/es\/producto\/classic-usak-carpet-179-x-121-cm-2\/"]}]},{"@type":"ImageObject","inLanguage":"es","@id":"https:\/\/www.kilim-age.com\/es\/producto\/classic-usak-carpet-179-x-121-cm-2\/#primaryimage","url":"https:\/\/www.kilim-age.com\/wp-content\/uploads\/2017\/11\/IMG_9430-WEB-KA-1.jpg","contentUrl":"https:\/\/www.kilim-age.com\/wp-content\/uploads\/2017\/11\/IMG_9430-WEB-KA-1.jpg","width":1000,"height":1300},{"@type":"BreadcrumbList","@id":"https:\/\/www.kilim-age.com\/es\/producto\/classic-usak-carpet-179-x-121-cm-2\/#breadcrumb","itemListElement":[{"@type":"ListItem","position":1,"name":"Home","item":"https:\/\/www.kilim-age.com\/es\/"},{"@type":"ListItem","position":2,"name":"Shop","item":"https:\/\/www.kilim-age.com\/es\/shop\/"},{"@type":"ListItem","position":3,"name":"ALFOMBRA CL\u00c1SICA USAK 179 X 121 cm"}]},{"@type":"WebSite","@id":"https:\/\/www.kilim-age.com\/es\/#website","url":"https:\/\/www.kilim-age.com\/es\/","name":"Kilim-Age","description":"Somos especialistas en productos artesanales de Turqu\u00eda como Alfombras, y Kilims","potentialAction":[{"@type":"SearchAction","target":{"@type":"EntryPoint","urlTemplate":"https:\/\/www.kilim-age.com\/es\/?s={search_term_string}"},"query-input":{"@type":"PropertyValueSpecification","valueRequired":true,"valueName":"search_term_string"}}],"inLanguage":"es"}]}},"_links":{"self":[{"href":"https:\/\/www.kilim-age.com\/es\/wp-json\/wp\/v2\/product\/4517","targetHints":{"allow":["GET"]}}],"collection":[{"href":"https:\/\/www.kilim-age.com\/es\/wp-json\/wp\/v2\/product"}],"about":[{"href":"https:\/\/www.kilim-age.com\/es\/wp-json\/wp\/v2\/types\/product"}],"replies":[{"embeddable":true,"href":"https:\/\/www.kilim-age.com\/es\/wp-json\/wp\/v2\/comments?post=4517"}],"wp:featuredmedia":[{"embeddable":true,"href":"https:\/\/www.kilim-age.com\/es\/wp-json\/wp\/v2\/media\/4508"}],"wp:attachment":[{"href":"https:\/\/www.kilim-age.com\/es\/wp-json\/wp\/v2\/media?parent=4517"}],"wp:term":[{"taxonomy":"product_brand","embeddable":true,"href":"https:\/\/www.kilim-age.com\/es\/wp-json\/wp\/v2\/product_brand?post=4517"},{"taxonomy":"product_cat","embeddable":true,"href":"https:\/\/www.kilim-age.com\/es\/wp-json\/wp\/v2\/product_cat?post=4517"},{"taxonomy":"product_tag","embeddable":true,"href":"https:\/\/www.kilim-age.com\/es\/wp-json\/wp\/v2\/product_tag?post=4517"}],"curies":[{"name":"wp","href":"https:\/\/api.w.org\/{rel}","templated":true}]}}