{"id":612,"date":"2017-01-06T11:53:25","date_gmt":"2017-01-06T11:53:25","guid":{"rendered":"http:\/\/www.kilim-age.com\/?post_type=product&#038;p=612"},"modified":"2021-07-20T19:59:45","modified_gmt":"2021-07-20T17:59:45","slug":"alfombra-patchwork-azul-indigo","status":"publish","type":"product","link":"https:\/\/www.kilim-age.com\/es\/producto\/alfombra-patchwork-azul-indigo\/","title":{"rendered":"ALFOMBRA PATCHWORK 242 X158 cm"},"content":{"rendered":"<h3><strong>ALFOMBRAS PATCHWORK AZUL INDIGO<\/strong><\/h3>\n<p>Alfombra Patchwork Azul Indigo ! La palabra patchwork viene del ingl\u00e9s \u201cpatch\u201d (parche) y \u201cwork\u201d (trabajo). Conocido tambi\u00e9n como \u201cpieced work\u201d, se trata de la uni\u00f3n de muchas piezas diferentes, alternando incluso colores y tejidos. Literalmente significa trabajo con parches o remiendos. Esta t\u00e9cnica textil permite confeccionar piezas uniendo fragmentos de telas de diferentes tipos y colores. Dicho de otro modo, es una forma de costura que consiste en coser o ensamblar distintas trozos de tela formando otra tela o un dise\u00f1o m\u00e1s grande.<\/p>\n<p>La alfombra Patchwork est\u00e1 hecha con retazos de alfombras de vintage hechos a mano que aproximadamente suelen tener entre 20-30 a\u00f1os de antig\u00fcedad. Se trata de crear una alfombra a partir de parches de diferentes alfombras. Gracias a las t\u00e9cnicas utilizadas para las alfombras vintage, podemos conseguir una gama muy amplia de colores naturales. Suponen una segunda vida para las alfombras y una manera novedosa y original de utilizarlas. El tradicional m\u00e9todo mosaico de los patchwork permite que las alfombras sean elaboradas en los tama\u00f1os deseados por cada cliente. Pueden personalizarse y hacer a medida tanto las medidas de la alfombra, como la de los parches que la componen. Todas nuestras alfombras de patchwork est\u00e1n elaboradas artesanalmente con los materiales de alta calidad y originarios de Turqu\u00eda.<\/p>\n<p>Como objeto de decoraci\u00f3n supone un elemento \u00fanico y especial, adem\u00e1s de personalizado. Tambi\u00e9n ofrece una variedad de colores y combinaciones mucho m\u00e1s amplia de la que ten\u00edamos con las alfombras cl\u00e1sicas. Suelen utilizarse en todo tipo de ambientes y actualmente son las alfombras por excelencia de todos los estilos en tendencia.","protected":false},"excerpt":{"rendered":"<p>Fabricaci\u00f3n: Hecho a mano<br \/>\nTama\u00f1o: 242 X 158 cm<br \/>\nN\u00famero de nudos: aprox 150000-300000 por m\u00b2<br \/>\nEstado: Nuevo<br \/>\nOrigen: Turqu\u00eda<br \/>\nPelo: Lana<br \/>\nUrdimbre: Algod\u00f3n<br \/>\nGrosor aprox: 8-10 mm<br \/>\nTe\u00f1ido natural<br \/>\nLos colores de la alfombra se percibir\u00e1n de formas diferentes dependiendo del \u00e1ngulo de visi\u00f3n<br \/>\nPlazo de entrega: 2-5 d\u00edas h\u00e1biles en Espa\u00f1a.<br \/>\nEuropa: 5-7 d\u00edas h\u00e1biles, resto de continentes 7-10 d\u00edas.<\/p>\n","protected":false},"featured_media":689,"comment_status":"open","ping_status":"closed","template":"","meta":[],"product_brand":[],"product_cat":[1054,62,224],"product_tag":[67,850,68],"class_list":{"0":"post-612","1":"product","2":"type-product","3":"status-publish","4":"has-post-thumbnail","6":"product_cat-ofertas","7":"product_cat-alfombras-turcas","8":"product_cat-alfombras-patchwork","9":"product_tag-alfombra-patchwork","10":"product_tag-alfombra-patchwork-azul","11":"product_tag-patchwork-carpet","12":"product_shipping_class-alfombra-mediana","13":"pa_ancho-cm-1029","14":"pa_color-azul","15":"pa_color-azul-marino","16":"pa_largo-cm-1026","17":"pa_medida-grandes","19":"first","20":"instock","21":"sale","22":"sold-individually","23":"taxable","24":"shipping-taxable","25":"purchasable","26":"product-type-simple"},"yoast_head":"<!-- This site is optimized with the Yoast SEO plugin v24.8.1 - https:\/\/yoast.com\/wordpress\/plugins\/seo\/ -->\n<title>Alfombra Patchwork Azul Indigo | Kilim-Age | Alfombras Patchwork<\/title>\n<meta name=\"robots\" content=\"index, follow, max-snippet:-1, max-image-preview:large, max-video-preview:-1\" \/>\n<link rel=\"canonical\" href=\"https:\/\/www.kilim-age.com\/es\/producto\/alfombra-patchwork-azul-indigo\/\" \/>\n<meta property=\"og:locale\" content=\"es_ES\" \/>\n<meta property=\"og:type\" content=\"article\" \/>\n<meta property=\"og:title\" content=\"Alfombra Patchwork Azul Indigo | Kilim-Age | Alfombras Patchwork\" \/>\n<meta property=\"og:description\" content=\"Fabricaci\u00f3n: Hecho a mano Tama\u00f1o: 242 X 158 cm N\u00famero de nudos: aprox 150000-300000 por m\u00b2 Estado: Nuevo Origen: Turqu\u00eda Pelo: Lana Urdimbre: Algod\u00f3n Grosor aprox: 8-10 mm Te\u00f1ido natural Los colores de la alfombra se percibir\u00e1n de formas diferentes dependiendo del \u00e1ngulo de visi\u00f3n Plazo de entrega: 2-5 d\u00edas h\u00e1biles en Espa\u00f1a. Europa: 5-7 d\u00edas h\u00e1biles, resto de continentes 7-10 d\u00edas.\" \/>\n<meta property=\"og:url\" content=\"https:\/\/www.kilim-age.com\/es\/producto\/alfombra-patchwork-azul-indigo\/\" \/>\n<meta property=\"og:site_name\" content=\"Kilim-Age\" \/>\n<meta property=\"article:modified_time\" content=\"2021-07-20T17:59:45+00:00\" \/>\n<meta property=\"og:image\" content=\"https:\/\/www.kilim-age.com\/wp-content\/uploads\/2017\/01\/IMG_9579-1329-242X158-WEBKA1.jpg\" \/>\n\t<meta property=\"og:image:width\" content=\"661\" \/>\n\t<meta property=\"og:image:height\" content=\"848\" \/>\n\t<meta property=\"og:image:type\" content=\"image\/jpeg\" \/>\n<meta name=\"twitter:card\" content=\"summary_large_image\" \/>\n<meta name=\"twitter:label1\" content=\"Tiempo de lectura\" \/>\n\t<meta name=\"twitter:data1\" content=\"2 minutos\" \/>\n<script type=\"application\/ld+json\" class=\"yoast-schema-graph\">{\"@context\":\"https:\/\/schema.org\",\"@graph\":[{\"@type\":\"WebPage\",\"@id\":\"https:\/\/www.kilim-age.com\/es\/producto\/alfombra-patchwork-azul-indigo\/\",\"url\":\"https:\/\/www.kilim-age.com\/es\/producto\/alfombra-patchwork-azul-indigo\/\",\"name\":\"Alfombra Patchwork Azul Indigo | Kilim-Age | Alfombras Patchwork\",\"isPartOf\":{\"@id\":\"https:\/\/www.kilim-age.com\/en\/#website\"},\"primaryImageOfPage\":{\"@id\":\"https:\/\/www.kilim-age.com\/es\/producto\/alfombra-patchwork-azul-indigo\/#primaryimage\"},\"image\":{\"@id\":\"https:\/\/www.kilim-age.com\/es\/producto\/alfombra-patchwork-azul-indigo\/#primaryimage\"},\"thumbnailUrl\":\"https:\/\/www.kilim-age.com\/wp-content\/uploads\/2017\/01\/IMG_9579-1329-242X158-WEBKA1.jpg\",\"datePublished\":\"2017-01-06T11:53:25+00:00\",\"dateModified\":\"2021-07-20T17:59:45+00:00\",\"breadcrumb\":{\"@id\":\"https:\/\/www.kilim-age.com\/es\/producto\/alfombra-patchwork-azul-indigo\/#breadcrumb\"},\"inLanguage\":\"es\",\"potentialAction\":[{\"@type\":\"ReadAction\",\"target\":[\"https:\/\/www.kilim-age.com\/es\/producto\/alfombra-patchwork-azul-indigo\/\"]}]},{\"@type\":\"ImageObject\",\"inLanguage\":\"es\",\"@id\":\"https:\/\/www.kilim-age.com\/es\/producto\/alfombra-patchwork-azul-indigo\/#primaryimage\",\"url\":\"https:\/\/www.kilim-age.com\/wp-content\/uploads\/2017\/01\/IMG_9579-1329-242X158-WEBKA1.jpg\",\"contentUrl\":\"https:\/\/www.kilim-age.com\/wp-content\/uploads\/2017\/01\/IMG_9579-1329-242X158-WEBKA1.jpg\",\"width\":661,\"height\":848,\"caption\":\"Alfombra Patchwork AzulIndigo\"},{\"@type\":\"BreadcrumbList\",\"@id\":\"https:\/\/www.kilim-age.com\/es\/producto\/alfombra-patchwork-azul-indigo\/#breadcrumb\",\"itemListElement\":[{\"@type\":\"ListItem\",\"position\":1,\"name\":\"Home\",\"item\":\"https:\/\/www.kilim-age.com\/en\/\"},{\"@type\":\"ListItem\",\"position\":2,\"name\":\"Shop\",\"item\":\"https:\/\/www.kilim-age.com\/en\/shop\/\"},{\"@type\":\"ListItem\",\"position\":3,\"name\":\"ALFOMBRA PATCHWORK 242 X158 cm\"}]},{\"@type\":\"WebSite\",\"@id\":\"https:\/\/www.kilim-age.com\/en\/#website\",\"url\":\"https:\/\/www.kilim-age.com\/en\/\",\"name\":\"Kilim-Age\",\"description\":\"Somos especialistas en productos artesanales de Turqu\u00eda como Alfombras, y Kilims\",\"potentialAction\":[{\"@type\":\"SearchAction\",\"target\":{\"@type\":\"EntryPoint\",\"urlTemplate\":\"https:\/\/www.kilim-age.com\/en\/?s={search_term_string}\"},\"query-input\":{\"@type\":\"PropertyValueSpecification\",\"valueRequired\":true,\"valueName\":\"search_term_string\"}}],\"inLanguage\":\"es\"}]}<\/script>\n<!-- \/ Yoast SEO plugin. -->","yoast_head_json":{"title":"Alfombra Patchwork Azul Indigo | Kilim-Age | Alfombras Patchwork","robots":{"index":"index","follow":"follow","max-snippet":"max-snippet:-1","max-image-preview":"max-image-preview:large","max-video-preview":"max-video-preview:-1"},"canonical":"https:\/\/www.kilim-age.com\/es\/producto\/alfombra-patchwork-azul-indigo\/","og_locale":"es_ES","og_type":"article","og_title":"Alfombra Patchwork Azul Indigo | Kilim-Age | Alfombras Patchwork","og_description":"Fabricaci\u00f3n: Hecho a mano Tama\u00f1o: 242 X 158 cm N\u00famero de nudos: aprox 150000-300000 por m\u00b2 Estado: Nuevo Origen: Turqu\u00eda Pelo: Lana Urdimbre: Algod\u00f3n Grosor aprox: 8-10 mm Te\u00f1ido natural Los colores de la alfombra se percibir\u00e1n de formas diferentes dependiendo del \u00e1ngulo de visi\u00f3n Plazo de entrega: 2-5 d\u00edas h\u00e1biles en Espa\u00f1a. Europa: 5-7 d\u00edas h\u00e1biles, resto de continentes 7-10 d\u00edas.","og_url":"https:\/\/www.kilim-age.com\/es\/producto\/alfombra-patchwork-azul-indigo\/","og_site_name":"Kilim-Age","article_modified_time":"2021-07-20T17:59:45+00:00","og_image":[{"width":661,"height":848,"url":"https:\/\/www.kilim-age.com\/wp-content\/uploads\/2017\/01\/IMG_9579-1329-242X158-WEBKA1.jpg","type":"image\/jpeg"}],"twitter_card":"summary_large_image","twitter_misc":{"Tiempo de lectura":"2 minutos"},"schema":{"@context":"https:\/\/schema.org","@graph":[{"@type":"WebPage","@id":"https:\/\/www.kilim-age.com\/es\/producto\/alfombra-patchwork-azul-indigo\/","url":"https:\/\/www.kilim-age.com\/es\/producto\/alfombra-patchwork-azul-indigo\/","name":"Alfombra Patchwork Azul Indigo | Kilim-Age | Alfombras Patchwork","isPartOf":{"@id":"https:\/\/www.kilim-age.com\/en\/#website"},"primaryImageOfPage":{"@id":"https:\/\/www.kilim-age.com\/es\/producto\/alfombra-patchwork-azul-indigo\/#primaryimage"},"image":{"@id":"https:\/\/www.kilim-age.com\/es\/producto\/alfombra-patchwork-azul-indigo\/#primaryimage"},"thumbnailUrl":"https:\/\/www.kilim-age.com\/wp-content\/uploads\/2017\/01\/IMG_9579-1329-242X158-WEBKA1.jpg","datePublished":"2017-01-06T11:53:25+00:00","dateModified":"2021-07-20T17:59:45+00:00","breadcrumb":{"@id":"https:\/\/www.kilim-age.com\/es\/producto\/alfombra-patchwork-azul-indigo\/#breadcrumb"},"inLanguage":"es","potentialAction":[{"@type":"ReadAction","target":["https:\/\/www.kilim-age.com\/es\/producto\/alfombra-patchwork-azul-indigo\/"]}]},{"@type":"ImageObject","inLanguage":"es","@id":"https:\/\/www.kilim-age.com\/es\/producto\/alfombra-patchwork-azul-indigo\/#primaryimage","url":"https:\/\/www.kilim-age.com\/wp-content\/uploads\/2017\/01\/IMG_9579-1329-242X158-WEBKA1.jpg","contentUrl":"https:\/\/www.kilim-age.com\/wp-content\/uploads\/2017\/01\/IMG_9579-1329-242X158-WEBKA1.jpg","width":661,"height":848,"caption":"Alfombra Patchwork AzulIndigo"},{"@type":"BreadcrumbList","@id":"https:\/\/www.kilim-age.com\/es\/producto\/alfombra-patchwork-azul-indigo\/#breadcrumb","itemListElement":[{"@type":"ListItem","position":1,"name":"Home","item":"https:\/\/www.kilim-age.com\/en\/"},{"@type":"ListItem","position":2,"name":"Shop","item":"https:\/\/www.kilim-age.com\/en\/shop\/"},{"@type":"ListItem","position":3,"name":"ALFOMBRA PATCHWORK 242 X158 cm"}]},{"@type":"WebSite","@id":"https:\/\/www.kilim-age.com\/en\/#website","url":"https:\/\/www.kilim-age.com\/en\/","name":"Kilim-Age","description":"Somos especialistas en productos artesanales de Turqu\u00eda como Alfombras, y Kilims","potentialAction":[{"@type":"SearchAction","target":{"@type":"EntryPoint","urlTemplate":"https:\/\/www.kilim-age.com\/en\/?s={search_term_string}"},"query-input":{"@type":"PropertyValueSpecification","valueRequired":true,"valueName":"search_term_string"}}],"inLanguage":"es"}]}},"_links":{"self":[{"href":"https:\/\/www.kilim-age.com\/es\/wp-json\/wp\/v2\/product\/612","targetHints":{"allow":["GET"]}}],"collection":[{"href":"https:\/\/www.kilim-age.com\/es\/wp-json\/wp\/v2\/product"}],"about":[{"href":"https:\/\/www.kilim-age.com\/es\/wp-json\/wp\/v2\/types\/product"}],"replies":[{"embeddable":true,"href":"https:\/\/www.kilim-age.com\/es\/wp-json\/wp\/v2\/comments?post=612"}],"wp:featuredmedia":[{"embeddable":true,"href":"https:\/\/www.kilim-age.com\/es\/wp-json\/wp\/v2\/media\/689"}],"wp:attachment":[{"href":"https:\/\/www.kilim-age.com\/es\/wp-json\/wp\/v2\/media?parent=612"}],"wp:term":[{"taxonomy":"product_brand","embeddable":true,"href":"https:\/\/www.kilim-age.com\/es\/wp-json\/wp\/v2\/product_brand?post=612"},{"taxonomy":"product_cat","embeddable":true,"href":"https:\/\/www.kilim-age.com\/es\/wp-json\/wp\/v2\/product_cat?post=612"},{"taxonomy":"product_tag","embeddable":true,"href":"https:\/\/www.kilim-age.com\/es\/wp-json\/wp\/v2\/product_tag?post=612"}],"curies":[{"name":"wp","href":"https:\/\/api.w.org\/{rel}","templated":true}]}}