{"id":8583,"date":"2018-12-19T11:46:40","date_gmt":"2018-12-19T11:46:40","guid":{"rendered":"http:\/\/www.kilim-age.com\/?post_type=product&#038;p=8583"},"modified":"2019-12-10T18:51:12","modified_gmt":"2019-12-10T18:51:12","slug":"ikat-pillowcase-40x60-8","status":"publish","type":"product","link":"https:\/\/www.kilim-age.com\/es\/producto\/ikat-pillowcase-40x60-8\/","title":{"rendered":"IKAT FUNDA 40X60"},"content":{"rendered":"&nbsp;<\/p>\n<p>IKAT<\/p>\n<p>\u00bfQu\u00e9 significa ikat? La palabra \u201cikat\u201d significa \u201catar\u201d. Es una forma muy antigua de crear dise\u00f1os en la tela al te\u00f1irlos antes de tejer la tela. En Uzbekist\u00e1n, en el Valle de Ferghana, toman la trama y atan peque\u00f1os trozos de pl\u00e1stico a los hilos. Las \u00e1reas de hilo atadas, cuando se colocan en la olla de tinte, resisten el color y crean un patr\u00f3n\u00a0al retirar\u00a0las ataduras de pl\u00e1stico. Los algodones ikat tradicionales de Uzbekist\u00e1n\u00a0 se ti\u00f1en en motivos vivos. Estos representan la vida del pueblo y las creencias de la gente. Los ikat son a menudo s\u00edmbolos de estatus, riqueza, poder y prestigio. Las adras ikats modernas de Uzbekist\u00e1n en algod\u00f3n y seda son de colores brillantes debido a los tintes naturales.<\/p>\n<p>\u00bfC\u00f3mo se diferencia el tejido ikat de otro tejido? Las telas Ikat se tejen a mano en telares estrechos en un proceso que requiere mucha mano de obra. Los ikats uzbekos tienen generalmente 15,7 \u201c(40 cm) a 23,6\u201d (60 cm) de ancho. Los tejidos de mano, libres de los aditivos qu\u00edmicos y las tensiones de la producci\u00f3n del telar mec\u00e1nico, son muy diferentes en apariencia y tacto de las telas hechas a m\u00e1quina. Las telas ikat de tejido liso tienen el mismo aspecto en ambos lados de la tela. No hay lado derecho ni lado equivocado. Los adras ikats uzbecos suelen tener bordes s\u00f3lidos de 2 \u201ca 3\u201d a lo largo de cada orillo. Muchos dise\u00f1adores hacen uso de estas cualidades especiales.<\/p>\n<p>\u00bfC\u00f3mo fueron usados? En el siglo XIX, cuando estas telas fueron tejidas, ten\u00edan un prop\u00f3sito m\u00e1s all\u00e1 de su papel comercial como bienes de lujo y m\u00e1s all\u00e1 de sus funciones sociales como t\u00fanicas de presentaci\u00f3n y trajes ceremoniales. Los ikats de Asia Central se hicieron para dar placer, deleitar y entrar al espectador.<\/p>\n<p>Para la decoraci\u00f3n, las telas ikat ha supuesto todo un nuevo mundo porque dan un toque \u00fanico y ex\u00f3tico a los espacios. Nunca sale una tela igual ya que todas las telas son artesanales, adem\u00e1s de la\u00a0calidad y confort que suponen.","protected":false},"excerpt":{"rendered":"<p>40 X 60<br \/>\nMaterial: terciopelo<br \/>\nPlazo de entrega: 2-5 d\u00edas h\u00e1biles en Espa\u00f1a.<br \/>\nEuropa: 5-7 d\u00edas h\u00e1biles.<br \/>\nOtros continentes 7-10 d\u00edas.<br \/>\nSe vende sin relleno.<\/p>\n","protected":false},"featured_media":8584,"comment_status":"open","ping_status":"closed","template":"","meta":[],"product_brand":[],"product_cat":[83,320,327],"product_tag":[328,333],"class_list":{"0":"post-8583","1":"product","2":"type-product","3":"status-publish","4":"has-post-thumbnail","6":"product_cat-ikat-cojines","7":"product_cat-terciopelo","8":"product_cat-40x60-terciopelo","9":"product_tag-funda-ikat","10":"product_tag-pillocase","11":"product_shipping_class-cojines","13":"first","14":"outofstock","15":"sale","16":"sold-individually","17":"taxable","18":"shipping-taxable","19":"purchasable","20":"product-type-simple"},"yoast_head":"<!-- This site is optimized with the Yoast SEO plugin v24.8.1 - https:\/\/yoast.com\/wordpress\/plugins\/seo\/ -->\n<title>IKAT FUNDA 40X60 | Kilim-Age<\/title>\n<meta name=\"robots\" content=\"index, follow, max-snippet:-1, max-image-preview:large, max-video-preview:-1\" \/>\n<link rel=\"canonical\" href=\"https:\/\/www.kilim-age.com\/es\/producto\/ikat-pillowcase-40x60-8\/\" \/>\n<meta property=\"og:locale\" content=\"es_ES\" \/>\n<meta property=\"og:type\" content=\"article\" \/>\n<meta property=\"og:title\" content=\"IKAT FUNDA 40X60 | Kilim-Age\" \/>\n<meta property=\"og:description\" content=\"40 X 60 Material: terciopelo Plazo de entrega: 2-5 d\u00edas h\u00e1biles en Espa\u00f1a. Europa: 5-7 d\u00edas h\u00e1biles. Otros continentes 7-10 d\u00edas. Se vende sin relleno.\" \/>\n<meta property=\"og:url\" content=\"https:\/\/www.kilim-age.com\/es\/producto\/ikat-pillowcase-40x60-8\/\" \/>\n<meta property=\"og:site_name\" content=\"Kilim-Age\" \/>\n<meta property=\"article:modified_time\" content=\"2019-12-10T18:51:12+00:00\" \/>\n<meta property=\"og:image\" content=\"https:\/\/www.kilim-age.com\/wp-content\/uploads\/2018\/12\/IMG_1120-e1547858399986.jpg\" \/>\n\t<meta property=\"og:image:width\" content=\"800\" \/>\n\t<meta property=\"og:image:height\" content=\"800\" \/>\n\t<meta property=\"og:image:type\" content=\"image\/jpeg\" \/>\n<meta name=\"twitter:card\" content=\"summary_large_image\" \/>\n<meta name=\"twitter:label1\" content=\"Tiempo de lectura\" \/>\n\t<meta name=\"twitter:data1\" content=\"3 minutos\" \/>\n<script type=\"application\/ld+json\" class=\"yoast-schema-graph\">{\"@context\":\"https:\/\/schema.org\",\"@graph\":[{\"@type\":\"WebPage\",\"@id\":\"https:\/\/www.kilim-age.com\/es\/producto\/ikat-pillowcase-40x60-8\/\",\"url\":\"https:\/\/www.kilim-age.com\/es\/producto\/ikat-pillowcase-40x60-8\/\",\"name\":\"IKAT FUNDA 40X60 | Kilim-Age\",\"isPartOf\":{\"@id\":\"https:\/\/kilim-age.com\/es\/#website\"},\"primaryImageOfPage\":{\"@id\":\"https:\/\/www.kilim-age.com\/es\/producto\/ikat-pillowcase-40x60-8\/#primaryimage\"},\"image\":{\"@id\":\"https:\/\/www.kilim-age.com\/es\/producto\/ikat-pillowcase-40x60-8\/#primaryimage\"},\"thumbnailUrl\":\"https:\/\/www.kilim-age.com\/wp-content\/uploads\/2018\/12\/IMG_1120-e1547858399986.jpg\",\"datePublished\":\"2018-12-19T11:46:40+00:00\",\"dateModified\":\"2019-12-10T18:51:12+00:00\",\"breadcrumb\":{\"@id\":\"https:\/\/www.kilim-age.com\/es\/producto\/ikat-pillowcase-40x60-8\/#breadcrumb\"},\"inLanguage\":\"es\",\"potentialAction\":[{\"@type\":\"ReadAction\",\"target\":[\"https:\/\/www.kilim-age.com\/es\/producto\/ikat-pillowcase-40x60-8\/\"]}]},{\"@type\":\"ImageObject\",\"inLanguage\":\"es\",\"@id\":\"https:\/\/www.kilim-age.com\/es\/producto\/ikat-pillowcase-40x60-8\/#primaryimage\",\"url\":\"https:\/\/www.kilim-age.com\/wp-content\/uploads\/2018\/12\/IMG_1120-e1547858399986.jpg\",\"contentUrl\":\"https:\/\/www.kilim-age.com\/wp-content\/uploads\/2018\/12\/IMG_1120-e1547858399986.jpg\",\"width\":800,\"height\":800},{\"@type\":\"BreadcrumbList\",\"@id\":\"https:\/\/www.kilim-age.com\/es\/producto\/ikat-pillowcase-40x60-8\/#breadcrumb\",\"itemListElement\":[{\"@type\":\"ListItem\",\"position\":1,\"name\":\"Home\",\"item\":\"https:\/\/www.kilim-age.com\/es\/\"},{\"@type\":\"ListItem\",\"position\":2,\"name\":\"Shop\",\"item\":\"https:\/\/kilim-age.com\/en\/shop\/\"},{\"@type\":\"ListItem\",\"position\":3,\"name\":\"IKAT FUNDA 40X60\"}]},{\"@type\":\"WebSite\",\"@id\":\"https:\/\/kilim-age.com\/es\/#website\",\"url\":\"https:\/\/kilim-age.com\/es\/\",\"name\":\"Kilim-Age\",\"description\":\"Somos especialistas en productos artesanales de Turqu\u00eda como Alfombras, y Kilims\",\"potentialAction\":[{\"@type\":\"SearchAction\",\"target\":{\"@type\":\"EntryPoint\",\"urlTemplate\":\"https:\/\/kilim-age.com\/es\/?s={search_term_string}\"},\"query-input\":{\"@type\":\"PropertyValueSpecification\",\"valueRequired\":true,\"valueName\":\"search_term_string\"}}],\"inLanguage\":\"es\"}]}<\/script>\n<!-- \/ Yoast SEO plugin. -->","yoast_head_json":{"title":"IKAT FUNDA 40X60 | Kilim-Age","robots":{"index":"index","follow":"follow","max-snippet":"max-snippet:-1","max-image-preview":"max-image-preview:large","max-video-preview":"max-video-preview:-1"},"canonical":"https:\/\/www.kilim-age.com\/es\/producto\/ikat-pillowcase-40x60-8\/","og_locale":"es_ES","og_type":"article","og_title":"IKAT FUNDA 40X60 | Kilim-Age","og_description":"40 X 60 Material: terciopelo Plazo de entrega: 2-5 d\u00edas h\u00e1biles en Espa\u00f1a. Europa: 5-7 d\u00edas h\u00e1biles. Otros continentes 7-10 d\u00edas. Se vende sin relleno.","og_url":"https:\/\/www.kilim-age.com\/es\/producto\/ikat-pillowcase-40x60-8\/","og_site_name":"Kilim-Age","article_modified_time":"2019-12-10T18:51:12+00:00","og_image":[{"width":800,"height":800,"url":"https:\/\/www.kilim-age.com\/wp-content\/uploads\/2018\/12\/IMG_1120-e1547858399986.jpg","type":"image\/jpeg"}],"twitter_card":"summary_large_image","twitter_misc":{"Tiempo de lectura":"3 minutos"},"schema":{"@context":"https:\/\/schema.org","@graph":[{"@type":"WebPage","@id":"https:\/\/www.kilim-age.com\/es\/producto\/ikat-pillowcase-40x60-8\/","url":"https:\/\/www.kilim-age.com\/es\/producto\/ikat-pillowcase-40x60-8\/","name":"IKAT FUNDA 40X60 | Kilim-Age","isPartOf":{"@id":"https:\/\/kilim-age.com\/es\/#website"},"primaryImageOfPage":{"@id":"https:\/\/www.kilim-age.com\/es\/producto\/ikat-pillowcase-40x60-8\/#primaryimage"},"image":{"@id":"https:\/\/www.kilim-age.com\/es\/producto\/ikat-pillowcase-40x60-8\/#primaryimage"},"thumbnailUrl":"https:\/\/www.kilim-age.com\/wp-content\/uploads\/2018\/12\/IMG_1120-e1547858399986.jpg","datePublished":"2018-12-19T11:46:40+00:00","dateModified":"2019-12-10T18:51:12+00:00","breadcrumb":{"@id":"https:\/\/www.kilim-age.com\/es\/producto\/ikat-pillowcase-40x60-8\/#breadcrumb"},"inLanguage":"es","potentialAction":[{"@type":"ReadAction","target":["https:\/\/www.kilim-age.com\/es\/producto\/ikat-pillowcase-40x60-8\/"]}]},{"@type":"ImageObject","inLanguage":"es","@id":"https:\/\/www.kilim-age.com\/es\/producto\/ikat-pillowcase-40x60-8\/#primaryimage","url":"https:\/\/www.kilim-age.com\/wp-content\/uploads\/2018\/12\/IMG_1120-e1547858399986.jpg","contentUrl":"https:\/\/www.kilim-age.com\/wp-content\/uploads\/2018\/12\/IMG_1120-e1547858399986.jpg","width":800,"height":800},{"@type":"BreadcrumbList","@id":"https:\/\/www.kilim-age.com\/es\/producto\/ikat-pillowcase-40x60-8\/#breadcrumb","itemListElement":[{"@type":"ListItem","position":1,"name":"Home","item":"https:\/\/www.kilim-age.com\/es\/"},{"@type":"ListItem","position":2,"name":"Shop","item":"https:\/\/kilim-age.com\/en\/shop\/"},{"@type":"ListItem","position":3,"name":"IKAT FUNDA 40X60"}]},{"@type":"WebSite","@id":"https:\/\/kilim-age.com\/es\/#website","url":"https:\/\/kilim-age.com\/es\/","name":"Kilim-Age","description":"Somos especialistas en productos artesanales de Turqu\u00eda como Alfombras, y Kilims","potentialAction":[{"@type":"SearchAction","target":{"@type":"EntryPoint","urlTemplate":"https:\/\/kilim-age.com\/es\/?s={search_term_string}"},"query-input":{"@type":"PropertyValueSpecification","valueRequired":true,"valueName":"search_term_string"}}],"inLanguage":"es"}]}},"_links":{"self":[{"href":"https:\/\/www.kilim-age.com\/es\/wp-json\/wp\/v2\/product\/8583","targetHints":{"allow":["GET"]}}],"collection":[{"href":"https:\/\/www.kilim-age.com\/es\/wp-json\/wp\/v2\/product"}],"about":[{"href":"https:\/\/www.kilim-age.com\/es\/wp-json\/wp\/v2\/types\/product"}],"replies":[{"embeddable":true,"href":"https:\/\/www.kilim-age.com\/es\/wp-json\/wp\/v2\/comments?post=8583"}],"wp:featuredmedia":[{"embeddable":true,"href":"https:\/\/www.kilim-age.com\/es\/wp-json\/wp\/v2\/media\/8584"}],"wp:attachment":[{"href":"https:\/\/www.kilim-age.com\/es\/wp-json\/wp\/v2\/media?parent=8583"}],"wp:term":[{"taxonomy":"product_brand","embeddable":true,"href":"https:\/\/www.kilim-age.com\/es\/wp-json\/wp\/v2\/product_brand?post=8583"},{"taxonomy":"product_cat","embeddable":true,"href":"https:\/\/www.kilim-age.com\/es\/wp-json\/wp\/v2\/product_cat?post=8583"},{"taxonomy":"product_tag","embeddable":true,"href":"https:\/\/www.kilim-age.com\/es\/wp-json\/wp\/v2\/product_tag?post=8583"}],"curies":[{"name":"wp","href":"https:\/\/api.w.org\/{rel}","templated":true}]}}