{"id":9327,"date":"2019-04-12T11:11:01","date_gmt":"2019-04-12T11:11:01","guid":{"rendered":"http:\/\/www.kilim-age.com\/?post_type=product&#038;p=9327"},"modified":"2019-10-05T11:05:16","modified_gmt":"2019-10-05T11:05:16","slug":"zapatos-kilim-talla-41","status":"publish","type":"product","link":"https:\/\/www.kilim-age.com\/es\/producto\/zapatos-kilim-talla-41\/","title":{"rendered":"ZAPATOS KILIM TALLA 41"},"content":{"rendered":"En Kilim Age somos expertos en las alfombras y kilims turcos. Es por ello por lo que desarrollamos esta artesan\u00eda en todas sus vertientes. Dando una segunda vida a los kilims, hemos dise\u00f1ado zapatos fabricados a partir de cuero y tela de los kilims. A partir de esta idea, hemos seleccionado las telas m\u00e1s combinables y representativas de la cultura turca y hemos creado patrones originales, \u00fanicos y coloridos. Con ello, hemos querido crear nuestra colecci\u00f3n de zapatos kilim, de origen turco y artesanales.<\/p>\n<p>Todos nuestros zapatos kilim son \u00fanicos porque est\u00e1n hechos a partir de kilims artesanales, los cuales no hay m\u00e1s que uno de cada producci\u00f3n. Son zapatos c\u00f3modos y resistentes. Hechos con los mejores materiales primarios. Adem\u00e1s, gracias a sus dise\u00f1os y colores, son muy combinables y perdurables en el tiempo. Hemos desarrollado diferentes modelos donde podremos encontrar zapatos de vestir, slippers e incluso botas y botines de tac\u00f3n.","protected":false},"excerpt":{"rendered":"<p>Calza: 41<br \/>\nMaterial: Kilim<br \/>\nInterior: Piel<br \/>\nSuela: Cuero<\/p>\n<p><a href=\"http:\/\/kilim-age.com\/es\/demos\/business-demos\/agency\/\">Consultar tabla de medidas<\/a><\/p>\n","protected":false},"featured_media":9908,"comment_status":"open","ping_status":"closed","template":"","meta":[],"product_brand":[],"product_cat":[59,279,249],"product_tag":[77,76],"class_list":{"0":"post-9327","1":"product","2":"type-product","3":"status-publish","4":"has-post-thumbnail","6":"product_cat-kilim-shoes","7":"product_cat-zapatos-kilim","8":"product_cat-talla-41","9":"product_tag-kilim-shoes","10":"product_tag-zapatos-kilim","11":"product_shipping_class-envio-zapatos","13":"first","14":"outofstock","15":"sold-individually","16":"taxable","17":"shipping-taxable","18":"purchasable","19":"product-type-simple"},"yoast_head":"<!-- This site is optimized with the Yoast SEO plugin v24.8.1 - https:\/\/yoast.com\/wordpress\/plugins\/seo\/ -->\n<title>ZAPATOS KILIM TALLA 41 | Kilim-Age<\/title>\n<meta name=\"robots\" content=\"index, follow, max-snippet:-1, max-image-preview:large, max-video-preview:-1\" \/>\n<link rel=\"canonical\" href=\"https:\/\/kilim-age.com\/es\/producto\/zapatos-kilim-talla-41\/\" \/>\n<meta property=\"og:locale\" content=\"es_ES\" \/>\n<meta property=\"og:type\" content=\"article\" \/>\n<meta property=\"og:title\" content=\"ZAPATOS KILIM TALLA 41 | Kilim-Age\" \/>\n<meta property=\"og:description\" content=\"Calza: 41 Material: Kilim Interior: Piel Suela: Cuero  Consultar tabla de medidas\" \/>\n<meta property=\"og:url\" content=\"https:\/\/kilim-age.com\/es\/producto\/zapatos-kilim-talla-41\/\" \/>\n<meta property=\"og:site_name\" content=\"Kilim-Age\" \/>\n<meta property=\"article:modified_time\" content=\"2019-10-05T11:05:16+00:00\" \/>\n<meta property=\"og:image\" content=\"https:\/\/kilim-age.com\/wp-content\/uploads\/2019\/04\/IMG_9878.jpg\" \/>\n\t<meta property=\"og:image:width\" content=\"1000\" \/>\n\t<meta property=\"og:image:height\" content=\"750\" \/>\n\t<meta property=\"og:image:type\" content=\"image\/jpeg\" \/>\n<meta name=\"twitter:card\" content=\"summary_large_image\" \/>\n<meta name=\"twitter:label1\" content=\"Tiempo de lectura\" \/>\n\t<meta name=\"twitter:data1\" content=\"1 minuto\" \/>\n<script type=\"application\/ld+json\" class=\"yoast-schema-graph\">{\"@context\":\"https:\/\/schema.org\",\"@graph\":[{\"@type\":\"WebPage\",\"@id\":\"https:\/\/kilim-age.com\/es\/producto\/zapatos-kilim-talla-41\/\",\"url\":\"https:\/\/kilim-age.com\/es\/producto\/zapatos-kilim-talla-41\/\",\"name\":\"ZAPATOS KILIM TALLA 41 | Kilim-Age\",\"isPartOf\":{\"@id\":\"https:\/\/www.kilim-age.com\/en\/#website\"},\"primaryImageOfPage\":{\"@id\":\"https:\/\/kilim-age.com\/es\/producto\/zapatos-kilim-talla-41\/#primaryimage\"},\"image\":{\"@id\":\"https:\/\/kilim-age.com\/es\/producto\/zapatos-kilim-talla-41\/#primaryimage\"},\"thumbnailUrl\":\"https:\/\/www.kilim-age.com\/wp-content\/uploads\/2019\/04\/IMG_9878.jpg\",\"datePublished\":\"2019-04-12T11:11:01+00:00\",\"dateModified\":\"2019-10-05T11:05:16+00:00\",\"breadcrumb\":{\"@id\":\"https:\/\/kilim-age.com\/es\/producto\/zapatos-kilim-talla-41\/#breadcrumb\"},\"inLanguage\":\"es\",\"potentialAction\":[{\"@type\":\"ReadAction\",\"target\":[\"https:\/\/kilim-age.com\/es\/producto\/zapatos-kilim-talla-41\/\"]}]},{\"@type\":\"ImageObject\",\"inLanguage\":\"es\",\"@id\":\"https:\/\/kilim-age.com\/es\/producto\/zapatos-kilim-talla-41\/#primaryimage\",\"url\":\"https:\/\/www.kilim-age.com\/wp-content\/uploads\/2019\/04\/IMG_9878.jpg\",\"contentUrl\":\"https:\/\/www.kilim-age.com\/wp-content\/uploads\/2019\/04\/IMG_9878.jpg\",\"width\":1000,\"height\":750},{\"@type\":\"BreadcrumbList\",\"@id\":\"https:\/\/kilim-age.com\/es\/producto\/zapatos-kilim-talla-41\/#breadcrumb\",\"itemListElement\":[{\"@type\":\"ListItem\",\"position\":1,\"name\":\"Home\",\"item\":\"https:\/\/kilim-age.com\/es\/\"},{\"@type\":\"ListItem\",\"position\":2,\"name\":\"Shop\",\"item\":\"https:\/\/kilim-age.com\/es\/shop\/\"},{\"@type\":\"ListItem\",\"position\":3,\"name\":\"ZAPATOS KILIM TALLA 41\"}]},{\"@type\":\"WebSite\",\"@id\":\"https:\/\/www.kilim-age.com\/en\/#website\",\"url\":\"https:\/\/www.kilim-age.com\/en\/\",\"name\":\"Kilim-Age\",\"description\":\"Somos especialistas en productos artesanales de Turqu\u00eda como Alfombras, y Kilims\",\"potentialAction\":[{\"@type\":\"SearchAction\",\"target\":{\"@type\":\"EntryPoint\",\"urlTemplate\":\"https:\/\/www.kilim-age.com\/en\/?s={search_term_string}\"},\"query-input\":{\"@type\":\"PropertyValueSpecification\",\"valueRequired\":true,\"valueName\":\"search_term_string\"}}],\"inLanguage\":\"es\"}]}<\/script>\n<!-- \/ Yoast SEO plugin. -->","yoast_head_json":{"title":"ZAPATOS KILIM TALLA 41 | Kilim-Age","robots":{"index":"index","follow":"follow","max-snippet":"max-snippet:-1","max-image-preview":"max-image-preview:large","max-video-preview":"max-video-preview:-1"},"canonical":"https:\/\/kilim-age.com\/es\/producto\/zapatos-kilim-talla-41\/","og_locale":"es_ES","og_type":"article","og_title":"ZAPATOS KILIM TALLA 41 | Kilim-Age","og_description":"Calza: 41 Material: Kilim Interior: Piel Suela: Cuero  Consultar tabla de medidas","og_url":"https:\/\/kilim-age.com\/es\/producto\/zapatos-kilim-talla-41\/","og_site_name":"Kilim-Age","article_modified_time":"2019-10-05T11:05:16+00:00","og_image":[{"width":1000,"height":750,"url":"https:\/\/kilim-age.com\/wp-content\/uploads\/2019\/04\/IMG_9878.jpg","type":"image\/jpeg"}],"twitter_card":"summary_large_image","twitter_misc":{"Tiempo de lectura":"1 minuto"},"schema":{"@context":"https:\/\/schema.org","@graph":[{"@type":"WebPage","@id":"https:\/\/kilim-age.com\/es\/producto\/zapatos-kilim-talla-41\/","url":"https:\/\/kilim-age.com\/es\/producto\/zapatos-kilim-talla-41\/","name":"ZAPATOS KILIM TALLA 41 | Kilim-Age","isPartOf":{"@id":"https:\/\/www.kilim-age.com\/en\/#website"},"primaryImageOfPage":{"@id":"https:\/\/kilim-age.com\/es\/producto\/zapatos-kilim-talla-41\/#primaryimage"},"image":{"@id":"https:\/\/kilim-age.com\/es\/producto\/zapatos-kilim-talla-41\/#primaryimage"},"thumbnailUrl":"https:\/\/www.kilim-age.com\/wp-content\/uploads\/2019\/04\/IMG_9878.jpg","datePublished":"2019-04-12T11:11:01+00:00","dateModified":"2019-10-05T11:05:16+00:00","breadcrumb":{"@id":"https:\/\/kilim-age.com\/es\/producto\/zapatos-kilim-talla-41\/#breadcrumb"},"inLanguage":"es","potentialAction":[{"@type":"ReadAction","target":["https:\/\/kilim-age.com\/es\/producto\/zapatos-kilim-talla-41\/"]}]},{"@type":"ImageObject","inLanguage":"es","@id":"https:\/\/kilim-age.com\/es\/producto\/zapatos-kilim-talla-41\/#primaryimage","url":"https:\/\/www.kilim-age.com\/wp-content\/uploads\/2019\/04\/IMG_9878.jpg","contentUrl":"https:\/\/www.kilim-age.com\/wp-content\/uploads\/2019\/04\/IMG_9878.jpg","width":1000,"height":750},{"@type":"BreadcrumbList","@id":"https:\/\/kilim-age.com\/es\/producto\/zapatos-kilim-talla-41\/#breadcrumb","itemListElement":[{"@type":"ListItem","position":1,"name":"Home","item":"https:\/\/kilim-age.com\/es\/"},{"@type":"ListItem","position":2,"name":"Shop","item":"https:\/\/kilim-age.com\/es\/shop\/"},{"@type":"ListItem","position":3,"name":"ZAPATOS KILIM TALLA 41"}]},{"@type":"WebSite","@id":"https:\/\/www.kilim-age.com\/en\/#website","url":"https:\/\/www.kilim-age.com\/en\/","name":"Kilim-Age","description":"Somos especialistas en productos artesanales de Turqu\u00eda como Alfombras, y Kilims","potentialAction":[{"@type":"SearchAction","target":{"@type":"EntryPoint","urlTemplate":"https:\/\/www.kilim-age.com\/en\/?s={search_term_string}"},"query-input":{"@type":"PropertyValueSpecification","valueRequired":true,"valueName":"search_term_string"}}],"inLanguage":"es"}]}},"_links":{"self":[{"href":"https:\/\/www.kilim-age.com\/es\/wp-json\/wp\/v2\/product\/9327","targetHints":{"allow":["GET"]}}],"collection":[{"href":"https:\/\/www.kilim-age.com\/es\/wp-json\/wp\/v2\/product"}],"about":[{"href":"https:\/\/www.kilim-age.com\/es\/wp-json\/wp\/v2\/types\/product"}],"replies":[{"embeddable":true,"href":"https:\/\/www.kilim-age.com\/es\/wp-json\/wp\/v2\/comments?post=9327"}],"wp:featuredmedia":[{"embeddable":true,"href":"https:\/\/www.kilim-age.com\/es\/wp-json\/wp\/v2\/media\/9908"}],"wp:attachment":[{"href":"https:\/\/www.kilim-age.com\/es\/wp-json\/wp\/v2\/media?parent=9327"}],"wp:term":[{"taxonomy":"product_brand","embeddable":true,"href":"https:\/\/www.kilim-age.com\/es\/wp-json\/wp\/v2\/product_brand?post=9327"},{"taxonomy":"product_cat","embeddable":true,"href":"https:\/\/www.kilim-age.com\/es\/wp-json\/wp\/v2\/product_cat?post=9327"},{"taxonomy":"product_tag","embeddable":true,"href":"https:\/\/www.kilim-age.com\/es\/wp-json\/wp\/v2\/product_tag?post=9327"}],"curies":[{"name":"wp","href":"https:\/\/api.w.org\/{rel}","templated":true}]}}